{"id":96961,"date":"2023-11-15T10:26:01","date_gmt":"2023-11-15T09:26:01","guid":{"rendered":"https:\/\/www.eliassen.nl\/?product=copy-of-keien-plat-grijs-3-5cm-2kg-uitgesorteerd"},"modified":"2024-12-05T16:40:15","modified_gmt":"2024-12-05T15:40:15","slug":"kieselsteine-flach-grau-5-8cm-2kg-sortiert-beste-auswahl-zum-bemalen","status":"publish","type":"product","link":"https:\/\/dev.eliassen.nl\/de\/kieselsteine-flach-grau-5-8cm-2kg-sortiert-beste-auswahl-zum-bemalen\/","title":{"rendered":"Kieselsteine flach grau 5-8cm 2kg sortiert beste Auswahl zum Bemalen"},"content":{"rendered":"<p>Sehr sch\u00f6ne, beste ausgew\u00e4hlte flache graue Kieselsteine von 5 bis 8 cm. Flache Form, ideal zum Malen.<\/p>\n<p>Diese Malsteine wurden gewaschen und sortiert; Es befinden sich praktisch keine gebrochenen oder halben Felsbrocken im Beutel. F\u00fcr die Bemalung dieser sortierten T\u00fcten wurden nur die besten Dekokiesel aus den T\u00fcten ausgew\u00e4hlt. In manchen F\u00e4llen ist m\u00f6glicherweise nur eine Seite vollst\u00e4ndig glatt.<\/p>\n<p>Da es sich um ein Naturprodukt handelt, dient das Foto lediglich als Beispiel.<\/p>\n<ul>\n<li>gewaschene Kieselsteine<\/li>\n<li>2 kg pro Beutel, ca. 20 bis 25 ausgew\u00e4hlte Kieselsteine pro Beutel, daher kann die Anzahl variieren<\/li>\n<li>verpackt im Organzabeutel<\/li>\n<li>es sind keine zerbrochenen Steine im Spiel<\/li>\n<li>sehr harte und glatte Kieselsteine<\/li>\n<li>Sehr einfach zu bemalen<\/li>\n<li>Wird nicht schnell gr\u00fcn<\/li>\n<li>Kann auch live bei uns abgeholt werden<\/li>\n<\/ul>\n","protected":false},"excerpt":{"rendered":"<p>Die sch\u00f6nste Auswahl an sortierten Steinen, bestehend aus den besten Steinen zum Bemalen.<\/p>\n","protected":false},"featured_media":96940,"template":"","meta":{"_acf_changed":false},"product_brand":[],"product_cat":[1460,752],"product_tag":[],"class_list":{"0":"post-96961","1":"product","2":"type-product","3":"status-publish","4":"has-post-thumbnail","6":"product_cat-kieselsteine-zum-bemalen","7":"product_cat-weitere-artikel","9":"first","10":"instock","11":"taxable","12":"shipping-taxable","13":"purchasable","14":"product-type-simple"},"acf":[],"yoast_head":"<!-- This site is optimized with the Yoast SEO plugin v23.8 - https:\/\/yoast.com\/wordpress\/plugins\/seo\/ -->\n<title>Kieselsteine, flach, grau, 5\u20138 cm, 2 kg, beste Auswahl zum Bemalen<\/title>\n<meta name=\"description\" content=\"Suchen Sie Kieselsteine zum Bemalen? Diese Steine sind flach und grau gef\u00e4rbt. Diese S\u00e4cke \u00e0 2 kg wurden f\u00fcr die besten Steine aus gro\u00dfen S\u00e4cken ausgew\u00e4hlt.\" \/>\n<meta name=\"robots\" content=\"noindex, follow, max-snippet:-1, max-image-preview:large, max-video-preview:-1\" \/>\n<meta property=\"og:locale\" content=\"de_DE\" \/>\n<meta property=\"og:type\" content=\"article\" \/>\n<meta property=\"og:title\" content=\"Kieselsteine, flach, grau, 5\u20138 cm, 2 kg, beste Auswahl zum Bemalen\" \/>\n<meta property=\"og:description\" content=\"Suchen Sie Kieselsteine zum Bemalen? Diese Steine sind flach und grau gef\u00e4rbt. Diese S\u00e4cke \u00e0 2 kg wurden f\u00fcr die besten Steine aus gro\u00dfen S\u00e4cken ausgew\u00e4hlt.\" \/>\n<meta property=\"og:url\" content=\"https:\/\/dev.eliassen.nl\/de\/kieselsteine-flach-grau-5-8cm-2kg-sortiert-beste-auswahl-zum-bemalen\/\" \/>\n<meta property=\"og:site_name\" content=\"Eliassen.nl\" \/>\n<meta property=\"article:publisher\" content=\"https:\/\/www.facebook.com\/TuincentrumEliassenAmmerzoden\" \/>\n<meta property=\"article:modified_time\" content=\"2024-12-05T15:40:15+00:00\" \/>\n<meta property=\"og:image\" content=\"https:\/\/dev.eliassen.nl\/wp-content\/uploads\/2024\/01\/keienplatgrijs58cm2kguitgesorteerdbestesel.jpg\" \/>\n\t<meta property=\"og:image:width\" content=\"1536\" \/>\n\t<meta property=\"og:image:height\" content=\"2048\" \/>\n\t<meta property=\"og:image:type\" content=\"image\/jpeg\" \/>\n<meta name=\"twitter:card\" content=\"summary_large_image\" \/>\n<script type=\"application\/ld+json\" class=\"yoast-schema-graph\">{\"@context\":\"https:\/\/schema.org\",\"@graph\":[{\"@type\":\"WebPage\",\"@id\":\"https:\/\/dev.eliassen.nl\/de\/kieselsteine-flach-grau-5-8cm-2kg-sortiert-beste-auswahl-zum-bemalen\/\",\"url\":\"https:\/\/dev.eliassen.nl\/de\/kieselsteine-flach-grau-5-8cm-2kg-sortiert-beste-auswahl-zum-bemalen\/\",\"name\":\"Kieselsteine, flach, grau, 5\u20138 cm, 2 kg, beste Auswahl zum Bemalen\",\"isPartOf\":{\"@id\":\"https:\/\/dev.eliassen.nl\/de\/#website\"},\"primaryImageOfPage\":{\"@id\":\"https:\/\/dev.eliassen.nl\/de\/kieselsteine-flach-grau-5-8cm-2kg-sortiert-beste-auswahl-zum-bemalen\/#primaryimage\"},\"image\":{\"@id\":\"https:\/\/dev.eliassen.nl\/de\/kieselsteine-flach-grau-5-8cm-2kg-sortiert-beste-auswahl-zum-bemalen\/#primaryimage\"},\"thumbnailUrl\":\"https:\/\/dev.eliassen.nl\/wp-content\/uploads\/2024\/01\/keienplatgrijs58cm2kguitgesorteerdbestesel.jpg\",\"datePublished\":\"2023-11-15T09:26:01+00:00\",\"dateModified\":\"2024-12-05T15:40:15+00:00\",\"description\":\"Suchen Sie Kieselsteine zum Bemalen? Diese Steine sind flach und grau gef\u00e4rbt. Diese S\u00e4cke \u00e0 2 kg wurden f\u00fcr die besten Steine aus gro\u00dfen S\u00e4cken ausgew\u00e4hlt.\",\"breadcrumb\":{\"@id\":\"https:\/\/dev.eliassen.nl\/de\/kieselsteine-flach-grau-5-8cm-2kg-sortiert-beste-auswahl-zum-bemalen\/#breadcrumb\"},\"inLanguage\":\"de\",\"potentialAction\":[{\"@type\":\"ReadAction\",\"target\":[\"https:\/\/dev.eliassen.nl\/de\/kieselsteine-flach-grau-5-8cm-2kg-sortiert-beste-auswahl-zum-bemalen\/\"]}]},{\"@type\":\"ImageObject\",\"inLanguage\":\"de\",\"@id\":\"https:\/\/dev.eliassen.nl\/de\/kieselsteine-flach-grau-5-8cm-2kg-sortiert-beste-auswahl-zum-bemalen\/#primaryimage\",\"url\":\"https:\/\/dev.eliassen.nl\/wp-content\/uploads\/2024\/01\/keienplatgrijs58cm2kguitgesorteerdbestesel.jpg\",\"contentUrl\":\"https:\/\/dev.eliassen.nl\/wp-content\/uploads\/2024\/01\/keienplatgrijs58cm2kguitgesorteerdbestesel.jpg\",\"width\":1536,\"height\":2048,\"caption\":\"Keien plat grijs 5-8cm 2kg uitgesorteerd beste selectie voor beschildering eliassen.nl\"},{\"@type\":\"BreadcrumbList\",\"@id\":\"https:\/\/dev.eliassen.nl\/de\/kieselsteine-flach-grau-5-8cm-2kg-sortiert-beste-auswahl-zum-bemalen\/#breadcrumb\",\"itemListElement\":[{\"@type\":\"ListItem\",\"position\":1,\"name\":\"Home\",\"item\":\"https:\/\/dev.eliassen.nl\/de\/\"},{\"@type\":\"ListItem\",\"position\":2,\"name\":\"Shop\",\"item\":\"https:\/\/dev.eliassen.nl\/nl\/winkel\/\"},{\"@type\":\"ListItem\",\"position\":3,\"name\":\"Weitere Artikel\",\"item\":\"https:\/\/dev.eliassen.nl\/de\/weitere-artikel\/\"},{\"@type\":\"ListItem\",\"position\":4,\"name\":\"Kieselsteine zum Bemalen\",\"item\":\"https:\/\/dev.eliassen.nl\/de\/garten-andere\/kieselsteine-zum-bemalen\/\"},{\"@type\":\"ListItem\",\"position\":5,\"name\":\"Kieselsteine flach grau 5-8cm 2kg sortiert beste Auswahl zum Bemalen\"}]},{\"@type\":\"WebSite\",\"@id\":\"https:\/\/dev.eliassen.nl\/de\/#website\",\"url\":\"https:\/\/dev.eliassen.nl\/de\/\",\"name\":\"Eliassen Home & Garden Pleasure\",\"description\":\"\",\"publisher\":{\"@id\":\"https:\/\/dev.eliassen.nl\/de\/#organization\"},\"alternateName\":\"Eliassen.nl\",\"potentialAction\":[{\"@type\":\"SearchAction\",\"target\":{\"@type\":\"EntryPoint\",\"urlTemplate\":\"https:\/\/dev.eliassen.nl\/de\/?s={search_term_string}\"},\"query-input\":{\"@type\":\"PropertyValueSpecification\",\"valueRequired\":true,\"valueName\":\"search_term_string\"}}],\"inLanguage\":\"de\"},{\"@type\":\"Organization\",\"@id\":\"https:\/\/dev.eliassen.nl\/de\/#organization\",\"name\":\"Eliassen Home & Garden Pleasure\",\"url\":\"https:\/\/dev.eliassen.nl\/de\/\",\"logo\":{\"@type\":\"ImageObject\",\"inLanguage\":\"de\",\"@id\":\"https:\/\/dev.eliassen.nl\/de\/#\/schema\/logo\/image\/\",\"url\":\"https:\/\/www.eliassen.nl\/wp-content\/uploads\/2024\/01\/logo_4nd.jpg\",\"contentUrl\":\"https:\/\/www.eliassen.nl\/wp-content\/uploads\/2024\/01\/logo_4nd.jpg\",\"width\":500,\"height\":500,\"caption\":\"Eliassen Home & Garden Pleasure\"},\"image\":{\"@id\":\"https:\/\/dev.eliassen.nl\/de\/#\/schema\/logo\/image\/\"},\"sameAs\":[\"https:\/\/www.facebook.com\/TuincentrumEliassenAmmerzoden\",\"https:\/\/www.instagram.com\/eliassenhomeandgarden\/\",\"https:\/\/nl.pinterest.com\/eliassenhomeandgarden\/\",\"https:\/\/www.youtube.com\/@eliassenhomegardenpleasure4558\"]}]}<\/script>\n<!-- \/ Yoast SEO plugin. -->","yoast_head_json":{"title":"Kieselsteine, flach, grau, 5\u20138 cm, 2 kg, beste Auswahl zum Bemalen","description":"Suchen Sie Kieselsteine zum Bemalen? Diese Steine sind flach und grau gef\u00e4rbt. Diese S\u00e4cke \u00e0 2 kg wurden f\u00fcr die besten Steine aus gro\u00dfen S\u00e4cken ausgew\u00e4hlt.","robots":{"index":"noindex","follow":"follow","max-snippet":"max-snippet:-1","max-image-preview":"max-image-preview:large","max-video-preview":"max-video-preview:-1"},"og_locale":"de_DE","og_type":"article","og_title":"Kieselsteine, flach, grau, 5\u20138 cm, 2 kg, beste Auswahl zum Bemalen","og_description":"Suchen Sie Kieselsteine zum Bemalen? Diese Steine sind flach und grau gef\u00e4rbt. Diese S\u00e4cke \u00e0 2 kg wurden f\u00fcr die besten Steine aus gro\u00dfen S\u00e4cken ausgew\u00e4hlt.","og_url":"https:\/\/dev.eliassen.nl\/de\/kieselsteine-flach-grau-5-8cm-2kg-sortiert-beste-auswahl-zum-bemalen\/","og_site_name":"Eliassen.nl","article_publisher":"https:\/\/www.facebook.com\/TuincentrumEliassenAmmerzoden","article_modified_time":"2024-12-05T15:40:15+00:00","og_image":[{"width":1536,"height":2048,"url":"https:\/\/dev.eliassen.nl\/wp-content\/uploads\/2024\/01\/keienplatgrijs58cm2kguitgesorteerdbestesel.jpg","type":"image\/jpeg"}],"twitter_card":"summary_large_image","schema":{"@context":"https:\/\/schema.org","@graph":[{"@type":"WebPage","@id":"https:\/\/dev.eliassen.nl\/de\/kieselsteine-flach-grau-5-8cm-2kg-sortiert-beste-auswahl-zum-bemalen\/","url":"https:\/\/dev.eliassen.nl\/de\/kieselsteine-flach-grau-5-8cm-2kg-sortiert-beste-auswahl-zum-bemalen\/","name":"Kieselsteine, flach, grau, 5\u20138 cm, 2 kg, beste Auswahl zum Bemalen","isPartOf":{"@id":"https:\/\/dev.eliassen.nl\/de\/#website"},"primaryImageOfPage":{"@id":"https:\/\/dev.eliassen.nl\/de\/kieselsteine-flach-grau-5-8cm-2kg-sortiert-beste-auswahl-zum-bemalen\/#primaryimage"},"image":{"@id":"https:\/\/dev.eliassen.nl\/de\/kieselsteine-flach-grau-5-8cm-2kg-sortiert-beste-auswahl-zum-bemalen\/#primaryimage"},"thumbnailUrl":"https:\/\/dev.eliassen.nl\/wp-content\/uploads\/2024\/01\/keienplatgrijs58cm2kguitgesorteerdbestesel.jpg","datePublished":"2023-11-15T09:26:01+00:00","dateModified":"2024-12-05T15:40:15+00:00","description":"Suchen Sie Kieselsteine zum Bemalen? Diese Steine sind flach und grau gef\u00e4rbt. Diese S\u00e4cke \u00e0 2 kg wurden f\u00fcr die besten Steine aus gro\u00dfen S\u00e4cken ausgew\u00e4hlt.","breadcrumb":{"@id":"https:\/\/dev.eliassen.nl\/de\/kieselsteine-flach-grau-5-8cm-2kg-sortiert-beste-auswahl-zum-bemalen\/#breadcrumb"},"inLanguage":"de","potentialAction":[{"@type":"ReadAction","target":["https:\/\/dev.eliassen.nl\/de\/kieselsteine-flach-grau-5-8cm-2kg-sortiert-beste-auswahl-zum-bemalen\/"]}]},{"@type":"ImageObject","inLanguage":"de","@id":"https:\/\/dev.eliassen.nl\/de\/kieselsteine-flach-grau-5-8cm-2kg-sortiert-beste-auswahl-zum-bemalen\/#primaryimage","url":"https:\/\/dev.eliassen.nl\/wp-content\/uploads\/2024\/01\/keienplatgrijs58cm2kguitgesorteerdbestesel.jpg","contentUrl":"https:\/\/dev.eliassen.nl\/wp-content\/uploads\/2024\/01\/keienplatgrijs58cm2kguitgesorteerdbestesel.jpg","width":1536,"height":2048,"caption":"Keien plat grijs 5-8cm 2kg uitgesorteerd beste selectie voor beschildering eliassen.nl"},{"@type":"BreadcrumbList","@id":"https:\/\/dev.eliassen.nl\/de\/kieselsteine-flach-grau-5-8cm-2kg-sortiert-beste-auswahl-zum-bemalen\/#breadcrumb","itemListElement":[{"@type":"ListItem","position":1,"name":"Home","item":"https:\/\/dev.eliassen.nl\/de\/"},{"@type":"ListItem","position":2,"name":"Shop","item":"https:\/\/dev.eliassen.nl\/nl\/winkel\/"},{"@type":"ListItem","position":3,"name":"Weitere Artikel","item":"https:\/\/dev.eliassen.nl\/de\/weitere-artikel\/"},{"@type":"ListItem","position":4,"name":"Kieselsteine zum Bemalen","item":"https:\/\/dev.eliassen.nl\/de\/garten-andere\/kieselsteine-zum-bemalen\/"},{"@type":"ListItem","position":5,"name":"Kieselsteine flach grau 5-8cm 2kg sortiert beste Auswahl zum Bemalen"}]},{"@type":"WebSite","@id":"https:\/\/dev.eliassen.nl\/de\/#website","url":"https:\/\/dev.eliassen.nl\/de\/","name":"Eliassen Home & Garden Pleasure","description":"","publisher":{"@id":"https:\/\/dev.eliassen.nl\/de\/#organization"},"alternateName":"Eliassen.nl","potentialAction":[{"@type":"SearchAction","target":{"@type":"EntryPoint","urlTemplate":"https:\/\/dev.eliassen.nl\/de\/?s={search_term_string}"},"query-input":{"@type":"PropertyValueSpecification","valueRequired":true,"valueName":"search_term_string"}}],"inLanguage":"de"},{"@type":"Organization","@id":"https:\/\/dev.eliassen.nl\/de\/#organization","name":"Eliassen Home & Garden Pleasure","url":"https:\/\/dev.eliassen.nl\/de\/","logo":{"@type":"ImageObject","inLanguage":"de","@id":"https:\/\/dev.eliassen.nl\/de\/#\/schema\/logo\/image\/","url":"https:\/\/www.eliassen.nl\/wp-content\/uploads\/2024\/01\/logo_4nd.jpg","contentUrl":"https:\/\/www.eliassen.nl\/wp-content\/uploads\/2024\/01\/logo_4nd.jpg","width":500,"height":500,"caption":"Eliassen Home & Garden Pleasure"},"image":{"@id":"https:\/\/dev.eliassen.nl\/de\/#\/schema\/logo\/image\/"},"sameAs":["https:\/\/www.facebook.com\/TuincentrumEliassenAmmerzoden","https:\/\/www.instagram.com\/eliassenhomeandgarden\/","https:\/\/nl.pinterest.com\/eliassenhomeandgarden\/","https:\/\/www.youtube.com\/@eliassenhomegardenpleasure4558"]}]}},"df_price":6.5,"df_sale_price":"","df_regular_price":6.5,"df_image_link":"https:\/\/dev.eliassen.nl\/wp-content\/uploads\/2024\/01\/keienplatgrijs58cm2kguitgesorteerdbestesel.jpg","image":"https:\/\/dev.eliassen.nl\/wp-content\/uploads\/2024\/01\/keienplatgrijs58cm2kguitgesorteerdbestesel.jpg","price_search":"<span class=\"woocommerce-Price-amount amount\"><bdi><span class=\"woocommerce-Price-currencySymbol\">&euro;<\/span>&nbsp;6,50<\/bdi><\/span>","category":"Kieselsteine zum Bemalen","_links":{"self":[{"href":"https:\/\/dev.eliassen.nl\/de\/wp-json\/wp\/v2\/product\/96961","targetHints":{"allow":["GET"]}}],"collection":[{"href":"https:\/\/dev.eliassen.nl\/de\/wp-json\/wp\/v2\/product"}],"about":[{"href":"https:\/\/dev.eliassen.nl\/de\/wp-json\/wp\/v2\/types\/product"}],"wp:featuredmedia":[{"embeddable":true,"href":"https:\/\/dev.eliassen.nl\/de\/wp-json\/wp\/v2\/media\/96940"}],"wp:attachment":[{"href":"https:\/\/dev.eliassen.nl\/de\/wp-json\/wp\/v2\/media?parent=96961"}],"wp:term":[{"taxonomy":"product_brand","embeddable":true,"href":"https:\/\/dev.eliassen.nl\/de\/wp-json\/wp\/v2\/product_brand?post=96961"},{"taxonomy":"product_cat","embeddable":true,"href":"https:\/\/dev.eliassen.nl\/de\/wp-json\/wp\/v2\/product_cat?post=96961"},{"taxonomy":"product_tag","embeddable":true,"href":"https:\/\/dev.eliassen.nl\/de\/wp-json\/wp\/v2\/product_tag?post=96961"}],"curies":[{"name":"wp","href":"https:\/\/api.w.org\/{rel}","templated":true}]}}