{"id":97075,"date":"2023-11-15T11:10:36","date_gmt":"2023-11-15T10:10:36","guid":{"rendered":"https:\/\/www.eliassen.nl\/?product=tandwielklok-grijs-zurich-46cm"},"modified":"2024-12-05T16:40:23","modified_gmt":"2024-12-05T15:40:23","slug":"ganguhr-grau-zurich-46cm","status":"publish","type":"product","link":"https:\/\/dev.eliassen.nl\/de\/ganguhr-grau-zurich-46cm\/","title":{"rendered":"Ganguhr grau Z\u00fcrich 46cm"},"content":{"rendered":"<p>Mit dieser sch\u00f6nen, offenen, runden, grauen Wanduhr mit beweglichen Teilen wird es eine Freude sein, zu sehen, wie sp\u00e4t es ist. Diese sehr sch\u00f6ne Uhr hat einen grauen Stahlrahmen mit dezenten Zahlen.<\/p>\n<p>Diese Art von Wanduhr passt in alle Innenr\u00e4ume, sowohl l\u00e4ndliche als auch industrielle Innenr\u00e4ume.<\/p>\n<p>Das Besondere an dieser Uhr ist, dass sich in der Mitte mehrere Zahnr\u00e4der befinden, die mit 2 AA-Taschenlampen sehr lange laufen.<\/p>\n<p>Der Antrieb der Zahnr\u00e4der erfolgt durch einen hochwertigen, neuartigen Elektromotor, sodass die Motorger\u00e4usche vernachl\u00e4ssigbar gering sind.<\/p>\n<ul>\n<li>Gr\u00f6\u00dfe: Durchmesser 46 cm, Dicke 10 cm.<\/li>\n<li>Material: Metall und Glas.<\/li>\n<li>Farbe: graue Farbe.<\/li>\n<li>stabiles Eisengeh\u00e4use.<\/li>\n<li>ausgestattet mit Quarzwerk.<\/li>\n<li>Industrie-Look.<\/li>\n<li>ab Lager lieferbar.<\/li>\n<li>1 Jahr Garantie.<\/li>\n<\/ul>\n","protected":false},"excerpt":{"rendered":"<p>Sehr dekorative Radaruhr mit einem Durchmesser von 46 cm.<\/p>\n","protected":false},"featured_media":97069,"template":"","meta":{"_acf_changed":false},"product_brand":[],"product_cat":[509,521],"product_tag":[],"class_list":{"0":"post-97075","1":"product","2":"type-product","3":"status-publish","4":"has-post-thumbnail","6":"product_cat-wanddekoration","7":"product_cat-wanduhren","9":"first","10":"instock","11":"taxable","12":"shipping-taxable","13":"purchasable","14":"product-type-simple"},"acf":[],"yoast_head":"<!-- This site is optimized with the Yoast SEO plugin v23.8 - https:\/\/yoast.com\/wordpress\/plugins\/seo\/ -->\n<title>Ganguhr grau Z\u00fcrich 46cm - Eliassen.nl<\/title>\n<meta name=\"description\" content=\"Eine wundersch\u00f6ne Radaruhr mit einem Durchmesser von 46 cm. Live bei uns zu sehen und schnell online verf\u00fcgbar. Sehr dekorative Uhr f\u00fcr die Wand.\" \/>\n<meta name=\"robots\" content=\"noindex, follow, max-snippet:-1, max-image-preview:large, max-video-preview:-1\" \/>\n<meta property=\"og:locale\" content=\"de_DE\" \/>\n<meta property=\"og:type\" content=\"article\" \/>\n<meta property=\"og:title\" content=\"Ganguhr grau Z\u00fcrich 46cm - Eliassen.nl\" \/>\n<meta property=\"og:description\" content=\"Eine wundersch\u00f6ne Radaruhr mit einem Durchmesser von 46 cm. Live bei uns zu sehen und schnell online verf\u00fcgbar. Sehr dekorative Uhr f\u00fcr die Wand.\" \/>\n<meta property=\"og:url\" content=\"https:\/\/dev.eliassen.nl\/de\/ganguhr-grau-zurich-46cm\/\" \/>\n<meta property=\"og:site_name\" content=\"Eliassen.nl\" \/>\n<meta property=\"article:publisher\" content=\"https:\/\/www.facebook.com\/TuincentrumEliassenAmmerzoden\" \/>\n<meta property=\"article:modified_time\" content=\"2024-12-05T15:40:23+00:00\" \/>\n<meta property=\"og:image\" content=\"https:\/\/dev.eliassen.nl\/wp-content\/uploads\/2024\/01\/tandwielklokzurich46cmeliassennl.jpg\" \/>\n\t<meta property=\"og:image:width\" content=\"1968\" \/>\n\t<meta property=\"og:image:height\" content=\"1968\" \/>\n\t<meta property=\"og:image:type\" content=\"image\/jpeg\" \/>\n<meta name=\"twitter:card\" content=\"summary_large_image\" \/>\n<script type=\"application\/ld+json\" class=\"yoast-schema-graph\">{\"@context\":\"https:\/\/schema.org\",\"@graph\":[{\"@type\":\"WebPage\",\"@id\":\"https:\/\/dev.eliassen.nl\/de\/ganguhr-grau-zurich-46cm\/\",\"url\":\"https:\/\/dev.eliassen.nl\/de\/ganguhr-grau-zurich-46cm\/\",\"name\":\"Ganguhr grau Z\u00fcrich 46cm - Eliassen.nl\",\"isPartOf\":{\"@id\":\"https:\/\/dev.eliassen.nl\/de\/#website\"},\"primaryImageOfPage\":{\"@id\":\"https:\/\/dev.eliassen.nl\/de\/ganguhr-grau-zurich-46cm\/#primaryimage\"},\"image\":{\"@id\":\"https:\/\/dev.eliassen.nl\/de\/ganguhr-grau-zurich-46cm\/#primaryimage\"},\"thumbnailUrl\":\"https:\/\/dev.eliassen.nl\/wp-content\/uploads\/2024\/01\/tandwielklokzurich46cmeliassennl.jpg\",\"datePublished\":\"2023-11-15T10:10:36+00:00\",\"dateModified\":\"2024-12-05T15:40:23+00:00\",\"description\":\"Eine wundersch\u00f6ne Radaruhr mit einem Durchmesser von 46 cm. Live bei uns zu sehen und schnell online verf\u00fcgbar. Sehr dekorative Uhr f\u00fcr die Wand.\",\"breadcrumb\":{\"@id\":\"https:\/\/dev.eliassen.nl\/de\/ganguhr-grau-zurich-46cm\/#breadcrumb\"},\"inLanguage\":\"de\",\"potentialAction\":[{\"@type\":\"ReadAction\",\"target\":[\"https:\/\/dev.eliassen.nl\/de\/ganguhr-grau-zurich-46cm\/\"]}]},{\"@type\":\"ImageObject\",\"inLanguage\":\"de\",\"@id\":\"https:\/\/dev.eliassen.nl\/de\/ganguhr-grau-zurich-46cm\/#primaryimage\",\"url\":\"https:\/\/dev.eliassen.nl\/wp-content\/uploads\/2024\/01\/tandwielklokzurich46cmeliassennl.jpg\",\"contentUrl\":\"https:\/\/dev.eliassen.nl\/wp-content\/uploads\/2024\/01\/tandwielklokzurich46cmeliassennl.jpg\",\"width\":1968,\"height\":1968,\"caption\":\"Tandwielklok Zurich 46cm Eliassen.nl\"},{\"@type\":\"BreadcrumbList\",\"@id\":\"https:\/\/dev.eliassen.nl\/de\/ganguhr-grau-zurich-46cm\/#breadcrumb\",\"itemListElement\":[{\"@type\":\"ListItem\",\"position\":1,\"name\":\"Home\",\"item\":\"https:\/\/dev.eliassen.nl\/de\/\"},{\"@type\":\"ListItem\",\"position\":2,\"name\":\"Shop\",\"item\":\"https:\/\/dev.eliassen.nl\/nl\/winkel\/\"},{\"@type\":\"ListItem\",\"position\":3,\"name\":\"Wanddekoration\",\"item\":\"https:\/\/dev.eliassen.nl\/de\/wanddekoration\/\"},{\"@type\":\"ListItem\",\"position\":4,\"name\":\"Wanduhren\",\"item\":\"https:\/\/dev.eliassen.nl\/de\/wanddekoration\/wanduhren\/\"},{\"@type\":\"ListItem\",\"position\":5,\"name\":\"Ganguhr grau Z\u00fcrich 46cm\"}]},{\"@type\":\"WebSite\",\"@id\":\"https:\/\/dev.eliassen.nl\/de\/#website\",\"url\":\"https:\/\/dev.eliassen.nl\/de\/\",\"name\":\"Eliassen Home & Garden Pleasure\",\"description\":\"\",\"publisher\":{\"@id\":\"https:\/\/dev.eliassen.nl\/de\/#organization\"},\"alternateName\":\"Eliassen.nl\",\"potentialAction\":[{\"@type\":\"SearchAction\",\"target\":{\"@type\":\"EntryPoint\",\"urlTemplate\":\"https:\/\/dev.eliassen.nl\/de\/?s={search_term_string}\"},\"query-input\":{\"@type\":\"PropertyValueSpecification\",\"valueRequired\":true,\"valueName\":\"search_term_string\"}}],\"inLanguage\":\"de\"},{\"@type\":\"Organization\",\"@id\":\"https:\/\/dev.eliassen.nl\/de\/#organization\",\"name\":\"Eliassen Home & Garden Pleasure\",\"url\":\"https:\/\/dev.eliassen.nl\/de\/\",\"logo\":{\"@type\":\"ImageObject\",\"inLanguage\":\"de\",\"@id\":\"https:\/\/dev.eliassen.nl\/de\/#\/schema\/logo\/image\/\",\"url\":\"https:\/\/www.eliassen.nl\/wp-content\/uploads\/2024\/01\/logo_4nd.jpg\",\"contentUrl\":\"https:\/\/www.eliassen.nl\/wp-content\/uploads\/2024\/01\/logo_4nd.jpg\",\"width\":500,\"height\":500,\"caption\":\"Eliassen Home & Garden Pleasure\"},\"image\":{\"@id\":\"https:\/\/dev.eliassen.nl\/de\/#\/schema\/logo\/image\/\"},\"sameAs\":[\"https:\/\/www.facebook.com\/TuincentrumEliassenAmmerzoden\",\"https:\/\/www.instagram.com\/eliassenhomeandgarden\/\",\"https:\/\/nl.pinterest.com\/eliassenhomeandgarden\/\",\"https:\/\/www.youtube.com\/@eliassenhomegardenpleasure4558\"]}]}<\/script>\n<!-- \/ Yoast SEO plugin. -->","yoast_head_json":{"title":"Ganguhr grau Z\u00fcrich 46cm - Eliassen.nl","description":"Eine wundersch\u00f6ne Radaruhr mit einem Durchmesser von 46 cm. Live bei uns zu sehen und schnell online verf\u00fcgbar. Sehr dekorative Uhr f\u00fcr die Wand.","robots":{"index":"noindex","follow":"follow","max-snippet":"max-snippet:-1","max-image-preview":"max-image-preview:large","max-video-preview":"max-video-preview:-1"},"og_locale":"de_DE","og_type":"article","og_title":"Ganguhr grau Z\u00fcrich 46cm - Eliassen.nl","og_description":"Eine wundersch\u00f6ne Radaruhr mit einem Durchmesser von 46 cm. Live bei uns zu sehen und schnell online verf\u00fcgbar. Sehr dekorative Uhr f\u00fcr die Wand.","og_url":"https:\/\/dev.eliassen.nl\/de\/ganguhr-grau-zurich-46cm\/","og_site_name":"Eliassen.nl","article_publisher":"https:\/\/www.facebook.com\/TuincentrumEliassenAmmerzoden","article_modified_time":"2024-12-05T15:40:23+00:00","og_image":[{"width":1968,"height":1968,"url":"https:\/\/dev.eliassen.nl\/wp-content\/uploads\/2024\/01\/tandwielklokzurich46cmeliassennl.jpg","type":"image\/jpeg"}],"twitter_card":"summary_large_image","schema":{"@context":"https:\/\/schema.org","@graph":[{"@type":"WebPage","@id":"https:\/\/dev.eliassen.nl\/de\/ganguhr-grau-zurich-46cm\/","url":"https:\/\/dev.eliassen.nl\/de\/ganguhr-grau-zurich-46cm\/","name":"Ganguhr grau Z\u00fcrich 46cm - Eliassen.nl","isPartOf":{"@id":"https:\/\/dev.eliassen.nl\/de\/#website"},"primaryImageOfPage":{"@id":"https:\/\/dev.eliassen.nl\/de\/ganguhr-grau-zurich-46cm\/#primaryimage"},"image":{"@id":"https:\/\/dev.eliassen.nl\/de\/ganguhr-grau-zurich-46cm\/#primaryimage"},"thumbnailUrl":"https:\/\/dev.eliassen.nl\/wp-content\/uploads\/2024\/01\/tandwielklokzurich46cmeliassennl.jpg","datePublished":"2023-11-15T10:10:36+00:00","dateModified":"2024-12-05T15:40:23+00:00","description":"Eine wundersch\u00f6ne Radaruhr mit einem Durchmesser von 46 cm. Live bei uns zu sehen und schnell online verf\u00fcgbar. Sehr dekorative Uhr f\u00fcr die Wand.","breadcrumb":{"@id":"https:\/\/dev.eliassen.nl\/de\/ganguhr-grau-zurich-46cm\/#breadcrumb"},"inLanguage":"de","potentialAction":[{"@type":"ReadAction","target":["https:\/\/dev.eliassen.nl\/de\/ganguhr-grau-zurich-46cm\/"]}]},{"@type":"ImageObject","inLanguage":"de","@id":"https:\/\/dev.eliassen.nl\/de\/ganguhr-grau-zurich-46cm\/#primaryimage","url":"https:\/\/dev.eliassen.nl\/wp-content\/uploads\/2024\/01\/tandwielklokzurich46cmeliassennl.jpg","contentUrl":"https:\/\/dev.eliassen.nl\/wp-content\/uploads\/2024\/01\/tandwielklokzurich46cmeliassennl.jpg","width":1968,"height":1968,"caption":"Tandwielklok Zurich 46cm Eliassen.nl"},{"@type":"BreadcrumbList","@id":"https:\/\/dev.eliassen.nl\/de\/ganguhr-grau-zurich-46cm\/#breadcrumb","itemListElement":[{"@type":"ListItem","position":1,"name":"Home","item":"https:\/\/dev.eliassen.nl\/de\/"},{"@type":"ListItem","position":2,"name":"Shop","item":"https:\/\/dev.eliassen.nl\/nl\/winkel\/"},{"@type":"ListItem","position":3,"name":"Wanddekoration","item":"https:\/\/dev.eliassen.nl\/de\/wanddekoration\/"},{"@type":"ListItem","position":4,"name":"Wanduhren","item":"https:\/\/dev.eliassen.nl\/de\/wanddekoration\/wanduhren\/"},{"@type":"ListItem","position":5,"name":"Ganguhr grau Z\u00fcrich 46cm"}]},{"@type":"WebSite","@id":"https:\/\/dev.eliassen.nl\/de\/#website","url":"https:\/\/dev.eliassen.nl\/de\/","name":"Eliassen Home & Garden Pleasure","description":"","publisher":{"@id":"https:\/\/dev.eliassen.nl\/de\/#organization"},"alternateName":"Eliassen.nl","potentialAction":[{"@type":"SearchAction","target":{"@type":"EntryPoint","urlTemplate":"https:\/\/dev.eliassen.nl\/de\/?s={search_term_string}"},"query-input":{"@type":"PropertyValueSpecification","valueRequired":true,"valueName":"search_term_string"}}],"inLanguage":"de"},{"@type":"Organization","@id":"https:\/\/dev.eliassen.nl\/de\/#organization","name":"Eliassen Home & Garden Pleasure","url":"https:\/\/dev.eliassen.nl\/de\/","logo":{"@type":"ImageObject","inLanguage":"de","@id":"https:\/\/dev.eliassen.nl\/de\/#\/schema\/logo\/image\/","url":"https:\/\/www.eliassen.nl\/wp-content\/uploads\/2024\/01\/logo_4nd.jpg","contentUrl":"https:\/\/www.eliassen.nl\/wp-content\/uploads\/2024\/01\/logo_4nd.jpg","width":500,"height":500,"caption":"Eliassen Home & Garden Pleasure"},"image":{"@id":"https:\/\/dev.eliassen.nl\/de\/#\/schema\/logo\/image\/"},"sameAs":["https:\/\/www.facebook.com\/TuincentrumEliassenAmmerzoden","https:\/\/www.instagram.com\/eliassenhomeandgarden\/","https:\/\/nl.pinterest.com\/eliassenhomeandgarden\/","https:\/\/www.youtube.com\/@eliassenhomegardenpleasure4558"]}]}},"df_price":77.5,"df_sale_price":"","df_regular_price":77.5,"df_image_link":"https:\/\/dev.eliassen.nl\/wp-content\/uploads\/2024\/01\/tandwielklokzurich46cmeliassennl.jpg","image":"https:\/\/dev.eliassen.nl\/wp-content\/uploads\/2024\/01\/tandwielklokzurich46cmeliassennl.jpg","price_search":"<span class=\"woocommerce-Price-amount amount\"><bdi><span class=\"woocommerce-Price-currencySymbol\">&euro;<\/span>&nbsp;77,50<\/bdi><\/span>","category":"Wanddekoration","_links":{"self":[{"href":"https:\/\/dev.eliassen.nl\/de\/wp-json\/wp\/v2\/product\/97075","targetHints":{"allow":["GET"]}}],"collection":[{"href":"https:\/\/dev.eliassen.nl\/de\/wp-json\/wp\/v2\/product"}],"about":[{"href":"https:\/\/dev.eliassen.nl\/de\/wp-json\/wp\/v2\/types\/product"}],"wp:featuredmedia":[{"embeddable":true,"href":"https:\/\/dev.eliassen.nl\/de\/wp-json\/wp\/v2\/media\/97069"}],"wp:attachment":[{"href":"https:\/\/dev.eliassen.nl\/de\/wp-json\/wp\/v2\/media?parent=97075"}],"wp:term":[{"taxonomy":"product_brand","embeddable":true,"href":"https:\/\/dev.eliassen.nl\/de\/wp-json\/wp\/v2\/product_brand?post=97075"},{"taxonomy":"product_cat","embeddable":true,"href":"https:\/\/dev.eliassen.nl\/de\/wp-json\/wp\/v2\/product_cat?post=97075"},{"taxonomy":"product_tag","embeddable":true,"href":"https:\/\/dev.eliassen.nl\/de\/wp-json\/wp\/v2\/product_tag?post=97075"}],"curies":[{"name":"wp","href":"https:\/\/api.w.org\/{rel}","templated":true}]}}