{"id":97204,"date":"2023-11-23T11:43:59","date_gmt":"2023-11-23T10:43:59","guid":{"rendered":"https:\/\/www.eliassen.nl\/?product=rieten-mand-vierkant-52cm-met-wielen"},"modified":"2024-12-05T16:40:40","modified_gmt":"2024-12-05T15:40:40","slug":"weidenkorb-quadratisch-52-cm-mit-rollen","status":"publish","type":"product","link":"https:\/\/dev.eliassen.nl\/de\/weidenkorb-quadratisch-52-cm-mit-rollen\/","title":{"rendered":"Weidenkorb quadratisch 52 cm mit Rollen"},"content":{"rendered":"<p>Dieser gro\u00dfe quadratische Rattankorb ist Teil unserer eigenen Kollektion. Dieser handgefertigte Korb besteht aus robustem, <strong>superdickem<\/strong> Rattan und hat ein einzigartiges und stilvolles Flechtdesign. Dieser runde Korb hat sehr stabile Griffe und eignet sich f\u00fcr unz\u00e4hlige Verwendungsm\u00f6glichkeiten, zum Beispiel f\u00fcr Spielzeug, Ofenholz, Pflanzen und so weiter.<\/p>\n<p>Diesen Korb kann man wirklich jahrzehntelang nutzen, eine sch\u00f6nere und schwerere Qualit\u00e4t gibt es nicht! Mit den R\u00e4dern an der Unterseite k\u00f6nnen Sie diesen Korb leicht bewegen.<\/p>\n<ul>\n<li>Gr\u00f6\u00dfe: 45 x 45 x 52 cm hoch<\/li>\n<li>Material: Rundes Rattan, <strong>bis zu 20 mm Dicke<\/strong><\/li>\n<li>Farbe: Natur<\/li>\n<li><strong>Ausgestattet mit stabilen R\u00e4dern<\/strong><\/li>\n<\/ul>\n","protected":false},"excerpt":{"rendered":"<p>Superdicker Qualit\u00e4tskorb mit R\u00e4dern aus dickem Rattan<\/p>\n","protected":false},"featured_media":97201,"template":"","meta":{"_acf_changed":false},"product_brand":[],"product_cat":[722,1418],"product_tag":[],"class_list":{"0":"post-97204","1":"product","2":"type-product","3":"status-publish","4":"has-post-thumbnail","6":"product_cat-blumentoepfe-und-pflanzgefaesse","7":"product_cat-koerbe-aus-rattan","9":"first","10":"outofstock","11":"taxable","12":"shipping-taxable","13":"purchasable","14":"product-type-simple"},"acf":[],"yoast_head":"<!-- This site is optimized with the Yoast SEO plugin v23.8 - https:\/\/yoast.com\/wordpress\/plugins\/seo\/ -->\n<title>Weidenkorb quadratisch 52 cm mit Rollen<\/title>\n<meta name=\"description\" content=\"Sehen Sie sich unsere wundersch\u00f6nen Weidenk\u00f6rbe mit R\u00e4dern in unserem Webshop an oder kommen Sie vorbei und sehen Sie sie sich live in unserem Laden an!!\" \/>\n<meta name=\"robots\" content=\"noindex, follow, max-snippet:-1, max-image-preview:large, max-video-preview:-1\" \/>\n<meta property=\"og:locale\" content=\"de_DE\" \/>\n<meta property=\"og:type\" content=\"article\" \/>\n<meta property=\"og:title\" content=\"Weidenkorb quadratisch 52 cm mit Rollen\" \/>\n<meta property=\"og:description\" content=\"Sehen Sie sich unsere wundersch\u00f6nen Weidenk\u00f6rbe mit R\u00e4dern in unserem Webshop an oder kommen Sie vorbei und sehen Sie sie sich live in unserem Laden an!!\" \/>\n<meta property=\"og:url\" content=\"https:\/\/dev.eliassen.nl\/de\/weidenkorb-quadratisch-52-cm-mit-rollen\/\" \/>\n<meta property=\"og:site_name\" content=\"Eliassen.nl\" \/>\n<meta property=\"article:publisher\" content=\"https:\/\/www.facebook.com\/TuincentrumEliassenAmmerzoden\" \/>\n<meta property=\"article:modified_time\" content=\"2024-12-05T15:40:40+00:00\" \/>\n<meta property=\"og:image\" content=\"https:\/\/dev.eliassen.nl\/wp-content\/uploads\/2024\/01\/mandvierkant52cmmetwieleneliassennl.jpg\" \/>\n\t<meta property=\"og:image:width\" content=\"2015\" \/>\n\t<meta property=\"og:image:height\" content=\"2048\" \/>\n\t<meta property=\"og:image:type\" content=\"image\/jpeg\" \/>\n<meta name=\"twitter:card\" content=\"summary_large_image\" \/>\n<script type=\"application\/ld+json\" class=\"yoast-schema-graph\">{\"@context\":\"https:\/\/schema.org\",\"@graph\":[{\"@type\":\"WebPage\",\"@id\":\"https:\/\/dev.eliassen.nl\/de\/weidenkorb-quadratisch-52-cm-mit-rollen\/\",\"url\":\"https:\/\/dev.eliassen.nl\/de\/weidenkorb-quadratisch-52-cm-mit-rollen\/\",\"name\":\"Weidenkorb quadratisch 52 cm mit Rollen\",\"isPartOf\":{\"@id\":\"https:\/\/dev.eliassen.nl\/de\/#website\"},\"primaryImageOfPage\":{\"@id\":\"https:\/\/dev.eliassen.nl\/de\/weidenkorb-quadratisch-52-cm-mit-rollen\/#primaryimage\"},\"image\":{\"@id\":\"https:\/\/dev.eliassen.nl\/de\/weidenkorb-quadratisch-52-cm-mit-rollen\/#primaryimage\"},\"thumbnailUrl\":\"https:\/\/dev.eliassen.nl\/wp-content\/uploads\/2024\/01\/mandvierkant52cmmetwieleneliassennl.jpg\",\"datePublished\":\"2023-11-23T10:43:59+00:00\",\"dateModified\":\"2024-12-05T15:40:40+00:00\",\"description\":\"Sehen Sie sich unsere wundersch\u00f6nen Weidenk\u00f6rbe mit R\u00e4dern in unserem Webshop an oder kommen Sie vorbei und sehen Sie sie sich live in unserem Laden an!!\",\"breadcrumb\":{\"@id\":\"https:\/\/dev.eliassen.nl\/de\/weidenkorb-quadratisch-52-cm-mit-rollen\/#breadcrumb\"},\"inLanguage\":\"de\",\"potentialAction\":[{\"@type\":\"ReadAction\",\"target\":[\"https:\/\/dev.eliassen.nl\/de\/weidenkorb-quadratisch-52-cm-mit-rollen\/\"]}]},{\"@type\":\"ImageObject\",\"inLanguage\":\"de\",\"@id\":\"https:\/\/dev.eliassen.nl\/de\/weidenkorb-quadratisch-52-cm-mit-rollen\/#primaryimage\",\"url\":\"https:\/\/dev.eliassen.nl\/wp-content\/uploads\/2024\/01\/mandvierkant52cmmetwieleneliassennl.jpg\",\"contentUrl\":\"https:\/\/dev.eliassen.nl\/wp-content\/uploads\/2024\/01\/mandvierkant52cmmetwieleneliassennl.jpg\",\"width\":2015,\"height\":2048,\"caption\":\"Mand vierkant 52cm met wielen Eliassen.nl\"},{\"@type\":\"BreadcrumbList\",\"@id\":\"https:\/\/dev.eliassen.nl\/de\/weidenkorb-quadratisch-52-cm-mit-rollen\/#breadcrumb\",\"itemListElement\":[{\"@type\":\"ListItem\",\"position\":1,\"name\":\"Home\",\"item\":\"https:\/\/dev.eliassen.nl\/de\/\"},{\"@type\":\"ListItem\",\"position\":2,\"name\":\"Shop\",\"item\":\"https:\/\/dev.eliassen.nl\/nl\/winkel\/\"},{\"@type\":\"ListItem\",\"position\":3,\"name\":\"Blument\u00f6pfe und Pflanzgef\u00e4\u00dfe\",\"item\":\"https:\/\/dev.eliassen.nl\/de\/blumentoepfe-und-pflanzgefaesse\/\"},{\"@type\":\"ListItem\",\"position\":4,\"name\":\"K\u00f6rbe aus Rattan\",\"item\":\"https:\/\/dev.eliassen.nl\/de\/blumentoepfe-und-pflanzgefaesse\/koerbe-aus-rattan\/\"},{\"@type\":\"ListItem\",\"position\":5,\"name\":\"Weidenkorb quadratisch 52 cm mit Rollen\"}]},{\"@type\":\"WebSite\",\"@id\":\"https:\/\/dev.eliassen.nl\/de\/#website\",\"url\":\"https:\/\/dev.eliassen.nl\/de\/\",\"name\":\"Eliassen Home & Garden Pleasure\",\"description\":\"\",\"publisher\":{\"@id\":\"https:\/\/dev.eliassen.nl\/de\/#organization\"},\"alternateName\":\"Eliassen.nl\",\"potentialAction\":[{\"@type\":\"SearchAction\",\"target\":{\"@type\":\"EntryPoint\",\"urlTemplate\":\"https:\/\/dev.eliassen.nl\/de\/?s={search_term_string}\"},\"query-input\":{\"@type\":\"PropertyValueSpecification\",\"valueRequired\":true,\"valueName\":\"search_term_string\"}}],\"inLanguage\":\"de\"},{\"@type\":\"Organization\",\"@id\":\"https:\/\/dev.eliassen.nl\/de\/#organization\",\"name\":\"Eliassen Home & Garden Pleasure\",\"url\":\"https:\/\/dev.eliassen.nl\/de\/\",\"logo\":{\"@type\":\"ImageObject\",\"inLanguage\":\"de\",\"@id\":\"https:\/\/dev.eliassen.nl\/de\/#\/schema\/logo\/image\/\",\"url\":\"https:\/\/www.eliassen.nl\/wp-content\/uploads\/2024\/01\/logo_4nd.jpg\",\"contentUrl\":\"https:\/\/www.eliassen.nl\/wp-content\/uploads\/2024\/01\/logo_4nd.jpg\",\"width\":500,\"height\":500,\"caption\":\"Eliassen Home & Garden Pleasure\"},\"image\":{\"@id\":\"https:\/\/dev.eliassen.nl\/de\/#\/schema\/logo\/image\/\"},\"sameAs\":[\"https:\/\/www.facebook.com\/TuincentrumEliassenAmmerzoden\",\"https:\/\/www.instagram.com\/eliassenhomeandgarden\/\",\"https:\/\/nl.pinterest.com\/eliassenhomeandgarden\/\",\"https:\/\/www.youtube.com\/@eliassenhomegardenpleasure4558\"]}]}<\/script>\n<!-- \/ Yoast SEO plugin. -->","yoast_head_json":{"title":"Weidenkorb quadratisch 52 cm mit Rollen","description":"Sehen Sie sich unsere wundersch\u00f6nen Weidenk\u00f6rbe mit R\u00e4dern in unserem Webshop an oder kommen Sie vorbei und sehen Sie sie sich live in unserem Laden an!!","robots":{"index":"noindex","follow":"follow","max-snippet":"max-snippet:-1","max-image-preview":"max-image-preview:large","max-video-preview":"max-video-preview:-1"},"og_locale":"de_DE","og_type":"article","og_title":"Weidenkorb quadratisch 52 cm mit Rollen","og_description":"Sehen Sie sich unsere wundersch\u00f6nen Weidenk\u00f6rbe mit R\u00e4dern in unserem Webshop an oder kommen Sie vorbei und sehen Sie sie sich live in unserem Laden an!!","og_url":"https:\/\/dev.eliassen.nl\/de\/weidenkorb-quadratisch-52-cm-mit-rollen\/","og_site_name":"Eliassen.nl","article_publisher":"https:\/\/www.facebook.com\/TuincentrumEliassenAmmerzoden","article_modified_time":"2024-12-05T15:40:40+00:00","og_image":[{"width":2015,"height":2048,"url":"https:\/\/dev.eliassen.nl\/wp-content\/uploads\/2024\/01\/mandvierkant52cmmetwieleneliassennl.jpg","type":"image\/jpeg"}],"twitter_card":"summary_large_image","schema":{"@context":"https:\/\/schema.org","@graph":[{"@type":"WebPage","@id":"https:\/\/dev.eliassen.nl\/de\/weidenkorb-quadratisch-52-cm-mit-rollen\/","url":"https:\/\/dev.eliassen.nl\/de\/weidenkorb-quadratisch-52-cm-mit-rollen\/","name":"Weidenkorb quadratisch 52 cm mit Rollen","isPartOf":{"@id":"https:\/\/dev.eliassen.nl\/de\/#website"},"primaryImageOfPage":{"@id":"https:\/\/dev.eliassen.nl\/de\/weidenkorb-quadratisch-52-cm-mit-rollen\/#primaryimage"},"image":{"@id":"https:\/\/dev.eliassen.nl\/de\/weidenkorb-quadratisch-52-cm-mit-rollen\/#primaryimage"},"thumbnailUrl":"https:\/\/dev.eliassen.nl\/wp-content\/uploads\/2024\/01\/mandvierkant52cmmetwieleneliassennl.jpg","datePublished":"2023-11-23T10:43:59+00:00","dateModified":"2024-12-05T15:40:40+00:00","description":"Sehen Sie sich unsere wundersch\u00f6nen Weidenk\u00f6rbe mit R\u00e4dern in unserem Webshop an oder kommen Sie vorbei und sehen Sie sie sich live in unserem Laden an!!","breadcrumb":{"@id":"https:\/\/dev.eliassen.nl\/de\/weidenkorb-quadratisch-52-cm-mit-rollen\/#breadcrumb"},"inLanguage":"de","potentialAction":[{"@type":"ReadAction","target":["https:\/\/dev.eliassen.nl\/de\/weidenkorb-quadratisch-52-cm-mit-rollen\/"]}]},{"@type":"ImageObject","inLanguage":"de","@id":"https:\/\/dev.eliassen.nl\/de\/weidenkorb-quadratisch-52-cm-mit-rollen\/#primaryimage","url":"https:\/\/dev.eliassen.nl\/wp-content\/uploads\/2024\/01\/mandvierkant52cmmetwieleneliassennl.jpg","contentUrl":"https:\/\/dev.eliassen.nl\/wp-content\/uploads\/2024\/01\/mandvierkant52cmmetwieleneliassennl.jpg","width":2015,"height":2048,"caption":"Mand vierkant 52cm met wielen Eliassen.nl"},{"@type":"BreadcrumbList","@id":"https:\/\/dev.eliassen.nl\/de\/weidenkorb-quadratisch-52-cm-mit-rollen\/#breadcrumb","itemListElement":[{"@type":"ListItem","position":1,"name":"Home","item":"https:\/\/dev.eliassen.nl\/de\/"},{"@type":"ListItem","position":2,"name":"Shop","item":"https:\/\/dev.eliassen.nl\/nl\/winkel\/"},{"@type":"ListItem","position":3,"name":"Blument\u00f6pfe und Pflanzgef\u00e4\u00dfe","item":"https:\/\/dev.eliassen.nl\/de\/blumentoepfe-und-pflanzgefaesse\/"},{"@type":"ListItem","position":4,"name":"K\u00f6rbe aus Rattan","item":"https:\/\/dev.eliassen.nl\/de\/blumentoepfe-und-pflanzgefaesse\/koerbe-aus-rattan\/"},{"@type":"ListItem","position":5,"name":"Weidenkorb quadratisch 52 cm mit Rollen"}]},{"@type":"WebSite","@id":"https:\/\/dev.eliassen.nl\/de\/#website","url":"https:\/\/dev.eliassen.nl\/de\/","name":"Eliassen Home & Garden Pleasure","description":"","publisher":{"@id":"https:\/\/dev.eliassen.nl\/de\/#organization"},"alternateName":"Eliassen.nl","potentialAction":[{"@type":"SearchAction","target":{"@type":"EntryPoint","urlTemplate":"https:\/\/dev.eliassen.nl\/de\/?s={search_term_string}"},"query-input":{"@type":"PropertyValueSpecification","valueRequired":true,"valueName":"search_term_string"}}],"inLanguage":"de"},{"@type":"Organization","@id":"https:\/\/dev.eliassen.nl\/de\/#organization","name":"Eliassen Home & Garden Pleasure","url":"https:\/\/dev.eliassen.nl\/de\/","logo":{"@type":"ImageObject","inLanguage":"de","@id":"https:\/\/dev.eliassen.nl\/de\/#\/schema\/logo\/image\/","url":"https:\/\/www.eliassen.nl\/wp-content\/uploads\/2024\/01\/logo_4nd.jpg","contentUrl":"https:\/\/www.eliassen.nl\/wp-content\/uploads\/2024\/01\/logo_4nd.jpg","width":500,"height":500,"caption":"Eliassen Home & Garden Pleasure"},"image":{"@id":"https:\/\/dev.eliassen.nl\/de\/#\/schema\/logo\/image\/"},"sameAs":["https:\/\/www.facebook.com\/TuincentrumEliassenAmmerzoden","https:\/\/www.instagram.com\/eliassenhomeandgarden\/","https:\/\/nl.pinterest.com\/eliassenhomeandgarden\/","https:\/\/www.youtube.com\/@eliassenhomegardenpleasure4558"]}]}},"df_price":79,"df_sale_price":"","df_regular_price":79,"df_image_link":"https:\/\/dev.eliassen.nl\/wp-content\/uploads\/2024\/01\/mandvierkant52cmmetwieleneliassennl.jpg","image":"https:\/\/dev.eliassen.nl\/wp-content\/uploads\/2024\/01\/mandvierkant52cmmetwieleneliassennl.jpg","price_search":"<span class=\"woocommerce-Price-amount amount\"><bdi><span class=\"woocommerce-Price-currencySymbol\">&euro;<\/span>&nbsp;79,00<\/bdi><\/span>","category":"Blument\u00f6pfe und Pflanzgef\u00e4\u00dfe","_links":{"self":[{"href":"https:\/\/dev.eliassen.nl\/de\/wp-json\/wp\/v2\/product\/97204","targetHints":{"allow":["GET"]}}],"collection":[{"href":"https:\/\/dev.eliassen.nl\/de\/wp-json\/wp\/v2\/product"}],"about":[{"href":"https:\/\/dev.eliassen.nl\/de\/wp-json\/wp\/v2\/types\/product"}],"wp:featuredmedia":[{"embeddable":true,"href":"https:\/\/dev.eliassen.nl\/de\/wp-json\/wp\/v2\/media\/97201"}],"wp:attachment":[{"href":"https:\/\/dev.eliassen.nl\/de\/wp-json\/wp\/v2\/media?parent=97204"}],"wp:term":[{"taxonomy":"product_brand","embeddable":true,"href":"https:\/\/dev.eliassen.nl\/de\/wp-json\/wp\/v2\/product_brand?post=97204"},{"taxonomy":"product_cat","embeddable":true,"href":"https:\/\/dev.eliassen.nl\/de\/wp-json\/wp\/v2\/product_cat?post=97204"},{"taxonomy":"product_tag","embeddable":true,"href":"https:\/\/dev.eliassen.nl\/de\/wp-json\/wp\/v2\/product_tag?post=97204"}],"curies":[{"name":"wp","href":"https:\/\/api.w.org\/{rel}","templated":true}]}}