{"id":97336,"date":"2023-11-28T10:51:54","date_gmt":"2023-11-28T09:51:54","guid":{"rendered":"https:\/\/www.eliassen.nl\/?product=mus-gietijzer-rechtskijkend-12cm"},"modified":"2024-12-05T16:41:00","modified_gmt":"2024-12-05T15:41:00","slug":"spatz-gusseisen-nach-rechts-schauend-12cm","status":"publish","type":"product","link":"https:\/\/dev.eliassen.nl\/de\/spatz-gusseisen-nach-rechts-schauend-12cm\/","title":{"rendered":"Spatz Gusseisen nach rechts schauend 12cm"},"content":{"rendered":"<p>Suchen Sie ein nostalgisches Bild mit einem zeitlosen l\u00e4ndlichen Look, der nie kaputt geht? Dann k\u00f6nnte diese gusseiserne Statue in Form eines nach rechts schauenden Spatzen etwas f\u00fcr Sie sein.<\/p>\n<p>Diese Gusseisenstatue ist unbehandelt und daher rostig. Gusseisen ist eine Eisenart mit einem hohen Kohlenstoffgehalt. Gusseisen ist hervorragend gie\u00dfbar und unzerst\u00f6rbar. Eine nachteilige Eigenschaft von Gusseisen besteht darin, dass es brechen kann. Lassen Sie eine Gusseisenstatue daher niemals fallen.<\/p>\n<p>Auf Gusseisen bildet sich eine Rostschicht, dieser Rost ist gleichzeitig die Schutzschicht des Eisens, sodass es nicht weiter rostet. Diese Tatsache sorgt daf\u00fcr, dass Gusseisengegenst\u00e4nde Hunderte von Jahren halten.<\/p>\n<ul>\n<li>Gr\u00f6\u00dfe: 11x7x13cm hoch<\/li>\n<li>Material: Gusseisen<\/li>\n<li>Farbe: Rostbraun<\/li>\n<li>Gewicht 1kg<\/li>\n<li>Achten Sie auf Roststellen im Garten<\/li>\n<li>Ein Gro\u00dfteil dieser Serie kann live in unserem Laden angeschaut werden!<\/li>\n<\/ul>\n","protected":false},"excerpt":{"rendered":"<p>Wundersch\u00f6n detaillierte Statue aus Gusseisen<\/p>\n","protected":false},"featured_media":97333,"template":"","meta":{"_acf_changed":false},"product_brand":[],"product_cat":[1421,7239],"product_tag":[],"class_list":{"0":"post-97336","1":"product","2":"type-product","3":"status-publish","4":"has-post-thumbnail","6":"product_cat-statuen-aus-gusseisen","7":"product_cat-statuen-skulpturen","9":"first","10":"instock","11":"taxable","12":"shipping-taxable","13":"purchasable","14":"product-type-simple"},"acf":[],"yoast_head":"<!-- This site is optimized with the Yoast SEO plugin v23.8 - https:\/\/yoast.com\/wordpress\/plugins\/seo\/ -->\n<title>Spatz Gusseisen nach rechts schauend 12cm<\/title>\n<meta name=\"description\" content=\"Statuen aus Gusseisen? Auch eine gro\u00dfe Auswahl in unserem Webshop!! Auch live zu sehen!!\" \/>\n<meta name=\"robots\" content=\"noindex, follow, max-snippet:-1, max-image-preview:large, max-video-preview:-1\" \/>\n<meta property=\"og:locale\" content=\"de_DE\" \/>\n<meta property=\"og:type\" content=\"article\" \/>\n<meta property=\"og:title\" content=\"Spatz Gusseisen nach rechts schauend 12cm\" \/>\n<meta property=\"og:description\" content=\"Statuen aus Gusseisen? Auch eine gro\u00dfe Auswahl in unserem Webshop!! Auch live zu sehen!!\" \/>\n<meta property=\"og:url\" content=\"https:\/\/dev.eliassen.nl\/de\/spatz-gusseisen-nach-rechts-schauend-12cm\/\" \/>\n<meta property=\"og:site_name\" content=\"Eliassen.nl\" \/>\n<meta property=\"article:publisher\" content=\"https:\/\/www.facebook.com\/TuincentrumEliassenAmmerzoden\" \/>\n<meta property=\"article:modified_time\" content=\"2024-12-05T15:41:00+00:00\" \/>\n<meta property=\"og:image\" content=\"https:\/\/dev.eliassen.nl\/wp-content\/uploads\/2024\/01\/gietijzerenmusrechtskijkendeliassennlci885.jpg\" \/>\n\t<meta property=\"og:image:width\" content=\"480\" \/>\n\t<meta property=\"og:image:height\" content=\"640\" \/>\n\t<meta property=\"og:image:type\" content=\"image\/jpeg\" \/>\n<meta name=\"twitter:card\" content=\"summary_large_image\" \/>\n<script type=\"application\/ld+json\" class=\"yoast-schema-graph\">{\"@context\":\"https:\/\/schema.org\",\"@graph\":[{\"@type\":\"WebPage\",\"@id\":\"https:\/\/dev.eliassen.nl\/de\/spatz-gusseisen-nach-rechts-schauend-12cm\/\",\"url\":\"https:\/\/dev.eliassen.nl\/de\/spatz-gusseisen-nach-rechts-schauend-12cm\/\",\"name\":\"Spatz Gusseisen nach rechts schauend 12cm\",\"isPartOf\":{\"@id\":\"https:\/\/dev.eliassen.nl\/de\/#website\"},\"primaryImageOfPage\":{\"@id\":\"https:\/\/dev.eliassen.nl\/de\/spatz-gusseisen-nach-rechts-schauend-12cm\/#primaryimage\"},\"image\":{\"@id\":\"https:\/\/dev.eliassen.nl\/de\/spatz-gusseisen-nach-rechts-schauend-12cm\/#primaryimage\"},\"thumbnailUrl\":\"https:\/\/dev.eliassen.nl\/wp-content\/uploads\/2024\/01\/gietijzerenmusrechtskijkendeliassennlci885.jpg\",\"datePublished\":\"2023-11-28T09:51:54+00:00\",\"dateModified\":\"2024-12-05T15:41:00+00:00\",\"description\":\"Statuen aus Gusseisen? Auch eine gro\u00dfe Auswahl in unserem Webshop!! Auch live zu sehen!!\",\"breadcrumb\":{\"@id\":\"https:\/\/dev.eliassen.nl\/de\/spatz-gusseisen-nach-rechts-schauend-12cm\/#breadcrumb\"},\"inLanguage\":\"de\",\"potentialAction\":[{\"@type\":\"ReadAction\",\"target\":[\"https:\/\/dev.eliassen.nl\/de\/spatz-gusseisen-nach-rechts-schauend-12cm\/\"]}]},{\"@type\":\"ImageObject\",\"inLanguage\":\"de\",\"@id\":\"https:\/\/dev.eliassen.nl\/de\/spatz-gusseisen-nach-rechts-schauend-12cm\/#primaryimage\",\"url\":\"https:\/\/dev.eliassen.nl\/wp-content\/uploads\/2024\/01\/gietijzerenmusrechtskijkendeliassennlci885.jpg\",\"contentUrl\":\"https:\/\/dev.eliassen.nl\/wp-content\/uploads\/2024\/01\/gietijzerenmusrechtskijkendeliassennlci885.jpg\",\"width\":480,\"height\":640,\"caption\":\"Gietijzeren mus rechtskijkend Eliassen.nl CI-885\"},{\"@type\":\"BreadcrumbList\",\"@id\":\"https:\/\/dev.eliassen.nl\/de\/spatz-gusseisen-nach-rechts-schauend-12cm\/#breadcrumb\",\"itemListElement\":[{\"@type\":\"ListItem\",\"position\":1,\"name\":\"Home\",\"item\":\"https:\/\/dev.eliassen.nl\/de\/\"},{\"@type\":\"ListItem\",\"position\":2,\"name\":\"Shop\",\"item\":\"https:\/\/dev.eliassen.nl\/nl\/winkel\/\"},{\"@type\":\"ListItem\",\"position\":3,\"name\":\"Statuen-Skulpturen\",\"item\":\"https:\/\/dev.eliassen.nl\/de\/statuen-skulpturen\/\"},{\"@type\":\"ListItem\",\"position\":4,\"name\":\"Statuen aus Gusseisen\",\"item\":\"https:\/\/dev.eliassen.nl\/de\/bilder\/statuen-aus-gusseisen\/\"},{\"@type\":\"ListItem\",\"position\":5,\"name\":\"Spatz Gusseisen nach rechts schauend 12cm\"}]},{\"@type\":\"WebSite\",\"@id\":\"https:\/\/dev.eliassen.nl\/de\/#website\",\"url\":\"https:\/\/dev.eliassen.nl\/de\/\",\"name\":\"Eliassen Home & Garden Pleasure\",\"description\":\"\",\"publisher\":{\"@id\":\"https:\/\/dev.eliassen.nl\/de\/#organization\"},\"alternateName\":\"Eliassen.nl\",\"potentialAction\":[{\"@type\":\"SearchAction\",\"target\":{\"@type\":\"EntryPoint\",\"urlTemplate\":\"https:\/\/dev.eliassen.nl\/de\/?s={search_term_string}\"},\"query-input\":{\"@type\":\"PropertyValueSpecification\",\"valueRequired\":true,\"valueName\":\"search_term_string\"}}],\"inLanguage\":\"de\"},{\"@type\":\"Organization\",\"@id\":\"https:\/\/dev.eliassen.nl\/de\/#organization\",\"name\":\"Eliassen Home & Garden Pleasure\",\"url\":\"https:\/\/dev.eliassen.nl\/de\/\",\"logo\":{\"@type\":\"ImageObject\",\"inLanguage\":\"de\",\"@id\":\"https:\/\/dev.eliassen.nl\/de\/#\/schema\/logo\/image\/\",\"url\":\"https:\/\/www.eliassen.nl\/wp-content\/uploads\/2024\/01\/logo_4nd.jpg\",\"contentUrl\":\"https:\/\/www.eliassen.nl\/wp-content\/uploads\/2024\/01\/logo_4nd.jpg\",\"width\":500,\"height\":500,\"caption\":\"Eliassen Home & Garden Pleasure\"},\"image\":{\"@id\":\"https:\/\/dev.eliassen.nl\/de\/#\/schema\/logo\/image\/\"},\"sameAs\":[\"https:\/\/www.facebook.com\/TuincentrumEliassenAmmerzoden\",\"https:\/\/www.instagram.com\/eliassenhomeandgarden\/\",\"https:\/\/nl.pinterest.com\/eliassenhomeandgarden\/\",\"https:\/\/www.youtube.com\/@eliassenhomegardenpleasure4558\"]}]}<\/script>\n<!-- \/ Yoast SEO plugin. -->","yoast_head_json":{"title":"Spatz Gusseisen nach rechts schauend 12cm","description":"Statuen aus Gusseisen? Auch eine gro\u00dfe Auswahl in unserem Webshop!! Auch live zu sehen!!","robots":{"index":"noindex","follow":"follow","max-snippet":"max-snippet:-1","max-image-preview":"max-image-preview:large","max-video-preview":"max-video-preview:-1"},"og_locale":"de_DE","og_type":"article","og_title":"Spatz Gusseisen nach rechts schauend 12cm","og_description":"Statuen aus Gusseisen? Auch eine gro\u00dfe Auswahl in unserem Webshop!! Auch live zu sehen!!","og_url":"https:\/\/dev.eliassen.nl\/de\/spatz-gusseisen-nach-rechts-schauend-12cm\/","og_site_name":"Eliassen.nl","article_publisher":"https:\/\/www.facebook.com\/TuincentrumEliassenAmmerzoden","article_modified_time":"2024-12-05T15:41:00+00:00","og_image":[{"width":480,"height":640,"url":"https:\/\/dev.eliassen.nl\/wp-content\/uploads\/2024\/01\/gietijzerenmusrechtskijkendeliassennlci885.jpg","type":"image\/jpeg"}],"twitter_card":"summary_large_image","schema":{"@context":"https:\/\/schema.org","@graph":[{"@type":"WebPage","@id":"https:\/\/dev.eliassen.nl\/de\/spatz-gusseisen-nach-rechts-schauend-12cm\/","url":"https:\/\/dev.eliassen.nl\/de\/spatz-gusseisen-nach-rechts-schauend-12cm\/","name":"Spatz Gusseisen nach rechts schauend 12cm","isPartOf":{"@id":"https:\/\/dev.eliassen.nl\/de\/#website"},"primaryImageOfPage":{"@id":"https:\/\/dev.eliassen.nl\/de\/spatz-gusseisen-nach-rechts-schauend-12cm\/#primaryimage"},"image":{"@id":"https:\/\/dev.eliassen.nl\/de\/spatz-gusseisen-nach-rechts-schauend-12cm\/#primaryimage"},"thumbnailUrl":"https:\/\/dev.eliassen.nl\/wp-content\/uploads\/2024\/01\/gietijzerenmusrechtskijkendeliassennlci885.jpg","datePublished":"2023-11-28T09:51:54+00:00","dateModified":"2024-12-05T15:41:00+00:00","description":"Statuen aus Gusseisen? Auch eine gro\u00dfe Auswahl in unserem Webshop!! Auch live zu sehen!!","breadcrumb":{"@id":"https:\/\/dev.eliassen.nl\/de\/spatz-gusseisen-nach-rechts-schauend-12cm\/#breadcrumb"},"inLanguage":"de","potentialAction":[{"@type":"ReadAction","target":["https:\/\/dev.eliassen.nl\/de\/spatz-gusseisen-nach-rechts-schauend-12cm\/"]}]},{"@type":"ImageObject","inLanguage":"de","@id":"https:\/\/dev.eliassen.nl\/de\/spatz-gusseisen-nach-rechts-schauend-12cm\/#primaryimage","url":"https:\/\/dev.eliassen.nl\/wp-content\/uploads\/2024\/01\/gietijzerenmusrechtskijkendeliassennlci885.jpg","contentUrl":"https:\/\/dev.eliassen.nl\/wp-content\/uploads\/2024\/01\/gietijzerenmusrechtskijkendeliassennlci885.jpg","width":480,"height":640,"caption":"Gietijzeren mus rechtskijkend Eliassen.nl CI-885"},{"@type":"BreadcrumbList","@id":"https:\/\/dev.eliassen.nl\/de\/spatz-gusseisen-nach-rechts-schauend-12cm\/#breadcrumb","itemListElement":[{"@type":"ListItem","position":1,"name":"Home","item":"https:\/\/dev.eliassen.nl\/de\/"},{"@type":"ListItem","position":2,"name":"Shop","item":"https:\/\/dev.eliassen.nl\/nl\/winkel\/"},{"@type":"ListItem","position":3,"name":"Statuen-Skulpturen","item":"https:\/\/dev.eliassen.nl\/de\/statuen-skulpturen\/"},{"@type":"ListItem","position":4,"name":"Statuen aus Gusseisen","item":"https:\/\/dev.eliassen.nl\/de\/bilder\/statuen-aus-gusseisen\/"},{"@type":"ListItem","position":5,"name":"Spatz Gusseisen nach rechts schauend 12cm"}]},{"@type":"WebSite","@id":"https:\/\/dev.eliassen.nl\/de\/#website","url":"https:\/\/dev.eliassen.nl\/de\/","name":"Eliassen Home & Garden Pleasure","description":"","publisher":{"@id":"https:\/\/dev.eliassen.nl\/de\/#organization"},"alternateName":"Eliassen.nl","potentialAction":[{"@type":"SearchAction","target":{"@type":"EntryPoint","urlTemplate":"https:\/\/dev.eliassen.nl\/de\/?s={search_term_string}"},"query-input":{"@type":"PropertyValueSpecification","valueRequired":true,"valueName":"search_term_string"}}],"inLanguage":"de"},{"@type":"Organization","@id":"https:\/\/dev.eliassen.nl\/de\/#organization","name":"Eliassen Home & Garden Pleasure","url":"https:\/\/dev.eliassen.nl\/de\/","logo":{"@type":"ImageObject","inLanguage":"de","@id":"https:\/\/dev.eliassen.nl\/de\/#\/schema\/logo\/image\/","url":"https:\/\/www.eliassen.nl\/wp-content\/uploads\/2024\/01\/logo_4nd.jpg","contentUrl":"https:\/\/www.eliassen.nl\/wp-content\/uploads\/2024\/01\/logo_4nd.jpg","width":500,"height":500,"caption":"Eliassen Home & Garden Pleasure"},"image":{"@id":"https:\/\/dev.eliassen.nl\/de\/#\/schema\/logo\/image\/"},"sameAs":["https:\/\/www.facebook.com\/TuincentrumEliassenAmmerzoden","https:\/\/www.instagram.com\/eliassenhomeandgarden\/","https:\/\/nl.pinterest.com\/eliassenhomeandgarden\/","https:\/\/www.youtube.com\/@eliassenhomegardenpleasure4558"]}]}},"df_price":25,"df_sale_price":"","df_regular_price":25,"df_image_link":"https:\/\/dev.eliassen.nl\/wp-content\/uploads\/2024\/01\/gietijzerenmusrechtskijkendeliassennlci885.jpg","image":"https:\/\/dev.eliassen.nl\/wp-content\/uploads\/2024\/01\/gietijzerenmusrechtskijkendeliassennlci885.jpg","price_search":"<span class=\"woocommerce-Price-amount amount\"><bdi><span class=\"woocommerce-Price-currencySymbol\">&euro;<\/span>&nbsp;25,00<\/bdi><\/span>","category":"Statuen aus Gusseisen","_links":{"self":[{"href":"https:\/\/dev.eliassen.nl\/de\/wp-json\/wp\/v2\/product\/97336","targetHints":{"allow":["GET"]}}],"collection":[{"href":"https:\/\/dev.eliassen.nl\/de\/wp-json\/wp\/v2\/product"}],"about":[{"href":"https:\/\/dev.eliassen.nl\/de\/wp-json\/wp\/v2\/types\/product"}],"wp:featuredmedia":[{"embeddable":true,"href":"https:\/\/dev.eliassen.nl\/de\/wp-json\/wp\/v2\/media\/97333"}],"wp:attachment":[{"href":"https:\/\/dev.eliassen.nl\/de\/wp-json\/wp\/v2\/media?parent=97336"}],"wp:term":[{"taxonomy":"product_brand","embeddable":true,"href":"https:\/\/dev.eliassen.nl\/de\/wp-json\/wp\/v2\/product_brand?post=97336"},{"taxonomy":"product_cat","embeddable":true,"href":"https:\/\/dev.eliassen.nl\/de\/wp-json\/wp\/v2\/product_cat?post=97336"},{"taxonomy":"product_tag","embeddable":true,"href":"https:\/\/dev.eliassen.nl\/de\/wp-json\/wp\/v2\/product_tag?post=97336"}],"curies":[{"name":"wp","href":"https:\/\/api.w.org\/{rel}","templated":true}]}}