{"id":97438,"date":"2023-12-01T14:37:27","date_gmt":"2023-12-01T13:37:27","guid":{"rendered":"https:\/\/www.eliassen.nl\/?product=copy-of-speksteen-beeld-familie-4-personen-in-ruwe"},"modified":"2024-12-05T16:41:21","modified_gmt":"2024-12-05T15:41:21","slug":"specksteinstatue-eines-liebesherzens-in-harmonie-16-cm","status":"publish","type":"product","link":"https:\/\/dev.eliassen.nl\/de\/specksteinstatue-eines-liebesherzens-in-harmonie-16-cm\/","title":{"rendered":"Specksteinstatue eines Liebesherzens in Harmonie, 16 cm"},"content":{"rendered":"<p>G\u00f6nnen Sie sich oder jemand anderem eine handgefertigte Statue aus Speckstein oder Serpentinstein. Diese Figuren aus Simbabwe werden mit gr\u00f6\u00dfter Sorgfalt manuell aus einem St\u00fcck Stein gefertigt. Alles wundersch\u00f6ne Kunstwerke aus Zentralafrika.<\/p>\n<p>Serpentin oder Speckstein, aus dem diese Statuen gefertigt sind, sind weiche Steinarten, die in verschiedenen Farben vor allem in Zentralafrika vorkommen. Sch\u00f6n gl\u00e4nzend, in verschiedenen Farben, meist jedoch dunkelgrau.<\/p>\n<p>Diese Steinbrocken werden viele Stunden lang mit verschiedenen Werkzeugen bearbeitet, dann geschliffen und poliert, bis sie die richtige Gr\u00f6\u00dfe, Form und den richtigen Glanz haben.<\/p>\n<p>Diese Modellstatue mit einem Liebesbild kann in Farbe und Form vom Foto abweichen, da es sich um Handarbeit und zudem um ein Naturmaterial handelt.<\/p>\n<ul>\n<li>Gr\u00f6\u00dfe: ca. 12x6x16cm hoch<\/li>\n<li>Material: Speckstein Serpentin<\/li>\n<li>Farbe: braun\/schwarz<\/li>\n<li>Geeignet f\u00fcr drinnen und drau\u00dfen<\/li>\n<li>Jede Statue ist in Form und Farbe einzigartig<\/li>\n<li>Kann auch in unserem Shop besichtigt werden<\/li>\n<\/ul>\n","protected":false},"excerpt":{"rendered":"<p>Handgefertigt aus Serpentin aus Simbabwe.<\/p>\n","protected":false},"featured_media":97435,"template":"","meta":{"_acf_changed":false},"product_brand":[],"product_cat":[1382,7239],"product_tag":[],"class_list":{"0":"post-97438","1":"product","2":"type-product","3":"status-publish","4":"has-post-thumbnail","6":"product_cat-statuen-aus-speckstein","7":"product_cat-statuen-skulpturen","9":"first","10":"instock","11":"taxable","12":"shipping-taxable","13":"purchasable","14":"product-type-simple"},"acf":[],"yoast_head":"<!-- This site is optimized with the Yoast SEO plugin v23.8 - https:\/\/yoast.com\/wordpress\/plugins\/seo\/ -->\n<title>Specksteinstatue eines Liebesherzens in Harmonie, 16 cm \u2013 Eliassen Home &amp; Garden<\/title>\n<meta name=\"description\" content=\"Suchen Sie eine Statue f\u00fcr Ihren Liebsten oder einen anderen geliebten Menschen? Dieses Modell ist wundersch\u00f6n handgefertigt mit einem Paar in Form eines Her...\" \/>\n<meta name=\"robots\" content=\"noindex, follow, max-snippet:-1, max-image-preview:large, max-video-preview:-1\" \/>\n<meta property=\"og:locale\" content=\"de_DE\" \/>\n<meta property=\"og:type\" content=\"article\" \/>\n<meta property=\"og:title\" content=\"Specksteinstatue eines Liebesherzens in Harmonie, 16 cm \u2013 Eliassen Home &amp; Garden\" \/>\n<meta property=\"og:description\" content=\"Suchen Sie eine Statue f\u00fcr Ihren Liebsten oder einen anderen geliebten Menschen? Dieses Modell ist wundersch\u00f6n handgefertigt mit einem Paar in Form eines Her...\" \/>\n<meta property=\"og:url\" content=\"https:\/\/dev.eliassen.nl\/de\/specksteinstatue-eines-liebesherzens-in-harmonie-16-cm\/\" \/>\n<meta property=\"og:site_name\" content=\"Eliassen.nl\" \/>\n<meta property=\"article:publisher\" content=\"https:\/\/www.facebook.com\/TuincentrumEliassenAmmerzoden\" \/>\n<meta property=\"article:modified_time\" content=\"2024-12-05T15:41:21+00:00\" \/>\n<meta property=\"og:image\" content=\"https:\/\/dev.eliassen.nl\/wp-content\/uploads\/2024\/01\/speksteenbeeldliefdeshartinharmony16cmeliass.jpg\" \/>\n\t<meta property=\"og:image:width\" content=\"1026\" \/>\n\t<meta property=\"og:image:height\" content=\"1824\" \/>\n\t<meta property=\"og:image:type\" content=\"image\/jpeg\" \/>\n<meta name=\"twitter:card\" content=\"summary_large_image\" \/>\n<script type=\"application\/ld+json\" class=\"yoast-schema-graph\">{\"@context\":\"https:\/\/schema.org\",\"@graph\":[{\"@type\":\"WebPage\",\"@id\":\"https:\/\/dev.eliassen.nl\/de\/specksteinstatue-eines-liebesherzens-in-harmonie-16-cm\/\",\"url\":\"https:\/\/dev.eliassen.nl\/de\/specksteinstatue-eines-liebesherzens-in-harmonie-16-cm\/\",\"name\":\"Specksteinstatue eines Liebesherzens in Harmonie, 16 cm \u2013 Eliassen Home & Garden\",\"isPartOf\":{\"@id\":\"https:\/\/dev.eliassen.nl\/de\/#website\"},\"primaryImageOfPage\":{\"@id\":\"https:\/\/dev.eliassen.nl\/de\/specksteinstatue-eines-liebesherzens-in-harmonie-16-cm\/#primaryimage\"},\"image\":{\"@id\":\"https:\/\/dev.eliassen.nl\/de\/specksteinstatue-eines-liebesherzens-in-harmonie-16-cm\/#primaryimage\"},\"thumbnailUrl\":\"https:\/\/dev.eliassen.nl\/wp-content\/uploads\/2024\/01\/speksteenbeeldliefdeshartinharmony16cmeliass.jpg\",\"datePublished\":\"2023-12-01T13:37:27+00:00\",\"dateModified\":\"2024-12-05T15:41:21+00:00\",\"description\":\"Suchen Sie eine Statue f\u00fcr Ihren Liebsten oder einen anderen geliebten Menschen? Dieses Modell ist wundersch\u00f6n handgefertigt mit einem Paar in Form eines Her...\",\"breadcrumb\":{\"@id\":\"https:\/\/dev.eliassen.nl\/de\/specksteinstatue-eines-liebesherzens-in-harmonie-16-cm\/#breadcrumb\"},\"inLanguage\":\"de\",\"potentialAction\":[{\"@type\":\"ReadAction\",\"target\":[\"https:\/\/dev.eliassen.nl\/de\/specksteinstatue-eines-liebesherzens-in-harmonie-16-cm\/\"]}]},{\"@type\":\"ImageObject\",\"inLanguage\":\"de\",\"@id\":\"https:\/\/dev.eliassen.nl\/de\/specksteinstatue-eines-liebesherzens-in-harmonie-16-cm\/#primaryimage\",\"url\":\"https:\/\/dev.eliassen.nl\/wp-content\/uploads\/2024\/01\/speksteenbeeldliefdeshartinharmony16cmeliass.jpg\",\"contentUrl\":\"https:\/\/dev.eliassen.nl\/wp-content\/uploads\/2024\/01\/speksteenbeeldliefdeshartinharmony16cmeliass.jpg\",\"width\":1026,\"height\":1824,\"caption\":\"Speksteen beeld liefdeshart in harmony 16cm eliassen.nl\"},{\"@type\":\"BreadcrumbList\",\"@id\":\"https:\/\/dev.eliassen.nl\/de\/specksteinstatue-eines-liebesherzens-in-harmonie-16-cm\/#breadcrumb\",\"itemListElement\":[{\"@type\":\"ListItem\",\"position\":1,\"name\":\"Home\",\"item\":\"https:\/\/dev.eliassen.nl\/de\/\"},{\"@type\":\"ListItem\",\"position\":2,\"name\":\"Shop\",\"item\":\"https:\/\/dev.eliassen.nl\/nl\/winkel\/\"},{\"@type\":\"ListItem\",\"position\":3,\"name\":\"Statuen-Skulpturen\",\"item\":\"https:\/\/dev.eliassen.nl\/de\/statuen-skulpturen\/\"},{\"@type\":\"ListItem\",\"position\":4,\"name\":\"Statuen aus Speckstein\",\"item\":\"https:\/\/dev.eliassen.nl\/de\/bilder\/statuen-aus-speckstein\/\"},{\"@type\":\"ListItem\",\"position\":5,\"name\":\"Specksteinstatue eines Liebesherzens in Harmonie, 16 cm\"}]},{\"@type\":\"WebSite\",\"@id\":\"https:\/\/dev.eliassen.nl\/de\/#website\",\"url\":\"https:\/\/dev.eliassen.nl\/de\/\",\"name\":\"Eliassen Home & Garden Pleasure\",\"description\":\"\",\"publisher\":{\"@id\":\"https:\/\/dev.eliassen.nl\/de\/#organization\"},\"alternateName\":\"Eliassen.nl\",\"potentialAction\":[{\"@type\":\"SearchAction\",\"target\":{\"@type\":\"EntryPoint\",\"urlTemplate\":\"https:\/\/dev.eliassen.nl\/de\/?s={search_term_string}\"},\"query-input\":{\"@type\":\"PropertyValueSpecification\",\"valueRequired\":true,\"valueName\":\"search_term_string\"}}],\"inLanguage\":\"de\"},{\"@type\":\"Organization\",\"@id\":\"https:\/\/dev.eliassen.nl\/de\/#organization\",\"name\":\"Eliassen Home & Garden Pleasure\",\"url\":\"https:\/\/dev.eliassen.nl\/de\/\",\"logo\":{\"@type\":\"ImageObject\",\"inLanguage\":\"de\",\"@id\":\"https:\/\/dev.eliassen.nl\/de\/#\/schema\/logo\/image\/\",\"url\":\"https:\/\/www.eliassen.nl\/wp-content\/uploads\/2024\/01\/logo_4nd.jpg\",\"contentUrl\":\"https:\/\/www.eliassen.nl\/wp-content\/uploads\/2024\/01\/logo_4nd.jpg\",\"width\":500,\"height\":500,\"caption\":\"Eliassen Home & Garden Pleasure\"},\"image\":{\"@id\":\"https:\/\/dev.eliassen.nl\/de\/#\/schema\/logo\/image\/\"},\"sameAs\":[\"https:\/\/www.facebook.com\/TuincentrumEliassenAmmerzoden\",\"https:\/\/www.instagram.com\/eliassenhomeandgarden\/\",\"https:\/\/nl.pinterest.com\/eliassenhomeandgarden\/\",\"https:\/\/www.youtube.com\/@eliassenhomegardenpleasure4558\"]}]}<\/script>\n<!-- \/ Yoast SEO plugin. -->","yoast_head_json":{"title":"Specksteinstatue eines Liebesherzens in Harmonie, 16 cm \u2013 Eliassen Home & Garden","description":"Suchen Sie eine Statue f\u00fcr Ihren Liebsten oder einen anderen geliebten Menschen? Dieses Modell ist wundersch\u00f6n handgefertigt mit einem Paar in Form eines Her...","robots":{"index":"noindex","follow":"follow","max-snippet":"max-snippet:-1","max-image-preview":"max-image-preview:large","max-video-preview":"max-video-preview:-1"},"og_locale":"de_DE","og_type":"article","og_title":"Specksteinstatue eines Liebesherzens in Harmonie, 16 cm \u2013 Eliassen Home & Garden","og_description":"Suchen Sie eine Statue f\u00fcr Ihren Liebsten oder einen anderen geliebten Menschen? Dieses Modell ist wundersch\u00f6n handgefertigt mit einem Paar in Form eines Her...","og_url":"https:\/\/dev.eliassen.nl\/de\/specksteinstatue-eines-liebesherzens-in-harmonie-16-cm\/","og_site_name":"Eliassen.nl","article_publisher":"https:\/\/www.facebook.com\/TuincentrumEliassenAmmerzoden","article_modified_time":"2024-12-05T15:41:21+00:00","og_image":[{"width":1026,"height":1824,"url":"https:\/\/dev.eliassen.nl\/wp-content\/uploads\/2024\/01\/speksteenbeeldliefdeshartinharmony16cmeliass.jpg","type":"image\/jpeg"}],"twitter_card":"summary_large_image","schema":{"@context":"https:\/\/schema.org","@graph":[{"@type":"WebPage","@id":"https:\/\/dev.eliassen.nl\/de\/specksteinstatue-eines-liebesherzens-in-harmonie-16-cm\/","url":"https:\/\/dev.eliassen.nl\/de\/specksteinstatue-eines-liebesherzens-in-harmonie-16-cm\/","name":"Specksteinstatue eines Liebesherzens in Harmonie, 16 cm \u2013 Eliassen Home & Garden","isPartOf":{"@id":"https:\/\/dev.eliassen.nl\/de\/#website"},"primaryImageOfPage":{"@id":"https:\/\/dev.eliassen.nl\/de\/specksteinstatue-eines-liebesherzens-in-harmonie-16-cm\/#primaryimage"},"image":{"@id":"https:\/\/dev.eliassen.nl\/de\/specksteinstatue-eines-liebesherzens-in-harmonie-16-cm\/#primaryimage"},"thumbnailUrl":"https:\/\/dev.eliassen.nl\/wp-content\/uploads\/2024\/01\/speksteenbeeldliefdeshartinharmony16cmeliass.jpg","datePublished":"2023-12-01T13:37:27+00:00","dateModified":"2024-12-05T15:41:21+00:00","description":"Suchen Sie eine Statue f\u00fcr Ihren Liebsten oder einen anderen geliebten Menschen? Dieses Modell ist wundersch\u00f6n handgefertigt mit einem Paar in Form eines Her...","breadcrumb":{"@id":"https:\/\/dev.eliassen.nl\/de\/specksteinstatue-eines-liebesherzens-in-harmonie-16-cm\/#breadcrumb"},"inLanguage":"de","potentialAction":[{"@type":"ReadAction","target":["https:\/\/dev.eliassen.nl\/de\/specksteinstatue-eines-liebesherzens-in-harmonie-16-cm\/"]}]},{"@type":"ImageObject","inLanguage":"de","@id":"https:\/\/dev.eliassen.nl\/de\/specksteinstatue-eines-liebesherzens-in-harmonie-16-cm\/#primaryimage","url":"https:\/\/dev.eliassen.nl\/wp-content\/uploads\/2024\/01\/speksteenbeeldliefdeshartinharmony16cmeliass.jpg","contentUrl":"https:\/\/dev.eliassen.nl\/wp-content\/uploads\/2024\/01\/speksteenbeeldliefdeshartinharmony16cmeliass.jpg","width":1026,"height":1824,"caption":"Speksteen beeld liefdeshart in harmony 16cm eliassen.nl"},{"@type":"BreadcrumbList","@id":"https:\/\/dev.eliassen.nl\/de\/specksteinstatue-eines-liebesherzens-in-harmonie-16-cm\/#breadcrumb","itemListElement":[{"@type":"ListItem","position":1,"name":"Home","item":"https:\/\/dev.eliassen.nl\/de\/"},{"@type":"ListItem","position":2,"name":"Shop","item":"https:\/\/dev.eliassen.nl\/nl\/winkel\/"},{"@type":"ListItem","position":3,"name":"Statuen-Skulpturen","item":"https:\/\/dev.eliassen.nl\/de\/statuen-skulpturen\/"},{"@type":"ListItem","position":4,"name":"Statuen aus Speckstein","item":"https:\/\/dev.eliassen.nl\/de\/bilder\/statuen-aus-speckstein\/"},{"@type":"ListItem","position":5,"name":"Specksteinstatue eines Liebesherzens in Harmonie, 16 cm"}]},{"@type":"WebSite","@id":"https:\/\/dev.eliassen.nl\/de\/#website","url":"https:\/\/dev.eliassen.nl\/de\/","name":"Eliassen Home & Garden Pleasure","description":"","publisher":{"@id":"https:\/\/dev.eliassen.nl\/de\/#organization"},"alternateName":"Eliassen.nl","potentialAction":[{"@type":"SearchAction","target":{"@type":"EntryPoint","urlTemplate":"https:\/\/dev.eliassen.nl\/de\/?s={search_term_string}"},"query-input":{"@type":"PropertyValueSpecification","valueRequired":true,"valueName":"search_term_string"}}],"inLanguage":"de"},{"@type":"Organization","@id":"https:\/\/dev.eliassen.nl\/de\/#organization","name":"Eliassen Home & Garden Pleasure","url":"https:\/\/dev.eliassen.nl\/de\/","logo":{"@type":"ImageObject","inLanguage":"de","@id":"https:\/\/dev.eliassen.nl\/de\/#\/schema\/logo\/image\/","url":"https:\/\/www.eliassen.nl\/wp-content\/uploads\/2024\/01\/logo_4nd.jpg","contentUrl":"https:\/\/www.eliassen.nl\/wp-content\/uploads\/2024\/01\/logo_4nd.jpg","width":500,"height":500,"caption":"Eliassen Home & Garden Pleasure"},"image":{"@id":"https:\/\/dev.eliassen.nl\/de\/#\/schema\/logo\/image\/"},"sameAs":["https:\/\/www.facebook.com\/TuincentrumEliassenAmmerzoden","https:\/\/www.instagram.com\/eliassenhomeandgarden\/","https:\/\/nl.pinterest.com\/eliassenhomeandgarden\/","https:\/\/www.youtube.com\/@eliassenhomegardenpleasure4558"]}]}},"df_price":34.95,"df_sale_price":"","df_regular_price":34.95,"df_image_link":"https:\/\/dev.eliassen.nl\/wp-content\/uploads\/2024\/01\/speksteenbeeldliefdeshartinharmony16cmeliass.jpg","image":"https:\/\/dev.eliassen.nl\/wp-content\/uploads\/2024\/01\/speksteenbeeldliefdeshartinharmony16cmeliass.jpg","price_search":"<span class=\"woocommerce-Price-amount amount\"><bdi><span class=\"woocommerce-Price-currencySymbol\">&euro;<\/span>&nbsp;34,95<\/bdi><\/span>","category":"Statuen aus Speckstein","_links":{"self":[{"href":"https:\/\/dev.eliassen.nl\/de\/wp-json\/wp\/v2\/product\/97438","targetHints":{"allow":["GET"]}}],"collection":[{"href":"https:\/\/dev.eliassen.nl\/de\/wp-json\/wp\/v2\/product"}],"about":[{"href":"https:\/\/dev.eliassen.nl\/de\/wp-json\/wp\/v2\/types\/product"}],"wp:featuredmedia":[{"embeddable":true,"href":"https:\/\/dev.eliassen.nl\/de\/wp-json\/wp\/v2\/media\/97435"}],"wp:attachment":[{"href":"https:\/\/dev.eliassen.nl\/de\/wp-json\/wp\/v2\/media?parent=97438"}],"wp:term":[{"taxonomy":"product_brand","embeddable":true,"href":"https:\/\/dev.eliassen.nl\/de\/wp-json\/wp\/v2\/product_brand?post=97438"},{"taxonomy":"product_cat","embeddable":true,"href":"https:\/\/dev.eliassen.nl\/de\/wp-json\/wp\/v2\/product_cat?post=97438"},{"taxonomy":"product_tag","embeddable":true,"href":"https:\/\/dev.eliassen.nl\/de\/wp-json\/wp\/v2\/product_tag?post=97438"}],"curies":[{"name":"wp","href":"https:\/\/api.w.org\/{rel}","templated":true}]}}