{"id":97459,"date":"2023-12-02T14:50:54","date_gmt":"2023-12-02T13:50:54","guid":{"rendered":"https:\/\/www.eliassen.nl\/?product=kikker-vissend-rvs-45cm"},"modified":"2024-12-05T16:41:26","modified_gmt":"2024-12-05T15:41:26","slug":"froschangeln-aus-edelstahl-45cm","status":"publish","type":"product","link":"https:\/\/dev.eliassen.nl\/de\/froschangeln-aus-edelstahl-45cm\/","title":{"rendered":"Froschangeln aus Edelstahl 45cm"},"content":{"rendered":"<p>Spa\u00df im Garten, aber auch drinnen, diese exklusive Figur eines Fischfrosches mit einem nat\u00fcrlichen Felsbrocken als K\u00f6rper. Augen sind Glaskiesel. Robust, mit lebenslanger Lebensdauer unter normalen Bedingungen. Komplett aus Edelstahl gefertigt. Da es sich um Handarbeit handelt, wird es immer kleine Unterschiede zwischen jeder Kopie und dem Foto geben. Der Felsbrocken kann auch in Farbe und Form unterschiedlich sein, dies kann nicht beanstandet werden.<\/p>\n<ul>\n<li>Gr\u00f6\u00dfe 15x45cm.<\/li>\n<li>Edelstahl Klasse 304.<\/li>\n<li>Nahezu wartungsfrei.<\/li>\n<li>Exklusive Version.<\/li>\n<li>Schnell geliefert.<\/li>\n<li><strong>Fast die gesamte Serie ist in unserem Shop zu sehen<\/strong><\/li>\n<\/ul>\n","protected":false},"excerpt":{"rendered":"<p>Gro\u00dfer Frosch aus Edelstahl<\/p>\n","protected":false},"featured_media":97447,"template":"","meta":{"_acf_changed":false},"product_brand":[],"product_cat":[659,671],"product_tag":[],"class_list":{"0":"post-97459","1":"product","2":"type-product","3":"status-publish","4":"has-post-thumbnail","6":"product_cat-dekoration-aus-metall","7":"product_cat-voegel-aus-edelstahl","9":"first","10":"outofstock","11":"taxable","12":"shipping-taxable","13":"purchasable","14":"product-type-simple"},"acf":[],"yoast_head":"<!-- This site is optimized with the Yoast SEO plugin v23.8 - https:\/\/yoast.com\/wordpress\/plugins\/seo\/ -->\n<title>Froschangeln aus Edelstahl 45cm<\/title>\n<meta name=\"description\" content=\"Bei Eliassen k\u00f6nnen Sie die Froschfischfigur aus Edelstahl online kaufen oder live im Showroom ansehen. Wir haben die sch\u00f6nste Metalldekoration, Edelstahlfig...\" \/>\n<meta name=\"robots\" content=\"noindex, follow, max-snippet:-1, max-image-preview:large, max-video-preview:-1\" \/>\n<meta property=\"og:locale\" content=\"de_DE\" \/>\n<meta property=\"og:type\" content=\"article\" \/>\n<meta property=\"og:title\" content=\"Froschangeln aus Edelstahl 45cm\" \/>\n<meta property=\"og:description\" content=\"Bei Eliassen k\u00f6nnen Sie die Froschfischfigur aus Edelstahl online kaufen oder live im Showroom ansehen. Wir haben die sch\u00f6nste Metalldekoration, Edelstahlfig...\" \/>\n<meta property=\"og:url\" content=\"https:\/\/dev.eliassen.nl\/de\/froschangeln-aus-edelstahl-45cm\/\" \/>\n<meta property=\"og:site_name\" content=\"Eliassen.nl\" \/>\n<meta property=\"article:publisher\" content=\"https:\/\/www.facebook.com\/TuincentrumEliassenAmmerzoden\" \/>\n<meta property=\"article:modified_time\" content=\"2024-12-05T15:41:26+00:00\" \/>\n<meta property=\"og:image\" content=\"https:\/\/dev.eliassen.nl\/wp-content\/uploads\/2024\/01\/kikkervissendrvseliassennlsw10237.jpg\" \/>\n\t<meta property=\"og:image:width\" content=\"1652\" \/>\n\t<meta property=\"og:image:height\" content=\"2048\" \/>\n\t<meta property=\"og:image:type\" content=\"image\/jpeg\" \/>\n<meta name=\"twitter:card\" content=\"summary_large_image\" \/>\n<script type=\"application\/ld+json\" class=\"yoast-schema-graph\">{\"@context\":\"https:\/\/schema.org\",\"@graph\":[{\"@type\":\"WebPage\",\"@id\":\"https:\/\/dev.eliassen.nl\/de\/froschangeln-aus-edelstahl-45cm\/\",\"url\":\"https:\/\/dev.eliassen.nl\/de\/froschangeln-aus-edelstahl-45cm\/\",\"name\":\"Froschangeln aus Edelstahl 45cm\",\"isPartOf\":{\"@id\":\"https:\/\/dev.eliassen.nl\/de\/#website\"},\"primaryImageOfPage\":{\"@id\":\"https:\/\/dev.eliassen.nl\/de\/froschangeln-aus-edelstahl-45cm\/#primaryimage\"},\"image\":{\"@id\":\"https:\/\/dev.eliassen.nl\/de\/froschangeln-aus-edelstahl-45cm\/#primaryimage\"},\"thumbnailUrl\":\"https:\/\/dev.eliassen.nl\/wp-content\/uploads\/2024\/01\/kikkervissendrvseliassennlsw10237.jpg\",\"datePublished\":\"2023-12-02T13:50:54+00:00\",\"dateModified\":\"2024-12-05T15:41:26+00:00\",\"description\":\"Bei Eliassen k\u00f6nnen Sie die Froschfischfigur aus Edelstahl online kaufen oder live im Showroom ansehen. Wir haben die sch\u00f6nste Metalldekoration, Edelstahlfig...\",\"breadcrumb\":{\"@id\":\"https:\/\/dev.eliassen.nl\/de\/froschangeln-aus-edelstahl-45cm\/#breadcrumb\"},\"inLanguage\":\"de\",\"potentialAction\":[{\"@type\":\"ReadAction\",\"target\":[\"https:\/\/dev.eliassen.nl\/de\/froschangeln-aus-edelstahl-45cm\/\"]}]},{\"@type\":\"ImageObject\",\"inLanguage\":\"de\",\"@id\":\"https:\/\/dev.eliassen.nl\/de\/froschangeln-aus-edelstahl-45cm\/#primaryimage\",\"url\":\"https:\/\/dev.eliassen.nl\/wp-content\/uploads\/2024\/01\/kikkervissendrvseliassennlsw10237.jpg\",\"contentUrl\":\"https:\/\/dev.eliassen.nl\/wp-content\/uploads\/2024\/01\/kikkervissendrvseliassennlsw10237.jpg\",\"width\":1652,\"height\":2048,\"caption\":\"Kikker vissend RVS Eliassen.nl sw10237\"},{\"@type\":\"BreadcrumbList\",\"@id\":\"https:\/\/dev.eliassen.nl\/de\/froschangeln-aus-edelstahl-45cm\/#breadcrumb\",\"itemListElement\":[{\"@type\":\"ListItem\",\"position\":1,\"name\":\"Home\",\"item\":\"https:\/\/dev.eliassen.nl\/de\/\"},{\"@type\":\"ListItem\",\"position\":2,\"name\":\"Shop\",\"item\":\"https:\/\/dev.eliassen.nl\/nl\/winkel\/\"},{\"@type\":\"ListItem\",\"position\":3,\"name\":\"Dekoration aus Metall\",\"item\":\"https:\/\/dev.eliassen.nl\/de\/dekoration-aus-metall\/\"},{\"@type\":\"ListItem\",\"position\":4,\"name\":\"V\u00f6gel aus Edelstahl\",\"item\":\"https:\/\/dev.eliassen.nl\/de\/dekoration-aus-metall\/voegel-aus-edelstahl\/\"},{\"@type\":\"ListItem\",\"position\":5,\"name\":\"Froschangeln aus Edelstahl 45cm\"}]},{\"@type\":\"WebSite\",\"@id\":\"https:\/\/dev.eliassen.nl\/de\/#website\",\"url\":\"https:\/\/dev.eliassen.nl\/de\/\",\"name\":\"Eliassen Home & Garden Pleasure\",\"description\":\"\",\"publisher\":{\"@id\":\"https:\/\/dev.eliassen.nl\/de\/#organization\"},\"alternateName\":\"Eliassen.nl\",\"potentialAction\":[{\"@type\":\"SearchAction\",\"target\":{\"@type\":\"EntryPoint\",\"urlTemplate\":\"https:\/\/dev.eliassen.nl\/de\/?s={search_term_string}\"},\"query-input\":{\"@type\":\"PropertyValueSpecification\",\"valueRequired\":true,\"valueName\":\"search_term_string\"}}],\"inLanguage\":\"de\"},{\"@type\":\"Organization\",\"@id\":\"https:\/\/dev.eliassen.nl\/de\/#organization\",\"name\":\"Eliassen Home & Garden Pleasure\",\"url\":\"https:\/\/dev.eliassen.nl\/de\/\",\"logo\":{\"@type\":\"ImageObject\",\"inLanguage\":\"de\",\"@id\":\"https:\/\/dev.eliassen.nl\/de\/#\/schema\/logo\/image\/\",\"url\":\"https:\/\/www.eliassen.nl\/wp-content\/uploads\/2024\/01\/logo_4nd.jpg\",\"contentUrl\":\"https:\/\/www.eliassen.nl\/wp-content\/uploads\/2024\/01\/logo_4nd.jpg\",\"width\":500,\"height\":500,\"caption\":\"Eliassen Home & Garden Pleasure\"},\"image\":{\"@id\":\"https:\/\/dev.eliassen.nl\/de\/#\/schema\/logo\/image\/\"},\"sameAs\":[\"https:\/\/www.facebook.com\/TuincentrumEliassenAmmerzoden\",\"https:\/\/www.instagram.com\/eliassenhomeandgarden\/\",\"https:\/\/nl.pinterest.com\/eliassenhomeandgarden\/\",\"https:\/\/www.youtube.com\/@eliassenhomegardenpleasure4558\"]}]}<\/script>\n<!-- \/ Yoast SEO plugin. -->","yoast_head_json":{"title":"Froschangeln aus Edelstahl 45cm","description":"Bei Eliassen k\u00f6nnen Sie die Froschfischfigur aus Edelstahl online kaufen oder live im Showroom ansehen. Wir haben die sch\u00f6nste Metalldekoration, Edelstahlfig...","robots":{"index":"noindex","follow":"follow","max-snippet":"max-snippet:-1","max-image-preview":"max-image-preview:large","max-video-preview":"max-video-preview:-1"},"og_locale":"de_DE","og_type":"article","og_title":"Froschangeln aus Edelstahl 45cm","og_description":"Bei Eliassen k\u00f6nnen Sie die Froschfischfigur aus Edelstahl online kaufen oder live im Showroom ansehen. Wir haben die sch\u00f6nste Metalldekoration, Edelstahlfig...","og_url":"https:\/\/dev.eliassen.nl\/de\/froschangeln-aus-edelstahl-45cm\/","og_site_name":"Eliassen.nl","article_publisher":"https:\/\/www.facebook.com\/TuincentrumEliassenAmmerzoden","article_modified_time":"2024-12-05T15:41:26+00:00","og_image":[{"width":1652,"height":2048,"url":"https:\/\/dev.eliassen.nl\/wp-content\/uploads\/2024\/01\/kikkervissendrvseliassennlsw10237.jpg","type":"image\/jpeg"}],"twitter_card":"summary_large_image","schema":{"@context":"https:\/\/schema.org","@graph":[{"@type":"WebPage","@id":"https:\/\/dev.eliassen.nl\/de\/froschangeln-aus-edelstahl-45cm\/","url":"https:\/\/dev.eliassen.nl\/de\/froschangeln-aus-edelstahl-45cm\/","name":"Froschangeln aus Edelstahl 45cm","isPartOf":{"@id":"https:\/\/dev.eliassen.nl\/de\/#website"},"primaryImageOfPage":{"@id":"https:\/\/dev.eliassen.nl\/de\/froschangeln-aus-edelstahl-45cm\/#primaryimage"},"image":{"@id":"https:\/\/dev.eliassen.nl\/de\/froschangeln-aus-edelstahl-45cm\/#primaryimage"},"thumbnailUrl":"https:\/\/dev.eliassen.nl\/wp-content\/uploads\/2024\/01\/kikkervissendrvseliassennlsw10237.jpg","datePublished":"2023-12-02T13:50:54+00:00","dateModified":"2024-12-05T15:41:26+00:00","description":"Bei Eliassen k\u00f6nnen Sie die Froschfischfigur aus Edelstahl online kaufen oder live im Showroom ansehen. Wir haben die sch\u00f6nste Metalldekoration, Edelstahlfig...","breadcrumb":{"@id":"https:\/\/dev.eliassen.nl\/de\/froschangeln-aus-edelstahl-45cm\/#breadcrumb"},"inLanguage":"de","potentialAction":[{"@type":"ReadAction","target":["https:\/\/dev.eliassen.nl\/de\/froschangeln-aus-edelstahl-45cm\/"]}]},{"@type":"ImageObject","inLanguage":"de","@id":"https:\/\/dev.eliassen.nl\/de\/froschangeln-aus-edelstahl-45cm\/#primaryimage","url":"https:\/\/dev.eliassen.nl\/wp-content\/uploads\/2024\/01\/kikkervissendrvseliassennlsw10237.jpg","contentUrl":"https:\/\/dev.eliassen.nl\/wp-content\/uploads\/2024\/01\/kikkervissendrvseliassennlsw10237.jpg","width":1652,"height":2048,"caption":"Kikker vissend RVS Eliassen.nl sw10237"},{"@type":"BreadcrumbList","@id":"https:\/\/dev.eliassen.nl\/de\/froschangeln-aus-edelstahl-45cm\/#breadcrumb","itemListElement":[{"@type":"ListItem","position":1,"name":"Home","item":"https:\/\/dev.eliassen.nl\/de\/"},{"@type":"ListItem","position":2,"name":"Shop","item":"https:\/\/dev.eliassen.nl\/nl\/winkel\/"},{"@type":"ListItem","position":3,"name":"Dekoration aus Metall","item":"https:\/\/dev.eliassen.nl\/de\/dekoration-aus-metall\/"},{"@type":"ListItem","position":4,"name":"V\u00f6gel aus Edelstahl","item":"https:\/\/dev.eliassen.nl\/de\/dekoration-aus-metall\/voegel-aus-edelstahl\/"},{"@type":"ListItem","position":5,"name":"Froschangeln aus Edelstahl 45cm"}]},{"@type":"WebSite","@id":"https:\/\/dev.eliassen.nl\/de\/#website","url":"https:\/\/dev.eliassen.nl\/de\/","name":"Eliassen Home & Garden Pleasure","description":"","publisher":{"@id":"https:\/\/dev.eliassen.nl\/de\/#organization"},"alternateName":"Eliassen.nl","potentialAction":[{"@type":"SearchAction","target":{"@type":"EntryPoint","urlTemplate":"https:\/\/dev.eliassen.nl\/de\/?s={search_term_string}"},"query-input":{"@type":"PropertyValueSpecification","valueRequired":true,"valueName":"search_term_string"}}],"inLanguage":"de"},{"@type":"Organization","@id":"https:\/\/dev.eliassen.nl\/de\/#organization","name":"Eliassen Home & Garden Pleasure","url":"https:\/\/dev.eliassen.nl\/de\/","logo":{"@type":"ImageObject","inLanguage":"de","@id":"https:\/\/dev.eliassen.nl\/de\/#\/schema\/logo\/image\/","url":"https:\/\/www.eliassen.nl\/wp-content\/uploads\/2024\/01\/logo_4nd.jpg","contentUrl":"https:\/\/www.eliassen.nl\/wp-content\/uploads\/2024\/01\/logo_4nd.jpg","width":500,"height":500,"caption":"Eliassen Home & Garden Pleasure"},"image":{"@id":"https:\/\/dev.eliassen.nl\/de\/#\/schema\/logo\/image\/"},"sameAs":["https:\/\/www.facebook.com\/TuincentrumEliassenAmmerzoden","https:\/\/www.instagram.com\/eliassenhomeandgarden\/","https:\/\/nl.pinterest.com\/eliassenhomeandgarden\/","https:\/\/www.youtube.com\/@eliassenhomegardenpleasure4558"]}]}},"df_price":59.95,"df_sale_price":"","df_regular_price":59.95,"df_image_link":"https:\/\/dev.eliassen.nl\/wp-content\/uploads\/2024\/01\/kikkervissendrvseliassennlsw10237.jpg","image":"https:\/\/dev.eliassen.nl\/wp-content\/uploads\/2024\/01\/kikkervissendrvseliassennlsw10237.jpg","price_search":"<span class=\"woocommerce-Price-amount amount\"><bdi><span class=\"woocommerce-Price-currencySymbol\">&euro;<\/span>&nbsp;59,95<\/bdi><\/span>","category":"Dekoration aus Metall","_links":{"self":[{"href":"https:\/\/dev.eliassen.nl\/de\/wp-json\/wp\/v2\/product\/97459","targetHints":{"allow":["GET"]}}],"collection":[{"href":"https:\/\/dev.eliassen.nl\/de\/wp-json\/wp\/v2\/product"}],"about":[{"href":"https:\/\/dev.eliassen.nl\/de\/wp-json\/wp\/v2\/types\/product"}],"wp:featuredmedia":[{"embeddable":true,"href":"https:\/\/dev.eliassen.nl\/de\/wp-json\/wp\/v2\/media\/97447"}],"wp:attachment":[{"href":"https:\/\/dev.eliassen.nl\/de\/wp-json\/wp\/v2\/media?parent=97459"}],"wp:term":[{"taxonomy":"product_brand","embeddable":true,"href":"https:\/\/dev.eliassen.nl\/de\/wp-json\/wp\/v2\/product_brand?post=97459"},{"taxonomy":"product_cat","embeddable":true,"href":"https:\/\/dev.eliassen.nl\/de\/wp-json\/wp\/v2\/product_cat?post=97459"},{"taxonomy":"product_tag","embeddable":true,"href":"https:\/\/dev.eliassen.nl\/de\/wp-json\/wp\/v2\/product_tag?post=97459"}],"curies":[{"name":"wp","href":"https:\/\/api.w.org\/{rel}","templated":true}]}}