{"id":97741,"date":"2023-12-11T12:35:08","date_gmt":"2023-12-11T11:35:08","guid":{"rendered":"https:\/\/www.eliassen.nl\/?product=levensboom-op-houten-voet-kringloop-42cm"},"modified":"2024-12-05T16:41:46","modified_gmt":"2024-12-05T15:41:46","slug":"lebensbaum-auf-holzsockel-zyklus-42cm","status":"publish","type":"product","link":"https:\/\/dev.eliassen.nl\/de\/lebensbaum-auf-holzsockel-zyklus-42cm\/","title":{"rendered":"Lebensbaum auf Holzsockel Zyklus 42cm"},"content":{"rendered":"<p>Dies passt immer zu Ihrer Einrichtung oder zu jemand anderem, dem Sie diese symbolisch geformte Skulptur schenken. Wir haben auch fast die gesamte Lebensbaumkollektion dieser Serie in unserem Gesch\u00e4ft, was in den Niederlanden einzigartig ist.<br \/>Nirgendwo findet man eine so gro\u00dfe Sammlung an Lebensb\u00e4umen. Wir haben Lebensbomben aus Holz, Stein und Aluminium. Sie sind herzlich willkommen.<\/p>\n<ul>\n<li>Gr\u00f6\u00dfe 42 cm hoch<\/li>\n<li>Aluminiumguss auf Holzsockel<\/li>\n<li>Kann \u00fcberall platziert werden<\/li>\n<li>Schnell geliefert<\/li>\n<li>1 Jahr Garantie<\/li>\n<\/ul>\n<p>Der Baum des Lebens symbolisiert Weisheit, Lebenserfahrung, Schutz, St\u00e4rke, F\u00fclle, Sch\u00f6nheit und Erl\u00f6sung. Der Lebensbaum ist nat\u00fcrlich auch ein Symbol f\u00fcr das Leben selbst. Der Baum symbolisiert Wachstum, St\u00e4rke, pers\u00f6nliche Entwicklung, Charakter.<\/p>\n<p>Der Baum des Lebens repr\u00e4sentiert auch den Kreislauf von Natur, Biologie sowie Leben und Tod<\/p>\n","protected":false},"excerpt":{"rendered":"<p>Ein symbolisches Dekorationsst\u00fcck<\/p>\n","protected":false},"featured_media":97738,"template":"","meta":{"_acf_changed":false},"product_brand":[],"product_cat":[6999,665,659,7076],"product_tag":[],"class_list":{"0":"post-97741","1":"product","2":"type-product","3":"status-publish","4":"has-post-thumbnail","6":"product_cat-aluminiumstatuen","7":"product_cat-dekofiguren-aus-metall","8":"product_cat-dekoration-aus-metall","9":"product_cat-statues-figures","11":"first","12":"instock","13":"taxable","14":"shipping-taxable","15":"purchasable","16":"product-type-simple"},"acf":[],"yoast_head":"<!-- This site is optimized with the Yoast SEO plugin v23.8 - https:\/\/yoast.com\/wordpress\/plugins\/seo\/ -->\n<title>Lebensbaum auf Holzsockel Zyklus 42cm<\/title>\n<meta name=\"description\" content=\"M\u00f6chten Sie einen Lebensbaum kaufen? Bei Eliassen gibt es diese in vielen Versionen! Auch live zu sehen!!\" \/>\n<meta name=\"robots\" content=\"noindex, follow, max-snippet:-1, max-image-preview:large, max-video-preview:-1\" \/>\n<meta property=\"og:locale\" content=\"de_DE\" \/>\n<meta property=\"og:type\" content=\"article\" \/>\n<meta property=\"og:title\" content=\"Lebensbaum auf Holzsockel Zyklus 42cm\" \/>\n<meta property=\"og:description\" content=\"M\u00f6chten Sie einen Lebensbaum kaufen? Bei Eliassen gibt es diese in vielen Versionen! Auch live zu sehen!!\" \/>\n<meta property=\"og:url\" content=\"https:\/\/dev.eliassen.nl\/de\/lebensbaum-auf-holzsockel-zyklus-42cm\/\" \/>\n<meta property=\"og:site_name\" content=\"Eliassen.nl\" \/>\n<meta property=\"article:publisher\" content=\"https:\/\/www.facebook.com\/TuincentrumEliassenAmmerzoden\" \/>\n<meta property=\"article:modified_time\" content=\"2024-12-05T15:41:46+00:00\" \/>\n<meta property=\"og:image\" content=\"https:\/\/dev.eliassen.nl\/wp-content\/uploads\/2024\/01\/levensboomkringloop42cmeliassennl529992.jpg\" \/>\n\t<meta property=\"og:image:width\" content=\"2048\" \/>\n\t<meta property=\"og:image:height\" content=\"1536\" \/>\n\t<meta property=\"og:image:type\" content=\"image\/jpeg\" \/>\n<meta name=\"twitter:card\" content=\"summary_large_image\" \/>\n<script type=\"application\/ld+json\" class=\"yoast-schema-graph\">{\"@context\":\"https:\/\/schema.org\",\"@graph\":[{\"@type\":\"WebPage\",\"@id\":\"https:\/\/dev.eliassen.nl\/de\/lebensbaum-auf-holzsockel-zyklus-42cm\/\",\"url\":\"https:\/\/dev.eliassen.nl\/de\/lebensbaum-auf-holzsockel-zyklus-42cm\/\",\"name\":\"Lebensbaum auf Holzsockel Zyklus 42cm\",\"isPartOf\":{\"@id\":\"https:\/\/dev.eliassen.nl\/de\/#website\"},\"primaryImageOfPage\":{\"@id\":\"https:\/\/dev.eliassen.nl\/de\/lebensbaum-auf-holzsockel-zyklus-42cm\/#primaryimage\"},\"image\":{\"@id\":\"https:\/\/dev.eliassen.nl\/de\/lebensbaum-auf-holzsockel-zyklus-42cm\/#primaryimage\"},\"thumbnailUrl\":\"https:\/\/dev.eliassen.nl\/wp-content\/uploads\/2024\/01\/levensboomkringloop42cmeliassennl529992.jpg\",\"datePublished\":\"2023-12-11T11:35:08+00:00\",\"dateModified\":\"2024-12-05T15:41:46+00:00\",\"description\":\"M\u00f6chten Sie einen Lebensbaum kaufen? Bei Eliassen gibt es diese in vielen Versionen! Auch live zu sehen!!\",\"breadcrumb\":{\"@id\":\"https:\/\/dev.eliassen.nl\/de\/lebensbaum-auf-holzsockel-zyklus-42cm\/#breadcrumb\"},\"inLanguage\":\"de\",\"potentialAction\":[{\"@type\":\"ReadAction\",\"target\":[\"https:\/\/dev.eliassen.nl\/de\/lebensbaum-auf-holzsockel-zyklus-42cm\/\"]}]},{\"@type\":\"ImageObject\",\"inLanguage\":\"de\",\"@id\":\"https:\/\/dev.eliassen.nl\/de\/lebensbaum-auf-holzsockel-zyklus-42cm\/#primaryimage\",\"url\":\"https:\/\/dev.eliassen.nl\/wp-content\/uploads\/2024\/01\/levensboomkringloop42cmeliassennl529992.jpg\",\"contentUrl\":\"https:\/\/dev.eliassen.nl\/wp-content\/uploads\/2024\/01\/levensboomkringloop42cmeliassennl529992.jpg\",\"width\":2048,\"height\":1536,\"caption\":\"Levensboom Kringloop 42cm Eliassen.nl 529992\"},{\"@type\":\"BreadcrumbList\",\"@id\":\"https:\/\/dev.eliassen.nl\/de\/lebensbaum-auf-holzsockel-zyklus-42cm\/#breadcrumb\",\"itemListElement\":[{\"@type\":\"ListItem\",\"position\":1,\"name\":\"Home\",\"item\":\"https:\/\/dev.eliassen.nl\/de\/\"},{\"@type\":\"ListItem\",\"position\":2,\"name\":\"Shop\",\"item\":\"https:\/\/dev.eliassen.nl\/nl\/winkel\/\"},{\"@type\":\"ListItem\",\"position\":3,\"name\":\"Statuen-Skulpturen\",\"item\":\"https:\/\/dev.eliassen.nl\/de\/statuen-skulpturen\/\"},{\"@type\":\"ListItem\",\"position\":4,\"name\":\"Aluminiumstatuen\",\"item\":\"https:\/\/dev.eliassen.nl\/de\/bilder\/aluminiumstatuen\/\"},{\"@type\":\"ListItem\",\"position\":5,\"name\":\"Lebensbaum auf Holzsockel Zyklus 42cm\"}]},{\"@type\":\"WebSite\",\"@id\":\"https:\/\/dev.eliassen.nl\/de\/#website\",\"url\":\"https:\/\/dev.eliassen.nl\/de\/\",\"name\":\"Eliassen Home & Garden Pleasure\",\"description\":\"\",\"publisher\":{\"@id\":\"https:\/\/dev.eliassen.nl\/de\/#organization\"},\"alternateName\":\"Eliassen.nl\",\"potentialAction\":[{\"@type\":\"SearchAction\",\"target\":{\"@type\":\"EntryPoint\",\"urlTemplate\":\"https:\/\/dev.eliassen.nl\/de\/?s={search_term_string}\"},\"query-input\":{\"@type\":\"PropertyValueSpecification\",\"valueRequired\":true,\"valueName\":\"search_term_string\"}}],\"inLanguage\":\"de\"},{\"@type\":\"Organization\",\"@id\":\"https:\/\/dev.eliassen.nl\/de\/#organization\",\"name\":\"Eliassen Home & Garden Pleasure\",\"url\":\"https:\/\/dev.eliassen.nl\/de\/\",\"logo\":{\"@type\":\"ImageObject\",\"inLanguage\":\"de\",\"@id\":\"https:\/\/dev.eliassen.nl\/de\/#\/schema\/logo\/image\/\",\"url\":\"https:\/\/www.eliassen.nl\/wp-content\/uploads\/2024\/01\/logo_4nd.jpg\",\"contentUrl\":\"https:\/\/www.eliassen.nl\/wp-content\/uploads\/2024\/01\/logo_4nd.jpg\",\"width\":500,\"height\":500,\"caption\":\"Eliassen Home & Garden Pleasure\"},\"image\":{\"@id\":\"https:\/\/dev.eliassen.nl\/de\/#\/schema\/logo\/image\/\"},\"sameAs\":[\"https:\/\/www.facebook.com\/TuincentrumEliassenAmmerzoden\",\"https:\/\/www.instagram.com\/eliassenhomeandgarden\/\",\"https:\/\/nl.pinterest.com\/eliassenhomeandgarden\/\",\"https:\/\/www.youtube.com\/@eliassenhomegardenpleasure4558\"]}]}<\/script>\n<!-- \/ Yoast SEO plugin. -->","yoast_head_json":{"title":"Lebensbaum auf Holzsockel Zyklus 42cm","description":"M\u00f6chten Sie einen Lebensbaum kaufen? Bei Eliassen gibt es diese in vielen Versionen! Auch live zu sehen!!","robots":{"index":"noindex","follow":"follow","max-snippet":"max-snippet:-1","max-image-preview":"max-image-preview:large","max-video-preview":"max-video-preview:-1"},"og_locale":"de_DE","og_type":"article","og_title":"Lebensbaum auf Holzsockel Zyklus 42cm","og_description":"M\u00f6chten Sie einen Lebensbaum kaufen? Bei Eliassen gibt es diese in vielen Versionen! Auch live zu sehen!!","og_url":"https:\/\/dev.eliassen.nl\/de\/lebensbaum-auf-holzsockel-zyklus-42cm\/","og_site_name":"Eliassen.nl","article_publisher":"https:\/\/www.facebook.com\/TuincentrumEliassenAmmerzoden","article_modified_time":"2024-12-05T15:41:46+00:00","og_image":[{"width":2048,"height":1536,"url":"https:\/\/dev.eliassen.nl\/wp-content\/uploads\/2024\/01\/levensboomkringloop42cmeliassennl529992.jpg","type":"image\/jpeg"}],"twitter_card":"summary_large_image","schema":{"@context":"https:\/\/schema.org","@graph":[{"@type":"WebPage","@id":"https:\/\/dev.eliassen.nl\/de\/lebensbaum-auf-holzsockel-zyklus-42cm\/","url":"https:\/\/dev.eliassen.nl\/de\/lebensbaum-auf-holzsockel-zyklus-42cm\/","name":"Lebensbaum auf Holzsockel Zyklus 42cm","isPartOf":{"@id":"https:\/\/dev.eliassen.nl\/de\/#website"},"primaryImageOfPage":{"@id":"https:\/\/dev.eliassen.nl\/de\/lebensbaum-auf-holzsockel-zyklus-42cm\/#primaryimage"},"image":{"@id":"https:\/\/dev.eliassen.nl\/de\/lebensbaum-auf-holzsockel-zyklus-42cm\/#primaryimage"},"thumbnailUrl":"https:\/\/dev.eliassen.nl\/wp-content\/uploads\/2024\/01\/levensboomkringloop42cmeliassennl529992.jpg","datePublished":"2023-12-11T11:35:08+00:00","dateModified":"2024-12-05T15:41:46+00:00","description":"M\u00f6chten Sie einen Lebensbaum kaufen? Bei Eliassen gibt es diese in vielen Versionen! Auch live zu sehen!!","breadcrumb":{"@id":"https:\/\/dev.eliassen.nl\/de\/lebensbaum-auf-holzsockel-zyklus-42cm\/#breadcrumb"},"inLanguage":"de","potentialAction":[{"@type":"ReadAction","target":["https:\/\/dev.eliassen.nl\/de\/lebensbaum-auf-holzsockel-zyklus-42cm\/"]}]},{"@type":"ImageObject","inLanguage":"de","@id":"https:\/\/dev.eliassen.nl\/de\/lebensbaum-auf-holzsockel-zyklus-42cm\/#primaryimage","url":"https:\/\/dev.eliassen.nl\/wp-content\/uploads\/2024\/01\/levensboomkringloop42cmeliassennl529992.jpg","contentUrl":"https:\/\/dev.eliassen.nl\/wp-content\/uploads\/2024\/01\/levensboomkringloop42cmeliassennl529992.jpg","width":2048,"height":1536,"caption":"Levensboom Kringloop 42cm Eliassen.nl 529992"},{"@type":"BreadcrumbList","@id":"https:\/\/dev.eliassen.nl\/de\/lebensbaum-auf-holzsockel-zyklus-42cm\/#breadcrumb","itemListElement":[{"@type":"ListItem","position":1,"name":"Home","item":"https:\/\/dev.eliassen.nl\/de\/"},{"@type":"ListItem","position":2,"name":"Shop","item":"https:\/\/dev.eliassen.nl\/nl\/winkel\/"},{"@type":"ListItem","position":3,"name":"Statuen-Skulpturen","item":"https:\/\/dev.eliassen.nl\/de\/statuen-skulpturen\/"},{"@type":"ListItem","position":4,"name":"Aluminiumstatuen","item":"https:\/\/dev.eliassen.nl\/de\/bilder\/aluminiumstatuen\/"},{"@type":"ListItem","position":5,"name":"Lebensbaum auf Holzsockel Zyklus 42cm"}]},{"@type":"WebSite","@id":"https:\/\/dev.eliassen.nl\/de\/#website","url":"https:\/\/dev.eliassen.nl\/de\/","name":"Eliassen Home & Garden Pleasure","description":"","publisher":{"@id":"https:\/\/dev.eliassen.nl\/de\/#organization"},"alternateName":"Eliassen.nl","potentialAction":[{"@type":"SearchAction","target":{"@type":"EntryPoint","urlTemplate":"https:\/\/dev.eliassen.nl\/de\/?s={search_term_string}"},"query-input":{"@type":"PropertyValueSpecification","valueRequired":true,"valueName":"search_term_string"}}],"inLanguage":"de"},{"@type":"Organization","@id":"https:\/\/dev.eliassen.nl\/de\/#organization","name":"Eliassen Home & Garden Pleasure","url":"https:\/\/dev.eliassen.nl\/de\/","logo":{"@type":"ImageObject","inLanguage":"de","@id":"https:\/\/dev.eliassen.nl\/de\/#\/schema\/logo\/image\/","url":"https:\/\/www.eliassen.nl\/wp-content\/uploads\/2024\/01\/logo_4nd.jpg","contentUrl":"https:\/\/www.eliassen.nl\/wp-content\/uploads\/2024\/01\/logo_4nd.jpg","width":500,"height":500,"caption":"Eliassen Home & Garden Pleasure"},"image":{"@id":"https:\/\/dev.eliassen.nl\/de\/#\/schema\/logo\/image\/"},"sameAs":["https:\/\/www.facebook.com\/TuincentrumEliassenAmmerzoden","https:\/\/www.instagram.com\/eliassenhomeandgarden\/","https:\/\/nl.pinterest.com\/eliassenhomeandgarden\/","https:\/\/www.youtube.com\/@eliassenhomegardenpleasure4558"]}]}},"df_price":42.5,"df_sale_price":"","df_regular_price":42.5,"df_image_link":"https:\/\/dev.eliassen.nl\/wp-content\/uploads\/2024\/01\/levensboomkringloop42cmeliassennl529992.jpg","image":"https:\/\/dev.eliassen.nl\/wp-content\/uploads\/2024\/01\/levensboomkringloop42cmeliassennl529992.jpg","price_search":"<span class=\"woocommerce-Price-amount amount\"><bdi><span class=\"woocommerce-Price-currencySymbol\">&euro;<\/span>&nbsp;42,50<\/bdi><\/span>","category":"Aluminiumstatuen","_links":{"self":[{"href":"https:\/\/dev.eliassen.nl\/de\/wp-json\/wp\/v2\/product\/97741","targetHints":{"allow":["GET"]}}],"collection":[{"href":"https:\/\/dev.eliassen.nl\/de\/wp-json\/wp\/v2\/product"}],"about":[{"href":"https:\/\/dev.eliassen.nl\/de\/wp-json\/wp\/v2\/types\/product"}],"wp:featuredmedia":[{"embeddable":true,"href":"https:\/\/dev.eliassen.nl\/de\/wp-json\/wp\/v2\/media\/97738"}],"wp:attachment":[{"href":"https:\/\/dev.eliassen.nl\/de\/wp-json\/wp\/v2\/media?parent=97741"}],"wp:term":[{"taxonomy":"product_brand","embeddable":true,"href":"https:\/\/dev.eliassen.nl\/de\/wp-json\/wp\/v2\/product_brand?post=97741"},{"taxonomy":"product_cat","embeddable":true,"href":"https:\/\/dev.eliassen.nl\/de\/wp-json\/wp\/v2\/product_cat?post=97741"},{"taxonomy":"product_tag","embeddable":true,"href":"https:\/\/dev.eliassen.nl\/de\/wp-json\/wp\/v2\/product_tag?post=97741"}],"curies":[{"name":"wp","href":"https:\/\/api.w.org\/{rel}","templated":true}]}}