{"id":98149,"date":"2023-12-20T12:36:52","date_gmt":"2023-12-20T11:36:52","guid":{"rendered":"https:\/\/www.eliassen.nl\/?product=tandwielklok-zwart-geneve-80cm"},"modified":"2024-12-05T16:42:46","modified_gmt":"2024-12-05T15:42:46","slug":"ganguhr-schwarz-geneve-80cm","status":"publish","type":"product","link":"https:\/\/dev.eliassen.nl\/de\/ganguhr-schwarz-geneve-80cm\/","title":{"rendered":"Ganguhr schwarz Geneve 80cm"},"content":{"rendered":"<p>Diese Wanduhr mit vielen Zahnr\u00e4dern ist eine cool aussehende Wanddekoration. Diese Wanduhr sieht mit ihrem offenen Hintergrund cool aus, die gro\u00dfen r\u00f6mischen Ziffern haben gro\u00dfe, elegante schwarze Zeiger.<br \/>Die Uhr ist altschwarz und die Zahnr\u00e4der sind goldfarben. Diese Wanduhr ist mit vielen Zahnr\u00e4dern ausgestattet, die sich leise drehen, was f\u00fcr einen spielerischen Effekt sorgt. Sie k\u00f6nnen diesem sich drehenden Spiel stundenlang zusehen.<\/p>\n<p><strong>Sie k\u00f6nnen dieses Modell auch live bei uns besichtigen.<\/strong><\/p>\n<ul>\n<li>Gr\u00f6\u00dfe: Durchmesser 80 cm, Dicke 8 cm<\/li>\n<li>Material: Stahl, Glas<\/li>\n<li>Zifferblattmaterial: Metall<\/li>\n<li>Uhr-Stromversorgung 1x AA-Batterie. Getriebe-Stromversorgung 2x AA-Batterie<\/li>\n<li>1 Jahr Garantie<\/li>\n<\/ul>\n","protected":false},"excerpt":{"rendered":"<p>Diese Wanduhr mit vielen Zahnr\u00e4dern ist eine cool aussehende Wanddekoration. Diese Wanduhr sieht mit ihrem offenen Hintergrund cool aus, die gro\u00dfen r\u00f6mischen Ziffern haben gro\u00dfe, elegante schwarze Zeiger.Die Uhr ist altschwarz und die Zahnr\u00e4der sind goldfarben. Diese Wanduhr ist mit vielen Zahnr\u00e4dern ausgestattet, die sich leise drehen, was f\u00fcr einen spielerischen Effekt sorgt. Sie k\u00f6nnen &hellip;<\/p>\n","protected":false},"featured_media":98146,"template":"","meta":{"_acf_changed":false},"product_brand":[],"product_cat":[509,521],"product_tag":[],"class_list":{"0":"post-98149","1":"product","2":"type-product","3":"status-publish","4":"has-post-thumbnail","6":"product_cat-wanddekoration","7":"product_cat-wanduhren","9":"first","10":"instock","11":"taxable","12":"shipping-taxable","13":"purchasable","14":"product-type-simple"},"acf":[],"yoast_head":"<!-- This site is optimized with the Yoast SEO plugin v23.8 - https:\/\/yoast.com\/wordpress\/plugins\/seo\/ -->\n<title>Ganguhr schwarz Geneve 80cm<\/title>\n<meta name=\"description\" content=\"Bei Eliassen k\u00f6nnen Sie die Uhr mit Zahnr\u00e4dern Open Black 80 cm online kaufen oder live im Showroom ansehen. Wir haben die sch\u00f6nste Wanddekoration, Wanduhren\" \/>\n<meta name=\"robots\" content=\"noindex, follow, max-snippet:-1, max-image-preview:large, max-video-preview:-1\" \/>\n<meta property=\"og:locale\" content=\"de_DE\" \/>\n<meta property=\"og:type\" content=\"article\" \/>\n<meta property=\"og:title\" content=\"Ganguhr schwarz Geneve 80cm\" \/>\n<meta property=\"og:description\" content=\"Bei Eliassen k\u00f6nnen Sie die Uhr mit Zahnr\u00e4dern Open Black 80 cm online kaufen oder live im Showroom ansehen. Wir haben die sch\u00f6nste Wanddekoration, Wanduhren\" \/>\n<meta property=\"og:url\" content=\"https:\/\/dev.eliassen.nl\/de\/ganguhr-schwarz-geneve-80cm\/\" \/>\n<meta property=\"og:site_name\" content=\"Eliassen.nl\" \/>\n<meta property=\"article:publisher\" content=\"https:\/\/www.facebook.com\/TuincentrumEliassenAmmerzoden\" \/>\n<meta property=\"article:modified_time\" content=\"2024-12-05T15:42:46+00:00\" \/>\n<meta property=\"og:image\" content=\"https:\/\/dev.eliassen.nl\/wp-content\/uploads\/2024\/01\/g61210850clockgear80cmblack21085.jpg\" \/>\n\t<meta property=\"og:image:width\" content=\"1280\" \/>\n\t<meta property=\"og:image:height\" content=\"1280\" \/>\n\t<meta property=\"og:image:type\" content=\"image\/jpeg\" \/>\n<meta name=\"twitter:card\" content=\"summary_large_image\" \/>\n<script type=\"application\/ld+json\" class=\"yoast-schema-graph\">{\"@context\":\"https:\/\/schema.org\",\"@graph\":[{\"@type\":\"WebPage\",\"@id\":\"https:\/\/dev.eliassen.nl\/de\/ganguhr-schwarz-geneve-80cm\/\",\"url\":\"https:\/\/dev.eliassen.nl\/de\/ganguhr-schwarz-geneve-80cm\/\",\"name\":\"Ganguhr schwarz Geneve 80cm\",\"isPartOf\":{\"@id\":\"https:\/\/dev.eliassen.nl\/de\/#website\"},\"primaryImageOfPage\":{\"@id\":\"https:\/\/dev.eliassen.nl\/de\/ganguhr-schwarz-geneve-80cm\/#primaryimage\"},\"image\":{\"@id\":\"https:\/\/dev.eliassen.nl\/de\/ganguhr-schwarz-geneve-80cm\/#primaryimage\"},\"thumbnailUrl\":\"https:\/\/dev.eliassen.nl\/wp-content\/uploads\/2024\/01\/g61210850clockgear80cmblack21085.jpg\",\"datePublished\":\"2023-12-20T11:36:52+00:00\",\"dateModified\":\"2024-12-05T15:42:46+00:00\",\"description\":\"Bei Eliassen k\u00f6nnen Sie die Uhr mit Zahnr\u00e4dern Open Black 80 cm online kaufen oder live im Showroom ansehen. Wir haben die sch\u00f6nste Wanddekoration, Wanduhren\",\"breadcrumb\":{\"@id\":\"https:\/\/dev.eliassen.nl\/de\/ganguhr-schwarz-geneve-80cm\/#breadcrumb\"},\"inLanguage\":\"de\",\"potentialAction\":[{\"@type\":\"ReadAction\",\"target\":[\"https:\/\/dev.eliassen.nl\/de\/ganguhr-schwarz-geneve-80cm\/\"]}]},{\"@type\":\"ImageObject\",\"inLanguage\":\"de\",\"@id\":\"https:\/\/dev.eliassen.nl\/de\/ganguhr-schwarz-geneve-80cm\/#primaryimage\",\"url\":\"https:\/\/dev.eliassen.nl\/wp-content\/uploads\/2024\/01\/g61210850clockgear80cmblack21085.jpg\",\"contentUrl\":\"https:\/\/dev.eliassen.nl\/wp-content\/uploads\/2024\/01\/g61210850clockgear80cmblack21085.jpg\",\"width\":1280,\"height\":1280,\"caption\":\"G6121085_0 Clock Gear \u00d880cm Black 21085\"},{\"@type\":\"BreadcrumbList\",\"@id\":\"https:\/\/dev.eliassen.nl\/de\/ganguhr-schwarz-geneve-80cm\/#breadcrumb\",\"itemListElement\":[{\"@type\":\"ListItem\",\"position\":1,\"name\":\"Home\",\"item\":\"https:\/\/dev.eliassen.nl\/de\/\"},{\"@type\":\"ListItem\",\"position\":2,\"name\":\"Shop\",\"item\":\"https:\/\/dev.eliassen.nl\/nl\/winkel\/\"},{\"@type\":\"ListItem\",\"position\":3,\"name\":\"Wanddekoration\",\"item\":\"https:\/\/dev.eliassen.nl\/de\/wanddekoration\/\"},{\"@type\":\"ListItem\",\"position\":4,\"name\":\"Wanduhren\",\"item\":\"https:\/\/dev.eliassen.nl\/de\/wanddekoration\/wanduhren\/\"},{\"@type\":\"ListItem\",\"position\":5,\"name\":\"Ganguhr schwarz Geneve 80cm\"}]},{\"@type\":\"WebSite\",\"@id\":\"https:\/\/dev.eliassen.nl\/de\/#website\",\"url\":\"https:\/\/dev.eliassen.nl\/de\/\",\"name\":\"Eliassen Home & Garden Pleasure\",\"description\":\"\",\"publisher\":{\"@id\":\"https:\/\/dev.eliassen.nl\/de\/#organization\"},\"alternateName\":\"Eliassen.nl\",\"potentialAction\":[{\"@type\":\"SearchAction\",\"target\":{\"@type\":\"EntryPoint\",\"urlTemplate\":\"https:\/\/dev.eliassen.nl\/de\/?s={search_term_string}\"},\"query-input\":{\"@type\":\"PropertyValueSpecification\",\"valueRequired\":true,\"valueName\":\"search_term_string\"}}],\"inLanguage\":\"de\"},{\"@type\":\"Organization\",\"@id\":\"https:\/\/dev.eliassen.nl\/de\/#organization\",\"name\":\"Eliassen Home & Garden Pleasure\",\"url\":\"https:\/\/dev.eliassen.nl\/de\/\",\"logo\":{\"@type\":\"ImageObject\",\"inLanguage\":\"de\",\"@id\":\"https:\/\/dev.eliassen.nl\/de\/#\/schema\/logo\/image\/\",\"url\":\"https:\/\/www.eliassen.nl\/wp-content\/uploads\/2024\/01\/logo_4nd.jpg\",\"contentUrl\":\"https:\/\/www.eliassen.nl\/wp-content\/uploads\/2024\/01\/logo_4nd.jpg\",\"width\":500,\"height\":500,\"caption\":\"Eliassen Home & Garden Pleasure\"},\"image\":{\"@id\":\"https:\/\/dev.eliassen.nl\/de\/#\/schema\/logo\/image\/\"},\"sameAs\":[\"https:\/\/www.facebook.com\/TuincentrumEliassenAmmerzoden\",\"https:\/\/www.instagram.com\/eliassenhomeandgarden\/\",\"https:\/\/nl.pinterest.com\/eliassenhomeandgarden\/\",\"https:\/\/www.youtube.com\/@eliassenhomegardenpleasure4558\"]}]}<\/script>\n<!-- \/ Yoast SEO plugin. -->","yoast_head_json":{"title":"Ganguhr schwarz Geneve 80cm","description":"Bei Eliassen k\u00f6nnen Sie die Uhr mit Zahnr\u00e4dern Open Black 80 cm online kaufen oder live im Showroom ansehen. Wir haben die sch\u00f6nste Wanddekoration, Wanduhren","robots":{"index":"noindex","follow":"follow","max-snippet":"max-snippet:-1","max-image-preview":"max-image-preview:large","max-video-preview":"max-video-preview:-1"},"og_locale":"de_DE","og_type":"article","og_title":"Ganguhr schwarz Geneve 80cm","og_description":"Bei Eliassen k\u00f6nnen Sie die Uhr mit Zahnr\u00e4dern Open Black 80 cm online kaufen oder live im Showroom ansehen. Wir haben die sch\u00f6nste Wanddekoration, Wanduhren","og_url":"https:\/\/dev.eliassen.nl\/de\/ganguhr-schwarz-geneve-80cm\/","og_site_name":"Eliassen.nl","article_publisher":"https:\/\/www.facebook.com\/TuincentrumEliassenAmmerzoden","article_modified_time":"2024-12-05T15:42:46+00:00","og_image":[{"width":1280,"height":1280,"url":"https:\/\/dev.eliassen.nl\/wp-content\/uploads\/2024\/01\/g61210850clockgear80cmblack21085.jpg","type":"image\/jpeg"}],"twitter_card":"summary_large_image","schema":{"@context":"https:\/\/schema.org","@graph":[{"@type":"WebPage","@id":"https:\/\/dev.eliassen.nl\/de\/ganguhr-schwarz-geneve-80cm\/","url":"https:\/\/dev.eliassen.nl\/de\/ganguhr-schwarz-geneve-80cm\/","name":"Ganguhr schwarz Geneve 80cm","isPartOf":{"@id":"https:\/\/dev.eliassen.nl\/de\/#website"},"primaryImageOfPage":{"@id":"https:\/\/dev.eliassen.nl\/de\/ganguhr-schwarz-geneve-80cm\/#primaryimage"},"image":{"@id":"https:\/\/dev.eliassen.nl\/de\/ganguhr-schwarz-geneve-80cm\/#primaryimage"},"thumbnailUrl":"https:\/\/dev.eliassen.nl\/wp-content\/uploads\/2024\/01\/g61210850clockgear80cmblack21085.jpg","datePublished":"2023-12-20T11:36:52+00:00","dateModified":"2024-12-05T15:42:46+00:00","description":"Bei Eliassen k\u00f6nnen Sie die Uhr mit Zahnr\u00e4dern Open Black 80 cm online kaufen oder live im Showroom ansehen. Wir haben die sch\u00f6nste Wanddekoration, Wanduhren","breadcrumb":{"@id":"https:\/\/dev.eliassen.nl\/de\/ganguhr-schwarz-geneve-80cm\/#breadcrumb"},"inLanguage":"de","potentialAction":[{"@type":"ReadAction","target":["https:\/\/dev.eliassen.nl\/de\/ganguhr-schwarz-geneve-80cm\/"]}]},{"@type":"ImageObject","inLanguage":"de","@id":"https:\/\/dev.eliassen.nl\/de\/ganguhr-schwarz-geneve-80cm\/#primaryimage","url":"https:\/\/dev.eliassen.nl\/wp-content\/uploads\/2024\/01\/g61210850clockgear80cmblack21085.jpg","contentUrl":"https:\/\/dev.eliassen.nl\/wp-content\/uploads\/2024\/01\/g61210850clockgear80cmblack21085.jpg","width":1280,"height":1280,"caption":"G6121085_0 Clock Gear \u00d880cm Black 21085"},{"@type":"BreadcrumbList","@id":"https:\/\/dev.eliassen.nl\/de\/ganguhr-schwarz-geneve-80cm\/#breadcrumb","itemListElement":[{"@type":"ListItem","position":1,"name":"Home","item":"https:\/\/dev.eliassen.nl\/de\/"},{"@type":"ListItem","position":2,"name":"Shop","item":"https:\/\/dev.eliassen.nl\/nl\/winkel\/"},{"@type":"ListItem","position":3,"name":"Wanddekoration","item":"https:\/\/dev.eliassen.nl\/de\/wanddekoration\/"},{"@type":"ListItem","position":4,"name":"Wanduhren","item":"https:\/\/dev.eliassen.nl\/de\/wanddekoration\/wanduhren\/"},{"@type":"ListItem","position":5,"name":"Ganguhr schwarz Geneve 80cm"}]},{"@type":"WebSite","@id":"https:\/\/dev.eliassen.nl\/de\/#website","url":"https:\/\/dev.eliassen.nl\/de\/","name":"Eliassen Home & Garden Pleasure","description":"","publisher":{"@id":"https:\/\/dev.eliassen.nl\/de\/#organization"},"alternateName":"Eliassen.nl","potentialAction":[{"@type":"SearchAction","target":{"@type":"EntryPoint","urlTemplate":"https:\/\/dev.eliassen.nl\/de\/?s={search_term_string}"},"query-input":{"@type":"PropertyValueSpecification","valueRequired":true,"valueName":"search_term_string"}}],"inLanguage":"de"},{"@type":"Organization","@id":"https:\/\/dev.eliassen.nl\/de\/#organization","name":"Eliassen Home & Garden Pleasure","url":"https:\/\/dev.eliassen.nl\/de\/","logo":{"@type":"ImageObject","inLanguage":"de","@id":"https:\/\/dev.eliassen.nl\/de\/#\/schema\/logo\/image\/","url":"https:\/\/www.eliassen.nl\/wp-content\/uploads\/2024\/01\/logo_4nd.jpg","contentUrl":"https:\/\/www.eliassen.nl\/wp-content\/uploads\/2024\/01\/logo_4nd.jpg","width":500,"height":500,"caption":"Eliassen Home & Garden Pleasure"},"image":{"@id":"https:\/\/dev.eliassen.nl\/de\/#\/schema\/logo\/image\/"},"sameAs":["https:\/\/www.facebook.com\/TuincentrumEliassenAmmerzoden","https:\/\/www.instagram.com\/eliassenhomeandgarden\/","https:\/\/nl.pinterest.com\/eliassenhomeandgarden\/","https:\/\/www.youtube.com\/@eliassenhomegardenpleasure4558"]}]}},"df_price":235,"df_sale_price":"","df_regular_price":235,"df_image_link":"https:\/\/dev.eliassen.nl\/wp-content\/uploads\/2024\/01\/g61210850clockgear80cmblack21085.jpg","image":"https:\/\/dev.eliassen.nl\/wp-content\/uploads\/2024\/01\/g61210850clockgear80cmblack21085.jpg","price_search":"<span class=\"woocommerce-Price-amount amount\"><bdi><span class=\"woocommerce-Price-currencySymbol\">&euro;<\/span>&nbsp;235,00<\/bdi><\/span>","category":"Wanddekoration","_links":{"self":[{"href":"https:\/\/dev.eliassen.nl\/de\/wp-json\/wp\/v2\/product\/98149","targetHints":{"allow":["GET"]}}],"collection":[{"href":"https:\/\/dev.eliassen.nl\/de\/wp-json\/wp\/v2\/product"}],"about":[{"href":"https:\/\/dev.eliassen.nl\/de\/wp-json\/wp\/v2\/types\/product"}],"wp:featuredmedia":[{"embeddable":true,"href":"https:\/\/dev.eliassen.nl\/de\/wp-json\/wp\/v2\/media\/98146"}],"wp:attachment":[{"href":"https:\/\/dev.eliassen.nl\/de\/wp-json\/wp\/v2\/media?parent=98149"}],"wp:term":[{"taxonomy":"product_brand","embeddable":true,"href":"https:\/\/dev.eliassen.nl\/de\/wp-json\/wp\/v2\/product_brand?post=98149"},{"taxonomy":"product_cat","embeddable":true,"href":"https:\/\/dev.eliassen.nl\/de\/wp-json\/wp\/v2\/product_cat?post=98149"},{"taxonomy":"product_tag","embeddable":true,"href":"https:\/\/dev.eliassen.nl\/de\/wp-json\/wp\/v2\/product_tag?post=98149"}],"curies":[{"name":"wp","href":"https:\/\/api.w.org\/{rel}","templated":true}]}}