{"id":98218,"date":"2023-12-21T12:30:55","date_gmt":"2023-12-21T11:30:55","guid":{"rendered":"https:\/\/www.eliassen.nl\/?product=spiegel-barok-madeleine-rechthoek-105cm"},"modified":"2024-12-05T16:42:52","modified_gmt":"2024-12-05T15:42:52","slug":"spiegel-barock-madeleine-rechteck-105cm","status":"publish","type":"product","link":"https:\/\/dev.eliassen.nl\/de\/spiegel-barock-madeleine-rechteck-105cm\/","title":{"rendered":"Spiegel Barock Madeleine Rechteck 105cm"},"content":{"rendered":"<p>Dieser rechteckige Wandspiegel Madeleine ist aus Stahl gefertigt. Dieser Spiegel ist eine sch\u00f6ne Mischung aus einem schlichten Spiegel und einem wundersch\u00f6nen verzierten Barockornament an der Oberseite<\/p>\n<p>Der Spiegel hat eine Gesamth\u00f6he von 105 cm, handelt es sich also um ein gro\u00dfes Modell und ist somit ein echter Hingucker in Ihrem Flur, Wohnzimmer, WC oder Schlafzimmer. Die Aufh\u00e4ngung erfolgt einfach mit einem D\u00fcbel und einer Schraube.<\/p>\n<ul>\n<li>Farbe: Altgold<\/li>\n<li>Material: Metall und Glas<\/li>\n<li>Aufh\u00e4ngung: Haken<\/li>\n<li>Abmessungen: 60x105cm hoch<\/li>\n<\/ul>\n","protected":false},"excerpt":{"rendered":"<p>Schlankes Modell im Barockstil<\/p>\n","protected":false},"featured_media":98203,"template":"","meta":{"_acf_changed":false},"product_brand":[],"product_cat":[1451,509,7051],"product_tag":[],"class_list":{"0":"post-98218","1":"product","2":"type-product","3":"status-publish","4":"has-post-thumbnail","6":"product_cat-barockspiegel","7":"product_cat-wanddekoration","8":"product_cat-spiegel","10":"first","11":"instock","12":"taxable","13":"shipping-taxable","14":"purchasable","15":"product-type-simple"},"acf":[],"yoast_head":"<!-- This site is optimized with the Yoast SEO plugin v23.8 - https:\/\/yoast.com\/wordpress\/plugins\/seo\/ -->\n<title>Spiegel Barock Madeleine Rechteck 105cm<\/title>\n<meta name=\"description\" content=\"Spiegel? Auch hiervon haben wir eine gro\u00dfe Auswahl in verschiedenen Stilrichtungen. Auch viele Aktionsmodelle im Laden!!\" \/>\n<meta name=\"robots\" content=\"noindex, follow, max-snippet:-1, max-image-preview:large, max-video-preview:-1\" \/>\n<meta property=\"og:locale\" content=\"de_DE\" \/>\n<meta property=\"og:type\" content=\"article\" \/>\n<meta property=\"og:title\" content=\"Spiegel Barock Madeleine Rechteck 105cm\" \/>\n<meta property=\"og:description\" content=\"Spiegel? Auch hiervon haben wir eine gro\u00dfe Auswahl in verschiedenen Stilrichtungen. Auch viele Aktionsmodelle im Laden!!\" \/>\n<meta property=\"og:url\" content=\"https:\/\/dev.eliassen.nl\/de\/spiegel-barock-madeleine-rechteck-105cm\/\" \/>\n<meta property=\"og:site_name\" content=\"Eliassen.nl\" \/>\n<meta property=\"article:publisher\" content=\"https:\/\/www.facebook.com\/TuincentrumEliassenAmmerzoden\" \/>\n<meta property=\"article:modified_time\" content=\"2024-12-05T15:42:52+00:00\" \/>\n<meta property=\"og:image\" content=\"https:\/\/dev.eliassen.nl\/wp-content\/uploads\/2024\/01\/spiegelrechthoekmadeleineeliassennl2044011.jpg\" \/>\n\t<meta property=\"og:image:width\" content=\"1400\" \/>\n\t<meta property=\"og:image:height\" content=\"1400\" \/>\n\t<meta property=\"og:image:type\" content=\"image\/jpeg\" \/>\n<meta name=\"twitter:card\" content=\"summary_large_image\" \/>\n<script type=\"application\/ld+json\" class=\"yoast-schema-graph\">{\"@context\":\"https:\/\/schema.org\",\"@graph\":[{\"@type\":\"WebPage\",\"@id\":\"https:\/\/dev.eliassen.nl\/de\/spiegel-barock-madeleine-rechteck-105cm\/\",\"url\":\"https:\/\/dev.eliassen.nl\/de\/spiegel-barock-madeleine-rechteck-105cm\/\",\"name\":\"Spiegel Barock Madeleine Rechteck 105cm\",\"isPartOf\":{\"@id\":\"https:\/\/dev.eliassen.nl\/de\/#website\"},\"primaryImageOfPage\":{\"@id\":\"https:\/\/dev.eliassen.nl\/de\/spiegel-barock-madeleine-rechteck-105cm\/#primaryimage\"},\"image\":{\"@id\":\"https:\/\/dev.eliassen.nl\/de\/spiegel-barock-madeleine-rechteck-105cm\/#primaryimage\"},\"thumbnailUrl\":\"https:\/\/dev.eliassen.nl\/wp-content\/uploads\/2024\/01\/spiegelrechthoekmadeleineeliassennl2044011.jpg\",\"datePublished\":\"2023-12-21T11:30:55+00:00\",\"dateModified\":\"2024-12-05T15:42:52+00:00\",\"description\":\"Spiegel? Auch hiervon haben wir eine gro\u00dfe Auswahl in verschiedenen Stilrichtungen. Auch viele Aktionsmodelle im Laden!!\",\"breadcrumb\":{\"@id\":\"https:\/\/dev.eliassen.nl\/de\/spiegel-barock-madeleine-rechteck-105cm\/#breadcrumb\"},\"inLanguage\":\"de\",\"potentialAction\":[{\"@type\":\"ReadAction\",\"target\":[\"https:\/\/dev.eliassen.nl\/de\/spiegel-barock-madeleine-rechteck-105cm\/\"]}]},{\"@type\":\"ImageObject\",\"inLanguage\":\"de\",\"@id\":\"https:\/\/dev.eliassen.nl\/de\/spiegel-barock-madeleine-rechteck-105cm\/#primaryimage\",\"url\":\"https:\/\/dev.eliassen.nl\/wp-content\/uploads\/2024\/01\/spiegelrechthoekmadeleineeliassennl2044011.jpg\",\"contentUrl\":\"https:\/\/dev.eliassen.nl\/wp-content\/uploads\/2024\/01\/spiegelrechthoekmadeleineeliassennl2044011.jpg\",\"width\":1400,\"height\":1400,\"caption\":\"Spiegel rechthoek Madeleine Eliassen.nl 2044011-\"},{\"@type\":\"BreadcrumbList\",\"@id\":\"https:\/\/dev.eliassen.nl\/de\/spiegel-barock-madeleine-rechteck-105cm\/#breadcrumb\",\"itemListElement\":[{\"@type\":\"ListItem\",\"position\":1,\"name\":\"Home\",\"item\":\"https:\/\/dev.eliassen.nl\/de\/\"},{\"@type\":\"ListItem\",\"position\":2,\"name\":\"Shop\",\"item\":\"https:\/\/dev.eliassen.nl\/nl\/winkel\/\"},{\"@type\":\"ListItem\",\"position\":3,\"name\":\"Wanddekoration\",\"item\":\"https:\/\/dev.eliassen.nl\/de\/wanddekoration\/\"},{\"@type\":\"ListItem\",\"position\":4,\"name\":\"Barockspiegel\",\"item\":\"https:\/\/dev.eliassen.nl\/de\/wanddekoration\/barockspiegel\/\"},{\"@type\":\"ListItem\",\"position\":5,\"name\":\"Spiegel Barock Madeleine Rechteck 105cm\"}]},{\"@type\":\"WebSite\",\"@id\":\"https:\/\/dev.eliassen.nl\/de\/#website\",\"url\":\"https:\/\/dev.eliassen.nl\/de\/\",\"name\":\"Eliassen Home & Garden Pleasure\",\"description\":\"\",\"publisher\":{\"@id\":\"https:\/\/dev.eliassen.nl\/de\/#organization\"},\"alternateName\":\"Eliassen.nl\",\"potentialAction\":[{\"@type\":\"SearchAction\",\"target\":{\"@type\":\"EntryPoint\",\"urlTemplate\":\"https:\/\/dev.eliassen.nl\/de\/?s={search_term_string}\"},\"query-input\":{\"@type\":\"PropertyValueSpecification\",\"valueRequired\":true,\"valueName\":\"search_term_string\"}}],\"inLanguage\":\"de\"},{\"@type\":\"Organization\",\"@id\":\"https:\/\/dev.eliassen.nl\/de\/#organization\",\"name\":\"Eliassen Home & Garden Pleasure\",\"url\":\"https:\/\/dev.eliassen.nl\/de\/\",\"logo\":{\"@type\":\"ImageObject\",\"inLanguage\":\"de\",\"@id\":\"https:\/\/dev.eliassen.nl\/de\/#\/schema\/logo\/image\/\",\"url\":\"https:\/\/www.eliassen.nl\/wp-content\/uploads\/2024\/01\/logo_4nd.jpg\",\"contentUrl\":\"https:\/\/www.eliassen.nl\/wp-content\/uploads\/2024\/01\/logo_4nd.jpg\",\"width\":500,\"height\":500,\"caption\":\"Eliassen Home & Garden Pleasure\"},\"image\":{\"@id\":\"https:\/\/dev.eliassen.nl\/de\/#\/schema\/logo\/image\/\"},\"sameAs\":[\"https:\/\/www.facebook.com\/TuincentrumEliassenAmmerzoden\",\"https:\/\/www.instagram.com\/eliassenhomeandgarden\/\",\"https:\/\/nl.pinterest.com\/eliassenhomeandgarden\/\",\"https:\/\/www.youtube.com\/@eliassenhomegardenpleasure4558\"]}]}<\/script>\n<!-- \/ Yoast SEO plugin. -->","yoast_head_json":{"title":"Spiegel Barock Madeleine Rechteck 105cm","description":"Spiegel? Auch hiervon haben wir eine gro\u00dfe Auswahl in verschiedenen Stilrichtungen. Auch viele Aktionsmodelle im Laden!!","robots":{"index":"noindex","follow":"follow","max-snippet":"max-snippet:-1","max-image-preview":"max-image-preview:large","max-video-preview":"max-video-preview:-1"},"og_locale":"de_DE","og_type":"article","og_title":"Spiegel Barock Madeleine Rechteck 105cm","og_description":"Spiegel? Auch hiervon haben wir eine gro\u00dfe Auswahl in verschiedenen Stilrichtungen. Auch viele Aktionsmodelle im Laden!!","og_url":"https:\/\/dev.eliassen.nl\/de\/spiegel-barock-madeleine-rechteck-105cm\/","og_site_name":"Eliassen.nl","article_publisher":"https:\/\/www.facebook.com\/TuincentrumEliassenAmmerzoden","article_modified_time":"2024-12-05T15:42:52+00:00","og_image":[{"width":1400,"height":1400,"url":"https:\/\/dev.eliassen.nl\/wp-content\/uploads\/2024\/01\/spiegelrechthoekmadeleineeliassennl2044011.jpg","type":"image\/jpeg"}],"twitter_card":"summary_large_image","schema":{"@context":"https:\/\/schema.org","@graph":[{"@type":"WebPage","@id":"https:\/\/dev.eliassen.nl\/de\/spiegel-barock-madeleine-rechteck-105cm\/","url":"https:\/\/dev.eliassen.nl\/de\/spiegel-barock-madeleine-rechteck-105cm\/","name":"Spiegel Barock Madeleine Rechteck 105cm","isPartOf":{"@id":"https:\/\/dev.eliassen.nl\/de\/#website"},"primaryImageOfPage":{"@id":"https:\/\/dev.eliassen.nl\/de\/spiegel-barock-madeleine-rechteck-105cm\/#primaryimage"},"image":{"@id":"https:\/\/dev.eliassen.nl\/de\/spiegel-barock-madeleine-rechteck-105cm\/#primaryimage"},"thumbnailUrl":"https:\/\/dev.eliassen.nl\/wp-content\/uploads\/2024\/01\/spiegelrechthoekmadeleineeliassennl2044011.jpg","datePublished":"2023-12-21T11:30:55+00:00","dateModified":"2024-12-05T15:42:52+00:00","description":"Spiegel? Auch hiervon haben wir eine gro\u00dfe Auswahl in verschiedenen Stilrichtungen. Auch viele Aktionsmodelle im Laden!!","breadcrumb":{"@id":"https:\/\/dev.eliassen.nl\/de\/spiegel-barock-madeleine-rechteck-105cm\/#breadcrumb"},"inLanguage":"de","potentialAction":[{"@type":"ReadAction","target":["https:\/\/dev.eliassen.nl\/de\/spiegel-barock-madeleine-rechteck-105cm\/"]}]},{"@type":"ImageObject","inLanguage":"de","@id":"https:\/\/dev.eliassen.nl\/de\/spiegel-barock-madeleine-rechteck-105cm\/#primaryimage","url":"https:\/\/dev.eliassen.nl\/wp-content\/uploads\/2024\/01\/spiegelrechthoekmadeleineeliassennl2044011.jpg","contentUrl":"https:\/\/dev.eliassen.nl\/wp-content\/uploads\/2024\/01\/spiegelrechthoekmadeleineeliassennl2044011.jpg","width":1400,"height":1400,"caption":"Spiegel rechthoek Madeleine Eliassen.nl 2044011-"},{"@type":"BreadcrumbList","@id":"https:\/\/dev.eliassen.nl\/de\/spiegel-barock-madeleine-rechteck-105cm\/#breadcrumb","itemListElement":[{"@type":"ListItem","position":1,"name":"Home","item":"https:\/\/dev.eliassen.nl\/de\/"},{"@type":"ListItem","position":2,"name":"Shop","item":"https:\/\/dev.eliassen.nl\/nl\/winkel\/"},{"@type":"ListItem","position":3,"name":"Wanddekoration","item":"https:\/\/dev.eliassen.nl\/de\/wanddekoration\/"},{"@type":"ListItem","position":4,"name":"Barockspiegel","item":"https:\/\/dev.eliassen.nl\/de\/wanddekoration\/barockspiegel\/"},{"@type":"ListItem","position":5,"name":"Spiegel Barock Madeleine Rechteck 105cm"}]},{"@type":"WebSite","@id":"https:\/\/dev.eliassen.nl\/de\/#website","url":"https:\/\/dev.eliassen.nl\/de\/","name":"Eliassen Home & Garden Pleasure","description":"","publisher":{"@id":"https:\/\/dev.eliassen.nl\/de\/#organization"},"alternateName":"Eliassen.nl","potentialAction":[{"@type":"SearchAction","target":{"@type":"EntryPoint","urlTemplate":"https:\/\/dev.eliassen.nl\/de\/?s={search_term_string}"},"query-input":{"@type":"PropertyValueSpecification","valueRequired":true,"valueName":"search_term_string"}}],"inLanguage":"de"},{"@type":"Organization","@id":"https:\/\/dev.eliassen.nl\/de\/#organization","name":"Eliassen Home & Garden Pleasure","url":"https:\/\/dev.eliassen.nl\/de\/","logo":{"@type":"ImageObject","inLanguage":"de","@id":"https:\/\/dev.eliassen.nl\/de\/#\/schema\/logo\/image\/","url":"https:\/\/www.eliassen.nl\/wp-content\/uploads\/2024\/01\/logo_4nd.jpg","contentUrl":"https:\/\/www.eliassen.nl\/wp-content\/uploads\/2024\/01\/logo_4nd.jpg","width":500,"height":500,"caption":"Eliassen Home & Garden Pleasure"},"image":{"@id":"https:\/\/dev.eliassen.nl\/de\/#\/schema\/logo\/image\/"},"sameAs":["https:\/\/www.facebook.com\/TuincentrumEliassenAmmerzoden","https:\/\/www.instagram.com\/eliassenhomeandgarden\/","https:\/\/nl.pinterest.com\/eliassenhomeandgarden\/","https:\/\/www.youtube.com\/@eliassenhomegardenpleasure4558"]}]}},"df_price":99.5,"df_sale_price":"","df_regular_price":99.5,"df_image_link":"https:\/\/dev.eliassen.nl\/wp-content\/uploads\/2024\/01\/spiegelrechthoekmadeleineeliassennl2044011.jpg","image":"https:\/\/dev.eliassen.nl\/wp-content\/uploads\/2024\/01\/spiegelrechthoekmadeleineeliassennl2044011.jpg","price_search":"<span class=\"woocommerce-Price-amount amount\"><bdi><span class=\"woocommerce-Price-currencySymbol\">&euro;<\/span>&nbsp;99,50<\/bdi><\/span>","category":"Barockspiegel","_links":{"self":[{"href":"https:\/\/dev.eliassen.nl\/de\/wp-json\/wp\/v2\/product\/98218","targetHints":{"allow":["GET"]}}],"collection":[{"href":"https:\/\/dev.eliassen.nl\/de\/wp-json\/wp\/v2\/product"}],"about":[{"href":"https:\/\/dev.eliassen.nl\/de\/wp-json\/wp\/v2\/types\/product"}],"wp:featuredmedia":[{"embeddable":true,"href":"https:\/\/dev.eliassen.nl\/de\/wp-json\/wp\/v2\/media\/98203"}],"wp:attachment":[{"href":"https:\/\/dev.eliassen.nl\/de\/wp-json\/wp\/v2\/media?parent=98218"}],"wp:term":[{"taxonomy":"product_brand","embeddable":true,"href":"https:\/\/dev.eliassen.nl\/de\/wp-json\/wp\/v2\/product_brand?post=98218"},{"taxonomy":"product_cat","embeddable":true,"href":"https:\/\/dev.eliassen.nl\/de\/wp-json\/wp\/v2\/product_cat?post=98218"},{"taxonomy":"product_tag","embeddable":true,"href":"https:\/\/dev.eliassen.nl\/de\/wp-json\/wp\/v2\/product_tag?post=98218"}],"curies":[{"name":"wp","href":"https:\/\/api.w.org\/{rel}","templated":true}]}}