{"id":98338,"date":"2024-01-04T11:39:42","date_gmt":"2024-01-04T10:39:42","guid":{"rendered":"https:\/\/www.eliassen.nl\/?product=spiegel-barok-ovaal-brugge-57x47cm"},"modified":"2024-01-05T15:29:22","modified_gmt":"2024-01-05T15:29:22","slug":"barocker-ovaler-spiegel-brugge-57x47cm","status":"publish","type":"product","link":"https:\/\/dev.eliassen.nl\/de\/barocker-ovaler-spiegel-brugge-57x47cm\/","title":{"rendered":"Barocker ovaler Spiegel Br\u00fcgge 57x47cm"},"content":{"rendered":"<p>Sch\u00f6ner, raffinierter, klassischer ovaler Spiegel in silberner Farbe. Das Spiegelglas ist superklar und hat einen sch\u00f6nen facettierten Rand. Der klassische Rahmen besteht aus Holz, das eine sch\u00f6ne Optik hat. Dieser ovale Barockspiegel kann horizontal, aber auch vertikal aufgeh\u00e4ngt werden.<\/p>\n<p>Kurz gesagt, ein hochwertiger Spiegel, der in jedem Zuhause oder Gesch\u00e4ft seinen Platz findet!!<\/p>\n<p><strong>Bei uns im Store k\u00f6nnt ihr fast alles aus dieser Serie auch live anschauen und mitnehmen!<\/strong><\/p>\n<p><strong>Immer tolle Aktionen, die es nicht im Webshop gibt!<\/strong><\/p>\n<ul>\n<li>Au\u00dfengr\u00f6\u00dfe: 57x47x3cm<\/li>\n<li>Spiegelgr\u00f6\u00dfe: 40x50cm<\/li>\n<li>Form: oval<\/li>\n<li>Farbe: Silber<\/li>\n<li>Material: Holz\/Glas<\/li>\n<li>Bitte beachten Sie, dass wir Spiegel nur dann zur\u00fccknehmen, wenn Sie sie in der Originalverpackung zur\u00fccksenden.<\/li>\n<\/ul>\n","protected":false},"excerpt":{"rendered":"<p>Barockspiegel mit Holzrahmen!<\/p>\n","protected":false},"featured_media":98332,"template":"","meta":{"_acf_changed":false},"product_brand":[],"product_cat":[1451,509,7051],"product_tag":[],"class_list":{"0":"post-98338","1":"product","2":"type-product","3":"status-publish","4":"has-post-thumbnail","6":"product_cat-barockspiegel","7":"product_cat-wanddekoration","8":"product_cat-spiegel","10":"first","11":"instock","12":"taxable","13":"shipping-taxable","14":"purchasable","15":"product-type-simple"},"acf":[],"yoast_head":"<!-- This site is optimized with the Yoast SEO plugin v23.8 - https:\/\/yoast.com\/wordpress\/plugins\/seo\/ -->\n<title>Barocker ovaler Spiegel Br\u00fcgge 57x47cm<\/title>\n<meta name=\"description\" content=\"M\u00f6chten Sie einen Barockspiegel kaufen? Schauen Sie sich Eliassen im Webshop oder live im Laden an!!\" \/>\n<meta name=\"robots\" content=\"noindex, follow, max-snippet:-1, max-image-preview:large, max-video-preview:-1\" \/>\n<meta property=\"og:locale\" content=\"de_DE\" \/>\n<meta property=\"og:type\" content=\"article\" \/>\n<meta property=\"og:title\" content=\"Barocker ovaler Spiegel Br\u00fcgge 57x47cm\" \/>\n<meta property=\"og:description\" content=\"M\u00f6chten Sie einen Barockspiegel kaufen? Schauen Sie sich Eliassen im Webshop oder live im Laden an!!\" \/>\n<meta property=\"og:url\" content=\"https:\/\/dev.eliassen.nl\/de\/barocker-ovaler-spiegel-brugge-57x47cm\/\" \/>\n<meta property=\"og:site_name\" content=\"Eliassen.nl\" \/>\n<meta property=\"article:publisher\" content=\"https:\/\/www.facebook.com\/TuincentrumEliassenAmmerzoden\" \/>\n<meta property=\"article:modified_time\" content=\"2024-01-05T15:29:22+00:00\" \/>\n<meta property=\"og:image\" content=\"https:\/\/dev.eliassen.nl\/wp-content\/uploads\/2024\/01\/spiegelbarokovaalzilverbruggeeliassennlsp113.jpg\" \/>\n\t<meta property=\"og:image:width\" content=\"1200\" \/>\n\t<meta property=\"og:image:height\" content=\"1200\" \/>\n\t<meta property=\"og:image:type\" content=\"image\/jpeg\" \/>\n<meta name=\"twitter:card\" content=\"summary_large_image\" \/>\n<script type=\"application\/ld+json\" class=\"yoast-schema-graph\">{\"@context\":\"https:\/\/schema.org\",\"@graph\":[{\"@type\":\"WebPage\",\"@id\":\"https:\/\/dev.eliassen.nl\/de\/barocker-ovaler-spiegel-brugge-57x47cm\/\",\"url\":\"https:\/\/dev.eliassen.nl\/de\/barocker-ovaler-spiegel-brugge-57x47cm\/\",\"name\":\"Barocker ovaler Spiegel Br\u00fcgge 57x47cm\",\"isPartOf\":{\"@id\":\"https:\/\/dev.eliassen.nl\/de\/#website\"},\"primaryImageOfPage\":{\"@id\":\"https:\/\/dev.eliassen.nl\/de\/barocker-ovaler-spiegel-brugge-57x47cm\/#primaryimage\"},\"image\":{\"@id\":\"https:\/\/dev.eliassen.nl\/de\/barocker-ovaler-spiegel-brugge-57x47cm\/#primaryimage\"},\"thumbnailUrl\":\"https:\/\/dev.eliassen.nl\/wp-content\/uploads\/2024\/01\/spiegelbarokovaalzilverbruggeeliassennlsp113.jpg\",\"datePublished\":\"2024-01-04T10:39:42+00:00\",\"dateModified\":\"2024-01-05T15:29:22+00:00\",\"description\":\"M\u00f6chten Sie einen Barockspiegel kaufen? Schauen Sie sich Eliassen im Webshop oder live im Laden an!!\",\"breadcrumb\":{\"@id\":\"https:\/\/dev.eliassen.nl\/de\/barocker-ovaler-spiegel-brugge-57x47cm\/#breadcrumb\"},\"inLanguage\":\"de\",\"potentialAction\":[{\"@type\":\"ReadAction\",\"target\":[\"https:\/\/dev.eliassen.nl\/de\/barocker-ovaler-spiegel-brugge-57x47cm\/\"]}]},{\"@type\":\"ImageObject\",\"inLanguage\":\"de\",\"@id\":\"https:\/\/dev.eliassen.nl\/de\/barocker-ovaler-spiegel-brugge-57x47cm\/#primaryimage\",\"url\":\"https:\/\/dev.eliassen.nl\/wp-content\/uploads\/2024\/01\/spiegelbarokovaalzilverbruggeeliassennlsp113.jpg\",\"contentUrl\":\"https:\/\/dev.eliassen.nl\/wp-content\/uploads\/2024\/01\/spiegelbarokovaalzilverbruggeeliassennlsp113.jpg\",\"width\":1200,\"height\":1200,\"caption\":\"Spiegel barok ovaal zilver brugge Eliassen.nl SP1134\"},{\"@type\":\"BreadcrumbList\",\"@id\":\"https:\/\/dev.eliassen.nl\/de\/barocker-ovaler-spiegel-brugge-57x47cm\/#breadcrumb\",\"itemListElement\":[{\"@type\":\"ListItem\",\"position\":1,\"name\":\"Home\",\"item\":\"https:\/\/dev.eliassen.nl\/de\/\"},{\"@type\":\"ListItem\",\"position\":2,\"name\":\"Shop\",\"item\":\"https:\/\/dev.eliassen.nl\/nl\/winkel\/\"},{\"@type\":\"ListItem\",\"position\":3,\"name\":\"Wanddekoration\",\"item\":\"https:\/\/dev.eliassen.nl\/de\/wanddekoration\/\"},{\"@type\":\"ListItem\",\"position\":4,\"name\":\"Barockspiegel\",\"item\":\"https:\/\/dev.eliassen.nl\/de\/wanddekoration\/barockspiegel\/\"},{\"@type\":\"ListItem\",\"position\":5,\"name\":\"Barocker ovaler Spiegel Br\u00fcgge 57x47cm\"}]},{\"@type\":\"WebSite\",\"@id\":\"https:\/\/dev.eliassen.nl\/de\/#website\",\"url\":\"https:\/\/dev.eliassen.nl\/de\/\",\"name\":\"Eliassen Home & Garden Pleasure\",\"description\":\"\",\"publisher\":{\"@id\":\"https:\/\/dev.eliassen.nl\/de\/#organization\"},\"alternateName\":\"Eliassen.nl\",\"potentialAction\":[{\"@type\":\"SearchAction\",\"target\":{\"@type\":\"EntryPoint\",\"urlTemplate\":\"https:\/\/dev.eliassen.nl\/de\/?s={search_term_string}\"},\"query-input\":{\"@type\":\"PropertyValueSpecification\",\"valueRequired\":true,\"valueName\":\"search_term_string\"}}],\"inLanguage\":\"de\"},{\"@type\":\"Organization\",\"@id\":\"https:\/\/dev.eliassen.nl\/de\/#organization\",\"name\":\"Eliassen Home & Garden Pleasure\",\"url\":\"https:\/\/dev.eliassen.nl\/de\/\",\"logo\":{\"@type\":\"ImageObject\",\"inLanguage\":\"de\",\"@id\":\"https:\/\/dev.eliassen.nl\/de\/#\/schema\/logo\/image\/\",\"url\":\"https:\/\/www.eliassen.nl\/wp-content\/uploads\/2024\/01\/logo_4nd.jpg\",\"contentUrl\":\"https:\/\/www.eliassen.nl\/wp-content\/uploads\/2024\/01\/logo_4nd.jpg\",\"width\":500,\"height\":500,\"caption\":\"Eliassen Home & Garden Pleasure\"},\"image\":{\"@id\":\"https:\/\/dev.eliassen.nl\/de\/#\/schema\/logo\/image\/\"},\"sameAs\":[\"https:\/\/www.facebook.com\/TuincentrumEliassenAmmerzoden\",\"https:\/\/www.instagram.com\/eliassenhomeandgarden\/\",\"https:\/\/nl.pinterest.com\/eliassenhomeandgarden\/\",\"https:\/\/www.youtube.com\/@eliassenhomegardenpleasure4558\"]}]}<\/script>\n<!-- \/ Yoast SEO plugin. -->","yoast_head_json":{"title":"Barocker ovaler Spiegel Br\u00fcgge 57x47cm","description":"M\u00f6chten Sie einen Barockspiegel kaufen? Schauen Sie sich Eliassen im Webshop oder live im Laden an!!","robots":{"index":"noindex","follow":"follow","max-snippet":"max-snippet:-1","max-image-preview":"max-image-preview:large","max-video-preview":"max-video-preview:-1"},"og_locale":"de_DE","og_type":"article","og_title":"Barocker ovaler Spiegel Br\u00fcgge 57x47cm","og_description":"M\u00f6chten Sie einen Barockspiegel kaufen? Schauen Sie sich Eliassen im Webshop oder live im Laden an!!","og_url":"https:\/\/dev.eliassen.nl\/de\/barocker-ovaler-spiegel-brugge-57x47cm\/","og_site_name":"Eliassen.nl","article_publisher":"https:\/\/www.facebook.com\/TuincentrumEliassenAmmerzoden","article_modified_time":"2024-01-05T15:29:22+00:00","og_image":[{"width":1200,"height":1200,"url":"https:\/\/dev.eliassen.nl\/wp-content\/uploads\/2024\/01\/spiegelbarokovaalzilverbruggeeliassennlsp113.jpg","type":"image\/jpeg"}],"twitter_card":"summary_large_image","schema":{"@context":"https:\/\/schema.org","@graph":[{"@type":"WebPage","@id":"https:\/\/dev.eliassen.nl\/de\/barocker-ovaler-spiegel-brugge-57x47cm\/","url":"https:\/\/dev.eliassen.nl\/de\/barocker-ovaler-spiegel-brugge-57x47cm\/","name":"Barocker ovaler Spiegel Br\u00fcgge 57x47cm","isPartOf":{"@id":"https:\/\/dev.eliassen.nl\/de\/#website"},"primaryImageOfPage":{"@id":"https:\/\/dev.eliassen.nl\/de\/barocker-ovaler-spiegel-brugge-57x47cm\/#primaryimage"},"image":{"@id":"https:\/\/dev.eliassen.nl\/de\/barocker-ovaler-spiegel-brugge-57x47cm\/#primaryimage"},"thumbnailUrl":"https:\/\/dev.eliassen.nl\/wp-content\/uploads\/2024\/01\/spiegelbarokovaalzilverbruggeeliassennlsp113.jpg","datePublished":"2024-01-04T10:39:42+00:00","dateModified":"2024-01-05T15:29:22+00:00","description":"M\u00f6chten Sie einen Barockspiegel kaufen? Schauen Sie sich Eliassen im Webshop oder live im Laden an!!","breadcrumb":{"@id":"https:\/\/dev.eliassen.nl\/de\/barocker-ovaler-spiegel-brugge-57x47cm\/#breadcrumb"},"inLanguage":"de","potentialAction":[{"@type":"ReadAction","target":["https:\/\/dev.eliassen.nl\/de\/barocker-ovaler-spiegel-brugge-57x47cm\/"]}]},{"@type":"ImageObject","inLanguage":"de","@id":"https:\/\/dev.eliassen.nl\/de\/barocker-ovaler-spiegel-brugge-57x47cm\/#primaryimage","url":"https:\/\/dev.eliassen.nl\/wp-content\/uploads\/2024\/01\/spiegelbarokovaalzilverbruggeeliassennlsp113.jpg","contentUrl":"https:\/\/dev.eliassen.nl\/wp-content\/uploads\/2024\/01\/spiegelbarokovaalzilverbruggeeliassennlsp113.jpg","width":1200,"height":1200,"caption":"Spiegel barok ovaal zilver brugge Eliassen.nl SP1134"},{"@type":"BreadcrumbList","@id":"https:\/\/dev.eliassen.nl\/de\/barocker-ovaler-spiegel-brugge-57x47cm\/#breadcrumb","itemListElement":[{"@type":"ListItem","position":1,"name":"Home","item":"https:\/\/dev.eliassen.nl\/de\/"},{"@type":"ListItem","position":2,"name":"Shop","item":"https:\/\/dev.eliassen.nl\/nl\/winkel\/"},{"@type":"ListItem","position":3,"name":"Wanddekoration","item":"https:\/\/dev.eliassen.nl\/de\/wanddekoration\/"},{"@type":"ListItem","position":4,"name":"Barockspiegel","item":"https:\/\/dev.eliassen.nl\/de\/wanddekoration\/barockspiegel\/"},{"@type":"ListItem","position":5,"name":"Barocker ovaler Spiegel Br\u00fcgge 57x47cm"}]},{"@type":"WebSite","@id":"https:\/\/dev.eliassen.nl\/de\/#website","url":"https:\/\/dev.eliassen.nl\/de\/","name":"Eliassen Home & Garden Pleasure","description":"","publisher":{"@id":"https:\/\/dev.eliassen.nl\/de\/#organization"},"alternateName":"Eliassen.nl","potentialAction":[{"@type":"SearchAction","target":{"@type":"EntryPoint","urlTemplate":"https:\/\/dev.eliassen.nl\/de\/?s={search_term_string}"},"query-input":{"@type":"PropertyValueSpecification","valueRequired":true,"valueName":"search_term_string"}}],"inLanguage":"de"},{"@type":"Organization","@id":"https:\/\/dev.eliassen.nl\/de\/#organization","name":"Eliassen Home & Garden Pleasure","url":"https:\/\/dev.eliassen.nl\/de\/","logo":{"@type":"ImageObject","inLanguage":"de","@id":"https:\/\/dev.eliassen.nl\/de\/#\/schema\/logo\/image\/","url":"https:\/\/www.eliassen.nl\/wp-content\/uploads\/2024\/01\/logo_4nd.jpg","contentUrl":"https:\/\/www.eliassen.nl\/wp-content\/uploads\/2024\/01\/logo_4nd.jpg","width":500,"height":500,"caption":"Eliassen Home & Garden Pleasure"},"image":{"@id":"https:\/\/dev.eliassen.nl\/de\/#\/schema\/logo\/image\/"},"sameAs":["https:\/\/www.facebook.com\/TuincentrumEliassenAmmerzoden","https:\/\/www.instagram.com\/eliassenhomeandgarden\/","https:\/\/nl.pinterest.com\/eliassenhomeandgarden\/","https:\/\/www.youtube.com\/@eliassenhomegardenpleasure4558"]}]}},"df_price":85,"df_sale_price":"","df_regular_price":85,"df_image_link":"https:\/\/dev.eliassen.nl\/wp-content\/uploads\/2024\/01\/spiegelbarokovaalzilverbruggeeliassennlsp113.jpg","image":"https:\/\/dev.eliassen.nl\/wp-content\/uploads\/2024\/01\/spiegelbarokovaalzilverbruggeeliassennlsp113.jpg","price_search":"<span class=\"woocommerce-Price-amount amount\"><bdi><span class=\"woocommerce-Price-currencySymbol\">&euro;<\/span>&nbsp;85,00<\/bdi><\/span>","category":"Barockspiegel","_links":{"self":[{"href":"https:\/\/dev.eliassen.nl\/de\/wp-json\/wp\/v2\/product\/98338","targetHints":{"allow":["GET"]}}],"collection":[{"href":"https:\/\/dev.eliassen.nl\/de\/wp-json\/wp\/v2\/product"}],"about":[{"href":"https:\/\/dev.eliassen.nl\/de\/wp-json\/wp\/v2\/types\/product"}],"wp:featuredmedia":[{"embeddable":true,"href":"https:\/\/dev.eliassen.nl\/de\/wp-json\/wp\/v2\/media\/98332"}],"wp:attachment":[{"href":"https:\/\/dev.eliassen.nl\/de\/wp-json\/wp\/v2\/media?parent=98338"}],"wp:term":[{"taxonomy":"product_brand","embeddable":true,"href":"https:\/\/dev.eliassen.nl\/de\/wp-json\/wp\/v2\/product_brand?post=98338"},{"taxonomy":"product_cat","embeddable":true,"href":"https:\/\/dev.eliassen.nl\/de\/wp-json\/wp\/v2\/product_cat?post=98338"},{"taxonomy":"product_tag","embeddable":true,"href":"https:\/\/dev.eliassen.nl\/de\/wp-json\/wp\/v2\/product_tag?post=98338"}],"curies":[{"name":"wp","href":"https:\/\/api.w.org\/{rel}","templated":true}]}}