{"id":98539,"date":"2024-01-06T11:08:22","date_gmt":"2024-01-06T10:08:22","guid":{"rendered":"https:\/\/www.eliassen.nl\/?product=sokkel-zwart-graniet-gepolijst-15x15x25cm-hoog"},"modified":"2024-01-17T16:11:38","modified_gmt":"2024-01-17T16:11:38","slug":"sockel-aus-poliertem-schwarzem-granit-15-x-15-x-25-cm-hoch","status":"publish","type":"product","link":"https:\/\/dev.eliassen.nl\/de\/sockel-aus-poliertem-schwarzem-granit-15-x-15-x-25-cm-hoch\/","title":{"rendered":"Sockel aus poliertem schwarzem Granit, 15 x 15 x 25 cm hoch"},"content":{"rendered":"<p>Eine S\u00e4ule in Ihrem Haus oder Garten ist multifunktional, da ein Sockel f\u00fcr verschiedene Zwecke geeignet ist.<\/p>\n<p>Eine S\u00e4ule aus dieser Art von Stein wird zusammen mit einer Statue oder einem anderen Gegenstand ein wundersch\u00f6ner Gegenstand mit schickem Aussehen in Ihrem Haus oder Garten sein.<\/p>\n<p>Diese S\u00e4ule besteht aus Granit, der anschlie\u00dfend poliert wird, um eine sch\u00f6ne Oberfl\u00e4che zu erhalten. Die S\u00e4ulen sind an den Ecken zus\u00e4tzlich mit Gummi an der Unterseite verst\u00e4rkt, um Sch\u00e4den an Ihrem Boden zu vermeiden.<\/p>\n<p>Bei diesem Naturmaterial kann es zu leichten Abweichungen wie Flecken, Gr\u00fcbchen etc. kommen. Das ist normal und kann nicht beanstandet werden.<\/p>\n<ul>\n<li>Gr\u00f6\u00dfe: 15x15x25m hoch<\/li>\n<li>Material: polierter schwarzer Granit<\/li>\n<li>Gewicht: 8kg<\/li>\n<li>Im Innen- und Au\u00dfenbereich einsetzbar, bleibt sch\u00f6n<\/li>\n<li>Eigener Bestand.<\/li>\n<li>Garantie: 5 Jahre<\/li>\n<li><strong>Diese Kunst ist auch in unserem Shop zu sehen<\/strong><\/li>\n<\/ul>\n","protected":false},"excerpt":{"rendered":"<p>Mit hochgl\u00e4nzender Optik<\/p>\n","protected":false},"featured_media":98533,"template":"","meta":{"_acf_changed":false},"product_brand":[],"product_cat":[782,785],"product_tag":[],"class_list":{"0":"post-98539","1":"product","2":"type-product","3":"status-publish","4":"has-post-thumbnail","6":"product_cat-sockel","7":"product_cat-sockel-aus-naturstein","9":"first","10":"outofstock","11":"taxable","12":"shipping-taxable","13":"purchasable","14":"product-type-simple"},"acf":[],"yoast_head":"<!-- This site is optimized with the Yoast SEO plugin v23.8 - https:\/\/yoast.com\/wordpress\/plugins\/seo\/ -->\n<title>Polierter schwarzer Granitsockel 15x15x25cm hoch - Eliassen.nl<\/title>\n<meta name=\"description\" content=\"Hochgl\u00e4nzender Modellsockel im Kleinformat aus Granit. Die Basis besteht aus zusammensitzenden Platten. Schnell verf\u00fcgbar und auch im Showroom.\" \/>\n<meta name=\"robots\" content=\"noindex, follow, max-snippet:-1, max-image-preview:large, max-video-preview:-1\" \/>\n<meta property=\"og:locale\" content=\"de_DE\" \/>\n<meta property=\"og:type\" content=\"article\" \/>\n<meta property=\"og:title\" content=\"Polierter schwarzer Granitsockel 15x15x25cm hoch - Eliassen.nl\" \/>\n<meta property=\"og:description\" content=\"Hochgl\u00e4nzender Modellsockel im Kleinformat aus Granit. Die Basis besteht aus zusammensitzenden Platten. Schnell verf\u00fcgbar und auch im Showroom.\" \/>\n<meta property=\"og:url\" content=\"https:\/\/dev.eliassen.nl\/de\/sockel-aus-poliertem-schwarzem-granit-15-x-15-x-25-cm-hoch\/\" \/>\n<meta property=\"og:site_name\" content=\"Eliassen.nl\" \/>\n<meta property=\"article:publisher\" content=\"https:\/\/www.facebook.com\/TuincentrumEliassenAmmerzoden\" \/>\n<meta property=\"article:modified_time\" content=\"2024-01-17T16:11:38+00:00\" \/>\n<meta property=\"og:image\" content=\"https:\/\/dev.eliassen.nl\/wp-content\/uploads\/2024\/01\/sokkelgranietzwart15x15x25cmeliassennl.jpg\" \/>\n\t<meta property=\"og:image:width\" content=\"502\" \/>\n\t<meta property=\"og:image:height\" content=\"620\" \/>\n\t<meta property=\"og:image:type\" content=\"image\/jpeg\" \/>\n<meta name=\"twitter:card\" content=\"summary_large_image\" \/>\n<script type=\"application\/ld+json\" class=\"yoast-schema-graph\">{\"@context\":\"https:\/\/schema.org\",\"@graph\":[{\"@type\":\"WebPage\",\"@id\":\"https:\/\/dev.eliassen.nl\/de\/sockel-aus-poliertem-schwarzem-granit-15-x-15-x-25-cm-hoch\/\",\"url\":\"https:\/\/dev.eliassen.nl\/de\/sockel-aus-poliertem-schwarzem-granit-15-x-15-x-25-cm-hoch\/\",\"name\":\"Polierter schwarzer Granitsockel 15x15x25cm hoch - Eliassen.nl\",\"isPartOf\":{\"@id\":\"https:\/\/dev.eliassen.nl\/de\/#website\"},\"primaryImageOfPage\":{\"@id\":\"https:\/\/dev.eliassen.nl\/de\/sockel-aus-poliertem-schwarzem-granit-15-x-15-x-25-cm-hoch\/#primaryimage\"},\"image\":{\"@id\":\"https:\/\/dev.eliassen.nl\/de\/sockel-aus-poliertem-schwarzem-granit-15-x-15-x-25-cm-hoch\/#primaryimage\"},\"thumbnailUrl\":\"https:\/\/dev.eliassen.nl\/wp-content\/uploads\/2024\/01\/sokkelgranietzwart15x15x25cmeliassennl.jpg\",\"datePublished\":\"2024-01-06T10:08:22+00:00\",\"dateModified\":\"2024-01-17T16:11:38+00:00\",\"description\":\"Hochgl\u00e4nzender Modellsockel im Kleinformat aus Granit. Die Basis besteht aus zusammensitzenden Platten. Schnell verf\u00fcgbar und auch im Showroom.\",\"breadcrumb\":{\"@id\":\"https:\/\/dev.eliassen.nl\/de\/sockel-aus-poliertem-schwarzem-granit-15-x-15-x-25-cm-hoch\/#breadcrumb\"},\"inLanguage\":\"de\",\"potentialAction\":[{\"@type\":\"ReadAction\",\"target\":[\"https:\/\/dev.eliassen.nl\/de\/sockel-aus-poliertem-schwarzem-granit-15-x-15-x-25-cm-hoch\/\"]}]},{\"@type\":\"ImageObject\",\"inLanguage\":\"de\",\"@id\":\"https:\/\/dev.eliassen.nl\/de\/sockel-aus-poliertem-schwarzem-granit-15-x-15-x-25-cm-hoch\/#primaryimage\",\"url\":\"https:\/\/dev.eliassen.nl\/wp-content\/uploads\/2024\/01\/sokkelgranietzwart15x15x25cmeliassennl.jpg\",\"contentUrl\":\"https:\/\/dev.eliassen.nl\/wp-content\/uploads\/2024\/01\/sokkelgranietzwart15x15x25cmeliassennl.jpg\",\"width\":502,\"height\":620,\"caption\":\"Sokkel graniet zwart 15x15x25cm Eliassen.nl\"},{\"@type\":\"BreadcrumbList\",\"@id\":\"https:\/\/dev.eliassen.nl\/de\/sockel-aus-poliertem-schwarzem-granit-15-x-15-x-25-cm-hoch\/#breadcrumb\",\"itemListElement\":[{\"@type\":\"ListItem\",\"position\":1,\"name\":\"Home\",\"item\":\"https:\/\/dev.eliassen.nl\/de\/\"},{\"@type\":\"ListItem\",\"position\":2,\"name\":\"Shop\",\"item\":\"https:\/\/dev.eliassen.nl\/nl\/winkel\/\"},{\"@type\":\"ListItem\",\"position\":3,\"name\":\"Sockel\",\"item\":\"https:\/\/dev.eliassen.nl\/de\/sockel\/\"},{\"@type\":\"ListItem\",\"position\":4,\"name\":\"Sockel aus Naturstein\",\"item\":\"https:\/\/dev.eliassen.nl\/de\/sockel\/sockel-aus-naturstein\/\"},{\"@type\":\"ListItem\",\"position\":5,\"name\":\"Sockel aus poliertem schwarzem Granit, 15 x 15 x 25 cm hoch\"}]},{\"@type\":\"WebSite\",\"@id\":\"https:\/\/dev.eliassen.nl\/de\/#website\",\"url\":\"https:\/\/dev.eliassen.nl\/de\/\",\"name\":\"Eliassen Home & Garden Pleasure\",\"description\":\"\",\"publisher\":{\"@id\":\"https:\/\/dev.eliassen.nl\/de\/#organization\"},\"alternateName\":\"Eliassen.nl\",\"potentialAction\":[{\"@type\":\"SearchAction\",\"target\":{\"@type\":\"EntryPoint\",\"urlTemplate\":\"https:\/\/dev.eliassen.nl\/de\/?s={search_term_string}\"},\"query-input\":{\"@type\":\"PropertyValueSpecification\",\"valueRequired\":true,\"valueName\":\"search_term_string\"}}],\"inLanguage\":\"de\"},{\"@type\":\"Organization\",\"@id\":\"https:\/\/dev.eliassen.nl\/de\/#organization\",\"name\":\"Eliassen Home & Garden Pleasure\",\"url\":\"https:\/\/dev.eliassen.nl\/de\/\",\"logo\":{\"@type\":\"ImageObject\",\"inLanguage\":\"de\",\"@id\":\"https:\/\/dev.eliassen.nl\/de\/#\/schema\/logo\/image\/\",\"url\":\"https:\/\/www.eliassen.nl\/wp-content\/uploads\/2024\/01\/logo_4nd.jpg\",\"contentUrl\":\"https:\/\/www.eliassen.nl\/wp-content\/uploads\/2024\/01\/logo_4nd.jpg\",\"width\":500,\"height\":500,\"caption\":\"Eliassen Home & Garden Pleasure\"},\"image\":{\"@id\":\"https:\/\/dev.eliassen.nl\/de\/#\/schema\/logo\/image\/\"},\"sameAs\":[\"https:\/\/www.facebook.com\/TuincentrumEliassenAmmerzoden\",\"https:\/\/www.instagram.com\/eliassenhomeandgarden\/\",\"https:\/\/nl.pinterest.com\/eliassenhomeandgarden\/\",\"https:\/\/www.youtube.com\/@eliassenhomegardenpleasure4558\"]}]}<\/script>\n<!-- \/ Yoast SEO plugin. -->","yoast_head_json":{"title":"Polierter schwarzer Granitsockel 15x15x25cm hoch - Eliassen.nl","description":"Hochgl\u00e4nzender Modellsockel im Kleinformat aus Granit. Die Basis besteht aus zusammensitzenden Platten. Schnell verf\u00fcgbar und auch im Showroom.","robots":{"index":"noindex","follow":"follow","max-snippet":"max-snippet:-1","max-image-preview":"max-image-preview:large","max-video-preview":"max-video-preview:-1"},"og_locale":"de_DE","og_type":"article","og_title":"Polierter schwarzer Granitsockel 15x15x25cm hoch - Eliassen.nl","og_description":"Hochgl\u00e4nzender Modellsockel im Kleinformat aus Granit. Die Basis besteht aus zusammensitzenden Platten. Schnell verf\u00fcgbar und auch im Showroom.","og_url":"https:\/\/dev.eliassen.nl\/de\/sockel-aus-poliertem-schwarzem-granit-15-x-15-x-25-cm-hoch\/","og_site_name":"Eliassen.nl","article_publisher":"https:\/\/www.facebook.com\/TuincentrumEliassenAmmerzoden","article_modified_time":"2024-01-17T16:11:38+00:00","og_image":[{"width":502,"height":620,"url":"https:\/\/dev.eliassen.nl\/wp-content\/uploads\/2024\/01\/sokkelgranietzwart15x15x25cmeliassennl.jpg","type":"image\/jpeg"}],"twitter_card":"summary_large_image","schema":{"@context":"https:\/\/schema.org","@graph":[{"@type":"WebPage","@id":"https:\/\/dev.eliassen.nl\/de\/sockel-aus-poliertem-schwarzem-granit-15-x-15-x-25-cm-hoch\/","url":"https:\/\/dev.eliassen.nl\/de\/sockel-aus-poliertem-schwarzem-granit-15-x-15-x-25-cm-hoch\/","name":"Polierter schwarzer Granitsockel 15x15x25cm hoch - Eliassen.nl","isPartOf":{"@id":"https:\/\/dev.eliassen.nl\/de\/#website"},"primaryImageOfPage":{"@id":"https:\/\/dev.eliassen.nl\/de\/sockel-aus-poliertem-schwarzem-granit-15-x-15-x-25-cm-hoch\/#primaryimage"},"image":{"@id":"https:\/\/dev.eliassen.nl\/de\/sockel-aus-poliertem-schwarzem-granit-15-x-15-x-25-cm-hoch\/#primaryimage"},"thumbnailUrl":"https:\/\/dev.eliassen.nl\/wp-content\/uploads\/2024\/01\/sokkelgranietzwart15x15x25cmeliassennl.jpg","datePublished":"2024-01-06T10:08:22+00:00","dateModified":"2024-01-17T16:11:38+00:00","description":"Hochgl\u00e4nzender Modellsockel im Kleinformat aus Granit. Die Basis besteht aus zusammensitzenden Platten. Schnell verf\u00fcgbar und auch im Showroom.","breadcrumb":{"@id":"https:\/\/dev.eliassen.nl\/de\/sockel-aus-poliertem-schwarzem-granit-15-x-15-x-25-cm-hoch\/#breadcrumb"},"inLanguage":"de","potentialAction":[{"@type":"ReadAction","target":["https:\/\/dev.eliassen.nl\/de\/sockel-aus-poliertem-schwarzem-granit-15-x-15-x-25-cm-hoch\/"]}]},{"@type":"ImageObject","inLanguage":"de","@id":"https:\/\/dev.eliassen.nl\/de\/sockel-aus-poliertem-schwarzem-granit-15-x-15-x-25-cm-hoch\/#primaryimage","url":"https:\/\/dev.eliassen.nl\/wp-content\/uploads\/2024\/01\/sokkelgranietzwart15x15x25cmeliassennl.jpg","contentUrl":"https:\/\/dev.eliassen.nl\/wp-content\/uploads\/2024\/01\/sokkelgranietzwart15x15x25cmeliassennl.jpg","width":502,"height":620,"caption":"Sokkel graniet zwart 15x15x25cm Eliassen.nl"},{"@type":"BreadcrumbList","@id":"https:\/\/dev.eliassen.nl\/de\/sockel-aus-poliertem-schwarzem-granit-15-x-15-x-25-cm-hoch\/#breadcrumb","itemListElement":[{"@type":"ListItem","position":1,"name":"Home","item":"https:\/\/dev.eliassen.nl\/de\/"},{"@type":"ListItem","position":2,"name":"Shop","item":"https:\/\/dev.eliassen.nl\/nl\/winkel\/"},{"@type":"ListItem","position":3,"name":"Sockel","item":"https:\/\/dev.eliassen.nl\/de\/sockel\/"},{"@type":"ListItem","position":4,"name":"Sockel aus Naturstein","item":"https:\/\/dev.eliassen.nl\/de\/sockel\/sockel-aus-naturstein\/"},{"@type":"ListItem","position":5,"name":"Sockel aus poliertem schwarzem Granit, 15 x 15 x 25 cm hoch"}]},{"@type":"WebSite","@id":"https:\/\/dev.eliassen.nl\/de\/#website","url":"https:\/\/dev.eliassen.nl\/de\/","name":"Eliassen Home & Garden Pleasure","description":"","publisher":{"@id":"https:\/\/dev.eliassen.nl\/de\/#organization"},"alternateName":"Eliassen.nl","potentialAction":[{"@type":"SearchAction","target":{"@type":"EntryPoint","urlTemplate":"https:\/\/dev.eliassen.nl\/de\/?s={search_term_string}"},"query-input":{"@type":"PropertyValueSpecification","valueRequired":true,"valueName":"search_term_string"}}],"inLanguage":"de"},{"@type":"Organization","@id":"https:\/\/dev.eliassen.nl\/de\/#organization","name":"Eliassen Home & Garden Pleasure","url":"https:\/\/dev.eliassen.nl\/de\/","logo":{"@type":"ImageObject","inLanguage":"de","@id":"https:\/\/dev.eliassen.nl\/de\/#\/schema\/logo\/image\/","url":"https:\/\/www.eliassen.nl\/wp-content\/uploads\/2024\/01\/logo_4nd.jpg","contentUrl":"https:\/\/www.eliassen.nl\/wp-content\/uploads\/2024\/01\/logo_4nd.jpg","width":500,"height":500,"caption":"Eliassen Home & Garden Pleasure"},"image":{"@id":"https:\/\/dev.eliassen.nl\/de\/#\/schema\/logo\/image\/"},"sameAs":["https:\/\/www.facebook.com\/TuincentrumEliassenAmmerzoden","https:\/\/www.instagram.com\/eliassenhomeandgarden\/","https:\/\/nl.pinterest.com\/eliassenhomeandgarden\/","https:\/\/www.youtube.com\/@eliassenhomegardenpleasure4558"]}]}},"df_price":59.5,"df_sale_price":"","df_regular_price":59.5,"df_image_link":"https:\/\/dev.eliassen.nl\/wp-content\/uploads\/2024\/01\/sokkelgranietzwart15x15x25cmeliassennl.jpg","image":"https:\/\/dev.eliassen.nl\/wp-content\/uploads\/2024\/01\/sokkelgranietzwart15x15x25cmeliassennl.jpg","price_search":"<span class=\"woocommerce-Price-amount amount\"><bdi><span class=\"woocommerce-Price-currencySymbol\">&euro;<\/span>&nbsp;59,50<\/bdi><\/span>","category":"Sockel","_links":{"self":[{"href":"https:\/\/dev.eliassen.nl\/de\/wp-json\/wp\/v2\/product\/98539","targetHints":{"allow":["GET"]}}],"collection":[{"href":"https:\/\/dev.eliassen.nl\/de\/wp-json\/wp\/v2\/product"}],"about":[{"href":"https:\/\/dev.eliassen.nl\/de\/wp-json\/wp\/v2\/types\/product"}],"wp:featuredmedia":[{"embeddable":true,"href":"https:\/\/dev.eliassen.nl\/de\/wp-json\/wp\/v2\/media\/98533"}],"wp:attachment":[{"href":"https:\/\/dev.eliassen.nl\/de\/wp-json\/wp\/v2\/media?parent=98539"}],"wp:term":[{"taxonomy":"product_brand","embeddable":true,"href":"https:\/\/dev.eliassen.nl\/de\/wp-json\/wp\/v2\/product_brand?post=98539"},{"taxonomy":"product_cat","embeddable":true,"href":"https:\/\/dev.eliassen.nl\/de\/wp-json\/wp\/v2\/product_cat?post=98539"},{"taxonomy":"product_tag","embeddable":true,"href":"https:\/\/dev.eliassen.nl\/de\/wp-json\/wp\/v2\/product_tag?post=98539"}],"curies":[{"name":"wp","href":"https:\/\/api.w.org\/{rel}","templated":true}]}}