{"id":98659,"date":"2024-01-08T16:03:00","date_gmt":"2024-01-08T15:03:00","guid":{"rendered":"https:\/\/www.eliassen.nl\/?product=beeld-yoga-handen-op-knieen-30cm"},"modified":"2024-01-12T09:50:20","modified_gmt":"2024-01-12T09:50:20","slug":"bild-yoga-hande-auf-knien-30cm","status":"publish","type":"product","link":"https:\/\/dev.eliassen.nl\/de\/bild-yoga-hande-auf-knien-30cm\/","title":{"rendered":"Bild Yoga H\u00e4nde auf Knien 30cm"},"content":{"rendered":"<p>Diese wundersch\u00f6ne Statue eines Yoga-Praktizierenden mit den H\u00e4nden auf den Knien ist ein wundersch\u00f6ner Gegenstand f\u00fcr Ihr Zuhause, aber auch zum Verschenken. Hergestellt aus Polyresin; eine Mischung aus Steinmehl und Polyesterharz. Farbe ist Altwei\u00df\/Travertin.<\/p>\n<p>Gr\u00f6\u00dfe: 30 cm hoch<\/p>\n<p>Material: Polyresin<\/p>\n<p>Farbe: Altwei\u00df\/Travertin<\/p>\n<p>Kann auch in unserem Shop besichtigt werden<\/p>\n<p>\u00a0<\/p>\n","protected":false},"excerpt":{"rendered":"<p>Aus Polyresin.<\/p>\n","protected":false},"featured_media":98647,"template":"","meta":{"_acf_changed":false},"product_brand":[],"product_cat":[1379,7239],"product_tag":[],"class_list":{"0":"post-98659","1":"product","2":"type-product","3":"status-publish","4":"has-post-thumbnail","6":"product_cat-polyresin-bilder","7":"product_cat-statuen-skulpturen","9":"first","10":"instock","11":"taxable","12":"shipping-taxable","13":"purchasable","14":"product-type-simple"},"acf":[],"yoast_head":"<!-- This site is optimized with the Yoast SEO plugin v23.8 - https:\/\/yoast.com\/wordpress\/plugins\/seo\/ -->\n<title>Bild Yoga H\u00e4nde auf Knien 30cm<\/title>\n<meta name=\"description\" content=\"Yoga-Bilder? Sehen Sie sich das gro\u00dfe Sortiment bei Eliassen im Webshop oder live im Laden an!!\" \/>\n<meta name=\"robots\" content=\"noindex, follow, max-snippet:-1, max-image-preview:large, max-video-preview:-1\" \/>\n<meta property=\"og:locale\" content=\"de_DE\" \/>\n<meta property=\"og:type\" content=\"article\" \/>\n<meta property=\"og:title\" content=\"Bild Yoga H\u00e4nde auf Knien 30cm\" \/>\n<meta property=\"og:description\" content=\"Yoga-Bilder? Sehen Sie sich das gro\u00dfe Sortiment bei Eliassen im Webshop oder live im Laden an!!\" \/>\n<meta property=\"og:url\" content=\"https:\/\/dev.eliassen.nl\/de\/bild-yoga-hande-auf-knien-30cm\/\" \/>\n<meta property=\"og:site_name\" content=\"Eliassen.nl\" \/>\n<meta property=\"article:publisher\" content=\"https:\/\/www.facebook.com\/TuincentrumEliassenAmmerzoden\" \/>\n<meta property=\"article:modified_time\" content=\"2024-01-12T09:50:20+00:00\" \/>\n<meta property=\"og:image\" content=\"https:\/\/dev.eliassen.nl\/wp-content\/uploads\/2024\/01\/beeldyogahandenopknieeneliassennl2009747.jpg\" \/>\n\t<meta property=\"og:image:width\" content=\"1400\" \/>\n\t<meta property=\"og:image:height\" content=\"1400\" \/>\n\t<meta property=\"og:image:type\" content=\"image\/jpeg\" \/>\n<meta name=\"twitter:card\" content=\"summary_large_image\" \/>\n<script type=\"application\/ld+json\" class=\"yoast-schema-graph\">{\"@context\":\"https:\/\/schema.org\",\"@graph\":[{\"@type\":\"WebPage\",\"@id\":\"https:\/\/dev.eliassen.nl\/de\/bild-yoga-hande-auf-knien-30cm\/\",\"url\":\"https:\/\/dev.eliassen.nl\/de\/bild-yoga-hande-auf-knien-30cm\/\",\"name\":\"Bild Yoga H\u00e4nde auf Knien 30cm\",\"isPartOf\":{\"@id\":\"https:\/\/dev.eliassen.nl\/de\/#website\"},\"primaryImageOfPage\":{\"@id\":\"https:\/\/dev.eliassen.nl\/de\/bild-yoga-hande-auf-knien-30cm\/#primaryimage\"},\"image\":{\"@id\":\"https:\/\/dev.eliassen.nl\/de\/bild-yoga-hande-auf-knien-30cm\/#primaryimage\"},\"thumbnailUrl\":\"https:\/\/dev.eliassen.nl\/wp-content\/uploads\/2024\/01\/beeldyogahandenopknieeneliassennl2009747.jpg\",\"datePublished\":\"2024-01-08T15:03:00+00:00\",\"dateModified\":\"2024-01-12T09:50:20+00:00\",\"description\":\"Yoga-Bilder? Sehen Sie sich das gro\u00dfe Sortiment bei Eliassen im Webshop oder live im Laden an!!\",\"breadcrumb\":{\"@id\":\"https:\/\/dev.eliassen.nl\/de\/bild-yoga-hande-auf-knien-30cm\/#breadcrumb\"},\"inLanguage\":\"de\",\"potentialAction\":[{\"@type\":\"ReadAction\",\"target\":[\"https:\/\/dev.eliassen.nl\/de\/bild-yoga-hande-auf-knien-30cm\/\"]}]},{\"@type\":\"ImageObject\",\"inLanguage\":\"de\",\"@id\":\"https:\/\/dev.eliassen.nl\/de\/bild-yoga-hande-auf-knien-30cm\/#primaryimage\",\"url\":\"https:\/\/dev.eliassen.nl\/wp-content\/uploads\/2024\/01\/beeldyogahandenopknieeneliassennl2009747.jpg\",\"contentUrl\":\"https:\/\/dev.eliassen.nl\/wp-content\/uploads\/2024\/01\/beeldyogahandenopknieeneliassennl2009747.jpg\",\"width\":1400,\"height\":1400,\"caption\":\"Beeld yoga handen op knieen Eliassen.nl 2009747\"},{\"@type\":\"BreadcrumbList\",\"@id\":\"https:\/\/dev.eliassen.nl\/de\/bild-yoga-hande-auf-knien-30cm\/#breadcrumb\",\"itemListElement\":[{\"@type\":\"ListItem\",\"position\":1,\"name\":\"Home\",\"item\":\"https:\/\/dev.eliassen.nl\/de\/\"},{\"@type\":\"ListItem\",\"position\":2,\"name\":\"Shop\",\"item\":\"https:\/\/dev.eliassen.nl\/nl\/winkel\/\"},{\"@type\":\"ListItem\",\"position\":3,\"name\":\"Statuen-Skulpturen\",\"item\":\"https:\/\/dev.eliassen.nl\/de\/statuen-skulpturen\/\"},{\"@type\":\"ListItem\",\"position\":4,\"name\":\"Polyresin-Bilder\",\"item\":\"https:\/\/dev.eliassen.nl\/de\/bilder\/polyresin-bilder\/\"},{\"@type\":\"ListItem\",\"position\":5,\"name\":\"Bild Yoga H\u00e4nde auf Knien 30cm\"}]},{\"@type\":\"WebSite\",\"@id\":\"https:\/\/dev.eliassen.nl\/de\/#website\",\"url\":\"https:\/\/dev.eliassen.nl\/de\/\",\"name\":\"Eliassen Home & Garden Pleasure\",\"description\":\"\",\"publisher\":{\"@id\":\"https:\/\/dev.eliassen.nl\/de\/#organization\"},\"alternateName\":\"Eliassen.nl\",\"potentialAction\":[{\"@type\":\"SearchAction\",\"target\":{\"@type\":\"EntryPoint\",\"urlTemplate\":\"https:\/\/dev.eliassen.nl\/de\/?s={search_term_string}\"},\"query-input\":{\"@type\":\"PropertyValueSpecification\",\"valueRequired\":true,\"valueName\":\"search_term_string\"}}],\"inLanguage\":\"de\"},{\"@type\":\"Organization\",\"@id\":\"https:\/\/dev.eliassen.nl\/de\/#organization\",\"name\":\"Eliassen Home & Garden Pleasure\",\"url\":\"https:\/\/dev.eliassen.nl\/de\/\",\"logo\":{\"@type\":\"ImageObject\",\"inLanguage\":\"de\",\"@id\":\"https:\/\/dev.eliassen.nl\/de\/#\/schema\/logo\/image\/\",\"url\":\"https:\/\/www.eliassen.nl\/wp-content\/uploads\/2024\/01\/logo_4nd.jpg\",\"contentUrl\":\"https:\/\/www.eliassen.nl\/wp-content\/uploads\/2024\/01\/logo_4nd.jpg\",\"width\":500,\"height\":500,\"caption\":\"Eliassen Home & Garden Pleasure\"},\"image\":{\"@id\":\"https:\/\/dev.eliassen.nl\/de\/#\/schema\/logo\/image\/\"},\"sameAs\":[\"https:\/\/www.facebook.com\/TuincentrumEliassenAmmerzoden\",\"https:\/\/www.instagram.com\/eliassenhomeandgarden\/\",\"https:\/\/nl.pinterest.com\/eliassenhomeandgarden\/\",\"https:\/\/www.youtube.com\/@eliassenhomegardenpleasure4558\"]}]}<\/script>\n<!-- \/ Yoast SEO plugin. -->","yoast_head_json":{"title":"Bild Yoga H\u00e4nde auf Knien 30cm","description":"Yoga-Bilder? Sehen Sie sich das gro\u00dfe Sortiment bei Eliassen im Webshop oder live im Laden an!!","robots":{"index":"noindex","follow":"follow","max-snippet":"max-snippet:-1","max-image-preview":"max-image-preview:large","max-video-preview":"max-video-preview:-1"},"og_locale":"de_DE","og_type":"article","og_title":"Bild Yoga H\u00e4nde auf Knien 30cm","og_description":"Yoga-Bilder? Sehen Sie sich das gro\u00dfe Sortiment bei Eliassen im Webshop oder live im Laden an!!","og_url":"https:\/\/dev.eliassen.nl\/de\/bild-yoga-hande-auf-knien-30cm\/","og_site_name":"Eliassen.nl","article_publisher":"https:\/\/www.facebook.com\/TuincentrumEliassenAmmerzoden","article_modified_time":"2024-01-12T09:50:20+00:00","og_image":[{"width":1400,"height":1400,"url":"https:\/\/dev.eliassen.nl\/wp-content\/uploads\/2024\/01\/beeldyogahandenopknieeneliassennl2009747.jpg","type":"image\/jpeg"}],"twitter_card":"summary_large_image","schema":{"@context":"https:\/\/schema.org","@graph":[{"@type":"WebPage","@id":"https:\/\/dev.eliassen.nl\/de\/bild-yoga-hande-auf-knien-30cm\/","url":"https:\/\/dev.eliassen.nl\/de\/bild-yoga-hande-auf-knien-30cm\/","name":"Bild Yoga H\u00e4nde auf Knien 30cm","isPartOf":{"@id":"https:\/\/dev.eliassen.nl\/de\/#website"},"primaryImageOfPage":{"@id":"https:\/\/dev.eliassen.nl\/de\/bild-yoga-hande-auf-knien-30cm\/#primaryimage"},"image":{"@id":"https:\/\/dev.eliassen.nl\/de\/bild-yoga-hande-auf-knien-30cm\/#primaryimage"},"thumbnailUrl":"https:\/\/dev.eliassen.nl\/wp-content\/uploads\/2024\/01\/beeldyogahandenopknieeneliassennl2009747.jpg","datePublished":"2024-01-08T15:03:00+00:00","dateModified":"2024-01-12T09:50:20+00:00","description":"Yoga-Bilder? Sehen Sie sich das gro\u00dfe Sortiment bei Eliassen im Webshop oder live im Laden an!!","breadcrumb":{"@id":"https:\/\/dev.eliassen.nl\/de\/bild-yoga-hande-auf-knien-30cm\/#breadcrumb"},"inLanguage":"de","potentialAction":[{"@type":"ReadAction","target":["https:\/\/dev.eliassen.nl\/de\/bild-yoga-hande-auf-knien-30cm\/"]}]},{"@type":"ImageObject","inLanguage":"de","@id":"https:\/\/dev.eliassen.nl\/de\/bild-yoga-hande-auf-knien-30cm\/#primaryimage","url":"https:\/\/dev.eliassen.nl\/wp-content\/uploads\/2024\/01\/beeldyogahandenopknieeneliassennl2009747.jpg","contentUrl":"https:\/\/dev.eliassen.nl\/wp-content\/uploads\/2024\/01\/beeldyogahandenopknieeneliassennl2009747.jpg","width":1400,"height":1400,"caption":"Beeld yoga handen op knieen Eliassen.nl 2009747"},{"@type":"BreadcrumbList","@id":"https:\/\/dev.eliassen.nl\/de\/bild-yoga-hande-auf-knien-30cm\/#breadcrumb","itemListElement":[{"@type":"ListItem","position":1,"name":"Home","item":"https:\/\/dev.eliassen.nl\/de\/"},{"@type":"ListItem","position":2,"name":"Shop","item":"https:\/\/dev.eliassen.nl\/nl\/winkel\/"},{"@type":"ListItem","position":3,"name":"Statuen-Skulpturen","item":"https:\/\/dev.eliassen.nl\/de\/statuen-skulpturen\/"},{"@type":"ListItem","position":4,"name":"Polyresin-Bilder","item":"https:\/\/dev.eliassen.nl\/de\/bilder\/polyresin-bilder\/"},{"@type":"ListItem","position":5,"name":"Bild Yoga H\u00e4nde auf Knien 30cm"}]},{"@type":"WebSite","@id":"https:\/\/dev.eliassen.nl\/de\/#website","url":"https:\/\/dev.eliassen.nl\/de\/","name":"Eliassen Home & Garden Pleasure","description":"","publisher":{"@id":"https:\/\/dev.eliassen.nl\/de\/#organization"},"alternateName":"Eliassen.nl","potentialAction":[{"@type":"SearchAction","target":{"@type":"EntryPoint","urlTemplate":"https:\/\/dev.eliassen.nl\/de\/?s={search_term_string}"},"query-input":{"@type":"PropertyValueSpecification","valueRequired":true,"valueName":"search_term_string"}}],"inLanguage":"de"},{"@type":"Organization","@id":"https:\/\/dev.eliassen.nl\/de\/#organization","name":"Eliassen Home & Garden Pleasure","url":"https:\/\/dev.eliassen.nl\/de\/","logo":{"@type":"ImageObject","inLanguage":"de","@id":"https:\/\/dev.eliassen.nl\/de\/#\/schema\/logo\/image\/","url":"https:\/\/www.eliassen.nl\/wp-content\/uploads\/2024\/01\/logo_4nd.jpg","contentUrl":"https:\/\/www.eliassen.nl\/wp-content\/uploads\/2024\/01\/logo_4nd.jpg","width":500,"height":500,"caption":"Eliassen Home & Garden Pleasure"},"image":{"@id":"https:\/\/dev.eliassen.nl\/de\/#\/schema\/logo\/image\/"},"sameAs":["https:\/\/www.facebook.com\/TuincentrumEliassenAmmerzoden","https:\/\/www.instagram.com\/eliassenhomeandgarden\/","https:\/\/nl.pinterest.com\/eliassenhomeandgarden\/","https:\/\/www.youtube.com\/@eliassenhomegardenpleasure4558"]}]}},"df_price":23.5,"df_sale_price":"","df_regular_price":23.5,"df_image_link":"https:\/\/dev.eliassen.nl\/wp-content\/uploads\/2024\/01\/beeldyogahandenopknieeneliassennl2009747.jpg","image":"https:\/\/dev.eliassen.nl\/wp-content\/uploads\/2024\/01\/beeldyogahandenopknieeneliassennl2009747.jpg","price_search":"<span class=\"woocommerce-Price-amount amount\"><bdi><span class=\"woocommerce-Price-currencySymbol\">&euro;<\/span>&nbsp;23,50<\/bdi><\/span>","category":"Polyresin-Bilder","_links":{"self":[{"href":"https:\/\/dev.eliassen.nl\/de\/wp-json\/wp\/v2\/product\/98659","targetHints":{"allow":["GET"]}}],"collection":[{"href":"https:\/\/dev.eliassen.nl\/de\/wp-json\/wp\/v2\/product"}],"about":[{"href":"https:\/\/dev.eliassen.nl\/de\/wp-json\/wp\/v2\/types\/product"}],"wp:featuredmedia":[{"embeddable":true,"href":"https:\/\/dev.eliassen.nl\/de\/wp-json\/wp\/v2\/media\/98647"}],"wp:attachment":[{"href":"https:\/\/dev.eliassen.nl\/de\/wp-json\/wp\/v2\/media?parent=98659"}],"wp:term":[{"taxonomy":"product_brand","embeddable":true,"href":"https:\/\/dev.eliassen.nl\/de\/wp-json\/wp\/v2\/product_brand?post=98659"},{"taxonomy":"product_cat","embeddable":true,"href":"https:\/\/dev.eliassen.nl\/de\/wp-json\/wp\/v2\/product_cat?post=98659"},{"taxonomy":"product_tag","embeddable":true,"href":"https:\/\/dev.eliassen.nl\/de\/wp-json\/wp\/v2\/product_tag?post=98659"}],"curies":[{"name":"wp","href":"https:\/\/api.w.org\/{rel}","templated":true}]}}