{"id":98680,"date":"2024-01-10T16:46:27","date_gmt":"2024-01-10T15:46:27","guid":{"rendered":"https:\/\/www.eliassen.nl\/?product=geurbrander-keramieken-druppel-hangend-creme-wit"},"modified":"2024-12-05T16:42:55","modified_gmt":"2024-12-05T15:42:55","slug":"duftbrenner-aus-keramik-zum-aufhangen-in-tropfenform-cremeweiss","status":"publish","type":"product","link":"https:\/\/dev.eliassen.nl\/de\/duftbrenner-aus-keramik-zum-aufhangen-in-tropfenform-cremeweiss\/","title":{"rendered":"Duftbrenner aus Keramik zum Aufh\u00e4ngen in Tropfenform, cremewei\u00df"},"content":{"rendered":"<p>Der aktuellste Trend: Bernsteinw\u00fcrfel.<\/p>\n<p>Sie k\u00f6nnen Bernsteinw\u00fcrfel auf verschiedene Arten verwenden.<\/p>\n<p>Sie k\u00f6nnen Bernsteinw\u00fcrfel reiben und auf eine Sch\u00fcssel legen, sie in einem Kleiderschrank aufh\u00e4ngen oder sich f\u00fcr einen Duftbrenner entscheiden, um das Beste aus den einzelnen Bernsteinw\u00fcrfeln herauszuholen und das Dufterlebnis zu maximieren.<\/p>\n<p>Dieses Modell eines Duftbrenners ist aus Keramik und Metall in einer sch\u00f6nen runden Form in einem sch\u00f6nen Stil gefertigt.<\/p>\n<ul>\n<li>Gr\u00f6\u00dfe: 19x10cm<\/li>\n<li>Material: Metall und Keramik<\/li>\n<li>Form: Runde, h\u00e4ngende Sch\u00fcssel<\/li>\n<li>Farbe: Schwarz, Cremewei\u00df<\/li>\n<\/ul>\n","protected":false},"excerpt":{"rendered":"<p>19x10cm<\/p>\n","protected":false},"featured_media":98674,"template":"","meta":{"_acf_changed":false},"product_brand":[],"product_cat":[1358],"product_tag":[],"class_list":{"0":"post-98680","1":"product","2":"type-product","3":"status-publish","4":"has-post-thumbnail","6":"product_cat-bernsteinwuerfel","8":"first","9":"instock","10":"taxable","11":"shipping-taxable","12":"purchasable","13":"product-type-simple"},"acf":[],"yoast_head":"<!-- This site is optimized with the Yoast SEO plugin v23.8 - https:\/\/yoast.com\/wordpress\/plugins\/seo\/ -->\n<title>Duftbrenner aus Keramik zum Aufh\u00e4ngen in Tropfenform, cremewei\u00df<\/title>\n<meta name=\"description\" content=\"Cremewei\u00dfe Schale aus Keramik, h\u00e4ngend an einem Metallhalter. Wundersch\u00f6ner Teeduftbrenner zum Schmelzen von Bernsteinw\u00fcrfeln.\" \/>\n<meta name=\"robots\" content=\"noindex, follow, max-snippet:-1, max-image-preview:large, max-video-preview:-1\" \/>\n<meta property=\"og:locale\" content=\"de_DE\" \/>\n<meta property=\"og:type\" content=\"article\" \/>\n<meta property=\"og:title\" content=\"Duftbrenner aus Keramik zum Aufh\u00e4ngen in Tropfenform, cremewei\u00df\" \/>\n<meta property=\"og:description\" content=\"Cremewei\u00dfe Schale aus Keramik, h\u00e4ngend an einem Metallhalter. Wundersch\u00f6ner Teeduftbrenner zum Schmelzen von Bernsteinw\u00fcrfeln.\" \/>\n<meta property=\"og:url\" content=\"https:\/\/dev.eliassen.nl\/de\/duftbrenner-aus-keramik-zum-aufhangen-in-tropfenform-cremeweiss\/\" \/>\n<meta property=\"og:site_name\" content=\"Eliassen.nl\" \/>\n<meta property=\"article:publisher\" content=\"https:\/\/www.facebook.com\/TuincentrumEliassenAmmerzoden\" \/>\n<meta property=\"article:modified_time\" content=\"2024-12-05T15:42:55+00:00\" \/>\n<meta property=\"og:image\" content=\"https:\/\/dev.eliassen.nl\/wp-content\/uploads\/2024\/01\/geurbranderkeramiekendruppelhangendcremewite.png\" \/>\n\t<meta property=\"og:image:width\" content=\"250\" \/>\n\t<meta property=\"og:image:height\" content=\"409\" \/>\n\t<meta property=\"og:image:type\" content=\"image\/png\" \/>\n<meta name=\"twitter:card\" content=\"summary_large_image\" \/>\n<script type=\"application\/ld+json\" class=\"yoast-schema-graph\">{\"@context\":\"https:\/\/schema.org\",\"@graph\":[{\"@type\":\"WebPage\",\"@id\":\"https:\/\/dev.eliassen.nl\/de\/duftbrenner-aus-keramik-zum-aufhangen-in-tropfenform-cremeweiss\/\",\"url\":\"https:\/\/dev.eliassen.nl\/de\/duftbrenner-aus-keramik-zum-aufhangen-in-tropfenform-cremeweiss\/\",\"name\":\"Duftbrenner aus Keramik zum Aufh\u00e4ngen in Tropfenform, cremewei\u00df\",\"isPartOf\":{\"@id\":\"https:\/\/dev.eliassen.nl\/de\/#website\"},\"primaryImageOfPage\":{\"@id\":\"https:\/\/dev.eliassen.nl\/de\/duftbrenner-aus-keramik-zum-aufhangen-in-tropfenform-cremeweiss\/#primaryimage\"},\"image\":{\"@id\":\"https:\/\/dev.eliassen.nl\/de\/duftbrenner-aus-keramik-zum-aufhangen-in-tropfenform-cremeweiss\/#primaryimage\"},\"thumbnailUrl\":\"https:\/\/dev.eliassen.nl\/wp-content\/uploads\/2024\/01\/geurbranderkeramiekendruppelhangendcremewite.png\",\"datePublished\":\"2024-01-10T15:46:27+00:00\",\"dateModified\":\"2024-12-05T15:42:55+00:00\",\"description\":\"Cremewei\u00dfe Schale aus Keramik, h\u00e4ngend an einem Metallhalter. Wundersch\u00f6ner Teeduftbrenner zum Schmelzen von Bernsteinw\u00fcrfeln.\",\"breadcrumb\":{\"@id\":\"https:\/\/dev.eliassen.nl\/de\/duftbrenner-aus-keramik-zum-aufhangen-in-tropfenform-cremeweiss\/#breadcrumb\"},\"inLanguage\":\"de\",\"potentialAction\":[{\"@type\":\"ReadAction\",\"target\":[\"https:\/\/dev.eliassen.nl\/de\/duftbrenner-aus-keramik-zum-aufhangen-in-tropfenform-cremeweiss\/\"]}]},{\"@type\":\"ImageObject\",\"inLanguage\":\"de\",\"@id\":\"https:\/\/dev.eliassen.nl\/de\/duftbrenner-aus-keramik-zum-aufhangen-in-tropfenform-cremeweiss\/#primaryimage\",\"url\":\"https:\/\/dev.eliassen.nl\/wp-content\/uploads\/2024\/01\/geurbranderkeramiekendruppelhangendcremewite.png\",\"contentUrl\":\"https:\/\/dev.eliassen.nl\/wp-content\/uploads\/2024\/01\/geurbranderkeramiekendruppelhangendcremewite.png\",\"width\":250,\"height\":409,\"caption\":\"Geurbrander keramieken druppel hangend creme wit eliassen.nl\"},{\"@type\":\"BreadcrumbList\",\"@id\":\"https:\/\/dev.eliassen.nl\/de\/duftbrenner-aus-keramik-zum-aufhangen-in-tropfenform-cremeweiss\/#breadcrumb\",\"itemListElement\":[{\"@type\":\"ListItem\",\"position\":1,\"name\":\"Home\",\"item\":\"https:\/\/dev.eliassen.nl\/de\/\"},{\"@type\":\"ListItem\",\"position\":2,\"name\":\"Shop\",\"item\":\"https:\/\/dev.eliassen.nl\/nl\/winkel\/\"},{\"@type\":\"ListItem\",\"position\":3,\"name\":\"Bernsteinw\u00fcrfel\",\"item\":\"https:\/\/dev.eliassen.nl\/de\/bernsteinwuerfel\/\"},{\"@type\":\"ListItem\",\"position\":4,\"name\":\"Duftbrenner aus Keramik zum Aufh\u00e4ngen in Tropfenform, cremewei\u00df\"}]},{\"@type\":\"WebSite\",\"@id\":\"https:\/\/dev.eliassen.nl\/de\/#website\",\"url\":\"https:\/\/dev.eliassen.nl\/de\/\",\"name\":\"Eliassen Home & Garden Pleasure\",\"description\":\"\",\"publisher\":{\"@id\":\"https:\/\/dev.eliassen.nl\/de\/#organization\"},\"alternateName\":\"Eliassen.nl\",\"potentialAction\":[{\"@type\":\"SearchAction\",\"target\":{\"@type\":\"EntryPoint\",\"urlTemplate\":\"https:\/\/dev.eliassen.nl\/de\/?s={search_term_string}\"},\"query-input\":{\"@type\":\"PropertyValueSpecification\",\"valueRequired\":true,\"valueName\":\"search_term_string\"}}],\"inLanguage\":\"de\"},{\"@type\":\"Organization\",\"@id\":\"https:\/\/dev.eliassen.nl\/de\/#organization\",\"name\":\"Eliassen Home & Garden Pleasure\",\"url\":\"https:\/\/dev.eliassen.nl\/de\/\",\"logo\":{\"@type\":\"ImageObject\",\"inLanguage\":\"de\",\"@id\":\"https:\/\/dev.eliassen.nl\/de\/#\/schema\/logo\/image\/\",\"url\":\"https:\/\/www.eliassen.nl\/wp-content\/uploads\/2024\/01\/logo_4nd.jpg\",\"contentUrl\":\"https:\/\/www.eliassen.nl\/wp-content\/uploads\/2024\/01\/logo_4nd.jpg\",\"width\":500,\"height\":500,\"caption\":\"Eliassen Home & Garden Pleasure\"},\"image\":{\"@id\":\"https:\/\/dev.eliassen.nl\/de\/#\/schema\/logo\/image\/\"},\"sameAs\":[\"https:\/\/www.facebook.com\/TuincentrumEliassenAmmerzoden\",\"https:\/\/www.instagram.com\/eliassenhomeandgarden\/\",\"https:\/\/nl.pinterest.com\/eliassenhomeandgarden\/\",\"https:\/\/www.youtube.com\/@eliassenhomegardenpleasure4558\"]}]}<\/script>\n<!-- \/ Yoast SEO plugin. -->","yoast_head_json":{"title":"Duftbrenner aus Keramik zum Aufh\u00e4ngen in Tropfenform, cremewei\u00df","description":"Cremewei\u00dfe Schale aus Keramik, h\u00e4ngend an einem Metallhalter. Wundersch\u00f6ner Teeduftbrenner zum Schmelzen von Bernsteinw\u00fcrfeln.","robots":{"index":"noindex","follow":"follow","max-snippet":"max-snippet:-1","max-image-preview":"max-image-preview:large","max-video-preview":"max-video-preview:-1"},"og_locale":"de_DE","og_type":"article","og_title":"Duftbrenner aus Keramik zum Aufh\u00e4ngen in Tropfenform, cremewei\u00df","og_description":"Cremewei\u00dfe Schale aus Keramik, h\u00e4ngend an einem Metallhalter. Wundersch\u00f6ner Teeduftbrenner zum Schmelzen von Bernsteinw\u00fcrfeln.","og_url":"https:\/\/dev.eliassen.nl\/de\/duftbrenner-aus-keramik-zum-aufhangen-in-tropfenform-cremeweiss\/","og_site_name":"Eliassen.nl","article_publisher":"https:\/\/www.facebook.com\/TuincentrumEliassenAmmerzoden","article_modified_time":"2024-12-05T15:42:55+00:00","og_image":[{"width":250,"height":409,"url":"https:\/\/dev.eliassen.nl\/wp-content\/uploads\/2024\/01\/geurbranderkeramiekendruppelhangendcremewite.png","type":"image\/png"}],"twitter_card":"summary_large_image","schema":{"@context":"https:\/\/schema.org","@graph":[{"@type":"WebPage","@id":"https:\/\/dev.eliassen.nl\/de\/duftbrenner-aus-keramik-zum-aufhangen-in-tropfenform-cremeweiss\/","url":"https:\/\/dev.eliassen.nl\/de\/duftbrenner-aus-keramik-zum-aufhangen-in-tropfenform-cremeweiss\/","name":"Duftbrenner aus Keramik zum Aufh\u00e4ngen in Tropfenform, cremewei\u00df","isPartOf":{"@id":"https:\/\/dev.eliassen.nl\/de\/#website"},"primaryImageOfPage":{"@id":"https:\/\/dev.eliassen.nl\/de\/duftbrenner-aus-keramik-zum-aufhangen-in-tropfenform-cremeweiss\/#primaryimage"},"image":{"@id":"https:\/\/dev.eliassen.nl\/de\/duftbrenner-aus-keramik-zum-aufhangen-in-tropfenform-cremeweiss\/#primaryimage"},"thumbnailUrl":"https:\/\/dev.eliassen.nl\/wp-content\/uploads\/2024\/01\/geurbranderkeramiekendruppelhangendcremewite.png","datePublished":"2024-01-10T15:46:27+00:00","dateModified":"2024-12-05T15:42:55+00:00","description":"Cremewei\u00dfe Schale aus Keramik, h\u00e4ngend an einem Metallhalter. Wundersch\u00f6ner Teeduftbrenner zum Schmelzen von Bernsteinw\u00fcrfeln.","breadcrumb":{"@id":"https:\/\/dev.eliassen.nl\/de\/duftbrenner-aus-keramik-zum-aufhangen-in-tropfenform-cremeweiss\/#breadcrumb"},"inLanguage":"de","potentialAction":[{"@type":"ReadAction","target":["https:\/\/dev.eliassen.nl\/de\/duftbrenner-aus-keramik-zum-aufhangen-in-tropfenform-cremeweiss\/"]}]},{"@type":"ImageObject","inLanguage":"de","@id":"https:\/\/dev.eliassen.nl\/de\/duftbrenner-aus-keramik-zum-aufhangen-in-tropfenform-cremeweiss\/#primaryimage","url":"https:\/\/dev.eliassen.nl\/wp-content\/uploads\/2024\/01\/geurbranderkeramiekendruppelhangendcremewite.png","contentUrl":"https:\/\/dev.eliassen.nl\/wp-content\/uploads\/2024\/01\/geurbranderkeramiekendruppelhangendcremewite.png","width":250,"height":409,"caption":"Geurbrander keramieken druppel hangend creme wit eliassen.nl"},{"@type":"BreadcrumbList","@id":"https:\/\/dev.eliassen.nl\/de\/duftbrenner-aus-keramik-zum-aufhangen-in-tropfenform-cremeweiss\/#breadcrumb","itemListElement":[{"@type":"ListItem","position":1,"name":"Home","item":"https:\/\/dev.eliassen.nl\/de\/"},{"@type":"ListItem","position":2,"name":"Shop","item":"https:\/\/dev.eliassen.nl\/nl\/winkel\/"},{"@type":"ListItem","position":3,"name":"Bernsteinw\u00fcrfel","item":"https:\/\/dev.eliassen.nl\/de\/bernsteinwuerfel\/"},{"@type":"ListItem","position":4,"name":"Duftbrenner aus Keramik zum Aufh\u00e4ngen in Tropfenform, cremewei\u00df"}]},{"@type":"WebSite","@id":"https:\/\/dev.eliassen.nl\/de\/#website","url":"https:\/\/dev.eliassen.nl\/de\/","name":"Eliassen Home & Garden Pleasure","description":"","publisher":{"@id":"https:\/\/dev.eliassen.nl\/de\/#organization"},"alternateName":"Eliassen.nl","potentialAction":[{"@type":"SearchAction","target":{"@type":"EntryPoint","urlTemplate":"https:\/\/dev.eliassen.nl\/de\/?s={search_term_string}"},"query-input":{"@type":"PropertyValueSpecification","valueRequired":true,"valueName":"search_term_string"}}],"inLanguage":"de"},{"@type":"Organization","@id":"https:\/\/dev.eliassen.nl\/de\/#organization","name":"Eliassen Home & Garden Pleasure","url":"https:\/\/dev.eliassen.nl\/de\/","logo":{"@type":"ImageObject","inLanguage":"de","@id":"https:\/\/dev.eliassen.nl\/de\/#\/schema\/logo\/image\/","url":"https:\/\/www.eliassen.nl\/wp-content\/uploads\/2024\/01\/logo_4nd.jpg","contentUrl":"https:\/\/www.eliassen.nl\/wp-content\/uploads\/2024\/01\/logo_4nd.jpg","width":500,"height":500,"caption":"Eliassen Home & Garden Pleasure"},"image":{"@id":"https:\/\/dev.eliassen.nl\/de\/#\/schema\/logo\/image\/"},"sameAs":["https:\/\/www.facebook.com\/TuincentrumEliassenAmmerzoden","https:\/\/www.instagram.com\/eliassenhomeandgarden\/","https:\/\/nl.pinterest.com\/eliassenhomeandgarden\/","https:\/\/www.youtube.com\/@eliassenhomegardenpleasure4558"]}]}},"df_price":8.5,"df_sale_price":"","df_regular_price":8.5,"df_image_link":"https:\/\/dev.eliassen.nl\/wp-content\/uploads\/2024\/01\/geurbranderkeramiekendruppelhangendcremewite.png","image":"https:\/\/dev.eliassen.nl\/wp-content\/uploads\/2024\/01\/geurbranderkeramiekendruppelhangendcremewite.png","price_search":"<span class=\"woocommerce-Price-amount amount\"><bdi><span class=\"woocommerce-Price-currencySymbol\">&euro;<\/span>&nbsp;8,50<\/bdi><\/span>","category":"Bernsteinw\u00fcrfel","_links":{"self":[{"href":"https:\/\/dev.eliassen.nl\/de\/wp-json\/wp\/v2\/product\/98680","targetHints":{"allow":["GET"]}}],"collection":[{"href":"https:\/\/dev.eliassen.nl\/de\/wp-json\/wp\/v2\/product"}],"about":[{"href":"https:\/\/dev.eliassen.nl\/de\/wp-json\/wp\/v2\/types\/product"}],"wp:featuredmedia":[{"embeddable":true,"href":"https:\/\/dev.eliassen.nl\/de\/wp-json\/wp\/v2\/media\/98674"}],"wp:attachment":[{"href":"https:\/\/dev.eliassen.nl\/de\/wp-json\/wp\/v2\/media?parent=98680"}],"wp:term":[{"taxonomy":"product_brand","embeddable":true,"href":"https:\/\/dev.eliassen.nl\/de\/wp-json\/wp\/v2\/product_brand?post=98680"},{"taxonomy":"product_cat","embeddable":true,"href":"https:\/\/dev.eliassen.nl\/de\/wp-json\/wp\/v2\/product_cat?post=98680"},{"taxonomy":"product_tag","embeddable":true,"href":"https:\/\/dev.eliassen.nl\/de\/wp-json\/wp\/v2\/product_tag?post=98680"}],"curies":[{"name":"wp","href":"https:\/\/api.w.org\/{rel}","templated":true}]}}