{"id":98827,"date":"2024-01-11T10:46:48","date_gmt":"2024-01-11T09:46:48","guid":{"rendered":"https:\/\/www.eliassen.nl\/?product=copy-of-geurbrander-schaal-op-metalen-houder-zandk"},"modified":"2024-12-05T16:43:05","modified_gmt":"2024-12-05T15:43:05","slug":"duftbrenner-fur-bernsteinwurfel-hangend-aus-metall-schwarz","status":"publish","type":"product","link":"https:\/\/dev.eliassen.nl\/de\/duftbrenner-fur-bernsteinwurfel-hangend-aus-metall-schwarz\/","title":{"rendered":"Duftbrenner f\u00fcr Bernsteinw\u00fcrfel h\u00e4ngend aus Metall schwarz"},"content":{"rendered":"<p>Der aktuellste Trend: Bernsteinw\u00fcrfel.<\/p>\n<p>Sie k\u00f6nnen Bernsteinw\u00fcrfel auf verschiedene Arten verwenden.<\/p>\n<p>Sie k\u00f6nnen Bernsteinw\u00fcrfel reiben und auf eine Sch\u00fcssel legen, sie in einem Kleiderschrank aufh\u00e4ngen oder sich f\u00fcr einen Duftbrenner entscheiden, um das Beste aus den einzelnen Bernsteinw\u00fcrfeln herauszuholen und das Dufterlebnis zu maximieren.<\/p>\n<p>Dieses Modell eines Duftbrenners besteht aus Metall in einer sch\u00f6nen runden Form in verschiedenen Farben<\/p>\n<ul>\n<li>Gr\u00f6\u00dfe: 20x10cm<\/li>\n<li>Material: Metall<\/li>\n<li>Form: Runde, h\u00e4ngende Schale<\/li>\n<li>Farbe schwarz<\/li>\n<\/ul>\n","protected":false},"excerpt":{"rendered":"<p>20x10cm<\/p>\n","protected":false},"featured_media":98806,"template":"","meta":{"_acf_changed":false},"product_brand":[],"product_cat":[1358],"product_tag":[],"class_list":{"0":"post-98827","1":"product","2":"type-product","3":"status-publish","4":"has-post-thumbnail","6":"product_cat-bernsteinwuerfel","8":"first","9":"instock","10":"taxable","11":"shipping-taxable","12":"purchasable","13":"product-type-simple"},"acf":[],"yoast_head":"<!-- This site is optimized with the Yoast SEO plugin v23.8 - https:\/\/yoast.com\/wordpress\/plugins\/seo\/ -->\n<title>Duftbrenner f\u00fcr Bernsteinw\u00fcrfel h\u00e4ngend aus Metall schwarz<\/title>\n<meta name=\"description\" content=\"Suchen Sie einen Duftbrenner, den Sie mit einer Kerze erhitzen k\u00f6nnen, um Bernsteinw\u00fcrfel zum Schmelzen zu bringen? Dieses Modell ist wundersch\u00f6n mit einer h...\" \/>\n<meta name=\"robots\" content=\"noindex, follow, max-snippet:-1, max-image-preview:large, max-video-preview:-1\" \/>\n<meta property=\"og:locale\" content=\"de_DE\" \/>\n<meta property=\"og:type\" content=\"article\" \/>\n<meta property=\"og:title\" content=\"Duftbrenner f\u00fcr Bernsteinw\u00fcrfel h\u00e4ngend aus Metall schwarz\" \/>\n<meta property=\"og:description\" content=\"Suchen Sie einen Duftbrenner, den Sie mit einer Kerze erhitzen k\u00f6nnen, um Bernsteinw\u00fcrfel zum Schmelzen zu bringen? Dieses Modell ist wundersch\u00f6n mit einer h...\" \/>\n<meta property=\"og:url\" content=\"https:\/\/dev.eliassen.nl\/de\/duftbrenner-fur-bernsteinwurfel-hangend-aus-metall-schwarz\/\" \/>\n<meta property=\"og:site_name\" content=\"Eliassen.nl\" \/>\n<meta property=\"article:publisher\" content=\"https:\/\/www.facebook.com\/TuincentrumEliassenAmmerzoden\" \/>\n<meta property=\"article:modified_time\" content=\"2024-12-05T15:43:05+00:00\" \/>\n<meta property=\"og:image\" content=\"https:\/\/dev.eliassen.nl\/wp-content\/uploads\/2024\/01\/geurbrandervooramberblokjeshangendmetaalzwart.png\" \/>\n\t<meta property=\"og:image:width\" content=\"235\" \/>\n\t<meta property=\"og:image:height\" content=\"301\" \/>\n\t<meta property=\"og:image:type\" content=\"image\/png\" \/>\n<meta name=\"twitter:card\" content=\"summary_large_image\" \/>\n<script type=\"application\/ld+json\" class=\"yoast-schema-graph\">{\"@context\":\"https:\/\/schema.org\",\"@graph\":[{\"@type\":\"WebPage\",\"@id\":\"https:\/\/dev.eliassen.nl\/de\/duftbrenner-fur-bernsteinwurfel-hangend-aus-metall-schwarz\/\",\"url\":\"https:\/\/dev.eliassen.nl\/de\/duftbrenner-fur-bernsteinwurfel-hangend-aus-metall-schwarz\/\",\"name\":\"Duftbrenner f\u00fcr Bernsteinw\u00fcrfel h\u00e4ngend aus Metall schwarz\",\"isPartOf\":{\"@id\":\"https:\/\/dev.eliassen.nl\/de\/#website\"},\"primaryImageOfPage\":{\"@id\":\"https:\/\/dev.eliassen.nl\/de\/duftbrenner-fur-bernsteinwurfel-hangend-aus-metall-schwarz\/#primaryimage\"},\"image\":{\"@id\":\"https:\/\/dev.eliassen.nl\/de\/duftbrenner-fur-bernsteinwurfel-hangend-aus-metall-schwarz\/#primaryimage\"},\"thumbnailUrl\":\"https:\/\/dev.eliassen.nl\/wp-content\/uploads\/2024\/01\/geurbrandervooramberblokjeshangendmetaalzwart.png\",\"datePublished\":\"2024-01-11T09:46:48+00:00\",\"dateModified\":\"2024-12-05T15:43:05+00:00\",\"description\":\"Suchen Sie einen Duftbrenner, den Sie mit einer Kerze erhitzen k\u00f6nnen, um Bernsteinw\u00fcrfel zum Schmelzen zu bringen? Dieses Modell ist wundersch\u00f6n mit einer h...\",\"breadcrumb\":{\"@id\":\"https:\/\/dev.eliassen.nl\/de\/duftbrenner-fur-bernsteinwurfel-hangend-aus-metall-schwarz\/#breadcrumb\"},\"inLanguage\":\"de\",\"potentialAction\":[{\"@type\":\"ReadAction\",\"target\":[\"https:\/\/dev.eliassen.nl\/de\/duftbrenner-fur-bernsteinwurfel-hangend-aus-metall-schwarz\/\"]}]},{\"@type\":\"ImageObject\",\"inLanguage\":\"de\",\"@id\":\"https:\/\/dev.eliassen.nl\/de\/duftbrenner-fur-bernsteinwurfel-hangend-aus-metall-schwarz\/#primaryimage\",\"url\":\"https:\/\/dev.eliassen.nl\/wp-content\/uploads\/2024\/01\/geurbrandervooramberblokjeshangendmetaalzwart.png\",\"contentUrl\":\"https:\/\/dev.eliassen.nl\/wp-content\/uploads\/2024\/01\/geurbrandervooramberblokjeshangendmetaalzwart.png\",\"width\":235,\"height\":301,\"caption\":\"Geurbrander voor amberblokjes hangend metaal zwart eliassen.nl 1\"},{\"@type\":\"BreadcrumbList\",\"@id\":\"https:\/\/dev.eliassen.nl\/de\/duftbrenner-fur-bernsteinwurfel-hangend-aus-metall-schwarz\/#breadcrumb\",\"itemListElement\":[{\"@type\":\"ListItem\",\"position\":1,\"name\":\"Home\",\"item\":\"https:\/\/dev.eliassen.nl\/de\/\"},{\"@type\":\"ListItem\",\"position\":2,\"name\":\"Shop\",\"item\":\"https:\/\/dev.eliassen.nl\/nl\/winkel\/\"},{\"@type\":\"ListItem\",\"position\":3,\"name\":\"Bernsteinw\u00fcrfel\",\"item\":\"https:\/\/dev.eliassen.nl\/de\/bernsteinwuerfel\/\"},{\"@type\":\"ListItem\",\"position\":4,\"name\":\"Duftbrenner f\u00fcr Bernsteinw\u00fcrfel h\u00e4ngend aus Metall schwarz\"}]},{\"@type\":\"WebSite\",\"@id\":\"https:\/\/dev.eliassen.nl\/de\/#website\",\"url\":\"https:\/\/dev.eliassen.nl\/de\/\",\"name\":\"Eliassen Home & Garden Pleasure\",\"description\":\"\",\"publisher\":{\"@id\":\"https:\/\/dev.eliassen.nl\/de\/#organization\"},\"alternateName\":\"Eliassen.nl\",\"potentialAction\":[{\"@type\":\"SearchAction\",\"target\":{\"@type\":\"EntryPoint\",\"urlTemplate\":\"https:\/\/dev.eliassen.nl\/de\/?s={search_term_string}\"},\"query-input\":{\"@type\":\"PropertyValueSpecification\",\"valueRequired\":true,\"valueName\":\"search_term_string\"}}],\"inLanguage\":\"de\"},{\"@type\":\"Organization\",\"@id\":\"https:\/\/dev.eliassen.nl\/de\/#organization\",\"name\":\"Eliassen Home & Garden Pleasure\",\"url\":\"https:\/\/dev.eliassen.nl\/de\/\",\"logo\":{\"@type\":\"ImageObject\",\"inLanguage\":\"de\",\"@id\":\"https:\/\/dev.eliassen.nl\/de\/#\/schema\/logo\/image\/\",\"url\":\"https:\/\/www.eliassen.nl\/wp-content\/uploads\/2024\/01\/logo_4nd.jpg\",\"contentUrl\":\"https:\/\/www.eliassen.nl\/wp-content\/uploads\/2024\/01\/logo_4nd.jpg\",\"width\":500,\"height\":500,\"caption\":\"Eliassen Home & Garden Pleasure\"},\"image\":{\"@id\":\"https:\/\/dev.eliassen.nl\/de\/#\/schema\/logo\/image\/\"},\"sameAs\":[\"https:\/\/www.facebook.com\/TuincentrumEliassenAmmerzoden\",\"https:\/\/www.instagram.com\/eliassenhomeandgarden\/\",\"https:\/\/nl.pinterest.com\/eliassenhomeandgarden\/\",\"https:\/\/www.youtube.com\/@eliassenhomegardenpleasure4558\"]}]}<\/script>\n<!-- \/ Yoast SEO plugin. -->","yoast_head_json":{"title":"Duftbrenner f\u00fcr Bernsteinw\u00fcrfel h\u00e4ngend aus Metall schwarz","description":"Suchen Sie einen Duftbrenner, den Sie mit einer Kerze erhitzen k\u00f6nnen, um Bernsteinw\u00fcrfel zum Schmelzen zu bringen? Dieses Modell ist wundersch\u00f6n mit einer h...","robots":{"index":"noindex","follow":"follow","max-snippet":"max-snippet:-1","max-image-preview":"max-image-preview:large","max-video-preview":"max-video-preview:-1"},"og_locale":"de_DE","og_type":"article","og_title":"Duftbrenner f\u00fcr Bernsteinw\u00fcrfel h\u00e4ngend aus Metall schwarz","og_description":"Suchen Sie einen Duftbrenner, den Sie mit einer Kerze erhitzen k\u00f6nnen, um Bernsteinw\u00fcrfel zum Schmelzen zu bringen? Dieses Modell ist wundersch\u00f6n mit einer h...","og_url":"https:\/\/dev.eliassen.nl\/de\/duftbrenner-fur-bernsteinwurfel-hangend-aus-metall-schwarz\/","og_site_name":"Eliassen.nl","article_publisher":"https:\/\/www.facebook.com\/TuincentrumEliassenAmmerzoden","article_modified_time":"2024-12-05T15:43:05+00:00","og_image":[{"width":235,"height":301,"url":"https:\/\/dev.eliassen.nl\/wp-content\/uploads\/2024\/01\/geurbrandervooramberblokjeshangendmetaalzwart.png","type":"image\/png"}],"twitter_card":"summary_large_image","schema":{"@context":"https:\/\/schema.org","@graph":[{"@type":"WebPage","@id":"https:\/\/dev.eliassen.nl\/de\/duftbrenner-fur-bernsteinwurfel-hangend-aus-metall-schwarz\/","url":"https:\/\/dev.eliassen.nl\/de\/duftbrenner-fur-bernsteinwurfel-hangend-aus-metall-schwarz\/","name":"Duftbrenner f\u00fcr Bernsteinw\u00fcrfel h\u00e4ngend aus Metall schwarz","isPartOf":{"@id":"https:\/\/dev.eliassen.nl\/de\/#website"},"primaryImageOfPage":{"@id":"https:\/\/dev.eliassen.nl\/de\/duftbrenner-fur-bernsteinwurfel-hangend-aus-metall-schwarz\/#primaryimage"},"image":{"@id":"https:\/\/dev.eliassen.nl\/de\/duftbrenner-fur-bernsteinwurfel-hangend-aus-metall-schwarz\/#primaryimage"},"thumbnailUrl":"https:\/\/dev.eliassen.nl\/wp-content\/uploads\/2024\/01\/geurbrandervooramberblokjeshangendmetaalzwart.png","datePublished":"2024-01-11T09:46:48+00:00","dateModified":"2024-12-05T15:43:05+00:00","description":"Suchen Sie einen Duftbrenner, den Sie mit einer Kerze erhitzen k\u00f6nnen, um Bernsteinw\u00fcrfel zum Schmelzen zu bringen? Dieses Modell ist wundersch\u00f6n mit einer h...","breadcrumb":{"@id":"https:\/\/dev.eliassen.nl\/de\/duftbrenner-fur-bernsteinwurfel-hangend-aus-metall-schwarz\/#breadcrumb"},"inLanguage":"de","potentialAction":[{"@type":"ReadAction","target":["https:\/\/dev.eliassen.nl\/de\/duftbrenner-fur-bernsteinwurfel-hangend-aus-metall-schwarz\/"]}]},{"@type":"ImageObject","inLanguage":"de","@id":"https:\/\/dev.eliassen.nl\/de\/duftbrenner-fur-bernsteinwurfel-hangend-aus-metall-schwarz\/#primaryimage","url":"https:\/\/dev.eliassen.nl\/wp-content\/uploads\/2024\/01\/geurbrandervooramberblokjeshangendmetaalzwart.png","contentUrl":"https:\/\/dev.eliassen.nl\/wp-content\/uploads\/2024\/01\/geurbrandervooramberblokjeshangendmetaalzwart.png","width":235,"height":301,"caption":"Geurbrander voor amberblokjes hangend metaal zwart eliassen.nl 1"},{"@type":"BreadcrumbList","@id":"https:\/\/dev.eliassen.nl\/de\/duftbrenner-fur-bernsteinwurfel-hangend-aus-metall-schwarz\/#breadcrumb","itemListElement":[{"@type":"ListItem","position":1,"name":"Home","item":"https:\/\/dev.eliassen.nl\/de\/"},{"@type":"ListItem","position":2,"name":"Shop","item":"https:\/\/dev.eliassen.nl\/nl\/winkel\/"},{"@type":"ListItem","position":3,"name":"Bernsteinw\u00fcrfel","item":"https:\/\/dev.eliassen.nl\/de\/bernsteinwuerfel\/"},{"@type":"ListItem","position":4,"name":"Duftbrenner f\u00fcr Bernsteinw\u00fcrfel h\u00e4ngend aus Metall schwarz"}]},{"@type":"WebSite","@id":"https:\/\/dev.eliassen.nl\/de\/#website","url":"https:\/\/dev.eliassen.nl\/de\/","name":"Eliassen Home & Garden Pleasure","description":"","publisher":{"@id":"https:\/\/dev.eliassen.nl\/de\/#organization"},"alternateName":"Eliassen.nl","potentialAction":[{"@type":"SearchAction","target":{"@type":"EntryPoint","urlTemplate":"https:\/\/dev.eliassen.nl\/de\/?s={search_term_string}"},"query-input":{"@type":"PropertyValueSpecification","valueRequired":true,"valueName":"search_term_string"}}],"inLanguage":"de"},{"@type":"Organization","@id":"https:\/\/dev.eliassen.nl\/de\/#organization","name":"Eliassen Home & Garden Pleasure","url":"https:\/\/dev.eliassen.nl\/de\/","logo":{"@type":"ImageObject","inLanguage":"de","@id":"https:\/\/dev.eliassen.nl\/de\/#\/schema\/logo\/image\/","url":"https:\/\/www.eliassen.nl\/wp-content\/uploads\/2024\/01\/logo_4nd.jpg","contentUrl":"https:\/\/www.eliassen.nl\/wp-content\/uploads\/2024\/01\/logo_4nd.jpg","width":500,"height":500,"caption":"Eliassen Home & Garden Pleasure"},"image":{"@id":"https:\/\/dev.eliassen.nl\/de\/#\/schema\/logo\/image\/"},"sameAs":["https:\/\/www.facebook.com\/TuincentrumEliassenAmmerzoden","https:\/\/www.instagram.com\/eliassenhomeandgarden\/","https:\/\/nl.pinterest.com\/eliassenhomeandgarden\/","https:\/\/www.youtube.com\/@eliassenhomegardenpleasure4558"]}]}},"df_price":8.5,"df_sale_price":"","df_regular_price":8.5,"df_image_link":"https:\/\/dev.eliassen.nl\/wp-content\/uploads\/2024\/01\/geurbrandervooramberblokjeshangendmetaalzwart.png","image":"https:\/\/dev.eliassen.nl\/wp-content\/uploads\/2024\/01\/geurbrandervooramberblokjeshangendmetaalzwart.png","price_search":"<span class=\"woocommerce-Price-amount amount\"><bdi><span class=\"woocommerce-Price-currencySymbol\">&euro;<\/span>&nbsp;8,50<\/bdi><\/span>","category":"Bernsteinw\u00fcrfel","_links":{"self":[{"href":"https:\/\/dev.eliassen.nl\/de\/wp-json\/wp\/v2\/product\/98827","targetHints":{"allow":["GET"]}}],"collection":[{"href":"https:\/\/dev.eliassen.nl\/de\/wp-json\/wp\/v2\/product"}],"about":[{"href":"https:\/\/dev.eliassen.nl\/de\/wp-json\/wp\/v2\/types\/product"}],"wp:featuredmedia":[{"embeddable":true,"href":"https:\/\/dev.eliassen.nl\/de\/wp-json\/wp\/v2\/media\/98806"}],"wp:attachment":[{"href":"https:\/\/dev.eliassen.nl\/de\/wp-json\/wp\/v2\/media?parent=98827"}],"wp:term":[{"taxonomy":"product_brand","embeddable":true,"href":"https:\/\/dev.eliassen.nl\/de\/wp-json\/wp\/v2\/product_brand?post=98827"},{"taxonomy":"product_cat","embeddable":true,"href":"https:\/\/dev.eliassen.nl\/de\/wp-json\/wp\/v2\/product_cat?post=98827"},{"taxonomy":"product_tag","embeddable":true,"href":"https:\/\/dev.eliassen.nl\/de\/wp-json\/wp\/v2\/product_tag?post=98827"}],"curies":[{"name":"wp","href":"https:\/\/api.w.org\/{rel}","templated":true}]}}