{"id":98896,"date":"2024-01-11T11:33:35","date_gmt":"2024-01-11T10:33:35","guid":{"rendered":"https:\/\/www.eliassen.nl\/?product=geurbrander-metaal-schelp-honinggraad-verschillend"},"modified":"2024-12-05T16:43:11","modified_gmt":"2024-12-05T15:43:11","slug":"duftbrenner-metallschale-wabenmuster-in-verschiedenen-farben","status":"publish","type":"product","link":"https:\/\/dev.eliassen.nl\/de\/duftbrenner-metallschale-wabenmuster-in-verschiedenen-farben\/","title":{"rendered":"Duftbrenner Metallschale Wabenmuster in verschiedenen Farben"},"content":{"rendered":"<p>Der aktuellste Trend: Bernsteinw\u00fcrfel.<\/p>\n<p>Sie k\u00f6nnen Bernsteinw\u00fcrfel auf verschiedene Arten verwenden.<\/p>\n<p>Sie k\u00f6nnen Bernsteinw\u00fcrfel reiben und auf eine Sch\u00fcssel legen, sie in einem Kleiderschrank aufh\u00e4ngen oder sich f\u00fcr einen Duftbrenner entscheiden, um das Beste aus den einzelnen Bernsteinw\u00fcrfeln herauszuholen und das Dufterlebnis zu maximieren.<\/p>\n<p>Dieses Modell eines Duftbrenners besteht aus Metall in einer sch\u00f6nen runden Muschelform mit gl\u00e4nzender Oberfl\u00e4che und ist in verschiedenen Farben erh\u00e4ltlich.<\/p>\n<ul>\n<li>Gr\u00f6\u00dfe: 14x9x2,5cm<\/li>\n<li>Material: Metall<\/li>\n<li>Form: Rund<\/li>\n<li>Farbe: Verschiedene<\/li>\n<\/ul>\n","protected":false},"excerpt":{"rendered":"<p>14x9x2,5cm<\/p>\n","protected":false},"featured_media":98878,"template":"","meta":{"_acf_changed":false},"product_brand":[],"product_cat":[1358],"product_tag":[],"class_list":{"0":"post-98896","1":"product","2":"type-product","3":"status-publish","4":"has-post-thumbnail","6":"product_cat-bernsteinwuerfel","8":"first","9":"instock","10":"taxable","11":"shipping-taxable","12":"purchasable","13":"product-type-variable"},"acf":[],"yoast_head":"<!-- This site is optimized with the Yoast SEO plugin v23.8 - https:\/\/yoast.com\/wordpress\/plugins\/seo\/ -->\n<title>Duftbrenner Metallschale Wabenmuster in verschiedenen Farben - Eliassen<\/title>\n<meta name=\"description\" content=\"Metalltabletts f\u00fcr Bernsteinw\u00fcrfel in verschiedenen Farben erh\u00e4ltlich. G\u00fcnstig im Preis und einfach mit unseren Bernsteinw\u00fcrfeln kombinierbar.\" \/>\n<meta name=\"robots\" content=\"noindex, follow, max-snippet:-1, max-image-preview:large, max-video-preview:-1\" \/>\n<meta property=\"og:locale\" content=\"de_DE\" \/>\n<meta property=\"og:type\" content=\"article\" \/>\n<meta property=\"og:title\" content=\"Duftbrenner Metallschale Wabenmuster in verschiedenen Farben - Eliassen\" \/>\n<meta property=\"og:description\" content=\"Metalltabletts f\u00fcr Bernsteinw\u00fcrfel in verschiedenen Farben erh\u00e4ltlich. G\u00fcnstig im Preis und einfach mit unseren Bernsteinw\u00fcrfeln kombinierbar.\" \/>\n<meta property=\"og:url\" content=\"https:\/\/dev.eliassen.nl\/de\/duftbrenner-metallschale-wabenmuster-in-verschiedenen-farben\/\" \/>\n<meta property=\"og:site_name\" content=\"Eliassen.nl\" \/>\n<meta property=\"article:publisher\" content=\"https:\/\/www.facebook.com\/TuincentrumEliassenAmmerzoden\" \/>\n<meta property=\"article:modified_time\" content=\"2024-12-05T15:43:11+00:00\" \/>\n<meta property=\"og:image\" content=\"https:\/\/dev.eliassen.nl\/wp-content\/uploads\/2024\/01\/geurbrandermetaalschelphoninggraadverschillend.png\" \/>\n\t<meta property=\"og:image:width\" content=\"390\" \/>\n\t<meta property=\"og:image:height\" content=\"268\" \/>\n\t<meta property=\"og:image:type\" content=\"image\/png\" \/>\n<meta name=\"twitter:card\" content=\"summary_large_image\" \/>\n<script type=\"application\/ld+json\" class=\"yoast-schema-graph\">{\"@context\":\"https:\/\/schema.org\",\"@graph\":[{\"@type\":\"WebPage\",\"@id\":\"https:\/\/dev.eliassen.nl\/de\/duftbrenner-metallschale-wabenmuster-in-verschiedenen-farben\/\",\"url\":\"https:\/\/dev.eliassen.nl\/de\/duftbrenner-metallschale-wabenmuster-in-verschiedenen-farben\/\",\"name\":\"Duftbrenner Metallschale Wabenmuster in verschiedenen Farben - Eliassen\",\"isPartOf\":{\"@id\":\"https:\/\/dev.eliassen.nl\/de\/#website\"},\"primaryImageOfPage\":{\"@id\":\"https:\/\/dev.eliassen.nl\/de\/duftbrenner-metallschale-wabenmuster-in-verschiedenen-farben\/#primaryimage\"},\"image\":{\"@id\":\"https:\/\/dev.eliassen.nl\/de\/duftbrenner-metallschale-wabenmuster-in-verschiedenen-farben\/#primaryimage\"},\"thumbnailUrl\":\"https:\/\/dev.eliassen.nl\/wp-content\/uploads\/2024\/01\/geurbrandermetaalschelphoninggraadverschillend.png\",\"datePublished\":\"2024-01-11T10:33:35+00:00\",\"dateModified\":\"2024-12-05T15:43:11+00:00\",\"description\":\"Metalltabletts f\u00fcr Bernsteinw\u00fcrfel in verschiedenen Farben erh\u00e4ltlich. G\u00fcnstig im Preis und einfach mit unseren Bernsteinw\u00fcrfeln kombinierbar.\",\"breadcrumb\":{\"@id\":\"https:\/\/dev.eliassen.nl\/de\/duftbrenner-metallschale-wabenmuster-in-verschiedenen-farben\/#breadcrumb\"},\"inLanguage\":\"de\",\"potentialAction\":[{\"@type\":\"ReadAction\",\"target\":[\"https:\/\/dev.eliassen.nl\/de\/duftbrenner-metallschale-wabenmuster-in-verschiedenen-farben\/\"]}]},{\"@type\":\"ImageObject\",\"inLanguage\":\"de\",\"@id\":\"https:\/\/dev.eliassen.nl\/de\/duftbrenner-metallschale-wabenmuster-in-verschiedenen-farben\/#primaryimage\",\"url\":\"https:\/\/dev.eliassen.nl\/wp-content\/uploads\/2024\/01\/geurbrandermetaalschelphoninggraadverschillend.png\",\"contentUrl\":\"https:\/\/dev.eliassen.nl\/wp-content\/uploads\/2024\/01\/geurbrandermetaalschelphoninggraadverschillend.png\",\"width\":390,\"height\":268,\"caption\":\"Geurbrander metaal schelp honinggraad verschillende kleuren Wit eliassen.nl\"},{\"@type\":\"BreadcrumbList\",\"@id\":\"https:\/\/dev.eliassen.nl\/de\/duftbrenner-metallschale-wabenmuster-in-verschiedenen-farben\/#breadcrumb\",\"itemListElement\":[{\"@type\":\"ListItem\",\"position\":1,\"name\":\"Home\",\"item\":\"https:\/\/dev.eliassen.nl\/de\/\"},{\"@type\":\"ListItem\",\"position\":2,\"name\":\"Shop\",\"item\":\"https:\/\/dev.eliassen.nl\/nl\/winkel\/\"},{\"@type\":\"ListItem\",\"position\":3,\"name\":\"Bernsteinw\u00fcrfel\",\"item\":\"https:\/\/dev.eliassen.nl\/de\/bernsteinwuerfel\/\"},{\"@type\":\"ListItem\",\"position\":4,\"name\":\"Duftbrenner Metallschale Wabenmuster in verschiedenen Farben\"}]},{\"@type\":\"WebSite\",\"@id\":\"https:\/\/dev.eliassen.nl\/de\/#website\",\"url\":\"https:\/\/dev.eliassen.nl\/de\/\",\"name\":\"Eliassen Home & Garden Pleasure\",\"description\":\"\",\"publisher\":{\"@id\":\"https:\/\/dev.eliassen.nl\/de\/#organization\"},\"alternateName\":\"Eliassen.nl\",\"potentialAction\":[{\"@type\":\"SearchAction\",\"target\":{\"@type\":\"EntryPoint\",\"urlTemplate\":\"https:\/\/dev.eliassen.nl\/de\/?s={search_term_string}\"},\"query-input\":{\"@type\":\"PropertyValueSpecification\",\"valueRequired\":true,\"valueName\":\"search_term_string\"}}],\"inLanguage\":\"de\"},{\"@type\":\"Organization\",\"@id\":\"https:\/\/dev.eliassen.nl\/de\/#organization\",\"name\":\"Eliassen Home & Garden Pleasure\",\"url\":\"https:\/\/dev.eliassen.nl\/de\/\",\"logo\":{\"@type\":\"ImageObject\",\"inLanguage\":\"de\",\"@id\":\"https:\/\/dev.eliassen.nl\/de\/#\/schema\/logo\/image\/\",\"url\":\"https:\/\/www.eliassen.nl\/wp-content\/uploads\/2024\/01\/logo_4nd.jpg\",\"contentUrl\":\"https:\/\/www.eliassen.nl\/wp-content\/uploads\/2024\/01\/logo_4nd.jpg\",\"width\":500,\"height\":500,\"caption\":\"Eliassen Home & Garden Pleasure\"},\"image\":{\"@id\":\"https:\/\/dev.eliassen.nl\/de\/#\/schema\/logo\/image\/\"},\"sameAs\":[\"https:\/\/www.facebook.com\/TuincentrumEliassenAmmerzoden\",\"https:\/\/www.instagram.com\/eliassenhomeandgarden\/\",\"https:\/\/nl.pinterest.com\/eliassenhomeandgarden\/\",\"https:\/\/www.youtube.com\/@eliassenhomegardenpleasure4558\"]}]}<\/script>\n<!-- \/ Yoast SEO plugin. -->","yoast_head_json":{"title":"Duftbrenner Metallschale Wabenmuster in verschiedenen Farben - Eliassen","description":"Metalltabletts f\u00fcr Bernsteinw\u00fcrfel in verschiedenen Farben erh\u00e4ltlich. G\u00fcnstig im Preis und einfach mit unseren Bernsteinw\u00fcrfeln kombinierbar.","robots":{"index":"noindex","follow":"follow","max-snippet":"max-snippet:-1","max-image-preview":"max-image-preview:large","max-video-preview":"max-video-preview:-1"},"og_locale":"de_DE","og_type":"article","og_title":"Duftbrenner Metallschale Wabenmuster in verschiedenen Farben - Eliassen","og_description":"Metalltabletts f\u00fcr Bernsteinw\u00fcrfel in verschiedenen Farben erh\u00e4ltlich. G\u00fcnstig im Preis und einfach mit unseren Bernsteinw\u00fcrfeln kombinierbar.","og_url":"https:\/\/dev.eliassen.nl\/de\/duftbrenner-metallschale-wabenmuster-in-verschiedenen-farben\/","og_site_name":"Eliassen.nl","article_publisher":"https:\/\/www.facebook.com\/TuincentrumEliassenAmmerzoden","article_modified_time":"2024-12-05T15:43:11+00:00","og_image":[{"width":390,"height":268,"url":"https:\/\/dev.eliassen.nl\/wp-content\/uploads\/2024\/01\/geurbrandermetaalschelphoninggraadverschillend.png","type":"image\/png"}],"twitter_card":"summary_large_image","schema":{"@context":"https:\/\/schema.org","@graph":[{"@type":"WebPage","@id":"https:\/\/dev.eliassen.nl\/de\/duftbrenner-metallschale-wabenmuster-in-verschiedenen-farben\/","url":"https:\/\/dev.eliassen.nl\/de\/duftbrenner-metallschale-wabenmuster-in-verschiedenen-farben\/","name":"Duftbrenner Metallschale Wabenmuster in verschiedenen Farben - Eliassen","isPartOf":{"@id":"https:\/\/dev.eliassen.nl\/de\/#website"},"primaryImageOfPage":{"@id":"https:\/\/dev.eliassen.nl\/de\/duftbrenner-metallschale-wabenmuster-in-verschiedenen-farben\/#primaryimage"},"image":{"@id":"https:\/\/dev.eliassen.nl\/de\/duftbrenner-metallschale-wabenmuster-in-verschiedenen-farben\/#primaryimage"},"thumbnailUrl":"https:\/\/dev.eliassen.nl\/wp-content\/uploads\/2024\/01\/geurbrandermetaalschelphoninggraadverschillend.png","datePublished":"2024-01-11T10:33:35+00:00","dateModified":"2024-12-05T15:43:11+00:00","description":"Metalltabletts f\u00fcr Bernsteinw\u00fcrfel in verschiedenen Farben erh\u00e4ltlich. G\u00fcnstig im Preis und einfach mit unseren Bernsteinw\u00fcrfeln kombinierbar.","breadcrumb":{"@id":"https:\/\/dev.eliassen.nl\/de\/duftbrenner-metallschale-wabenmuster-in-verschiedenen-farben\/#breadcrumb"},"inLanguage":"de","potentialAction":[{"@type":"ReadAction","target":["https:\/\/dev.eliassen.nl\/de\/duftbrenner-metallschale-wabenmuster-in-verschiedenen-farben\/"]}]},{"@type":"ImageObject","inLanguage":"de","@id":"https:\/\/dev.eliassen.nl\/de\/duftbrenner-metallschale-wabenmuster-in-verschiedenen-farben\/#primaryimage","url":"https:\/\/dev.eliassen.nl\/wp-content\/uploads\/2024\/01\/geurbrandermetaalschelphoninggraadverschillend.png","contentUrl":"https:\/\/dev.eliassen.nl\/wp-content\/uploads\/2024\/01\/geurbrandermetaalschelphoninggraadverschillend.png","width":390,"height":268,"caption":"Geurbrander metaal schelp honinggraad verschillende kleuren Wit eliassen.nl"},{"@type":"BreadcrumbList","@id":"https:\/\/dev.eliassen.nl\/de\/duftbrenner-metallschale-wabenmuster-in-verschiedenen-farben\/#breadcrumb","itemListElement":[{"@type":"ListItem","position":1,"name":"Home","item":"https:\/\/dev.eliassen.nl\/de\/"},{"@type":"ListItem","position":2,"name":"Shop","item":"https:\/\/dev.eliassen.nl\/nl\/winkel\/"},{"@type":"ListItem","position":3,"name":"Bernsteinw\u00fcrfel","item":"https:\/\/dev.eliassen.nl\/de\/bernsteinwuerfel\/"},{"@type":"ListItem","position":4,"name":"Duftbrenner Metallschale Wabenmuster in verschiedenen Farben"}]},{"@type":"WebSite","@id":"https:\/\/dev.eliassen.nl\/de\/#website","url":"https:\/\/dev.eliassen.nl\/de\/","name":"Eliassen Home & Garden Pleasure","description":"","publisher":{"@id":"https:\/\/dev.eliassen.nl\/de\/#organization"},"alternateName":"Eliassen.nl","potentialAction":[{"@type":"SearchAction","target":{"@type":"EntryPoint","urlTemplate":"https:\/\/dev.eliassen.nl\/de\/?s={search_term_string}"},"query-input":{"@type":"PropertyValueSpecification","valueRequired":true,"valueName":"search_term_string"}}],"inLanguage":"de"},{"@type":"Organization","@id":"https:\/\/dev.eliassen.nl\/de\/#organization","name":"Eliassen Home & Garden Pleasure","url":"https:\/\/dev.eliassen.nl\/de\/","logo":{"@type":"ImageObject","inLanguage":"de","@id":"https:\/\/dev.eliassen.nl\/de\/#\/schema\/logo\/image\/","url":"https:\/\/www.eliassen.nl\/wp-content\/uploads\/2024\/01\/logo_4nd.jpg","contentUrl":"https:\/\/www.eliassen.nl\/wp-content\/uploads\/2024\/01\/logo_4nd.jpg","width":500,"height":500,"caption":"Eliassen Home & Garden Pleasure"},"image":{"@id":"https:\/\/dev.eliassen.nl\/de\/#\/schema\/logo\/image\/"},"sameAs":["https:\/\/www.facebook.com\/TuincentrumEliassenAmmerzoden","https:\/\/www.instagram.com\/eliassenhomeandgarden\/","https:\/\/nl.pinterest.com\/eliassenhomeandgarden\/","https:\/\/www.youtube.com\/@eliassenhomegardenpleasure4558"]}]}},"df_price":3.5,"df_sale_price":"","df_regular_price":3.5,"df_image_link":"https:\/\/dev.eliassen.nl\/wp-content\/uploads\/2024\/01\/geurbrandermetaalschelphoninggraadverschillend.png","image":"https:\/\/dev.eliassen.nl\/wp-content\/uploads\/2024\/01\/geurbrandermetaalschelphoninggraadverschillend.png","price_search":"<span class=\"woocommerce-Price-amount amount\"><bdi><span class=\"woocommerce-Price-currencySymbol\">&euro;<\/span>&nbsp;3,50<\/bdi><\/span>","category":"Bernsteinw\u00fcrfel","_links":{"self":[{"href":"https:\/\/dev.eliassen.nl\/de\/wp-json\/wp\/v2\/product\/98896","targetHints":{"allow":["GET"]}}],"collection":[{"href":"https:\/\/dev.eliassen.nl\/de\/wp-json\/wp\/v2\/product"}],"about":[{"href":"https:\/\/dev.eliassen.nl\/de\/wp-json\/wp\/v2\/types\/product"}],"wp:featuredmedia":[{"embeddable":true,"href":"https:\/\/dev.eliassen.nl\/de\/wp-json\/wp\/v2\/media\/98878"}],"wp:attachment":[{"href":"https:\/\/dev.eliassen.nl\/de\/wp-json\/wp\/v2\/media?parent=98896"}],"wp:term":[{"taxonomy":"product_brand","embeddable":true,"href":"https:\/\/dev.eliassen.nl\/de\/wp-json\/wp\/v2\/product_brand?post=98896"},{"taxonomy":"product_cat","embeddable":true,"href":"https:\/\/dev.eliassen.nl\/de\/wp-json\/wp\/v2\/product_cat?post=98896"},{"taxonomy":"product_tag","embeddable":true,"href":"https:\/\/dev.eliassen.nl\/de\/wp-json\/wp\/v2\/product_tag?post=98896"}],"curies":[{"name":"wp","href":"https:\/\/api.w.org\/{rel}","templated":true}]}}