{"id":98974,"date":"2024-01-11T12:09:31","date_gmt":"2024-01-11T11:09:31","guid":{"rendered":"https:\/\/www.eliassen.nl\/?product=copy-of-aardewerk-brander-voor-amberblokjes-creme"},"modified":"2024-12-05T16:43:16","modified_gmt":"2024-12-05T15:43:16","slug":"steingutbrenner-fur-bernsteinwurfel-kreise-sandfarben","status":"publish","type":"product","link":"https:\/\/dev.eliassen.nl\/de\/steingutbrenner-fur-bernsteinwurfel-kreise-sandfarben\/","title":{"rendered":"Steingutbrenner f\u00fcr Bernsteinw\u00fcrfel. Kreise sandfarben"},"content":{"rendered":"<p>Der aktuellste Trend: Bernsteinw\u00fcrfel.<\/p>\n<p>Sie k\u00f6nnen Bernsteinw\u00fcrfel auf verschiedene Arten verwenden.<\/p>\n<p>Sie k\u00f6nnen Bernsteinw\u00fcrfel reiben und auf eine Sch\u00fcssel legen, sie in einem Kleiderschrank aufh\u00e4ngen oder sich f\u00fcr einen Duftbrenner entscheiden, um das Beste aus den einzelnen Bernsteinw\u00fcrfeln herauszuholen und das Dufterlebnis zu maximieren.<\/p>\n<p>Dieses Modell eines Duftbrenners ist aus Steingut in einer sch\u00f6nen Zylinderform mit Kreisen in der Farbe Wei\u00dfsand gefertigt.<\/p>\n<ul>\n<li>Gr\u00f6\u00dfe: 10,9 x 10,9 x 11 cm<\/li>\n<li>Material: Steingut<\/li>\n<li>Form: Kreise<\/li>\n<li>Farbe: Sand<\/li>\n<\/ul>\n","protected":false},"excerpt":{"rendered":"<p>10,9&#215;10,9x11cm<\/p>\n","protected":false},"featured_media":98971,"template":"","meta":{"_acf_changed":false},"product_brand":[],"product_cat":[1358],"product_tag":[],"class_list":{"0":"post-98974","1":"product","2":"type-product","3":"status-publish","4":"has-post-thumbnail","6":"product_cat-bernsteinwuerfel","8":"first","9":"instock","10":"taxable","11":"shipping-taxable","12":"purchasable","13":"product-type-simple"},"acf":[],"yoast_head":"<!-- This site is optimized with the Yoast SEO plugin v23.8 - https:\/\/yoast.com\/wordpress\/plugins\/seo\/ -->\n<title>Steingutbrenner f\u00fcr Bernsteinw\u00fcrfel. Kreise sandfarben<\/title>\n<meta name=\"description\" content=\"Suchen Sie einen Brenner f\u00fcr Bernsteinw\u00fcrfel? Dieses Modell besteht aus Steingut und hat eine runde Form in Sandfarbe. Abmessungen 10,9 x 10,9 x 11 cm\" \/>\n<meta name=\"robots\" content=\"noindex, follow, max-snippet:-1, max-image-preview:large, max-video-preview:-1\" \/>\n<meta property=\"og:locale\" content=\"de_DE\" \/>\n<meta property=\"og:type\" content=\"article\" \/>\n<meta property=\"og:title\" content=\"Steingutbrenner f\u00fcr Bernsteinw\u00fcrfel. Kreise sandfarben\" \/>\n<meta property=\"og:description\" content=\"Suchen Sie einen Brenner f\u00fcr Bernsteinw\u00fcrfel? Dieses Modell besteht aus Steingut und hat eine runde Form in Sandfarbe. Abmessungen 10,9 x 10,9 x 11 cm\" \/>\n<meta property=\"og:url\" content=\"https:\/\/dev.eliassen.nl\/de\/steingutbrenner-fur-bernsteinwurfel-kreise-sandfarben\/\" \/>\n<meta property=\"og:site_name\" content=\"Eliassen.nl\" \/>\n<meta property=\"article:publisher\" content=\"https:\/\/www.facebook.com\/TuincentrumEliassenAmmerzoden\" \/>\n<meta property=\"article:modified_time\" content=\"2024-12-05T15:43:16+00:00\" \/>\n<meta property=\"og:image\" content=\"https:\/\/dev.eliassen.nl\/wp-content\/uploads\/2024\/01\/aardewerkgeurbrandervooramberblokjesdiverseva_3nd.png\" \/>\n\t<meta property=\"og:image:width\" content=\"370\" \/>\n\t<meta property=\"og:image:height\" content=\"417\" \/>\n\t<meta property=\"og:image:type\" content=\"image\/png\" \/>\n<meta name=\"twitter:card\" content=\"summary_large_image\" \/>\n<script type=\"application\/ld+json\" class=\"yoast-schema-graph\">{\"@context\":\"https:\/\/schema.org\",\"@graph\":[{\"@type\":\"WebPage\",\"@id\":\"https:\/\/dev.eliassen.nl\/de\/steingutbrenner-fur-bernsteinwurfel-kreise-sandfarben\/\",\"url\":\"https:\/\/dev.eliassen.nl\/de\/steingutbrenner-fur-bernsteinwurfel-kreise-sandfarben\/\",\"name\":\"Steingutbrenner f\u00fcr Bernsteinw\u00fcrfel. Kreise sandfarben\",\"isPartOf\":{\"@id\":\"https:\/\/dev.eliassen.nl\/de\/#website\"},\"primaryImageOfPage\":{\"@id\":\"https:\/\/dev.eliassen.nl\/de\/steingutbrenner-fur-bernsteinwurfel-kreise-sandfarben\/#primaryimage\"},\"image\":{\"@id\":\"https:\/\/dev.eliassen.nl\/de\/steingutbrenner-fur-bernsteinwurfel-kreise-sandfarben\/#primaryimage\"},\"thumbnailUrl\":\"https:\/\/dev.eliassen.nl\/wp-content\/uploads\/2024\/01\/aardewerkgeurbrandervooramberblokjesdiverseva_3nd.png\",\"datePublished\":\"2024-01-11T11:09:31+00:00\",\"dateModified\":\"2024-12-05T15:43:16+00:00\",\"description\":\"Suchen Sie einen Brenner f\u00fcr Bernsteinw\u00fcrfel? Dieses Modell besteht aus Steingut und hat eine runde Form in Sandfarbe. Abmessungen 10,9 x 10,9 x 11 cm\",\"breadcrumb\":{\"@id\":\"https:\/\/dev.eliassen.nl\/de\/steingutbrenner-fur-bernsteinwurfel-kreise-sandfarben\/#breadcrumb\"},\"inLanguage\":\"de\",\"potentialAction\":[{\"@type\":\"ReadAction\",\"target\":[\"https:\/\/dev.eliassen.nl\/de\/steingutbrenner-fur-bernsteinwurfel-kreise-sandfarben\/\"]}]},{\"@type\":\"ImageObject\",\"inLanguage\":\"de\",\"@id\":\"https:\/\/dev.eliassen.nl\/de\/steingutbrenner-fur-bernsteinwurfel-kreise-sandfarben\/#primaryimage\",\"url\":\"https:\/\/dev.eliassen.nl\/wp-content\/uploads\/2024\/01\/aardewerkgeurbrandervooramberblokjesdiverseva_3nd.png\",\"contentUrl\":\"https:\/\/dev.eliassen.nl\/wp-content\/uploads\/2024\/01\/aardewerkgeurbrandervooramberblokjesdiverseva_3nd.png\",\"width\":370,\"height\":417,\"caption\":\"Aardewerk geurbrander voor amberblokjes diverse varianten Zand cirkels eliassen.nl\"},{\"@type\":\"BreadcrumbList\",\"@id\":\"https:\/\/dev.eliassen.nl\/de\/steingutbrenner-fur-bernsteinwurfel-kreise-sandfarben\/#breadcrumb\",\"itemListElement\":[{\"@type\":\"ListItem\",\"position\":1,\"name\":\"Home\",\"item\":\"https:\/\/dev.eliassen.nl\/de\/\"},{\"@type\":\"ListItem\",\"position\":2,\"name\":\"Shop\",\"item\":\"https:\/\/dev.eliassen.nl\/nl\/winkel\/\"},{\"@type\":\"ListItem\",\"position\":3,\"name\":\"Bernsteinw\u00fcrfel\",\"item\":\"https:\/\/dev.eliassen.nl\/de\/bernsteinwuerfel\/\"},{\"@type\":\"ListItem\",\"position\":4,\"name\":\"Steingutbrenner f\u00fcr Bernsteinw\u00fcrfel. Kreise sandfarben\"}]},{\"@type\":\"WebSite\",\"@id\":\"https:\/\/dev.eliassen.nl\/de\/#website\",\"url\":\"https:\/\/dev.eliassen.nl\/de\/\",\"name\":\"Eliassen Home & Garden Pleasure\",\"description\":\"\",\"publisher\":{\"@id\":\"https:\/\/dev.eliassen.nl\/de\/#organization\"},\"alternateName\":\"Eliassen.nl\",\"potentialAction\":[{\"@type\":\"SearchAction\",\"target\":{\"@type\":\"EntryPoint\",\"urlTemplate\":\"https:\/\/dev.eliassen.nl\/de\/?s={search_term_string}\"},\"query-input\":{\"@type\":\"PropertyValueSpecification\",\"valueRequired\":true,\"valueName\":\"search_term_string\"}}],\"inLanguage\":\"de\"},{\"@type\":\"Organization\",\"@id\":\"https:\/\/dev.eliassen.nl\/de\/#organization\",\"name\":\"Eliassen Home & Garden Pleasure\",\"url\":\"https:\/\/dev.eliassen.nl\/de\/\",\"logo\":{\"@type\":\"ImageObject\",\"inLanguage\":\"de\",\"@id\":\"https:\/\/dev.eliassen.nl\/de\/#\/schema\/logo\/image\/\",\"url\":\"https:\/\/www.eliassen.nl\/wp-content\/uploads\/2024\/01\/logo_4nd.jpg\",\"contentUrl\":\"https:\/\/www.eliassen.nl\/wp-content\/uploads\/2024\/01\/logo_4nd.jpg\",\"width\":500,\"height\":500,\"caption\":\"Eliassen Home & Garden Pleasure\"},\"image\":{\"@id\":\"https:\/\/dev.eliassen.nl\/de\/#\/schema\/logo\/image\/\"},\"sameAs\":[\"https:\/\/www.facebook.com\/TuincentrumEliassenAmmerzoden\",\"https:\/\/www.instagram.com\/eliassenhomeandgarden\/\",\"https:\/\/nl.pinterest.com\/eliassenhomeandgarden\/\",\"https:\/\/www.youtube.com\/@eliassenhomegardenpleasure4558\"]}]}<\/script>\n<!-- \/ Yoast SEO plugin. -->","yoast_head_json":{"title":"Steingutbrenner f\u00fcr Bernsteinw\u00fcrfel. Kreise sandfarben","description":"Suchen Sie einen Brenner f\u00fcr Bernsteinw\u00fcrfel? Dieses Modell besteht aus Steingut und hat eine runde Form in Sandfarbe. Abmessungen 10,9 x 10,9 x 11 cm","robots":{"index":"noindex","follow":"follow","max-snippet":"max-snippet:-1","max-image-preview":"max-image-preview:large","max-video-preview":"max-video-preview:-1"},"og_locale":"de_DE","og_type":"article","og_title":"Steingutbrenner f\u00fcr Bernsteinw\u00fcrfel. Kreise sandfarben","og_description":"Suchen Sie einen Brenner f\u00fcr Bernsteinw\u00fcrfel? Dieses Modell besteht aus Steingut und hat eine runde Form in Sandfarbe. Abmessungen 10,9 x 10,9 x 11 cm","og_url":"https:\/\/dev.eliassen.nl\/de\/steingutbrenner-fur-bernsteinwurfel-kreise-sandfarben\/","og_site_name":"Eliassen.nl","article_publisher":"https:\/\/www.facebook.com\/TuincentrumEliassenAmmerzoden","article_modified_time":"2024-12-05T15:43:16+00:00","og_image":[{"width":370,"height":417,"url":"https:\/\/dev.eliassen.nl\/wp-content\/uploads\/2024\/01\/aardewerkgeurbrandervooramberblokjesdiverseva_3nd.png","type":"image\/png"}],"twitter_card":"summary_large_image","schema":{"@context":"https:\/\/schema.org","@graph":[{"@type":"WebPage","@id":"https:\/\/dev.eliassen.nl\/de\/steingutbrenner-fur-bernsteinwurfel-kreise-sandfarben\/","url":"https:\/\/dev.eliassen.nl\/de\/steingutbrenner-fur-bernsteinwurfel-kreise-sandfarben\/","name":"Steingutbrenner f\u00fcr Bernsteinw\u00fcrfel. Kreise sandfarben","isPartOf":{"@id":"https:\/\/dev.eliassen.nl\/de\/#website"},"primaryImageOfPage":{"@id":"https:\/\/dev.eliassen.nl\/de\/steingutbrenner-fur-bernsteinwurfel-kreise-sandfarben\/#primaryimage"},"image":{"@id":"https:\/\/dev.eliassen.nl\/de\/steingutbrenner-fur-bernsteinwurfel-kreise-sandfarben\/#primaryimage"},"thumbnailUrl":"https:\/\/dev.eliassen.nl\/wp-content\/uploads\/2024\/01\/aardewerkgeurbrandervooramberblokjesdiverseva_3nd.png","datePublished":"2024-01-11T11:09:31+00:00","dateModified":"2024-12-05T15:43:16+00:00","description":"Suchen Sie einen Brenner f\u00fcr Bernsteinw\u00fcrfel? Dieses Modell besteht aus Steingut und hat eine runde Form in Sandfarbe. Abmessungen 10,9 x 10,9 x 11 cm","breadcrumb":{"@id":"https:\/\/dev.eliassen.nl\/de\/steingutbrenner-fur-bernsteinwurfel-kreise-sandfarben\/#breadcrumb"},"inLanguage":"de","potentialAction":[{"@type":"ReadAction","target":["https:\/\/dev.eliassen.nl\/de\/steingutbrenner-fur-bernsteinwurfel-kreise-sandfarben\/"]}]},{"@type":"ImageObject","inLanguage":"de","@id":"https:\/\/dev.eliassen.nl\/de\/steingutbrenner-fur-bernsteinwurfel-kreise-sandfarben\/#primaryimage","url":"https:\/\/dev.eliassen.nl\/wp-content\/uploads\/2024\/01\/aardewerkgeurbrandervooramberblokjesdiverseva_3nd.png","contentUrl":"https:\/\/dev.eliassen.nl\/wp-content\/uploads\/2024\/01\/aardewerkgeurbrandervooramberblokjesdiverseva_3nd.png","width":370,"height":417,"caption":"Aardewerk geurbrander voor amberblokjes diverse varianten Zand cirkels eliassen.nl"},{"@type":"BreadcrumbList","@id":"https:\/\/dev.eliassen.nl\/de\/steingutbrenner-fur-bernsteinwurfel-kreise-sandfarben\/#breadcrumb","itemListElement":[{"@type":"ListItem","position":1,"name":"Home","item":"https:\/\/dev.eliassen.nl\/de\/"},{"@type":"ListItem","position":2,"name":"Shop","item":"https:\/\/dev.eliassen.nl\/nl\/winkel\/"},{"@type":"ListItem","position":3,"name":"Bernsteinw\u00fcrfel","item":"https:\/\/dev.eliassen.nl\/de\/bernsteinwuerfel\/"},{"@type":"ListItem","position":4,"name":"Steingutbrenner f\u00fcr Bernsteinw\u00fcrfel. Kreise sandfarben"}]},{"@type":"WebSite","@id":"https:\/\/dev.eliassen.nl\/de\/#website","url":"https:\/\/dev.eliassen.nl\/de\/","name":"Eliassen Home & Garden Pleasure","description":"","publisher":{"@id":"https:\/\/dev.eliassen.nl\/de\/#organization"},"alternateName":"Eliassen.nl","potentialAction":[{"@type":"SearchAction","target":{"@type":"EntryPoint","urlTemplate":"https:\/\/dev.eliassen.nl\/de\/?s={search_term_string}"},"query-input":{"@type":"PropertyValueSpecification","valueRequired":true,"valueName":"search_term_string"}}],"inLanguage":"de"},{"@type":"Organization","@id":"https:\/\/dev.eliassen.nl\/de\/#organization","name":"Eliassen Home & Garden Pleasure","url":"https:\/\/dev.eliassen.nl\/de\/","logo":{"@type":"ImageObject","inLanguage":"de","@id":"https:\/\/dev.eliassen.nl\/de\/#\/schema\/logo\/image\/","url":"https:\/\/www.eliassen.nl\/wp-content\/uploads\/2024\/01\/logo_4nd.jpg","contentUrl":"https:\/\/www.eliassen.nl\/wp-content\/uploads\/2024\/01\/logo_4nd.jpg","width":500,"height":500,"caption":"Eliassen Home & Garden Pleasure"},"image":{"@id":"https:\/\/dev.eliassen.nl\/de\/#\/schema\/logo\/image\/"},"sameAs":["https:\/\/www.facebook.com\/TuincentrumEliassenAmmerzoden","https:\/\/www.instagram.com\/eliassenhomeandgarden\/","https:\/\/nl.pinterest.com\/eliassenhomeandgarden\/","https:\/\/www.youtube.com\/@eliassenhomegardenpleasure4558"]}]}},"df_price":6,"df_sale_price":"","df_regular_price":6,"df_image_link":"https:\/\/dev.eliassen.nl\/wp-content\/uploads\/2024\/01\/aardewerkgeurbrandervooramberblokjesdiverseva_3nd.png","image":"https:\/\/dev.eliassen.nl\/wp-content\/uploads\/2024\/01\/aardewerkgeurbrandervooramberblokjesdiverseva_3nd.png","price_search":"<span class=\"woocommerce-Price-amount amount\"><bdi><span class=\"woocommerce-Price-currencySymbol\">&euro;<\/span>&nbsp;6,00<\/bdi><\/span>","category":"Bernsteinw\u00fcrfel","_links":{"self":[{"href":"https:\/\/dev.eliassen.nl\/de\/wp-json\/wp\/v2\/product\/98974","targetHints":{"allow":["GET"]}}],"collection":[{"href":"https:\/\/dev.eliassen.nl\/de\/wp-json\/wp\/v2\/product"}],"about":[{"href":"https:\/\/dev.eliassen.nl\/de\/wp-json\/wp\/v2\/types\/product"}],"wp:featuredmedia":[{"embeddable":true,"href":"https:\/\/dev.eliassen.nl\/de\/wp-json\/wp\/v2\/media\/98971"}],"wp:attachment":[{"href":"https:\/\/dev.eliassen.nl\/de\/wp-json\/wp\/v2\/media?parent=98974"}],"wp:term":[{"taxonomy":"product_brand","embeddable":true,"href":"https:\/\/dev.eliassen.nl\/de\/wp-json\/wp\/v2\/product_brand?post=98974"},{"taxonomy":"product_cat","embeddable":true,"href":"https:\/\/dev.eliassen.nl\/de\/wp-json\/wp\/v2\/product_cat?post=98974"},{"taxonomy":"product_tag","embeddable":true,"href":"https:\/\/dev.eliassen.nl\/de\/wp-json\/wp\/v2\/product_tag?post=98974"}],"curies":[{"name":"wp","href":"https:\/\/api.w.org\/{rel}","templated":true}]}}