{"id":98989,"date":"2024-01-17T10:27:17","date_gmt":"2024-01-17T09:27:17","guid":{"rendered":"https:\/\/www.eliassen.nl\/?product=spiegel-rond-industrieel-goud-lazer-75x75cm"},"modified":"2024-12-05T16:43:20","modified_gmt":"2024-12-05T15:43:20","slug":"spiegel-rund-aus-metall-gold-lazer-75x75cm","status":"publish","type":"product","link":"https:\/\/dev.eliassen.nl\/de\/spiegel-rund-aus-metall-gold-lazer-75x75cm\/","title":{"rendered":"Spiegel rund aus Metall gold Lazer 75x75cm"},"content":{"rendered":"<p>Wundersch\u00f6ner, raffinierter, klassischer runder Metallspiegel in der Farbe Gold\/Braun mit einer Kette zum Aufh\u00e4ngen. Der klassische Rahmen besteht aus Metall, das eine sch\u00f6ne Optik hat. Kurz gesagt, ein hochwertiger Spiegel, der in jedem Zuhause oder Gesch\u00e4ft seinen Platz findet.<\/p>\n<p><strong>In unserem Shop k\u00f6nnen Sie fast alles aus dieser Serie auch live sehen und mitnehmen.<\/strong><\/p>\n<p><strong>Auch sch\u00f6ne Aktionen, die es nicht im Webshop gibt.<\/strong><\/p>\n<ul>\n<li>Au\u00dfengr\u00f6\u00dfe: 75x75cm<\/li>\n<li>Form: Rund<\/li>\n<li>Farbe: Gold\/Braun<\/li>\n<li>Material: Metall\/Glas<\/li>\n<li><strong>Bitte beachten Sie, dass wir Spiegel nur dann zur\u00fccknehmen, wenn Sie sie in der Originalverpackung zur\u00fccksenden.<\/strong><\/li>\n<\/ul>\n","protected":false},"excerpt":{"rendered":"<p>Aus Metall und Glas<\/p>\n","protected":false},"featured_media":98986,"template":"","meta":{"_acf_changed":false},"product_brand":[],"product_cat":[1463,509,7051],"product_tag":[],"class_list":{"0":"post-98989","1":"product","2":"type-product","3":"status-publish","4":"has-post-thumbnail","6":"product_cat-industriespiegel","7":"product_cat-wanddekoration","8":"product_cat-spiegel","10":"first","11":"instock","12":"taxable","13":"shipping-taxable","14":"purchasable","15":"product-type-simple"},"acf":[],"yoast_head":"<!-- This site is optimized with the Yoast SEO plugin v23.8 - https:\/\/yoast.com\/wordpress\/plugins\/seo\/ -->\n<title>Spiegel rund aus Metall gold Lazer 75x75cm - Eliassen.nl<\/title>\n<meta name=\"description\" content=\"Suchen Sie einen runden Spiegel aus Metall in der Farbe Gold? Dieses Modell hat eine wundersch\u00f6ne braun-goldene Farbe und einen blumen\u00e4hnlichen Stil.\" \/>\n<meta name=\"robots\" content=\"noindex, follow, max-snippet:-1, max-image-preview:large, max-video-preview:-1\" \/>\n<meta property=\"og:locale\" content=\"de_DE\" \/>\n<meta property=\"og:type\" content=\"article\" \/>\n<meta property=\"og:title\" content=\"Spiegel rund aus Metall gold Lazer 75x75cm - Eliassen.nl\" \/>\n<meta property=\"og:description\" content=\"Suchen Sie einen runden Spiegel aus Metall in der Farbe Gold? Dieses Modell hat eine wundersch\u00f6ne braun-goldene Farbe und einen blumen\u00e4hnlichen Stil.\" \/>\n<meta property=\"og:url\" content=\"https:\/\/dev.eliassen.nl\/de\/spiegel-rund-aus-metall-gold-lazer-75x75cm\/\" \/>\n<meta property=\"og:site_name\" content=\"Eliassen.nl\" \/>\n<meta property=\"article:publisher\" content=\"https:\/\/www.facebook.com\/TuincentrumEliassenAmmerzoden\" \/>\n<meta property=\"article:modified_time\" content=\"2024-12-05T15:43:20+00:00\" \/>\n<meta property=\"og:image\" content=\"https:\/\/dev.eliassen.nl\/wp-content\/uploads\/2024\/01\/spiegelrondmetaalgoudlazer75x75cmeliassennl.png\" \/>\n\t<meta property=\"og:image:width\" content=\"768\" \/>\n\t<meta property=\"og:image:height\" content=\"1024\" \/>\n\t<meta property=\"og:image:type\" content=\"image\/png\" \/>\n<meta name=\"twitter:card\" content=\"summary_large_image\" \/>\n<script type=\"application\/ld+json\" class=\"yoast-schema-graph\">{\"@context\":\"https:\/\/schema.org\",\"@graph\":[{\"@type\":\"WebPage\",\"@id\":\"https:\/\/dev.eliassen.nl\/de\/spiegel-rund-aus-metall-gold-lazer-75x75cm\/\",\"url\":\"https:\/\/dev.eliassen.nl\/de\/spiegel-rund-aus-metall-gold-lazer-75x75cm\/\",\"name\":\"Spiegel rund aus Metall gold Lazer 75x75cm - Eliassen.nl\",\"isPartOf\":{\"@id\":\"https:\/\/dev.eliassen.nl\/de\/#website\"},\"primaryImageOfPage\":{\"@id\":\"https:\/\/dev.eliassen.nl\/de\/spiegel-rund-aus-metall-gold-lazer-75x75cm\/#primaryimage\"},\"image\":{\"@id\":\"https:\/\/dev.eliassen.nl\/de\/spiegel-rund-aus-metall-gold-lazer-75x75cm\/#primaryimage\"},\"thumbnailUrl\":\"https:\/\/dev.eliassen.nl\/wp-content\/uploads\/2024\/01\/spiegelrondmetaalgoudlazer75x75cmeliassennl.png\",\"datePublished\":\"2024-01-17T09:27:17+00:00\",\"dateModified\":\"2024-12-05T15:43:20+00:00\",\"description\":\"Suchen Sie einen runden Spiegel aus Metall in der Farbe Gold? Dieses Modell hat eine wundersch\u00f6ne braun-goldene Farbe und einen blumen\u00e4hnlichen Stil.\",\"breadcrumb\":{\"@id\":\"https:\/\/dev.eliassen.nl\/de\/spiegel-rund-aus-metall-gold-lazer-75x75cm\/#breadcrumb\"},\"inLanguage\":\"de\",\"potentialAction\":[{\"@type\":\"ReadAction\",\"target\":[\"https:\/\/dev.eliassen.nl\/de\/spiegel-rund-aus-metall-gold-lazer-75x75cm\/\"]}]},{\"@type\":\"ImageObject\",\"inLanguage\":\"de\",\"@id\":\"https:\/\/dev.eliassen.nl\/de\/spiegel-rund-aus-metall-gold-lazer-75x75cm\/#primaryimage\",\"url\":\"https:\/\/dev.eliassen.nl\/wp-content\/uploads\/2024\/01\/spiegelrondmetaalgoudlazer75x75cmeliassennl.png\",\"contentUrl\":\"https:\/\/dev.eliassen.nl\/wp-content\/uploads\/2024\/01\/spiegelrondmetaalgoudlazer75x75cmeliassennl.png\",\"width\":1530,\"height\":2040,\"caption\":\"Spiegel rond metaal goud Lazer 75x75cm eliassen.nl\"},{\"@type\":\"BreadcrumbList\",\"@id\":\"https:\/\/dev.eliassen.nl\/de\/spiegel-rund-aus-metall-gold-lazer-75x75cm\/#breadcrumb\",\"itemListElement\":[{\"@type\":\"ListItem\",\"position\":1,\"name\":\"Home\",\"item\":\"https:\/\/dev.eliassen.nl\/de\/\"},{\"@type\":\"ListItem\",\"position\":2,\"name\":\"Shop\",\"item\":\"https:\/\/dev.eliassen.nl\/nl\/winkel\/\"},{\"@type\":\"ListItem\",\"position\":3,\"name\":\"Wanddekoration\",\"item\":\"https:\/\/dev.eliassen.nl\/de\/wanddekoration\/\"},{\"@type\":\"ListItem\",\"position\":4,\"name\":\"Industriespiegel\",\"item\":\"https:\/\/dev.eliassen.nl\/de\/wanddekoration\/industriespiegel\/\"},{\"@type\":\"ListItem\",\"position\":5,\"name\":\"Spiegel rund aus Metall gold Lazer 75x75cm\"}]},{\"@type\":\"WebSite\",\"@id\":\"https:\/\/dev.eliassen.nl\/de\/#website\",\"url\":\"https:\/\/dev.eliassen.nl\/de\/\",\"name\":\"Eliassen Home & Garden Pleasure\",\"description\":\"\",\"publisher\":{\"@id\":\"https:\/\/dev.eliassen.nl\/de\/#organization\"},\"alternateName\":\"Eliassen.nl\",\"potentialAction\":[{\"@type\":\"SearchAction\",\"target\":{\"@type\":\"EntryPoint\",\"urlTemplate\":\"https:\/\/dev.eliassen.nl\/de\/?s={search_term_string}\"},\"query-input\":{\"@type\":\"PropertyValueSpecification\",\"valueRequired\":true,\"valueName\":\"search_term_string\"}}],\"inLanguage\":\"de\"},{\"@type\":\"Organization\",\"@id\":\"https:\/\/dev.eliassen.nl\/de\/#organization\",\"name\":\"Eliassen Home & Garden Pleasure\",\"url\":\"https:\/\/dev.eliassen.nl\/de\/\",\"logo\":{\"@type\":\"ImageObject\",\"inLanguage\":\"de\",\"@id\":\"https:\/\/dev.eliassen.nl\/de\/#\/schema\/logo\/image\/\",\"url\":\"https:\/\/www.eliassen.nl\/wp-content\/uploads\/2024\/01\/logo_4nd.jpg\",\"contentUrl\":\"https:\/\/www.eliassen.nl\/wp-content\/uploads\/2024\/01\/logo_4nd.jpg\",\"width\":500,\"height\":500,\"caption\":\"Eliassen Home & Garden Pleasure\"},\"image\":{\"@id\":\"https:\/\/dev.eliassen.nl\/de\/#\/schema\/logo\/image\/\"},\"sameAs\":[\"https:\/\/www.facebook.com\/TuincentrumEliassenAmmerzoden\",\"https:\/\/www.instagram.com\/eliassenhomeandgarden\/\",\"https:\/\/nl.pinterest.com\/eliassenhomeandgarden\/\",\"https:\/\/www.youtube.com\/@eliassenhomegardenpleasure4558\"]}]}<\/script>\n<!-- \/ Yoast SEO plugin. -->","yoast_head_json":{"title":"Spiegel rund aus Metall gold Lazer 75x75cm - Eliassen.nl","description":"Suchen Sie einen runden Spiegel aus Metall in der Farbe Gold? Dieses Modell hat eine wundersch\u00f6ne braun-goldene Farbe und einen blumen\u00e4hnlichen Stil.","robots":{"index":"noindex","follow":"follow","max-snippet":"max-snippet:-1","max-image-preview":"max-image-preview:large","max-video-preview":"max-video-preview:-1"},"og_locale":"de_DE","og_type":"article","og_title":"Spiegel rund aus Metall gold Lazer 75x75cm - Eliassen.nl","og_description":"Suchen Sie einen runden Spiegel aus Metall in der Farbe Gold? Dieses Modell hat eine wundersch\u00f6ne braun-goldene Farbe und einen blumen\u00e4hnlichen Stil.","og_url":"https:\/\/dev.eliassen.nl\/de\/spiegel-rund-aus-metall-gold-lazer-75x75cm\/","og_site_name":"Eliassen.nl","article_publisher":"https:\/\/www.facebook.com\/TuincentrumEliassenAmmerzoden","article_modified_time":"2024-12-05T15:43:20+00:00","og_image":[{"url":"https:\/\/dev.eliassen.nl\/wp-content\/uploads\/2024\/01\/spiegelrondmetaalgoudlazer75x75cmeliassennl.png","width":768,"height":1024,"type":"image\/png"}],"twitter_card":"summary_large_image","schema":{"@context":"https:\/\/schema.org","@graph":[{"@type":"WebPage","@id":"https:\/\/dev.eliassen.nl\/de\/spiegel-rund-aus-metall-gold-lazer-75x75cm\/","url":"https:\/\/dev.eliassen.nl\/de\/spiegel-rund-aus-metall-gold-lazer-75x75cm\/","name":"Spiegel rund aus Metall gold Lazer 75x75cm - Eliassen.nl","isPartOf":{"@id":"https:\/\/dev.eliassen.nl\/de\/#website"},"primaryImageOfPage":{"@id":"https:\/\/dev.eliassen.nl\/de\/spiegel-rund-aus-metall-gold-lazer-75x75cm\/#primaryimage"},"image":{"@id":"https:\/\/dev.eliassen.nl\/de\/spiegel-rund-aus-metall-gold-lazer-75x75cm\/#primaryimage"},"thumbnailUrl":"https:\/\/dev.eliassen.nl\/wp-content\/uploads\/2024\/01\/spiegelrondmetaalgoudlazer75x75cmeliassennl.png","datePublished":"2024-01-17T09:27:17+00:00","dateModified":"2024-12-05T15:43:20+00:00","description":"Suchen Sie einen runden Spiegel aus Metall in der Farbe Gold? Dieses Modell hat eine wundersch\u00f6ne braun-goldene Farbe und einen blumen\u00e4hnlichen Stil.","breadcrumb":{"@id":"https:\/\/dev.eliassen.nl\/de\/spiegel-rund-aus-metall-gold-lazer-75x75cm\/#breadcrumb"},"inLanguage":"de","potentialAction":[{"@type":"ReadAction","target":["https:\/\/dev.eliassen.nl\/de\/spiegel-rund-aus-metall-gold-lazer-75x75cm\/"]}]},{"@type":"ImageObject","inLanguage":"de","@id":"https:\/\/dev.eliassen.nl\/de\/spiegel-rund-aus-metall-gold-lazer-75x75cm\/#primaryimage","url":"https:\/\/dev.eliassen.nl\/wp-content\/uploads\/2024\/01\/spiegelrondmetaalgoudlazer75x75cmeliassennl.png","contentUrl":"https:\/\/dev.eliassen.nl\/wp-content\/uploads\/2024\/01\/spiegelrondmetaalgoudlazer75x75cmeliassennl.png","width":1530,"height":2040,"caption":"Spiegel rond metaal goud Lazer 75x75cm eliassen.nl"},{"@type":"BreadcrumbList","@id":"https:\/\/dev.eliassen.nl\/de\/spiegel-rund-aus-metall-gold-lazer-75x75cm\/#breadcrumb","itemListElement":[{"@type":"ListItem","position":1,"name":"Home","item":"https:\/\/dev.eliassen.nl\/de\/"},{"@type":"ListItem","position":2,"name":"Shop","item":"https:\/\/dev.eliassen.nl\/nl\/winkel\/"},{"@type":"ListItem","position":3,"name":"Wanddekoration","item":"https:\/\/dev.eliassen.nl\/de\/wanddekoration\/"},{"@type":"ListItem","position":4,"name":"Industriespiegel","item":"https:\/\/dev.eliassen.nl\/de\/wanddekoration\/industriespiegel\/"},{"@type":"ListItem","position":5,"name":"Spiegel rund aus Metall gold Lazer 75x75cm"}]},{"@type":"WebSite","@id":"https:\/\/dev.eliassen.nl\/de\/#website","url":"https:\/\/dev.eliassen.nl\/de\/","name":"Eliassen Home & Garden Pleasure","description":"","publisher":{"@id":"https:\/\/dev.eliassen.nl\/de\/#organization"},"alternateName":"Eliassen.nl","potentialAction":[{"@type":"SearchAction","target":{"@type":"EntryPoint","urlTemplate":"https:\/\/dev.eliassen.nl\/de\/?s={search_term_string}"},"query-input":{"@type":"PropertyValueSpecification","valueRequired":true,"valueName":"search_term_string"}}],"inLanguage":"de"},{"@type":"Organization","@id":"https:\/\/dev.eliassen.nl\/de\/#organization","name":"Eliassen Home & Garden Pleasure","url":"https:\/\/dev.eliassen.nl\/de\/","logo":{"@type":"ImageObject","inLanguage":"de","@id":"https:\/\/dev.eliassen.nl\/de\/#\/schema\/logo\/image\/","url":"https:\/\/www.eliassen.nl\/wp-content\/uploads\/2024\/01\/logo_4nd.jpg","contentUrl":"https:\/\/www.eliassen.nl\/wp-content\/uploads\/2024\/01\/logo_4nd.jpg","width":500,"height":500,"caption":"Eliassen Home & Garden Pleasure"},"image":{"@id":"https:\/\/dev.eliassen.nl\/de\/#\/schema\/logo\/image\/"},"sameAs":["https:\/\/www.facebook.com\/TuincentrumEliassenAmmerzoden","https:\/\/www.instagram.com\/eliassenhomeandgarden\/","https:\/\/nl.pinterest.com\/eliassenhomeandgarden\/","https:\/\/www.youtube.com\/@eliassenhomegardenpleasure4558"]}]}},"df_price":99,"df_sale_price":"","df_regular_price":99,"df_image_link":"https:\/\/dev.eliassen.nl\/wp-content\/uploads\/2024\/01\/spiegelrondmetaalgoudlazer75x75cmeliassennl.png","image":"https:\/\/dev.eliassen.nl\/wp-content\/uploads\/2024\/01\/spiegelrondmetaalgoudlazer75x75cmeliassennl.png","price_search":"<span class=\"woocommerce-Price-amount amount\"><bdi><span class=\"woocommerce-Price-currencySymbol\">&euro;<\/span>&nbsp;99,00<\/bdi><\/span>","category":"Industriespiegel","_links":{"self":[{"href":"https:\/\/dev.eliassen.nl\/de\/wp-json\/wp\/v2\/product\/98989","targetHints":{"allow":["GET"]}}],"collection":[{"href":"https:\/\/dev.eliassen.nl\/de\/wp-json\/wp\/v2\/product"}],"about":[{"href":"https:\/\/dev.eliassen.nl\/de\/wp-json\/wp\/v2\/types\/product"}],"wp:featuredmedia":[{"embeddable":true,"href":"https:\/\/dev.eliassen.nl\/de\/wp-json\/wp\/v2\/media\/98986"}],"wp:attachment":[{"href":"https:\/\/dev.eliassen.nl\/de\/wp-json\/wp\/v2\/media?parent=98989"}],"wp:term":[{"taxonomy":"product_brand","embeddable":true,"href":"https:\/\/dev.eliassen.nl\/de\/wp-json\/wp\/v2\/product_brand?post=98989"},{"taxonomy":"product_cat","embeddable":true,"href":"https:\/\/dev.eliassen.nl\/de\/wp-json\/wp\/v2\/product_cat?post=98989"},{"taxonomy":"product_tag","embeddable":true,"href":"https:\/\/dev.eliassen.nl\/de\/wp-json\/wp\/v2\/product_tag?post=98989"}],"curies":[{"name":"wp","href":"https:\/\/api.w.org\/{rel}","templated":true}]}}