{"id":99019,"date":"2024-01-17T10:42:07","date_gmt":"2024-01-17T09:42:07","guid":{"rendered":"https:\/\/www.eliassen.nl\/?product=copy-of-spiegel-staand-rechthoekig-zilver-parijs-4"},"modified":"2024-12-05T16:43:22","modified_gmt":"2024-12-05T15:43:22","slug":"standspiegel-aus-metall-rund-schwarz-boston-40x180cm","status":"publish","type":"product","link":"https:\/\/dev.eliassen.nl\/de\/standspiegel-aus-metall-rund-schwarz-boston-40x180cm\/","title":{"rendered":"Spiegel mit Ablage f\u00fcr Badezimmer oder Schlafzimmer, schwarz, Boston, 40 x 180 cm"},"content":{"rendered":"<p>Sch\u00f6ner, raffinierter, moderner Standspiegel in schwarzer Farbe. Der moderne Rahmen besteht aus Metall, das ein sch\u00f6nes, modernes Aussehen hat. Ein idealer Spiegel f\u00fcr das Badezimmer oder Schlafzimmer, den Sie an der Wand platzieren k\u00f6nnen, wo immer Sie m\u00f6chten. Au\u00dferdem k\u00f6nnen Sie Kleidung oder Handt\u00fccher in 2 H\u00f6hen aufh\u00e4ngen. Kurz gesagt, ein hochwertiger Spiegel, der in jedem Zuhause oder Gesch\u00e4ft seinen Platz findet.<\/p>\n<p><strong>In unserem Shop k\u00f6nnen Sie fast alles aus dieser Serie auch live sehen und mitnehmen.<\/strong><\/p>\n<p><strong>Auch sch\u00f6ne Aktionen, die es nicht im Webshop gibt.<\/strong><\/p>\n<ul>\n<li>Au\u00dfengr\u00f6\u00dfe: 40x180cm<\/li>\n<li>Spiegelgr\u00f6\u00dfe: 36x64cm<\/li>\n<li>Form: Rund<\/li>\n<li>Farbe schwarz<\/li>\n<li>Material: Metall\/Glas<\/li>\n<li><strong>Bitte beachten Sie, dass wir Spiegel nur dann zur\u00fccknehmen, wenn Sie sie in der Originalverpackung zur\u00fccksenden.<\/strong><\/li>\n<\/ul>\n","protected":false},"excerpt":{"rendered":"<p>Badezimmerspiegel oder Schlafzimmerspiegelgr\u00f6\u00dfe: 36 x 64 cm<\/p>\n","protected":false},"featured_media":99004,"template":"","meta":{"_acf_changed":false},"product_brand":[],"product_cat":[1463,509,7054,7051,7064],"product_tag":[],"class_list":{"0":"post-99019","1":"product","2":"type-product","3":"status-publish","4":"has-post-thumbnail","6":"product_cat-industriespiegel","7":"product_cat-wanddekoration","8":"product_cat-moderne-spiegel","9":"product_cat-spiegel","10":"product_cat-werbeartikel","12":"first","13":"instock","14":"sale","15":"taxable","16":"shipping-taxable","17":"purchasable","18":"product-type-simple"},"acf":[],"yoast_head":"<!-- This site is optimized with the Yoast SEO plugin v23.8 - https:\/\/yoast.com\/wordpress\/plugins\/seo\/ -->\n<title>Standspiegel aus Metall rund schwarz Boston 40x180cm - Eliassen.nl<\/title>\n<meta name=\"description\" content=\"Suchen Sie einen erschwinglichen Spiegel, also ein Standmodell aus Metall in schwarzer Farbe mit einem runden Spiegel darin? Hier finden Sie es!\" \/>\n<meta name=\"robots\" content=\"noindex, follow, max-snippet:-1, max-image-preview:large, max-video-preview:-1\" \/>\n<meta property=\"og:locale\" content=\"de_DE\" \/>\n<meta property=\"og:type\" content=\"article\" \/>\n<meta property=\"og:title\" content=\"Standspiegel aus Metall rund schwarz Boston 40x180cm - Eliassen.nl\" \/>\n<meta property=\"og:description\" content=\"Suchen Sie einen erschwinglichen Spiegel, also ein Standmodell aus Metall in schwarzer Farbe mit einem runden Spiegel darin? Hier finden Sie es!\" \/>\n<meta property=\"og:url\" content=\"https:\/\/dev.eliassen.nl\/de\/standspiegel-aus-metall-rund-schwarz-boston-40x180cm\/\" \/>\n<meta property=\"og:site_name\" content=\"Eliassen.nl\" \/>\n<meta property=\"article:publisher\" content=\"https:\/\/www.facebook.com\/TuincentrumEliassenAmmerzoden\" \/>\n<meta property=\"article:modified_time\" content=\"2024-12-05T15:43:22+00:00\" \/>\n<meta property=\"og:image\" content=\"https:\/\/dev.eliassen.nl\/wp-content\/uploads\/2024\/01\/spiegelstaandmetaalrondzwartboston40x180cme.jpg\" \/>\n\t<meta property=\"og:image:width\" content=\"236\" \/>\n\t<meta property=\"og:image:height\" content=\"701\" \/>\n\t<meta property=\"og:image:type\" content=\"image\/jpeg\" \/>\n<meta name=\"twitter:card\" content=\"summary_large_image\" \/>\n<script type=\"application\/ld+json\" class=\"yoast-schema-graph\">{\"@context\":\"https:\/\/schema.org\",\"@graph\":[{\"@type\":\"WebPage\",\"@id\":\"https:\/\/dev.eliassen.nl\/de\/standspiegel-aus-metall-rund-schwarz-boston-40x180cm\/\",\"url\":\"https:\/\/dev.eliassen.nl\/de\/standspiegel-aus-metall-rund-schwarz-boston-40x180cm\/\",\"name\":\"Standspiegel aus Metall rund schwarz Boston 40x180cm - Eliassen.nl\",\"isPartOf\":{\"@id\":\"https:\/\/dev.eliassen.nl\/de\/#website\"},\"primaryImageOfPage\":{\"@id\":\"https:\/\/dev.eliassen.nl\/de\/standspiegel-aus-metall-rund-schwarz-boston-40x180cm\/#primaryimage\"},\"image\":{\"@id\":\"https:\/\/dev.eliassen.nl\/de\/standspiegel-aus-metall-rund-schwarz-boston-40x180cm\/#primaryimage\"},\"thumbnailUrl\":\"https:\/\/dev.eliassen.nl\/wp-content\/uploads\/2024\/01\/spiegelstaandmetaalrondzwartboston40x180cme.jpg\",\"datePublished\":\"2024-01-17T09:42:07+00:00\",\"dateModified\":\"2024-12-05T15:43:22+00:00\",\"description\":\"Suchen Sie einen erschwinglichen Spiegel, also ein Standmodell aus Metall in schwarzer Farbe mit einem runden Spiegel darin? Hier finden Sie es!\",\"breadcrumb\":{\"@id\":\"https:\/\/dev.eliassen.nl\/de\/standspiegel-aus-metall-rund-schwarz-boston-40x180cm\/#breadcrumb\"},\"inLanguage\":\"de\",\"potentialAction\":[{\"@type\":\"ReadAction\",\"target\":[\"https:\/\/dev.eliassen.nl\/de\/standspiegel-aus-metall-rund-schwarz-boston-40x180cm\/\"]}]},{\"@type\":\"ImageObject\",\"inLanguage\":\"de\",\"@id\":\"https:\/\/dev.eliassen.nl\/de\/standspiegel-aus-metall-rund-schwarz-boston-40x180cm\/#primaryimage\",\"url\":\"https:\/\/dev.eliassen.nl\/wp-content\/uploads\/2024\/01\/spiegelstaandmetaalrondzwartboston40x180cme.jpg\",\"contentUrl\":\"https:\/\/dev.eliassen.nl\/wp-content\/uploads\/2024\/01\/spiegelstaandmetaalrondzwartboston40x180cme.jpg\",\"width\":236,\"height\":701,\"caption\":\"Spiegel staand metaal rond zwart Boston 40x180cm eliassen.nl\"},{\"@type\":\"BreadcrumbList\",\"@id\":\"https:\/\/dev.eliassen.nl\/de\/standspiegel-aus-metall-rund-schwarz-boston-40x180cm\/#breadcrumb\",\"itemListElement\":[{\"@type\":\"ListItem\",\"position\":1,\"name\":\"Home\",\"item\":\"https:\/\/dev.eliassen.nl\/de\/\"},{\"@type\":\"ListItem\",\"position\":2,\"name\":\"Shop\",\"item\":\"https:\/\/dev.eliassen.nl\/nl\/winkel\/\"},{\"@type\":\"ListItem\",\"position\":3,\"name\":\"Wanddekoration\",\"item\":\"https:\/\/dev.eliassen.nl\/de\/wanddekoration\/\"},{\"@type\":\"ListItem\",\"position\":4,\"name\":\"Spiegel mit Ablage f\u00fcr Badezimmer oder Schlafzimmer, schwarz, Boston, 40 x 180 cm\"}]},{\"@type\":\"WebSite\",\"@id\":\"https:\/\/dev.eliassen.nl\/de\/#website\",\"url\":\"https:\/\/dev.eliassen.nl\/de\/\",\"name\":\"Eliassen Home & Garden Pleasure\",\"description\":\"\",\"publisher\":{\"@id\":\"https:\/\/dev.eliassen.nl\/de\/#organization\"},\"alternateName\":\"Eliassen.nl\",\"potentialAction\":[{\"@type\":\"SearchAction\",\"target\":{\"@type\":\"EntryPoint\",\"urlTemplate\":\"https:\/\/dev.eliassen.nl\/de\/?s={search_term_string}\"},\"query-input\":{\"@type\":\"PropertyValueSpecification\",\"valueRequired\":true,\"valueName\":\"search_term_string\"}}],\"inLanguage\":\"de\"},{\"@type\":\"Organization\",\"@id\":\"https:\/\/dev.eliassen.nl\/de\/#organization\",\"name\":\"Eliassen Home & Garden Pleasure\",\"url\":\"https:\/\/dev.eliassen.nl\/de\/\",\"logo\":{\"@type\":\"ImageObject\",\"inLanguage\":\"de\",\"@id\":\"https:\/\/dev.eliassen.nl\/de\/#\/schema\/logo\/image\/\",\"url\":\"https:\/\/www.eliassen.nl\/wp-content\/uploads\/2024\/01\/logo_4nd.jpg\",\"contentUrl\":\"https:\/\/www.eliassen.nl\/wp-content\/uploads\/2024\/01\/logo_4nd.jpg\",\"width\":500,\"height\":500,\"caption\":\"Eliassen Home & Garden Pleasure\"},\"image\":{\"@id\":\"https:\/\/dev.eliassen.nl\/de\/#\/schema\/logo\/image\/\"},\"sameAs\":[\"https:\/\/www.facebook.com\/TuincentrumEliassenAmmerzoden\",\"https:\/\/www.instagram.com\/eliassenhomeandgarden\/\",\"https:\/\/nl.pinterest.com\/eliassenhomeandgarden\/\",\"https:\/\/www.youtube.com\/@eliassenhomegardenpleasure4558\"]}]}<\/script>\n<!-- \/ Yoast SEO plugin. -->","yoast_head_json":{"title":"Standspiegel aus Metall rund schwarz Boston 40x180cm - Eliassen.nl","description":"Suchen Sie einen erschwinglichen Spiegel, also ein Standmodell aus Metall in schwarzer Farbe mit einem runden Spiegel darin? Hier finden Sie es!","robots":{"index":"noindex","follow":"follow","max-snippet":"max-snippet:-1","max-image-preview":"max-image-preview:large","max-video-preview":"max-video-preview:-1"},"og_locale":"de_DE","og_type":"article","og_title":"Standspiegel aus Metall rund schwarz Boston 40x180cm - Eliassen.nl","og_description":"Suchen Sie einen erschwinglichen Spiegel, also ein Standmodell aus Metall in schwarzer Farbe mit einem runden Spiegel darin? Hier finden Sie es!","og_url":"https:\/\/dev.eliassen.nl\/de\/standspiegel-aus-metall-rund-schwarz-boston-40x180cm\/","og_site_name":"Eliassen.nl","article_publisher":"https:\/\/www.facebook.com\/TuincentrumEliassenAmmerzoden","article_modified_time":"2024-12-05T15:43:22+00:00","og_image":[{"width":236,"height":701,"url":"https:\/\/dev.eliassen.nl\/wp-content\/uploads\/2024\/01\/spiegelstaandmetaalrondzwartboston40x180cme.jpg","type":"image\/jpeg"}],"twitter_card":"summary_large_image","schema":{"@context":"https:\/\/schema.org","@graph":[{"@type":"WebPage","@id":"https:\/\/dev.eliassen.nl\/de\/standspiegel-aus-metall-rund-schwarz-boston-40x180cm\/","url":"https:\/\/dev.eliassen.nl\/de\/standspiegel-aus-metall-rund-schwarz-boston-40x180cm\/","name":"Standspiegel aus Metall rund schwarz Boston 40x180cm - Eliassen.nl","isPartOf":{"@id":"https:\/\/dev.eliassen.nl\/de\/#website"},"primaryImageOfPage":{"@id":"https:\/\/dev.eliassen.nl\/de\/standspiegel-aus-metall-rund-schwarz-boston-40x180cm\/#primaryimage"},"image":{"@id":"https:\/\/dev.eliassen.nl\/de\/standspiegel-aus-metall-rund-schwarz-boston-40x180cm\/#primaryimage"},"thumbnailUrl":"https:\/\/dev.eliassen.nl\/wp-content\/uploads\/2024\/01\/spiegelstaandmetaalrondzwartboston40x180cme.jpg","datePublished":"2024-01-17T09:42:07+00:00","dateModified":"2024-12-05T15:43:22+00:00","description":"Suchen Sie einen erschwinglichen Spiegel, also ein Standmodell aus Metall in schwarzer Farbe mit einem runden Spiegel darin? Hier finden Sie es!","breadcrumb":{"@id":"https:\/\/dev.eliassen.nl\/de\/standspiegel-aus-metall-rund-schwarz-boston-40x180cm\/#breadcrumb"},"inLanguage":"de","potentialAction":[{"@type":"ReadAction","target":["https:\/\/dev.eliassen.nl\/de\/standspiegel-aus-metall-rund-schwarz-boston-40x180cm\/"]}]},{"@type":"ImageObject","inLanguage":"de","@id":"https:\/\/dev.eliassen.nl\/de\/standspiegel-aus-metall-rund-schwarz-boston-40x180cm\/#primaryimage","url":"https:\/\/dev.eliassen.nl\/wp-content\/uploads\/2024\/01\/spiegelstaandmetaalrondzwartboston40x180cme.jpg","contentUrl":"https:\/\/dev.eliassen.nl\/wp-content\/uploads\/2024\/01\/spiegelstaandmetaalrondzwartboston40x180cme.jpg","width":236,"height":701,"caption":"Spiegel staand metaal rond zwart Boston 40x180cm eliassen.nl"},{"@type":"BreadcrumbList","@id":"https:\/\/dev.eliassen.nl\/de\/standspiegel-aus-metall-rund-schwarz-boston-40x180cm\/#breadcrumb","itemListElement":[{"@type":"ListItem","position":1,"name":"Home","item":"https:\/\/dev.eliassen.nl\/de\/"},{"@type":"ListItem","position":2,"name":"Shop","item":"https:\/\/dev.eliassen.nl\/nl\/winkel\/"},{"@type":"ListItem","position":3,"name":"Wanddekoration","item":"https:\/\/dev.eliassen.nl\/de\/wanddekoration\/"},{"@type":"ListItem","position":4,"name":"Spiegel mit Ablage f\u00fcr Badezimmer oder Schlafzimmer, schwarz, Boston, 40 x 180 cm"}]},{"@type":"WebSite","@id":"https:\/\/dev.eliassen.nl\/de\/#website","url":"https:\/\/dev.eliassen.nl\/de\/","name":"Eliassen Home & Garden Pleasure","description":"","publisher":{"@id":"https:\/\/dev.eliassen.nl\/de\/#organization"},"alternateName":"Eliassen.nl","potentialAction":[{"@type":"SearchAction","target":{"@type":"EntryPoint","urlTemplate":"https:\/\/dev.eliassen.nl\/de\/?s={search_term_string}"},"query-input":{"@type":"PropertyValueSpecification","valueRequired":true,"valueName":"search_term_string"}}],"inLanguage":"de"},{"@type":"Organization","@id":"https:\/\/dev.eliassen.nl\/de\/#organization","name":"Eliassen Home & Garden Pleasure","url":"https:\/\/dev.eliassen.nl\/de\/","logo":{"@type":"ImageObject","inLanguage":"de","@id":"https:\/\/dev.eliassen.nl\/de\/#\/schema\/logo\/image\/","url":"https:\/\/www.eliassen.nl\/wp-content\/uploads\/2024\/01\/logo_4nd.jpg","contentUrl":"https:\/\/www.eliassen.nl\/wp-content\/uploads\/2024\/01\/logo_4nd.jpg","width":500,"height":500,"caption":"Eliassen Home & Garden Pleasure"},"image":{"@id":"https:\/\/dev.eliassen.nl\/de\/#\/schema\/logo\/image\/"},"sameAs":["https:\/\/www.facebook.com\/TuincentrumEliassenAmmerzoden","https:\/\/www.instagram.com\/eliassenhomeandgarden\/","https:\/\/nl.pinterest.com\/eliassenhomeandgarden\/","https:\/\/www.youtube.com\/@eliassenhomegardenpleasure4558"]}]}},"df_price":22.5,"df_sale_price":22.5,"df_regular_price":39.5,"df_image_link":"https:\/\/dev.eliassen.nl\/wp-content\/uploads\/2024\/01\/spiegelstaandmetaalrondzwartboston40x180cme.jpg","image":"https:\/\/dev.eliassen.nl\/wp-content\/uploads\/2024\/01\/spiegelstaandmetaalrondzwartboston40x180cme.jpg","price_search":"<span class=\"woocommerce-Price-amount amount\"><bdi><span class=\"woocommerce-Price-currencySymbol\">&euro;<\/span>&nbsp;22,50<\/bdi><\/span>","category":"Industriespiegel","_links":{"self":[{"href":"https:\/\/dev.eliassen.nl\/de\/wp-json\/wp\/v2\/product\/99019","targetHints":{"allow":["GET"]}}],"collection":[{"href":"https:\/\/dev.eliassen.nl\/de\/wp-json\/wp\/v2\/product"}],"about":[{"href":"https:\/\/dev.eliassen.nl\/de\/wp-json\/wp\/v2\/types\/product"}],"wp:featuredmedia":[{"embeddable":true,"href":"https:\/\/dev.eliassen.nl\/de\/wp-json\/wp\/v2\/media\/99004"}],"wp:attachment":[{"href":"https:\/\/dev.eliassen.nl\/de\/wp-json\/wp\/v2\/media?parent=99019"}],"wp:term":[{"taxonomy":"product_brand","embeddable":true,"href":"https:\/\/dev.eliassen.nl\/de\/wp-json\/wp\/v2\/product_brand?post=99019"},{"taxonomy":"product_cat","embeddable":true,"href":"https:\/\/dev.eliassen.nl\/de\/wp-json\/wp\/v2\/product_cat?post=99019"},{"taxonomy":"product_tag","embeddable":true,"href":"https:\/\/dev.eliassen.nl\/de\/wp-json\/wp\/v2\/product_tag?post=99019"}],"curies":[{"name":"wp","href":"https:\/\/api.w.org\/{rel}","templated":true}]}}