{"id":99028,"date":"2024-01-17T11:26:16","date_gmt":"2024-01-17T10:26:16","guid":{"rendered":"https:\/\/www.eliassen.nl\/?product=copy-of-spiegel-staand-metaal-rond-zwart-boston-40"},"modified":"2024-12-05T16:43:22","modified_gmt":"2024-12-05T15:43:22","slug":"spiegel-zum-aufhangen-goldfarbene-spikes-78-x-109-cm","status":"publish","type":"product","link":"https:\/\/dev.eliassen.nl\/de\/spiegel-zum-aufhangen-goldfarbene-spikes-78-x-109-cm\/","title":{"rendered":"Spiegel zum Aufh\u00e4ngen, goldfarbene Spikes, 78 x 109 cm"},"content":{"rendered":"<p>Wundersch\u00f6ner, raffinierter rechteckiger Spiegel in Goldfarbe mit Zacken. Der klassische Rahmen besteht aus Holz, das eine sch\u00f6ne Optik hat. Kurz gesagt, ein hochwertiger Spiegel, der in jedem Zuhause oder Gesch\u00e4ft seinen Platz findet.<\/p>\n<p><strong>In unserem Shop k\u00f6nnen Sie fast alles aus dieser Serie auch live sehen und mitnehmen.<\/strong><\/p>\n<p><b>Auch lustige Aktionen, die es nicht im Webshop gibt.<\/b><\/p>\n<ul>\n<li>Au\u00dfengr\u00f6\u00dfe: 78x109cm<\/li>\n<li>Innenma\u00dfe: 58x88cm<\/li>\n<li>Form: Rechteckig<\/li>\n<li>Farbe: Gold<\/li>\n<li>Material: Polystone\/Glas<\/li>\n<li><strong>Bitte beachten Sie, dass wir Spiegel nur dann zur\u00fccknehmen, wenn Sie sie in der Originalverpackung zur\u00fccksenden.<\/strong><\/li>\n<\/ul>\n","protected":false},"excerpt":{"rendered":"<p>Aus Polystone<\/p>\n","protected":false},"featured_media":99022,"template":"","meta":{"_acf_changed":false},"product_brand":[],"product_cat":[509,7051],"product_tag":[],"class_list":{"0":"post-99028","1":"product","2":"type-product","3":"status-publish","4":"has-post-thumbnail","6":"product_cat-wanddekoration","7":"product_cat-spiegel","9":"first","10":"instock","11":"taxable","12":"shipping-taxable","13":"purchasable","14":"product-type-simple"},"acf":[],"yoast_head":"<!-- This site is optimized with the Yoast SEO plugin v23.8 - https:\/\/yoast.com\/wordpress\/plugins\/seo\/ -->\n<title>Spiegel stehend gold Spikes 78x109cm aus Polystone - Eliassen.nl<\/title>\n<meta name=\"description\" content=\"Spiegel aus goldfarbenem Polystone-Rahmen mit Zacken. Dieses Modell hat eine l\u00e4ngliche Form und ist zum Aufh\u00e4ngen gedacht.\" \/>\n<meta name=\"robots\" content=\"noindex, follow, max-snippet:-1, max-image-preview:large, max-video-preview:-1\" \/>\n<meta property=\"og:locale\" content=\"de_DE\" \/>\n<meta property=\"og:type\" content=\"article\" \/>\n<meta property=\"og:title\" content=\"Spiegel stehend gold Spikes 78x109cm aus Polystone - Eliassen.nl\" \/>\n<meta property=\"og:description\" content=\"Spiegel aus goldfarbenem Polystone-Rahmen mit Zacken. Dieses Modell hat eine l\u00e4ngliche Form und ist zum Aufh\u00e4ngen gedacht.\" \/>\n<meta property=\"og:url\" content=\"https:\/\/dev.eliassen.nl\/de\/spiegel-zum-aufhangen-goldfarbene-spikes-78-x-109-cm\/\" \/>\n<meta property=\"og:site_name\" content=\"Eliassen.nl\" \/>\n<meta property=\"article:publisher\" content=\"https:\/\/www.facebook.com\/TuincentrumEliassenAmmerzoden\" \/>\n<meta property=\"article:modified_time\" content=\"2024-12-05T15:43:22+00:00\" \/>\n<meta property=\"og:image\" content=\"https:\/\/dev.eliassen.nl\/wp-content\/uploads\/2024\/01\/spiegelstaandgoudspikes78x109cmeliassennl.jpg\" \/>\n\t<meta property=\"og:image:width\" content=\"1530\" \/>\n\t<meta property=\"og:image:height\" content=\"2040\" \/>\n\t<meta property=\"og:image:type\" content=\"image\/jpeg\" \/>\n<meta name=\"twitter:card\" content=\"summary_large_image\" \/>\n<script type=\"application\/ld+json\" class=\"yoast-schema-graph\">{\"@context\":\"https:\/\/schema.org\",\"@graph\":[{\"@type\":\"WebPage\",\"@id\":\"https:\/\/dev.eliassen.nl\/de\/spiegel-zum-aufhangen-goldfarbene-spikes-78-x-109-cm\/\",\"url\":\"https:\/\/dev.eliassen.nl\/de\/spiegel-zum-aufhangen-goldfarbene-spikes-78-x-109-cm\/\",\"name\":\"Spiegel stehend gold Spikes 78x109cm aus Polystone - Eliassen.nl\",\"isPartOf\":{\"@id\":\"https:\/\/dev.eliassen.nl\/de\/#website\"},\"primaryImageOfPage\":{\"@id\":\"https:\/\/dev.eliassen.nl\/de\/spiegel-zum-aufhangen-goldfarbene-spikes-78-x-109-cm\/#primaryimage\"},\"image\":{\"@id\":\"https:\/\/dev.eliassen.nl\/de\/spiegel-zum-aufhangen-goldfarbene-spikes-78-x-109-cm\/#primaryimage\"},\"thumbnailUrl\":\"https:\/\/dev.eliassen.nl\/wp-content\/uploads\/2024\/01\/spiegelstaandgoudspikes78x109cmeliassennl.jpg\",\"datePublished\":\"2024-01-17T10:26:16+00:00\",\"dateModified\":\"2024-12-05T15:43:22+00:00\",\"description\":\"Spiegel aus goldfarbenem Polystone-Rahmen mit Zacken. Dieses Modell hat eine l\u00e4ngliche Form und ist zum Aufh\u00e4ngen gedacht.\",\"breadcrumb\":{\"@id\":\"https:\/\/dev.eliassen.nl\/de\/spiegel-zum-aufhangen-goldfarbene-spikes-78-x-109-cm\/#breadcrumb\"},\"inLanguage\":\"de\",\"potentialAction\":[{\"@type\":\"ReadAction\",\"target\":[\"https:\/\/dev.eliassen.nl\/de\/spiegel-zum-aufhangen-goldfarbene-spikes-78-x-109-cm\/\"]}]},{\"@type\":\"ImageObject\",\"inLanguage\":\"de\",\"@id\":\"https:\/\/dev.eliassen.nl\/de\/spiegel-zum-aufhangen-goldfarbene-spikes-78-x-109-cm\/#primaryimage\",\"url\":\"https:\/\/dev.eliassen.nl\/wp-content\/uploads\/2024\/01\/spiegelstaandgoudspikes78x109cmeliassennl.jpg\",\"contentUrl\":\"https:\/\/dev.eliassen.nl\/wp-content\/uploads\/2024\/01\/spiegelstaandgoudspikes78x109cmeliassennl.jpg\",\"width\":1530,\"height\":2040,\"caption\":\"Spiegel staand goud Spikes 78x109cm eliassen.nl\"},{\"@type\":\"BreadcrumbList\",\"@id\":\"https:\/\/dev.eliassen.nl\/de\/spiegel-zum-aufhangen-goldfarbene-spikes-78-x-109-cm\/#breadcrumb\",\"itemListElement\":[{\"@type\":\"ListItem\",\"position\":1,\"name\":\"Home\",\"item\":\"https:\/\/dev.eliassen.nl\/de\/\"},{\"@type\":\"ListItem\",\"position\":2,\"name\":\"Shop\",\"item\":\"https:\/\/dev.eliassen.nl\/nl\/winkel\/\"},{\"@type\":\"ListItem\",\"position\":3,\"name\":\"Wanddekoration\",\"item\":\"https:\/\/dev.eliassen.nl\/de\/wanddekoration\/\"},{\"@type\":\"ListItem\",\"position\":4,\"name\":\"Spiegel zum Aufh\u00e4ngen, goldfarbene Spikes, 78 x 109 cm\"}]},{\"@type\":\"WebSite\",\"@id\":\"https:\/\/dev.eliassen.nl\/de\/#website\",\"url\":\"https:\/\/dev.eliassen.nl\/de\/\",\"name\":\"Eliassen Home & Garden Pleasure\",\"description\":\"\",\"publisher\":{\"@id\":\"https:\/\/dev.eliassen.nl\/de\/#organization\"},\"alternateName\":\"Eliassen.nl\",\"potentialAction\":[{\"@type\":\"SearchAction\",\"target\":{\"@type\":\"EntryPoint\",\"urlTemplate\":\"https:\/\/dev.eliassen.nl\/de\/?s={search_term_string}\"},\"query-input\":{\"@type\":\"PropertyValueSpecification\",\"valueRequired\":true,\"valueName\":\"search_term_string\"}}],\"inLanguage\":\"de\"},{\"@type\":\"Organization\",\"@id\":\"https:\/\/dev.eliassen.nl\/de\/#organization\",\"name\":\"Eliassen Home & Garden Pleasure\",\"url\":\"https:\/\/dev.eliassen.nl\/de\/\",\"logo\":{\"@type\":\"ImageObject\",\"inLanguage\":\"de\",\"@id\":\"https:\/\/dev.eliassen.nl\/de\/#\/schema\/logo\/image\/\",\"url\":\"https:\/\/www.eliassen.nl\/wp-content\/uploads\/2024\/01\/logo_4nd.jpg\",\"contentUrl\":\"https:\/\/www.eliassen.nl\/wp-content\/uploads\/2024\/01\/logo_4nd.jpg\",\"width\":500,\"height\":500,\"caption\":\"Eliassen Home & Garden Pleasure\"},\"image\":{\"@id\":\"https:\/\/dev.eliassen.nl\/de\/#\/schema\/logo\/image\/\"},\"sameAs\":[\"https:\/\/www.facebook.com\/TuincentrumEliassenAmmerzoden\",\"https:\/\/www.instagram.com\/eliassenhomeandgarden\/\",\"https:\/\/nl.pinterest.com\/eliassenhomeandgarden\/\",\"https:\/\/www.youtube.com\/@eliassenhomegardenpleasure4558\"]}]}<\/script>\n<!-- \/ Yoast SEO plugin. -->","yoast_head_json":{"title":"Spiegel stehend gold Spikes 78x109cm aus Polystone - Eliassen.nl","description":"Spiegel aus goldfarbenem Polystone-Rahmen mit Zacken. Dieses Modell hat eine l\u00e4ngliche Form und ist zum Aufh\u00e4ngen gedacht.","robots":{"index":"noindex","follow":"follow","max-snippet":"max-snippet:-1","max-image-preview":"max-image-preview:large","max-video-preview":"max-video-preview:-1"},"og_locale":"de_DE","og_type":"article","og_title":"Spiegel stehend gold Spikes 78x109cm aus Polystone - Eliassen.nl","og_description":"Spiegel aus goldfarbenem Polystone-Rahmen mit Zacken. Dieses Modell hat eine l\u00e4ngliche Form und ist zum Aufh\u00e4ngen gedacht.","og_url":"https:\/\/dev.eliassen.nl\/de\/spiegel-zum-aufhangen-goldfarbene-spikes-78-x-109-cm\/","og_site_name":"Eliassen.nl","article_publisher":"https:\/\/www.facebook.com\/TuincentrumEliassenAmmerzoden","article_modified_time":"2024-12-05T15:43:22+00:00","og_image":[{"width":1530,"height":2040,"url":"https:\/\/dev.eliassen.nl\/wp-content\/uploads\/2024\/01\/spiegelstaandgoudspikes78x109cmeliassennl.jpg","type":"image\/jpeg"}],"twitter_card":"summary_large_image","schema":{"@context":"https:\/\/schema.org","@graph":[{"@type":"WebPage","@id":"https:\/\/dev.eliassen.nl\/de\/spiegel-zum-aufhangen-goldfarbene-spikes-78-x-109-cm\/","url":"https:\/\/dev.eliassen.nl\/de\/spiegel-zum-aufhangen-goldfarbene-spikes-78-x-109-cm\/","name":"Spiegel stehend gold Spikes 78x109cm aus Polystone - Eliassen.nl","isPartOf":{"@id":"https:\/\/dev.eliassen.nl\/de\/#website"},"primaryImageOfPage":{"@id":"https:\/\/dev.eliassen.nl\/de\/spiegel-zum-aufhangen-goldfarbene-spikes-78-x-109-cm\/#primaryimage"},"image":{"@id":"https:\/\/dev.eliassen.nl\/de\/spiegel-zum-aufhangen-goldfarbene-spikes-78-x-109-cm\/#primaryimage"},"thumbnailUrl":"https:\/\/dev.eliassen.nl\/wp-content\/uploads\/2024\/01\/spiegelstaandgoudspikes78x109cmeliassennl.jpg","datePublished":"2024-01-17T10:26:16+00:00","dateModified":"2024-12-05T15:43:22+00:00","description":"Spiegel aus goldfarbenem Polystone-Rahmen mit Zacken. Dieses Modell hat eine l\u00e4ngliche Form und ist zum Aufh\u00e4ngen gedacht.","breadcrumb":{"@id":"https:\/\/dev.eliassen.nl\/de\/spiegel-zum-aufhangen-goldfarbene-spikes-78-x-109-cm\/#breadcrumb"},"inLanguage":"de","potentialAction":[{"@type":"ReadAction","target":["https:\/\/dev.eliassen.nl\/de\/spiegel-zum-aufhangen-goldfarbene-spikes-78-x-109-cm\/"]}]},{"@type":"ImageObject","inLanguage":"de","@id":"https:\/\/dev.eliassen.nl\/de\/spiegel-zum-aufhangen-goldfarbene-spikes-78-x-109-cm\/#primaryimage","url":"https:\/\/dev.eliassen.nl\/wp-content\/uploads\/2024\/01\/spiegelstaandgoudspikes78x109cmeliassennl.jpg","contentUrl":"https:\/\/dev.eliassen.nl\/wp-content\/uploads\/2024\/01\/spiegelstaandgoudspikes78x109cmeliassennl.jpg","width":1530,"height":2040,"caption":"Spiegel staand goud Spikes 78x109cm eliassen.nl"},{"@type":"BreadcrumbList","@id":"https:\/\/dev.eliassen.nl\/de\/spiegel-zum-aufhangen-goldfarbene-spikes-78-x-109-cm\/#breadcrumb","itemListElement":[{"@type":"ListItem","position":1,"name":"Home","item":"https:\/\/dev.eliassen.nl\/de\/"},{"@type":"ListItem","position":2,"name":"Shop","item":"https:\/\/dev.eliassen.nl\/nl\/winkel\/"},{"@type":"ListItem","position":3,"name":"Wanddekoration","item":"https:\/\/dev.eliassen.nl\/de\/wanddekoration\/"},{"@type":"ListItem","position":4,"name":"Spiegel zum Aufh\u00e4ngen, goldfarbene Spikes, 78 x 109 cm"}]},{"@type":"WebSite","@id":"https:\/\/dev.eliassen.nl\/de\/#website","url":"https:\/\/dev.eliassen.nl\/de\/","name":"Eliassen Home & Garden Pleasure","description":"","publisher":{"@id":"https:\/\/dev.eliassen.nl\/de\/#organization"},"alternateName":"Eliassen.nl","potentialAction":[{"@type":"SearchAction","target":{"@type":"EntryPoint","urlTemplate":"https:\/\/dev.eliassen.nl\/de\/?s={search_term_string}"},"query-input":{"@type":"PropertyValueSpecification","valueRequired":true,"valueName":"search_term_string"}}],"inLanguage":"de"},{"@type":"Organization","@id":"https:\/\/dev.eliassen.nl\/de\/#organization","name":"Eliassen Home & Garden Pleasure","url":"https:\/\/dev.eliassen.nl\/de\/","logo":{"@type":"ImageObject","inLanguage":"de","@id":"https:\/\/dev.eliassen.nl\/de\/#\/schema\/logo\/image\/","url":"https:\/\/www.eliassen.nl\/wp-content\/uploads\/2024\/01\/logo_4nd.jpg","contentUrl":"https:\/\/www.eliassen.nl\/wp-content\/uploads\/2024\/01\/logo_4nd.jpg","width":500,"height":500,"caption":"Eliassen Home & Garden Pleasure"},"image":{"@id":"https:\/\/dev.eliassen.nl\/de\/#\/schema\/logo\/image\/"},"sameAs":["https:\/\/www.facebook.com\/TuincentrumEliassenAmmerzoden","https:\/\/www.instagram.com\/eliassenhomeandgarden\/","https:\/\/nl.pinterest.com\/eliassenhomeandgarden\/","https:\/\/www.youtube.com\/@eliassenhomegardenpleasure4558"]}]}},"df_price":119,"df_sale_price":"","df_regular_price":119,"df_image_link":"https:\/\/dev.eliassen.nl\/wp-content\/uploads\/2024\/01\/spiegelstaandgoudspikes78x109cmeliassennl.jpg","image":"https:\/\/dev.eliassen.nl\/wp-content\/uploads\/2024\/01\/spiegelstaandgoudspikes78x109cmeliassennl.jpg","price_search":"<span class=\"woocommerce-Price-amount amount\"><bdi><span class=\"woocommerce-Price-currencySymbol\">&euro;<\/span>&nbsp;119,00<\/bdi><\/span>","category":"Wanddekoration","_links":{"self":[{"href":"https:\/\/dev.eliassen.nl\/de\/wp-json\/wp\/v2\/product\/99028","targetHints":{"allow":["GET"]}}],"collection":[{"href":"https:\/\/dev.eliassen.nl\/de\/wp-json\/wp\/v2\/product"}],"about":[{"href":"https:\/\/dev.eliassen.nl\/de\/wp-json\/wp\/v2\/types\/product"}],"wp:featuredmedia":[{"embeddable":true,"href":"https:\/\/dev.eliassen.nl\/de\/wp-json\/wp\/v2\/media\/99022"}],"wp:attachment":[{"href":"https:\/\/dev.eliassen.nl\/de\/wp-json\/wp\/v2\/media?parent=99028"}],"wp:term":[{"taxonomy":"product_brand","embeddable":true,"href":"https:\/\/dev.eliassen.nl\/de\/wp-json\/wp\/v2\/product_brand?post=99028"},{"taxonomy":"product_cat","embeddable":true,"href":"https:\/\/dev.eliassen.nl\/de\/wp-json\/wp\/v2\/product_cat?post=99028"},{"taxonomy":"product_tag","embeddable":true,"href":"https:\/\/dev.eliassen.nl\/de\/wp-json\/wp\/v2\/product_tag?post=99028"}],"curies":[{"name":"wp","href":"https:\/\/api.w.org\/{rel}","templated":true}]}}