{"id":99073,"date":"2024-01-17T15:27:15","date_gmt":"2024-01-17T14:27:15","guid":{"rendered":"https:\/\/www.eliassen.nl\/?product=copy-of-spiegel-muurmodel-langwerpig-zon-148893488"},"modified":"2024-12-05T16:43:29","modified_gmt":"2024-12-05T15:43:29","slug":"spiegelwandmodell-weiss-mit-dekorationen-graceful-103x103cm","status":"publish","type":"product","link":"https:\/\/dev.eliassen.nl\/de\/spiegelwandmodell-weiss-mit-dekorationen-graceful-103x103cm\/","title":{"rendered":"Spiegelwandmodell wei\u00df mit Dekorationen Graceful 103x103cm"},"content":{"rendered":"<p>Sch\u00f6ner, raffinierter, klassischer quadratischer Spiegel in wei\u00dfer Farbe. Der klassische Rahmen besteht aus Holz, das eine sch\u00f6ne Optik hat. Kurz gesagt, ein hochwertiger Spiegel, der in jedem Zuhause oder Gesch\u00e4ft seinen Platz findet.<\/p>\n<p><strong>In unserem Shop k\u00f6nnen Sie fast alles aus dieser Serie auch live sehen und mitnehmen.<\/strong><\/p>\n<p><strong>Auch sch\u00f6ne Aktionen, die es nicht im Webshop gibt.<\/strong><\/p>\n<ul>\n<li>Au\u00dfengr\u00f6\u00dfe: 103 x 103 cm<\/li>\n<li>Form: quadratisch<\/li>\n<li>Farbe Wei\u00df<\/li>\n<li>Material: Holz\/Glas<\/li>\n<li><strong>Bitte beachten Sie, dass wir Spiegel nur dann zur\u00fccknehmen, wenn Sie sie in der Originalverpackung zur\u00fccksenden.<\/strong><\/li>\n<\/ul>\n","protected":false},"excerpt":{"rendered":"<p>aus Holz gemacht<\/p>\n","protected":false},"featured_media":99067,"template":"","meta":{"_acf_changed":false},"product_brand":[],"product_cat":[1451,1466,509,7051],"product_tag":[],"class_list":{"0":"post-99073","1":"product","2":"type-product","3":"status-publish","4":"has-post-thumbnail","6":"product_cat-barockspiegel","7":"product_cat-holzspiegel","8":"product_cat-wanddekoration","9":"product_cat-spiegel","11":"first","12":"instock","13":"taxable","14":"shipping-taxable","15":"purchasable","16":"product-type-simple"},"acf":[],"yoast_head":"<!-- This site is optimized with the Yoast SEO plugin v23.8 - https:\/\/yoast.com\/wordpress\/plugins\/seo\/ -->\n<title>Spiegelwandmodell wei\u00df mit Dekorationen Graceful 103x103cm - Eliassen.n<\/title>\n<meta name=\"description\" content=\"Sch\u00f6ner, preisg\u00fcnstiger runder Spiegel mit wei\u00dfem, quadratischem Rahmen im klassischen Stil. Dies setzt mehrere anmutige Akzente und sieht in Ihrem Zuhause w...\" \/>\n<meta name=\"robots\" content=\"noindex, follow, max-snippet:-1, max-image-preview:large, max-video-preview:-1\" \/>\n<meta property=\"og:locale\" content=\"de_DE\" \/>\n<meta property=\"og:type\" content=\"article\" \/>\n<meta property=\"og:title\" content=\"Spiegelwandmodell wei\u00df mit Dekorationen Graceful 103x103cm - Eliassen.n\" \/>\n<meta property=\"og:description\" content=\"Sch\u00f6ner, preisg\u00fcnstiger runder Spiegel mit wei\u00dfem, quadratischem Rahmen im klassischen Stil. Dies setzt mehrere anmutige Akzente und sieht in Ihrem Zuhause w...\" \/>\n<meta property=\"og:url\" content=\"https:\/\/dev.eliassen.nl\/de\/spiegelwandmodell-weiss-mit-dekorationen-graceful-103x103cm\/\" \/>\n<meta property=\"og:site_name\" content=\"Eliassen.nl\" \/>\n<meta property=\"article:publisher\" content=\"https:\/\/www.facebook.com\/TuincentrumEliassenAmmerzoden\" \/>\n<meta property=\"article:modified_time\" content=\"2024-12-05T15:43:29+00:00\" \/>\n<meta property=\"og:image\" content=\"https:\/\/dev.eliassen.nl\/wp-content\/uploads\/2024\/01\/spiegelmuurmodelwitmetversieringensierlijk10.jpg\" \/>\n\t<meta property=\"og:image:width\" content=\"1500\" \/>\n\t<meta property=\"og:image:height\" content=\"1504\" \/>\n\t<meta property=\"og:image:type\" content=\"image\/jpeg\" \/>\n<meta name=\"twitter:card\" content=\"summary_large_image\" \/>\n<script type=\"application\/ld+json\" class=\"yoast-schema-graph\">{\"@context\":\"https:\/\/schema.org\",\"@graph\":[{\"@type\":\"WebPage\",\"@id\":\"https:\/\/dev.eliassen.nl\/de\/spiegelwandmodell-weiss-mit-dekorationen-graceful-103x103cm\/\",\"url\":\"https:\/\/dev.eliassen.nl\/de\/spiegelwandmodell-weiss-mit-dekorationen-graceful-103x103cm\/\",\"name\":\"Spiegelwandmodell wei\u00df mit Dekorationen Graceful 103x103cm - Eliassen.n\",\"isPartOf\":{\"@id\":\"https:\/\/dev.eliassen.nl\/de\/#website\"},\"primaryImageOfPage\":{\"@id\":\"https:\/\/dev.eliassen.nl\/de\/spiegelwandmodell-weiss-mit-dekorationen-graceful-103x103cm\/#primaryimage\"},\"image\":{\"@id\":\"https:\/\/dev.eliassen.nl\/de\/spiegelwandmodell-weiss-mit-dekorationen-graceful-103x103cm\/#primaryimage\"},\"thumbnailUrl\":\"https:\/\/dev.eliassen.nl\/wp-content\/uploads\/2024\/01\/spiegelmuurmodelwitmetversieringensierlijk10.jpg\",\"datePublished\":\"2024-01-17T14:27:15+00:00\",\"dateModified\":\"2024-12-05T15:43:29+00:00\",\"description\":\"Sch\u00f6ner, preisg\u00fcnstiger runder Spiegel mit wei\u00dfem, quadratischem Rahmen im klassischen Stil. Dies setzt mehrere anmutige Akzente und sieht in Ihrem Zuhause w...\",\"breadcrumb\":{\"@id\":\"https:\/\/dev.eliassen.nl\/de\/spiegelwandmodell-weiss-mit-dekorationen-graceful-103x103cm\/#breadcrumb\"},\"inLanguage\":\"de\",\"potentialAction\":[{\"@type\":\"ReadAction\",\"target\":[\"https:\/\/dev.eliassen.nl\/de\/spiegelwandmodell-weiss-mit-dekorationen-graceful-103x103cm\/\"]}]},{\"@type\":\"ImageObject\",\"inLanguage\":\"de\",\"@id\":\"https:\/\/dev.eliassen.nl\/de\/spiegelwandmodell-weiss-mit-dekorationen-graceful-103x103cm\/#primaryimage\",\"url\":\"https:\/\/dev.eliassen.nl\/wp-content\/uploads\/2024\/01\/spiegelmuurmodelwitmetversieringensierlijk10.jpg\",\"contentUrl\":\"https:\/\/dev.eliassen.nl\/wp-content\/uploads\/2024\/01\/spiegelmuurmodelwitmetversieringensierlijk10.jpg\",\"width\":1500,\"height\":1504,\"caption\":\"Spiegel muurmodel wit met versieringen Sierlijk 103x103cm eliassen.nl\"},{\"@type\":\"BreadcrumbList\",\"@id\":\"https:\/\/dev.eliassen.nl\/de\/spiegelwandmodell-weiss-mit-dekorationen-graceful-103x103cm\/#breadcrumb\",\"itemListElement\":[{\"@type\":\"ListItem\",\"position\":1,\"name\":\"Home\",\"item\":\"https:\/\/dev.eliassen.nl\/de\/\"},{\"@type\":\"ListItem\",\"position\":2,\"name\":\"Shop\",\"item\":\"https:\/\/dev.eliassen.nl\/nl\/winkel\/\"},{\"@type\":\"ListItem\",\"position\":3,\"name\":\"Wanddekoration\",\"item\":\"https:\/\/dev.eliassen.nl\/de\/wanddekoration\/\"},{\"@type\":\"ListItem\",\"position\":4,\"name\":\"Barockspiegel\",\"item\":\"https:\/\/dev.eliassen.nl\/de\/wanddekoration\/barockspiegel\/\"},{\"@type\":\"ListItem\",\"position\":5,\"name\":\"Spiegelwandmodell wei\u00df mit Dekorationen Graceful 103x103cm\"}]},{\"@type\":\"WebSite\",\"@id\":\"https:\/\/dev.eliassen.nl\/de\/#website\",\"url\":\"https:\/\/dev.eliassen.nl\/de\/\",\"name\":\"Eliassen Home & Garden Pleasure\",\"description\":\"\",\"publisher\":{\"@id\":\"https:\/\/dev.eliassen.nl\/de\/#organization\"},\"alternateName\":\"Eliassen.nl\",\"potentialAction\":[{\"@type\":\"SearchAction\",\"target\":{\"@type\":\"EntryPoint\",\"urlTemplate\":\"https:\/\/dev.eliassen.nl\/de\/?s={search_term_string}\"},\"query-input\":{\"@type\":\"PropertyValueSpecification\",\"valueRequired\":true,\"valueName\":\"search_term_string\"}}],\"inLanguage\":\"de\"},{\"@type\":\"Organization\",\"@id\":\"https:\/\/dev.eliassen.nl\/de\/#organization\",\"name\":\"Eliassen Home & Garden Pleasure\",\"url\":\"https:\/\/dev.eliassen.nl\/de\/\",\"logo\":{\"@type\":\"ImageObject\",\"inLanguage\":\"de\",\"@id\":\"https:\/\/dev.eliassen.nl\/de\/#\/schema\/logo\/image\/\",\"url\":\"https:\/\/www.eliassen.nl\/wp-content\/uploads\/2024\/01\/logo_4nd.jpg\",\"contentUrl\":\"https:\/\/www.eliassen.nl\/wp-content\/uploads\/2024\/01\/logo_4nd.jpg\",\"width\":500,\"height\":500,\"caption\":\"Eliassen Home & Garden Pleasure\"},\"image\":{\"@id\":\"https:\/\/dev.eliassen.nl\/de\/#\/schema\/logo\/image\/\"},\"sameAs\":[\"https:\/\/www.facebook.com\/TuincentrumEliassenAmmerzoden\",\"https:\/\/www.instagram.com\/eliassenhomeandgarden\/\",\"https:\/\/nl.pinterest.com\/eliassenhomeandgarden\/\",\"https:\/\/www.youtube.com\/@eliassenhomegardenpleasure4558\"]}]}<\/script>\n<!-- \/ Yoast SEO plugin. -->","yoast_head_json":{"title":"Spiegelwandmodell wei\u00df mit Dekorationen Graceful 103x103cm - Eliassen.n","description":"Sch\u00f6ner, preisg\u00fcnstiger runder Spiegel mit wei\u00dfem, quadratischem Rahmen im klassischen Stil. Dies setzt mehrere anmutige Akzente und sieht in Ihrem Zuhause w...","robots":{"index":"noindex","follow":"follow","max-snippet":"max-snippet:-1","max-image-preview":"max-image-preview:large","max-video-preview":"max-video-preview:-1"},"og_locale":"de_DE","og_type":"article","og_title":"Spiegelwandmodell wei\u00df mit Dekorationen Graceful 103x103cm - Eliassen.n","og_description":"Sch\u00f6ner, preisg\u00fcnstiger runder Spiegel mit wei\u00dfem, quadratischem Rahmen im klassischen Stil. Dies setzt mehrere anmutige Akzente und sieht in Ihrem Zuhause w...","og_url":"https:\/\/dev.eliassen.nl\/de\/spiegelwandmodell-weiss-mit-dekorationen-graceful-103x103cm\/","og_site_name":"Eliassen.nl","article_publisher":"https:\/\/www.facebook.com\/TuincentrumEliassenAmmerzoden","article_modified_time":"2024-12-05T15:43:29+00:00","og_image":[{"width":1500,"height":1504,"url":"https:\/\/dev.eliassen.nl\/wp-content\/uploads\/2024\/01\/spiegelmuurmodelwitmetversieringensierlijk10.jpg","type":"image\/jpeg"}],"twitter_card":"summary_large_image","schema":{"@context":"https:\/\/schema.org","@graph":[{"@type":"WebPage","@id":"https:\/\/dev.eliassen.nl\/de\/spiegelwandmodell-weiss-mit-dekorationen-graceful-103x103cm\/","url":"https:\/\/dev.eliassen.nl\/de\/spiegelwandmodell-weiss-mit-dekorationen-graceful-103x103cm\/","name":"Spiegelwandmodell wei\u00df mit Dekorationen Graceful 103x103cm - Eliassen.n","isPartOf":{"@id":"https:\/\/dev.eliassen.nl\/de\/#website"},"primaryImageOfPage":{"@id":"https:\/\/dev.eliassen.nl\/de\/spiegelwandmodell-weiss-mit-dekorationen-graceful-103x103cm\/#primaryimage"},"image":{"@id":"https:\/\/dev.eliassen.nl\/de\/spiegelwandmodell-weiss-mit-dekorationen-graceful-103x103cm\/#primaryimage"},"thumbnailUrl":"https:\/\/dev.eliassen.nl\/wp-content\/uploads\/2024\/01\/spiegelmuurmodelwitmetversieringensierlijk10.jpg","datePublished":"2024-01-17T14:27:15+00:00","dateModified":"2024-12-05T15:43:29+00:00","description":"Sch\u00f6ner, preisg\u00fcnstiger runder Spiegel mit wei\u00dfem, quadratischem Rahmen im klassischen Stil. Dies setzt mehrere anmutige Akzente und sieht in Ihrem Zuhause w...","breadcrumb":{"@id":"https:\/\/dev.eliassen.nl\/de\/spiegelwandmodell-weiss-mit-dekorationen-graceful-103x103cm\/#breadcrumb"},"inLanguage":"de","potentialAction":[{"@type":"ReadAction","target":["https:\/\/dev.eliassen.nl\/de\/spiegelwandmodell-weiss-mit-dekorationen-graceful-103x103cm\/"]}]},{"@type":"ImageObject","inLanguage":"de","@id":"https:\/\/dev.eliassen.nl\/de\/spiegelwandmodell-weiss-mit-dekorationen-graceful-103x103cm\/#primaryimage","url":"https:\/\/dev.eliassen.nl\/wp-content\/uploads\/2024\/01\/spiegelmuurmodelwitmetversieringensierlijk10.jpg","contentUrl":"https:\/\/dev.eliassen.nl\/wp-content\/uploads\/2024\/01\/spiegelmuurmodelwitmetversieringensierlijk10.jpg","width":1500,"height":1504,"caption":"Spiegel muurmodel wit met versieringen Sierlijk 103x103cm eliassen.nl"},{"@type":"BreadcrumbList","@id":"https:\/\/dev.eliassen.nl\/de\/spiegelwandmodell-weiss-mit-dekorationen-graceful-103x103cm\/#breadcrumb","itemListElement":[{"@type":"ListItem","position":1,"name":"Home","item":"https:\/\/dev.eliassen.nl\/de\/"},{"@type":"ListItem","position":2,"name":"Shop","item":"https:\/\/dev.eliassen.nl\/nl\/winkel\/"},{"@type":"ListItem","position":3,"name":"Wanddekoration","item":"https:\/\/dev.eliassen.nl\/de\/wanddekoration\/"},{"@type":"ListItem","position":4,"name":"Barockspiegel","item":"https:\/\/dev.eliassen.nl\/de\/wanddekoration\/barockspiegel\/"},{"@type":"ListItem","position":5,"name":"Spiegelwandmodell wei\u00df mit Dekorationen Graceful 103x103cm"}]},{"@type":"WebSite","@id":"https:\/\/dev.eliassen.nl\/de\/#website","url":"https:\/\/dev.eliassen.nl\/de\/","name":"Eliassen Home & Garden Pleasure","description":"","publisher":{"@id":"https:\/\/dev.eliassen.nl\/de\/#organization"},"alternateName":"Eliassen.nl","potentialAction":[{"@type":"SearchAction","target":{"@type":"EntryPoint","urlTemplate":"https:\/\/dev.eliassen.nl\/de\/?s={search_term_string}"},"query-input":{"@type":"PropertyValueSpecification","valueRequired":true,"valueName":"search_term_string"}}],"inLanguage":"de"},{"@type":"Organization","@id":"https:\/\/dev.eliassen.nl\/de\/#organization","name":"Eliassen Home & Garden Pleasure","url":"https:\/\/dev.eliassen.nl\/de\/","logo":{"@type":"ImageObject","inLanguage":"de","@id":"https:\/\/dev.eliassen.nl\/de\/#\/schema\/logo\/image\/","url":"https:\/\/www.eliassen.nl\/wp-content\/uploads\/2024\/01\/logo_4nd.jpg","contentUrl":"https:\/\/www.eliassen.nl\/wp-content\/uploads\/2024\/01\/logo_4nd.jpg","width":500,"height":500,"caption":"Eliassen Home & Garden Pleasure"},"image":{"@id":"https:\/\/dev.eliassen.nl\/de\/#\/schema\/logo\/image\/"},"sameAs":["https:\/\/www.facebook.com\/TuincentrumEliassenAmmerzoden","https:\/\/www.instagram.com\/eliassenhomeandgarden\/","https:\/\/nl.pinterest.com\/eliassenhomeandgarden\/","https:\/\/www.youtube.com\/@eliassenhomegardenpleasure4558"]}]}},"df_price":109,"df_sale_price":"","df_regular_price":109,"df_image_link":"https:\/\/dev.eliassen.nl\/wp-content\/uploads\/2024\/01\/spiegelmuurmodelwitmetversieringensierlijk10.jpg","image":"https:\/\/dev.eliassen.nl\/wp-content\/uploads\/2024\/01\/spiegelmuurmodelwitmetversieringensierlijk10.jpg","price_search":"<span class=\"woocommerce-Price-amount amount\"><bdi><span class=\"woocommerce-Price-currencySymbol\">&euro;<\/span>&nbsp;109,00<\/bdi><\/span>","category":"Barockspiegel","_links":{"self":[{"href":"https:\/\/dev.eliassen.nl\/de\/wp-json\/wp\/v2\/product\/99073","targetHints":{"allow":["GET"]}}],"collection":[{"href":"https:\/\/dev.eliassen.nl\/de\/wp-json\/wp\/v2\/product"}],"about":[{"href":"https:\/\/dev.eliassen.nl\/de\/wp-json\/wp\/v2\/types\/product"}],"wp:featuredmedia":[{"embeddable":true,"href":"https:\/\/dev.eliassen.nl\/de\/wp-json\/wp\/v2\/media\/99067"}],"wp:attachment":[{"href":"https:\/\/dev.eliassen.nl\/de\/wp-json\/wp\/v2\/media?parent=99073"}],"wp:term":[{"taxonomy":"product_brand","embeddable":true,"href":"https:\/\/dev.eliassen.nl\/de\/wp-json\/wp\/v2\/product_brand?post=99073"},{"taxonomy":"product_cat","embeddable":true,"href":"https:\/\/dev.eliassen.nl\/de\/wp-json\/wp\/v2\/product_cat?post=99073"},{"taxonomy":"product_tag","embeddable":true,"href":"https:\/\/dev.eliassen.nl\/de\/wp-json\/wp\/v2\/product_tag?post=99073"}],"curies":[{"name":"wp","href":"https:\/\/api.w.org\/{rel}","templated":true}]}}