{"id":99100,"date":"2024-01-18T10:48:01","date_gmt":"2024-01-18T09:48:01","guid":{"rendered":"https:\/\/www.eliassen.nl\/?product=pot-rond-tygo-lichtgewicht-donker-grijs-steenmotie"},"modified":"2024-12-05T16:43:33","modified_gmt":"2024-12-05T15:43:33","slug":"topf-rund-tygo-leichtes-dunkelgraues-steinmotiv-78cm","status":"publish","type":"product","link":"https:\/\/dev.eliassen.nl\/de\/topf-rund-tygo-leichtes-dunkelgraues-steinmotiv-78cm\/","title":{"rendered":"Topf rund Tygo leicht anthrazit Steinmotiv 78cm"},"content":{"rendered":"<p>Wenn Sie einen gro\u00dfen dunkelgrauen Blumentopf suchen, der f\u00fcr Palmen, Olivenb\u00e4ume oder andere mediterrane Pflanzen geeignet ist, der sehr stabil, farbecht und leicht ist, dann ist die Wahl f\u00fcr diesen Topf schnell gefallen. Man kann diesen gro\u00dfen Blumentopf kaum vom Original unterscheiden, die Farbe und das Aussehen entsprechen genau einem Tontopf.<\/p>\n<p>Dieser Eiertopf eignet sich f\u00fcr die Aufstellung im Innen- und Au\u00dfenbereich. Wenn Sie ihn im Garten verwenden, vergessen Sie nicht, L\u00f6cher in den Boden zu bohren. Da dieser Topf viel Weichmacher enth\u00e4lt, m\u00fcssen Sie bei diesem Topf keine Angst vor spontanen Rissen haben.<\/p>\n<ul>\n<li>Leicht<\/li>\n<li>Gr\u00f6\u00dfe oben: Durchmesser 78 cm, Gesamth\u00f6he 57 cm<\/li>\n<li>Innenma\u00dfe: Durchmesser oben 70 cm, Durchmesser unten 46 cm<\/li>\n<li>Naturgetreue Reproduktion<\/li>\n<li>F\u00fcr drinnen und drau\u00dfen<\/li>\n<li>Farbecht<\/li>\n<li>1 Jahr Garantie<\/li>\n<li><strong>Material: langlebiger recycelter Kunststoff<\/strong><\/li>\n<li>F\u00fcr den Au\u00dfenbereich L\u00f6cher in den Boden bohren<\/li>\n<li>\u00a0<\/li>\n<\/ul>\n","protected":false},"excerpt":{"rendered":"<p>Gro\u00dfer runder Topf mit Steinrelief<\/p>\n","protected":false},"featured_media":99097,"template":"","meta":{"_acf_changed":false},"product_brand":[],"product_cat":[722,740],"product_tag":[],"class_list":{"0":"post-99100","1":"product","2":"type-product","3":"status-publish","4":"has-post-thumbnail","6":"product_cat-blumentoepfe-und-pflanzgefaesse","7":"product_cat-pflanzkuebel-fuer-den-aussenbereich-gross-leicht","9":"first","10":"instock","11":"taxable","12":"shipping-taxable","13":"purchasable","14":"product-type-simple"},"acf":[],"yoast_head":"<!-- This site is optimized with the Yoast SEO plugin v23.8 - https:\/\/yoast.com\/wordpress\/plugins\/seo\/ -->\n<title>Topf rund Tygo leichtes dunkelgraues Steinmotiv 78cm<\/title>\n<meta name=\"description\" content=\"Ein sehr gro\u00dfer dunkelgrauer Blumentopf. Geeignet f\u00fcr den Innen- und Au\u00dfenbereich. Geeignet f\u00fcr gro\u00dfe Pflanzen und Olivenb\u00e4ume. Auch live bei uns zu sehen!\" \/>\n<meta name=\"robots\" content=\"noindex, follow, max-snippet:-1, max-image-preview:large, max-video-preview:-1\" \/>\n<meta property=\"og:locale\" content=\"de_DE\" \/>\n<meta property=\"og:type\" content=\"article\" \/>\n<meta property=\"og:title\" content=\"Topf rund Tygo leichtes dunkelgraues Steinmotiv 78cm\" \/>\n<meta property=\"og:description\" content=\"Ein sehr gro\u00dfer dunkelgrauer Blumentopf. Geeignet f\u00fcr den Innen- und Au\u00dfenbereich. Geeignet f\u00fcr gro\u00dfe Pflanzen und Olivenb\u00e4ume. Auch live bei uns zu sehen!\" \/>\n<meta property=\"og:url\" content=\"https:\/\/dev.eliassen.nl\/de\/topf-rund-tygo-leichtes-dunkelgraues-steinmotiv-78cm\/\" \/>\n<meta property=\"og:site_name\" content=\"Eliassen.nl\" \/>\n<meta property=\"article:publisher\" content=\"https:\/\/www.facebook.com\/TuincentrumEliassenAmmerzoden\" \/>\n<meta property=\"article:modified_time\" content=\"2024-12-05T15:43:33+00:00\" \/>\n<meta property=\"og:image\" content=\"https:\/\/dev.eliassen.nl\/wp-content\/uploads\/2024\/01\/potlichtgewichttygodonkergrijseliassennly541.jpg\" \/>\n\t<meta property=\"og:image:width\" content=\"1600\" \/>\n\t<meta property=\"og:image:height\" content=\"1378\" \/>\n\t<meta property=\"og:image:type\" content=\"image\/jpeg\" \/>\n<meta name=\"twitter:card\" content=\"summary_large_image\" \/>\n<script type=\"application\/ld+json\" class=\"yoast-schema-graph\">{\"@context\":\"https:\/\/schema.org\",\"@graph\":[{\"@type\":\"WebPage\",\"@id\":\"https:\/\/dev.eliassen.nl\/de\/topf-rund-tygo-leichtes-dunkelgraues-steinmotiv-78cm\/\",\"url\":\"https:\/\/dev.eliassen.nl\/de\/topf-rund-tygo-leichtes-dunkelgraues-steinmotiv-78cm\/\",\"name\":\"Topf rund Tygo leichtes dunkelgraues Steinmotiv 78cm\",\"isPartOf\":{\"@id\":\"https:\/\/dev.eliassen.nl\/de\/#website\"},\"primaryImageOfPage\":{\"@id\":\"https:\/\/dev.eliassen.nl\/de\/topf-rund-tygo-leichtes-dunkelgraues-steinmotiv-78cm\/#primaryimage\"},\"image\":{\"@id\":\"https:\/\/dev.eliassen.nl\/de\/topf-rund-tygo-leichtes-dunkelgraues-steinmotiv-78cm\/#primaryimage\"},\"thumbnailUrl\":\"https:\/\/dev.eliassen.nl\/wp-content\/uploads\/2024\/01\/potlichtgewichttygodonkergrijseliassennly541.jpg\",\"datePublished\":\"2024-01-18T09:48:01+00:00\",\"dateModified\":\"2024-12-05T15:43:33+00:00\",\"description\":\"Ein sehr gro\u00dfer dunkelgrauer Blumentopf. Geeignet f\u00fcr den Innen- und Au\u00dfenbereich. Geeignet f\u00fcr gro\u00dfe Pflanzen und Olivenb\u00e4ume. Auch live bei uns zu sehen!\",\"breadcrumb\":{\"@id\":\"https:\/\/dev.eliassen.nl\/de\/topf-rund-tygo-leichtes-dunkelgraues-steinmotiv-78cm\/#breadcrumb\"},\"inLanguage\":\"de\",\"potentialAction\":[{\"@type\":\"ReadAction\",\"target\":[\"https:\/\/dev.eliassen.nl\/de\/topf-rund-tygo-leichtes-dunkelgraues-steinmotiv-78cm\/\"]}]},{\"@type\":\"ImageObject\",\"inLanguage\":\"de\",\"@id\":\"https:\/\/dev.eliassen.nl\/de\/topf-rund-tygo-leichtes-dunkelgraues-steinmotiv-78cm\/#primaryimage\",\"url\":\"https:\/\/dev.eliassen.nl\/wp-content\/uploads\/2024\/01\/potlichtgewichttygodonkergrijseliassennly541.jpg\",\"contentUrl\":\"https:\/\/dev.eliassen.nl\/wp-content\/uploads\/2024\/01\/potlichtgewichttygodonkergrijseliassennly541.jpg\",\"width\":1600,\"height\":1378,\"caption\":\"Pot lichtgewicht Tygo donker grijs Eliassen.nl Y54195120\"},{\"@type\":\"BreadcrumbList\",\"@id\":\"https:\/\/dev.eliassen.nl\/de\/topf-rund-tygo-leichtes-dunkelgraues-steinmotiv-78cm\/#breadcrumb\",\"itemListElement\":[{\"@type\":\"ListItem\",\"position\":1,\"name\":\"Home\",\"item\":\"https:\/\/dev.eliassen.nl\/de\/\"},{\"@type\":\"ListItem\",\"position\":2,\"name\":\"Shop\",\"item\":\"https:\/\/dev.eliassen.nl\/nl\/winkel\/\"},{\"@type\":\"ListItem\",\"position\":3,\"name\":\"Blument\u00f6pfe und Pflanzgef\u00e4\u00dfe\",\"item\":\"https:\/\/dev.eliassen.nl\/de\/blumentoepfe-und-pflanzgefaesse\/\"},{\"@type\":\"ListItem\",\"position\":4,\"name\":\"Pflanzk\u00fcbel f\u00fcr den Au\u00dfenbereich gro\u00df leicht\",\"item\":\"https:\/\/dev.eliassen.nl\/de\/blumentoepfe-und-pflanzgefaesse\/pflanzkuebel-fuer-den-aussenbereich-gross-leicht\/\"},{\"@type\":\"ListItem\",\"position\":5,\"name\":\"Topf rund Tygo leicht anthrazit Steinmotiv 78cm\"}]},{\"@type\":\"WebSite\",\"@id\":\"https:\/\/dev.eliassen.nl\/de\/#website\",\"url\":\"https:\/\/dev.eliassen.nl\/de\/\",\"name\":\"Eliassen Home & Garden Pleasure\",\"description\":\"\",\"publisher\":{\"@id\":\"https:\/\/dev.eliassen.nl\/de\/#organization\"},\"alternateName\":\"Eliassen.nl\",\"potentialAction\":[{\"@type\":\"SearchAction\",\"target\":{\"@type\":\"EntryPoint\",\"urlTemplate\":\"https:\/\/dev.eliassen.nl\/de\/?s={search_term_string}\"},\"query-input\":{\"@type\":\"PropertyValueSpecification\",\"valueRequired\":true,\"valueName\":\"search_term_string\"}}],\"inLanguage\":\"de\"},{\"@type\":\"Organization\",\"@id\":\"https:\/\/dev.eliassen.nl\/de\/#organization\",\"name\":\"Eliassen Home & Garden Pleasure\",\"url\":\"https:\/\/dev.eliassen.nl\/de\/\",\"logo\":{\"@type\":\"ImageObject\",\"inLanguage\":\"de\",\"@id\":\"https:\/\/dev.eliassen.nl\/de\/#\/schema\/logo\/image\/\",\"url\":\"https:\/\/www.eliassen.nl\/wp-content\/uploads\/2024\/01\/logo_4nd.jpg\",\"contentUrl\":\"https:\/\/www.eliassen.nl\/wp-content\/uploads\/2024\/01\/logo_4nd.jpg\",\"width\":500,\"height\":500,\"caption\":\"Eliassen Home & Garden Pleasure\"},\"image\":{\"@id\":\"https:\/\/dev.eliassen.nl\/de\/#\/schema\/logo\/image\/\"},\"sameAs\":[\"https:\/\/www.facebook.com\/TuincentrumEliassenAmmerzoden\",\"https:\/\/www.instagram.com\/eliassenhomeandgarden\/\",\"https:\/\/nl.pinterest.com\/eliassenhomeandgarden\/\",\"https:\/\/www.youtube.com\/@eliassenhomegardenpleasure4558\"]}]}<\/script>\n<!-- \/ Yoast SEO plugin. -->","yoast_head_json":{"title":"Topf rund Tygo leichtes dunkelgraues Steinmotiv 78cm","description":"Ein sehr gro\u00dfer dunkelgrauer Blumentopf. Geeignet f\u00fcr den Innen- und Au\u00dfenbereich. Geeignet f\u00fcr gro\u00dfe Pflanzen und Olivenb\u00e4ume. Auch live bei uns zu sehen!","robots":{"index":"noindex","follow":"follow","max-snippet":"max-snippet:-1","max-image-preview":"max-image-preview:large","max-video-preview":"max-video-preview:-1"},"og_locale":"de_DE","og_type":"article","og_title":"Topf rund Tygo leichtes dunkelgraues Steinmotiv 78cm","og_description":"Ein sehr gro\u00dfer dunkelgrauer Blumentopf. Geeignet f\u00fcr den Innen- und Au\u00dfenbereich. Geeignet f\u00fcr gro\u00dfe Pflanzen und Olivenb\u00e4ume. Auch live bei uns zu sehen!","og_url":"https:\/\/dev.eliassen.nl\/de\/topf-rund-tygo-leichtes-dunkelgraues-steinmotiv-78cm\/","og_site_name":"Eliassen.nl","article_publisher":"https:\/\/www.facebook.com\/TuincentrumEliassenAmmerzoden","article_modified_time":"2024-12-05T15:43:33+00:00","og_image":[{"width":1600,"height":1378,"url":"https:\/\/dev.eliassen.nl\/wp-content\/uploads\/2024\/01\/potlichtgewichttygodonkergrijseliassennly541.jpg","type":"image\/jpeg"}],"twitter_card":"summary_large_image","schema":{"@context":"https:\/\/schema.org","@graph":[{"@type":"WebPage","@id":"https:\/\/dev.eliassen.nl\/de\/topf-rund-tygo-leichtes-dunkelgraues-steinmotiv-78cm\/","url":"https:\/\/dev.eliassen.nl\/de\/topf-rund-tygo-leichtes-dunkelgraues-steinmotiv-78cm\/","name":"Topf rund Tygo leichtes dunkelgraues Steinmotiv 78cm","isPartOf":{"@id":"https:\/\/dev.eliassen.nl\/de\/#website"},"primaryImageOfPage":{"@id":"https:\/\/dev.eliassen.nl\/de\/topf-rund-tygo-leichtes-dunkelgraues-steinmotiv-78cm\/#primaryimage"},"image":{"@id":"https:\/\/dev.eliassen.nl\/de\/topf-rund-tygo-leichtes-dunkelgraues-steinmotiv-78cm\/#primaryimage"},"thumbnailUrl":"https:\/\/dev.eliassen.nl\/wp-content\/uploads\/2024\/01\/potlichtgewichttygodonkergrijseliassennly541.jpg","datePublished":"2024-01-18T09:48:01+00:00","dateModified":"2024-12-05T15:43:33+00:00","description":"Ein sehr gro\u00dfer dunkelgrauer Blumentopf. Geeignet f\u00fcr den Innen- und Au\u00dfenbereich. Geeignet f\u00fcr gro\u00dfe Pflanzen und Olivenb\u00e4ume. Auch live bei uns zu sehen!","breadcrumb":{"@id":"https:\/\/dev.eliassen.nl\/de\/topf-rund-tygo-leichtes-dunkelgraues-steinmotiv-78cm\/#breadcrumb"},"inLanguage":"de","potentialAction":[{"@type":"ReadAction","target":["https:\/\/dev.eliassen.nl\/de\/topf-rund-tygo-leichtes-dunkelgraues-steinmotiv-78cm\/"]}]},{"@type":"ImageObject","inLanguage":"de","@id":"https:\/\/dev.eliassen.nl\/de\/topf-rund-tygo-leichtes-dunkelgraues-steinmotiv-78cm\/#primaryimage","url":"https:\/\/dev.eliassen.nl\/wp-content\/uploads\/2024\/01\/potlichtgewichttygodonkergrijseliassennly541.jpg","contentUrl":"https:\/\/dev.eliassen.nl\/wp-content\/uploads\/2024\/01\/potlichtgewichttygodonkergrijseliassennly541.jpg","width":1600,"height":1378,"caption":"Pot lichtgewicht Tygo donker grijs Eliassen.nl Y54195120"},{"@type":"BreadcrumbList","@id":"https:\/\/dev.eliassen.nl\/de\/topf-rund-tygo-leichtes-dunkelgraues-steinmotiv-78cm\/#breadcrumb","itemListElement":[{"@type":"ListItem","position":1,"name":"Home","item":"https:\/\/dev.eliassen.nl\/de\/"},{"@type":"ListItem","position":2,"name":"Shop","item":"https:\/\/dev.eliassen.nl\/nl\/winkel\/"},{"@type":"ListItem","position":3,"name":"Blument\u00f6pfe und Pflanzgef\u00e4\u00dfe","item":"https:\/\/dev.eliassen.nl\/de\/blumentoepfe-und-pflanzgefaesse\/"},{"@type":"ListItem","position":4,"name":"Pflanzk\u00fcbel f\u00fcr den Au\u00dfenbereich gro\u00df leicht","item":"https:\/\/dev.eliassen.nl\/de\/blumentoepfe-und-pflanzgefaesse\/pflanzkuebel-fuer-den-aussenbereich-gross-leicht\/"},{"@type":"ListItem","position":5,"name":"Topf rund Tygo leicht anthrazit Steinmotiv 78cm"}]},{"@type":"WebSite","@id":"https:\/\/dev.eliassen.nl\/de\/#website","url":"https:\/\/dev.eliassen.nl\/de\/","name":"Eliassen Home & Garden Pleasure","description":"","publisher":{"@id":"https:\/\/dev.eliassen.nl\/de\/#organization"},"alternateName":"Eliassen.nl","potentialAction":[{"@type":"SearchAction","target":{"@type":"EntryPoint","urlTemplate":"https:\/\/dev.eliassen.nl\/de\/?s={search_term_string}"},"query-input":{"@type":"PropertyValueSpecification","valueRequired":true,"valueName":"search_term_string"}}],"inLanguage":"de"},{"@type":"Organization","@id":"https:\/\/dev.eliassen.nl\/de\/#organization","name":"Eliassen Home & Garden Pleasure","url":"https:\/\/dev.eliassen.nl\/de\/","logo":{"@type":"ImageObject","inLanguage":"de","@id":"https:\/\/dev.eliassen.nl\/de\/#\/schema\/logo\/image\/","url":"https:\/\/www.eliassen.nl\/wp-content\/uploads\/2024\/01\/logo_4nd.jpg","contentUrl":"https:\/\/www.eliassen.nl\/wp-content\/uploads\/2024\/01\/logo_4nd.jpg","width":500,"height":500,"caption":"Eliassen Home & Garden Pleasure"},"image":{"@id":"https:\/\/dev.eliassen.nl\/de\/#\/schema\/logo\/image\/"},"sameAs":["https:\/\/www.facebook.com\/TuincentrumEliassenAmmerzoden","https:\/\/www.instagram.com\/eliassenhomeandgarden\/","https:\/\/nl.pinterest.com\/eliassenhomeandgarden\/","https:\/\/www.youtube.com\/@eliassenhomegardenpleasure4558"]}]}},"df_price":79.5,"df_sale_price":"","df_regular_price":79.5,"df_image_link":"https:\/\/dev.eliassen.nl\/wp-content\/uploads\/2024\/01\/potlichtgewichttygodonkergrijseliassennly541.jpg","image":"https:\/\/dev.eliassen.nl\/wp-content\/uploads\/2024\/01\/potlichtgewichttygodonkergrijseliassennly541.jpg","price_search":"<span class=\"woocommerce-Price-amount amount\"><bdi><span class=\"woocommerce-Price-currencySymbol\">&euro;<\/span>&nbsp;79,50<\/bdi><\/span>","category":"Blument\u00f6pfe und Pflanzgef\u00e4\u00dfe","_links":{"self":[{"href":"https:\/\/dev.eliassen.nl\/de\/wp-json\/wp\/v2\/product\/99100","targetHints":{"allow":["GET"]}}],"collection":[{"href":"https:\/\/dev.eliassen.nl\/de\/wp-json\/wp\/v2\/product"}],"about":[{"href":"https:\/\/dev.eliassen.nl\/de\/wp-json\/wp\/v2\/types\/product"}],"wp:featuredmedia":[{"embeddable":true,"href":"https:\/\/dev.eliassen.nl\/de\/wp-json\/wp\/v2\/media\/99097"}],"wp:attachment":[{"href":"https:\/\/dev.eliassen.nl\/de\/wp-json\/wp\/v2\/media?parent=99100"}],"wp:term":[{"taxonomy":"product_brand","embeddable":true,"href":"https:\/\/dev.eliassen.nl\/de\/wp-json\/wp\/v2\/product_brand?post=99100"},{"taxonomy":"product_cat","embeddable":true,"href":"https:\/\/dev.eliassen.nl\/de\/wp-json\/wp\/v2\/product_cat?post=99100"},{"taxonomy":"product_tag","embeddable":true,"href":"https:\/\/dev.eliassen.nl\/de\/wp-json\/wp\/v2\/product_tag?post=99100"}],"curies":[{"name":"wp","href":"https:\/\/api.w.org\/{rel}","templated":true}]}}