{"id":99136,"date":"2024-01-18T10:59:53","date_gmt":"2024-01-18T09:59:53","guid":{"rendered":"https:\/\/www.eliassen.nl\/?product=pot-vierkant-lichtgewicht-triplo-steenmotief-60cm"},"modified":"2024-12-05T16:43:40","modified_gmt":"2024-12-05T15:43:40","slug":"topf-quadratisch-leicht-triplo-steinmotiv-60cm","status":"publish","type":"product","link":"https:\/\/dev.eliassen.nl\/de\/topf-quadratisch-leicht-triplo-steinmotiv-60cm\/","title":{"rendered":"Topf quadratisch leicht Triplo Steinmotiv 60cm"},"content":{"rendered":"<p>Das ist wundersch\u00f6n, dieser anthrazitfarbene Blumenkasten, der sehr stabil, farbecht und leicht ist. Man kann diesen gro\u00dfen Blumentopf kaum vom Original unterscheiden, die Farbe und das Aussehen entsprechen genau einem Steintopf. Dieser Blumenkasten wird wundersch\u00f6n, wenn Sie ihn in 3 H\u00f6hen bepflanzen. Pflanzen in jeder Ebene dieses Kastens kommen gut zur Geltung und werden zu einem Blumenmeer. Dieser Beh\u00e4lter kann auch als Trennwand verwendet werden.<\/p>\n<p>Dieses Pflanzgef\u00e4\u00df eignet sich f\u00fcr die Aufstellung im Innen- und Au\u00dfenbereich. Wenn Sie es im Garten verwenden, vergessen Sie nicht, L\u00f6cher in den Boden zu bohren. Da dieser Topf viel Weichmacher enth\u00e4lt, m\u00fcssen Sie bei diesem Topf keine Angst vor spontanen Rissen haben.<\/p>\n<ul>\n<li>Leicht<\/li>\n<li>Gr\u00f6\u00dfe 60x27x58cm hoch<\/li>\n<li>Naturgetreue Reproduktion<\/li>\n<li>F\u00fcr drinnen und drau\u00dfen<\/li>\n<li>Farbecht<\/li>\n<li>1 Jahr Garantie<\/li>\n<li><strong>Material: robuster Kunststoff<\/strong><\/li>\n<\/ul>\n","protected":false},"excerpt":{"rendered":"<p>Gro\u00dfer Blumenkasten in 3 H\u00f6hen in Stufenform<\/p>\n","protected":false},"featured_media":177170,"template":"","meta":{"_acf_changed":false},"product_brand":[],"product_cat":[722,740],"product_tag":[],"class_list":{"0":"post-99136","1":"product","2":"type-product","3":"status-publish","4":"has-post-thumbnail","6":"product_cat-blumentoepfe-und-pflanzgefaesse","7":"product_cat-pflanzkuebel-fuer-den-aussenbereich-gross-leicht","9":"first","10":"instock","11":"taxable","12":"shipping-taxable","13":"purchasable","14":"product-type-simple"},"acf":[],"yoast_head":"<!-- This site is optimized with the Yoast SEO plugin v23.8 - https:\/\/yoast.com\/wordpress\/plugins\/seo\/ -->\n<title>Topf quadratisch leicht Triplo Steinmotiv 60cm<\/title>\n<meta name=\"description\" content=\"Der Blumenkasten kann in mehreren H\u00f6hen bepflanzt werden. Geeignet f\u00fcr den Innen- und Au\u00dfenbereich. Auch live bei uns zu sehen!\" \/>\n<meta name=\"robots\" content=\"noindex, follow, max-snippet:-1, max-image-preview:large, max-video-preview:-1\" \/>\n<meta property=\"og:locale\" content=\"de_DE\" \/>\n<meta property=\"og:type\" content=\"article\" \/>\n<meta property=\"og:title\" content=\"Topf quadratisch leicht Triplo Steinmotiv 60cm\" \/>\n<meta property=\"og:description\" content=\"Der Blumenkasten kann in mehreren H\u00f6hen bepflanzt werden. Geeignet f\u00fcr den Innen- und Au\u00dfenbereich. Auch live bei uns zu sehen!\" \/>\n<meta property=\"og:url\" content=\"https:\/\/dev.eliassen.nl\/de\/topf-quadratisch-leicht-triplo-steinmotiv-60cm\/\" \/>\n<meta property=\"og:site_name\" content=\"Eliassen.nl\" \/>\n<meta property=\"article:publisher\" content=\"https:\/\/www.facebook.com\/TuincentrumEliassenAmmerzoden\" \/>\n<meta property=\"article:modified_time\" content=\"2024-12-05T15:43:40+00:00\" \/>\n<meta property=\"og:image\" content=\"https:\/\/dev.eliassen.nl\/wp-content\/uploads\/2024\/01\/1000039640-scaled.jpg\" \/>\n\t<meta property=\"og:image:width\" content=\"1928\" \/>\n\t<meta property=\"og:image:height\" content=\"2560\" \/>\n\t<meta property=\"og:image:type\" content=\"image\/jpeg\" \/>\n<meta name=\"twitter:card\" content=\"summary_large_image\" \/>\n<script type=\"application\/ld+json\" class=\"yoast-schema-graph\">{\"@context\":\"https:\/\/schema.org\",\"@graph\":[{\"@type\":\"WebPage\",\"@id\":\"https:\/\/dev.eliassen.nl\/de\/topf-quadratisch-leicht-triplo-steinmotiv-60cm\/\",\"url\":\"https:\/\/dev.eliassen.nl\/de\/topf-quadratisch-leicht-triplo-steinmotiv-60cm\/\",\"name\":\"Topf quadratisch leicht Triplo Steinmotiv 60cm\",\"isPartOf\":{\"@id\":\"https:\/\/dev.eliassen.nl\/de\/#website\"},\"primaryImageOfPage\":{\"@id\":\"https:\/\/dev.eliassen.nl\/de\/topf-quadratisch-leicht-triplo-steinmotiv-60cm\/#primaryimage\"},\"image\":{\"@id\":\"https:\/\/dev.eliassen.nl\/de\/topf-quadratisch-leicht-triplo-steinmotiv-60cm\/#primaryimage\"},\"thumbnailUrl\":\"https:\/\/dev.eliassen.nl\/wp-content\/uploads\/2024\/01\/1000039640-scaled.jpg\",\"datePublished\":\"2024-01-18T09:59:53+00:00\",\"dateModified\":\"2024-12-05T15:43:40+00:00\",\"description\":\"Der Blumenkasten kann in mehreren H\u00f6hen bepflanzt werden. Geeignet f\u00fcr den Innen- und Au\u00dfenbereich. Auch live bei uns zu sehen!\",\"breadcrumb\":{\"@id\":\"https:\/\/dev.eliassen.nl\/de\/topf-quadratisch-leicht-triplo-steinmotiv-60cm\/#breadcrumb\"},\"inLanguage\":\"de\",\"potentialAction\":[{\"@type\":\"ReadAction\",\"target\":[\"https:\/\/dev.eliassen.nl\/de\/topf-quadratisch-leicht-triplo-steinmotiv-60cm\/\"]}]},{\"@type\":\"ImageObject\",\"inLanguage\":\"de\",\"@id\":\"https:\/\/dev.eliassen.nl\/de\/topf-quadratisch-leicht-triplo-steinmotiv-60cm\/#primaryimage\",\"url\":\"https:\/\/dev.eliassen.nl\/wp-content\/uploads\/2024\/01\/1000039640-scaled.jpg\",\"contentUrl\":\"https:\/\/dev.eliassen.nl\/wp-content\/uploads\/2024\/01\/1000039640-scaled.jpg\",\"width\":1928,\"height\":2560},{\"@type\":\"BreadcrumbList\",\"@id\":\"https:\/\/dev.eliassen.nl\/de\/topf-quadratisch-leicht-triplo-steinmotiv-60cm\/#breadcrumb\",\"itemListElement\":[{\"@type\":\"ListItem\",\"position\":1,\"name\":\"Home\",\"item\":\"https:\/\/dev.eliassen.nl\/de\/\"},{\"@type\":\"ListItem\",\"position\":2,\"name\":\"Shop\",\"item\":\"https:\/\/dev.eliassen.nl\/nl\/winkel\/\"},{\"@type\":\"ListItem\",\"position\":3,\"name\":\"Blument\u00f6pfe und Pflanzgef\u00e4\u00dfe\",\"item\":\"https:\/\/dev.eliassen.nl\/de\/blumentoepfe-und-pflanzgefaesse\/\"},{\"@type\":\"ListItem\",\"position\":4,\"name\":\"Pflanzk\u00fcbel f\u00fcr den Au\u00dfenbereich gro\u00df leicht\",\"item\":\"https:\/\/dev.eliassen.nl\/de\/blumentoepfe-und-pflanzgefaesse\/pflanzkuebel-fuer-den-aussenbereich-gross-leicht\/\"},{\"@type\":\"ListItem\",\"position\":5,\"name\":\"Topf quadratisch leicht Triplo Steinmotiv 60cm\"}]},{\"@type\":\"WebSite\",\"@id\":\"https:\/\/dev.eliassen.nl\/de\/#website\",\"url\":\"https:\/\/dev.eliassen.nl\/de\/\",\"name\":\"Eliassen Home & Garden Pleasure\",\"description\":\"\",\"publisher\":{\"@id\":\"https:\/\/dev.eliassen.nl\/de\/#organization\"},\"alternateName\":\"Eliassen.nl\",\"potentialAction\":[{\"@type\":\"SearchAction\",\"target\":{\"@type\":\"EntryPoint\",\"urlTemplate\":\"https:\/\/dev.eliassen.nl\/de\/?s={search_term_string}\"},\"query-input\":{\"@type\":\"PropertyValueSpecification\",\"valueRequired\":true,\"valueName\":\"search_term_string\"}}],\"inLanguage\":\"de\"},{\"@type\":\"Organization\",\"@id\":\"https:\/\/dev.eliassen.nl\/de\/#organization\",\"name\":\"Eliassen Home & Garden Pleasure\",\"url\":\"https:\/\/dev.eliassen.nl\/de\/\",\"logo\":{\"@type\":\"ImageObject\",\"inLanguage\":\"de\",\"@id\":\"https:\/\/dev.eliassen.nl\/de\/#\/schema\/logo\/image\/\",\"url\":\"https:\/\/www.eliassen.nl\/wp-content\/uploads\/2024\/01\/logo_4nd.jpg\",\"contentUrl\":\"https:\/\/www.eliassen.nl\/wp-content\/uploads\/2024\/01\/logo_4nd.jpg\",\"width\":500,\"height\":500,\"caption\":\"Eliassen Home & Garden Pleasure\"},\"image\":{\"@id\":\"https:\/\/dev.eliassen.nl\/de\/#\/schema\/logo\/image\/\"},\"sameAs\":[\"https:\/\/www.facebook.com\/TuincentrumEliassenAmmerzoden\",\"https:\/\/www.instagram.com\/eliassenhomeandgarden\/\",\"https:\/\/nl.pinterest.com\/eliassenhomeandgarden\/\",\"https:\/\/www.youtube.com\/@eliassenhomegardenpleasure4558\"]}]}<\/script>\n<!-- \/ Yoast SEO plugin. -->","yoast_head_json":{"title":"Topf quadratisch leicht Triplo Steinmotiv 60cm","description":"Der Blumenkasten kann in mehreren H\u00f6hen bepflanzt werden. Geeignet f\u00fcr den Innen- und Au\u00dfenbereich. Auch live bei uns zu sehen!","robots":{"index":"noindex","follow":"follow","max-snippet":"max-snippet:-1","max-image-preview":"max-image-preview:large","max-video-preview":"max-video-preview:-1"},"og_locale":"de_DE","og_type":"article","og_title":"Topf quadratisch leicht Triplo Steinmotiv 60cm","og_description":"Der Blumenkasten kann in mehreren H\u00f6hen bepflanzt werden. Geeignet f\u00fcr den Innen- und Au\u00dfenbereich. Auch live bei uns zu sehen!","og_url":"https:\/\/dev.eliassen.nl\/de\/topf-quadratisch-leicht-triplo-steinmotiv-60cm\/","og_site_name":"Eliassen.nl","article_publisher":"https:\/\/www.facebook.com\/TuincentrumEliassenAmmerzoden","article_modified_time":"2024-12-05T15:43:40+00:00","og_image":[{"width":1928,"height":2560,"url":"https:\/\/dev.eliassen.nl\/wp-content\/uploads\/2024\/01\/1000039640-scaled.jpg","type":"image\/jpeg"}],"twitter_card":"summary_large_image","schema":{"@context":"https:\/\/schema.org","@graph":[{"@type":"WebPage","@id":"https:\/\/dev.eliassen.nl\/de\/topf-quadratisch-leicht-triplo-steinmotiv-60cm\/","url":"https:\/\/dev.eliassen.nl\/de\/topf-quadratisch-leicht-triplo-steinmotiv-60cm\/","name":"Topf quadratisch leicht Triplo Steinmotiv 60cm","isPartOf":{"@id":"https:\/\/dev.eliassen.nl\/de\/#website"},"primaryImageOfPage":{"@id":"https:\/\/dev.eliassen.nl\/de\/topf-quadratisch-leicht-triplo-steinmotiv-60cm\/#primaryimage"},"image":{"@id":"https:\/\/dev.eliassen.nl\/de\/topf-quadratisch-leicht-triplo-steinmotiv-60cm\/#primaryimage"},"thumbnailUrl":"https:\/\/dev.eliassen.nl\/wp-content\/uploads\/2024\/01\/1000039640-scaled.jpg","datePublished":"2024-01-18T09:59:53+00:00","dateModified":"2024-12-05T15:43:40+00:00","description":"Der Blumenkasten kann in mehreren H\u00f6hen bepflanzt werden. Geeignet f\u00fcr den Innen- und Au\u00dfenbereich. Auch live bei uns zu sehen!","breadcrumb":{"@id":"https:\/\/dev.eliassen.nl\/de\/topf-quadratisch-leicht-triplo-steinmotiv-60cm\/#breadcrumb"},"inLanguage":"de","potentialAction":[{"@type":"ReadAction","target":["https:\/\/dev.eliassen.nl\/de\/topf-quadratisch-leicht-triplo-steinmotiv-60cm\/"]}]},{"@type":"ImageObject","inLanguage":"de","@id":"https:\/\/dev.eliassen.nl\/de\/topf-quadratisch-leicht-triplo-steinmotiv-60cm\/#primaryimage","url":"https:\/\/dev.eliassen.nl\/wp-content\/uploads\/2024\/01\/1000039640-scaled.jpg","contentUrl":"https:\/\/dev.eliassen.nl\/wp-content\/uploads\/2024\/01\/1000039640-scaled.jpg","width":1928,"height":2560},{"@type":"BreadcrumbList","@id":"https:\/\/dev.eliassen.nl\/de\/topf-quadratisch-leicht-triplo-steinmotiv-60cm\/#breadcrumb","itemListElement":[{"@type":"ListItem","position":1,"name":"Home","item":"https:\/\/dev.eliassen.nl\/de\/"},{"@type":"ListItem","position":2,"name":"Shop","item":"https:\/\/dev.eliassen.nl\/nl\/winkel\/"},{"@type":"ListItem","position":3,"name":"Blument\u00f6pfe und Pflanzgef\u00e4\u00dfe","item":"https:\/\/dev.eliassen.nl\/de\/blumentoepfe-und-pflanzgefaesse\/"},{"@type":"ListItem","position":4,"name":"Pflanzk\u00fcbel f\u00fcr den Au\u00dfenbereich gro\u00df leicht","item":"https:\/\/dev.eliassen.nl\/de\/blumentoepfe-und-pflanzgefaesse\/pflanzkuebel-fuer-den-aussenbereich-gross-leicht\/"},{"@type":"ListItem","position":5,"name":"Topf quadratisch leicht Triplo Steinmotiv 60cm"}]},{"@type":"WebSite","@id":"https:\/\/dev.eliassen.nl\/de\/#website","url":"https:\/\/dev.eliassen.nl\/de\/","name":"Eliassen Home & Garden Pleasure","description":"","publisher":{"@id":"https:\/\/dev.eliassen.nl\/de\/#organization"},"alternateName":"Eliassen.nl","potentialAction":[{"@type":"SearchAction","target":{"@type":"EntryPoint","urlTemplate":"https:\/\/dev.eliassen.nl\/de\/?s={search_term_string}"},"query-input":{"@type":"PropertyValueSpecification","valueRequired":true,"valueName":"search_term_string"}}],"inLanguage":"de"},{"@type":"Organization","@id":"https:\/\/dev.eliassen.nl\/de\/#organization","name":"Eliassen Home & Garden Pleasure","url":"https:\/\/dev.eliassen.nl\/de\/","logo":{"@type":"ImageObject","inLanguage":"de","@id":"https:\/\/dev.eliassen.nl\/de\/#\/schema\/logo\/image\/","url":"https:\/\/www.eliassen.nl\/wp-content\/uploads\/2024\/01\/logo_4nd.jpg","contentUrl":"https:\/\/www.eliassen.nl\/wp-content\/uploads\/2024\/01\/logo_4nd.jpg","width":500,"height":500,"caption":"Eliassen Home & Garden Pleasure"},"image":{"@id":"https:\/\/dev.eliassen.nl\/de\/#\/schema\/logo\/image\/"},"sameAs":["https:\/\/www.facebook.com\/TuincentrumEliassenAmmerzoden","https:\/\/www.instagram.com\/eliassenhomeandgarden\/","https:\/\/nl.pinterest.com\/eliassenhomeandgarden\/","https:\/\/www.youtube.com\/@eliassenhomegardenpleasure4558"]}]}},"df_price":49.5,"df_sale_price":"","df_regular_price":49.5,"df_image_link":"https:\/\/dev.eliassen.nl\/wp-content\/uploads\/2024\/01\/1000039640-226x300.jpg","image":"https:\/\/dev.eliassen.nl\/wp-content\/uploads\/2024\/01\/1000039640-150x150.jpg","price_search":"<span class=\"woocommerce-Price-amount amount\"><bdi><span class=\"woocommerce-Price-currencySymbol\">&euro;<\/span>&nbsp;49,50<\/bdi><\/span>","category":"Blument\u00f6pfe und Pflanzgef\u00e4\u00dfe","_links":{"self":[{"href":"https:\/\/dev.eliassen.nl\/de\/wp-json\/wp\/v2\/product\/99136","targetHints":{"allow":["GET"]}}],"collection":[{"href":"https:\/\/dev.eliassen.nl\/de\/wp-json\/wp\/v2\/product"}],"about":[{"href":"https:\/\/dev.eliassen.nl\/de\/wp-json\/wp\/v2\/types\/product"}],"wp:featuredmedia":[{"embeddable":true,"href":"https:\/\/dev.eliassen.nl\/de\/wp-json\/wp\/v2\/media\/177170"}],"wp:attachment":[{"href":"https:\/\/dev.eliassen.nl\/de\/wp-json\/wp\/v2\/media?parent=99136"}],"wp:term":[{"taxonomy":"product_brand","embeddable":true,"href":"https:\/\/dev.eliassen.nl\/de\/wp-json\/wp\/v2\/product_brand?post=99136"},{"taxonomy":"product_cat","embeddable":true,"href":"https:\/\/dev.eliassen.nl\/de\/wp-json\/wp\/v2\/product_cat?post=99136"},{"taxonomy":"product_tag","embeddable":true,"href":"https:\/\/dev.eliassen.nl\/de\/wp-json\/wp\/v2\/product_tag?post=99136"}],"curies":[{"name":"wp","href":"https:\/\/api.w.org\/{rel}","templated":true}]}}