{"id":99166,"date":"2024-01-19T11:10:30","date_gmt":"2024-01-19T10:10:30","guid":{"rendered":"https:\/\/www.eliassen.nl\/?product=copy-of-spiegel-metaal-zwart-rond-brazilie-90cm"},"modified":"2024-12-05T16:43:45","modified_gmt":"2024-12-05T15:43:45","slug":"spiegel-industrielles-modernes-metall-schwarzes-triptychon-tokio-70x140","status":"publish","type":"product","link":"https:\/\/dev.eliassen.nl\/de\/spiegel-industrielles-modernes-metall-schwarzes-triptychon-tokio-70x140\/","title":{"rendered":"Spiegel industrielles modernes Metall schwarzes Triptychon Tokio 70&#215;140"},"content":{"rendered":"<p>Bei Eliassen haben wir eine gro\u00dfe Auswahl an Spiegeln. F\u00fcr jedes Interieur ein passendes Modell.<br \/>Unser Sortiment besteht aus Modellen im klassischen Barockstil, aber auch schlichten Modellen im sogenannten Industriestil.<br \/>Diese Serie moderner Spiegel bietet eine gro\u00dfe Auswahl, ist preisg\u00fcnstig und aus unserem eigenen Lager schnell verf\u00fcgbar.<\/p>\n<p>Versch\u00f6nern Sie Ihr Wohnzimmer, Schlafzimmer oder Flur mit diesem modernen Industriespiegel. Unsere Spiegel machen Ihr Zuhause ger\u00e4umiger und verleihen ihm mehr Dimension. Unsere Spiegelserien sind von hoher Qualit\u00e4t und bieten eine sch\u00f6ne Erg\u00e4nzung f\u00fcr Ihr modernes Interieur oder Ihre B\u00fcro- oder Gesch\u00e4ftsr\u00e4ume.<br \/>Der Spiegel ist von hoher Qualit\u00e4t und besteht aus Glas und Metall. Die Farbe des Rahmens ist schwarz und der Spiegel hat einen&#8230; matten Rahmen.<\/p>\n<p><strong>In unserem Shop haben wir auch einige Outlet-Modelle, die im Webshop nicht zu finden sind.<\/strong><\/p>\n<ul>\n<li>Au\u00dfenma\u00dfe: 70x140cm<\/li>\n<li>Form: dreiteilig, dreiteilig, Pillenform<\/li>\n<li>Farbe schwarz<\/li>\n<li>Material: Glas und Metall<\/li>\n<li>Bitte beachten Sie, dass wir Spiegel nur dann zur\u00fccknehmen, wenn Sie sie in der Originalverpackung zur\u00fccksenden.<\/li>\n<\/ul>\n","protected":false},"excerpt":{"rendered":"<p>Metall mit mattschwarzem Rahmen<\/p>\n","protected":false},"featured_media":99163,"template":"","meta":{"_acf_changed":false},"product_brand":[],"product_cat":[1463,509,7054,7051],"product_tag":[],"class_list":{"0":"post-99166","1":"product","2":"type-product","3":"status-publish","4":"has-post-thumbnail","6":"product_cat-industriespiegel","7":"product_cat-wanddekoration","8":"product_cat-moderne-spiegel","9":"product_cat-spiegel","11":"first","12":"instock","13":"taxable","14":"shipping-taxable","15":"purchasable","16":"product-type-simple"},"acf":[],"yoast_head":"<!-- This site is optimized with the Yoast SEO plugin v23.8 - https:\/\/yoast.com\/wordpress\/plugins\/seo\/ -->\n<title>Spiegel industrielles modernes Metall schwarzes Triptychon Tokio 70x140 Eliassen<\/title>\n<meta name=\"description\" content=\"Dieser moderne Industriespiegel mit 3 Feldern ist wundersch\u00f6n zusammengesetzt und hat ein modernes Aussehen. Die Farbe ist mattschwarz aus Glas und Metall.\" \/>\n<meta name=\"robots\" content=\"noindex, follow, max-snippet:-1, max-image-preview:large, max-video-preview:-1\" \/>\n<meta property=\"og:locale\" content=\"de_DE\" \/>\n<meta property=\"og:type\" content=\"article\" \/>\n<meta property=\"og:title\" content=\"Spiegel industrielles modernes Metall schwarzes Triptychon Tokio 70x140 Eliassen\" \/>\n<meta property=\"og:description\" content=\"Dieser moderne Industriespiegel mit 3 Feldern ist wundersch\u00f6n zusammengesetzt und hat ein modernes Aussehen. Die Farbe ist mattschwarz aus Glas und Metall.\" \/>\n<meta property=\"og:url\" content=\"https:\/\/dev.eliassen.nl\/de\/spiegel-industrielles-modernes-metall-schwarzes-triptychon-tokio-70x140\/\" \/>\n<meta property=\"og:site_name\" content=\"Eliassen.nl\" \/>\n<meta property=\"article:publisher\" content=\"https:\/\/www.facebook.com\/TuincentrumEliassenAmmerzoden\" \/>\n<meta property=\"article:modified_time\" content=\"2024-12-05T15:43:45+00:00\" \/>\n<meta property=\"og:image\" content=\"https:\/\/dev.eliassen.nl\/wp-content\/uploads\/2024\/01\/spiegelmetaalzwart3luiktokyo70x140eliassenn.jpg\" \/>\n\t<meta property=\"og:image:width\" content=\"700\" \/>\n\t<meta property=\"og:image:height\" content=\"700\" \/>\n\t<meta property=\"og:image:type\" content=\"image\/jpeg\" \/>\n<meta name=\"twitter:card\" content=\"summary_large_image\" \/>\n<script type=\"application\/ld+json\" class=\"yoast-schema-graph\">{\"@context\":\"https:\/\/schema.org\",\"@graph\":[{\"@type\":\"WebPage\",\"@id\":\"https:\/\/dev.eliassen.nl\/de\/spiegel-industrielles-modernes-metall-schwarzes-triptychon-tokio-70x140\/\",\"url\":\"https:\/\/dev.eliassen.nl\/de\/spiegel-industrielles-modernes-metall-schwarzes-triptychon-tokio-70x140\/\",\"name\":\"Spiegel industrielles modernes Metall schwarzes Triptychon Tokio 70x140 Eliassen\",\"isPartOf\":{\"@id\":\"https:\/\/dev.eliassen.nl\/de\/#website\"},\"primaryImageOfPage\":{\"@id\":\"https:\/\/dev.eliassen.nl\/de\/spiegel-industrielles-modernes-metall-schwarzes-triptychon-tokio-70x140\/#primaryimage\"},\"image\":{\"@id\":\"https:\/\/dev.eliassen.nl\/de\/spiegel-industrielles-modernes-metall-schwarzes-triptychon-tokio-70x140\/#primaryimage\"},\"thumbnailUrl\":\"https:\/\/dev.eliassen.nl\/wp-content\/uploads\/2024\/01\/spiegelmetaalzwart3luiktokyo70x140eliassenn.jpg\",\"datePublished\":\"2024-01-19T10:10:30+00:00\",\"dateModified\":\"2024-12-05T15:43:45+00:00\",\"description\":\"Dieser moderne Industriespiegel mit 3 Feldern ist wundersch\u00f6n zusammengesetzt und hat ein modernes Aussehen. Die Farbe ist mattschwarz aus Glas und Metall.\",\"breadcrumb\":{\"@id\":\"https:\/\/dev.eliassen.nl\/de\/spiegel-industrielles-modernes-metall-schwarzes-triptychon-tokio-70x140\/#breadcrumb\"},\"inLanguage\":\"de\",\"potentialAction\":[{\"@type\":\"ReadAction\",\"target\":[\"https:\/\/dev.eliassen.nl\/de\/spiegel-industrielles-modernes-metall-schwarzes-triptychon-tokio-70x140\/\"]}]},{\"@type\":\"ImageObject\",\"inLanguage\":\"de\",\"@id\":\"https:\/\/dev.eliassen.nl\/de\/spiegel-industrielles-modernes-metall-schwarzes-triptychon-tokio-70x140\/#primaryimage\",\"url\":\"https:\/\/dev.eliassen.nl\/wp-content\/uploads\/2024\/01\/spiegelmetaalzwart3luiktokyo70x140eliassenn.jpg\",\"contentUrl\":\"https:\/\/dev.eliassen.nl\/wp-content\/uploads\/2024\/01\/spiegelmetaalzwart3luiktokyo70x140eliassenn.jpg\",\"width\":700,\"height\":700,\"caption\":\"Spiegel metaal zwart 3-luik Tokyo 70x140 eliassen.nl\"},{\"@type\":\"BreadcrumbList\",\"@id\":\"https:\/\/dev.eliassen.nl\/de\/spiegel-industrielles-modernes-metall-schwarzes-triptychon-tokio-70x140\/#breadcrumb\",\"itemListElement\":[{\"@type\":\"ListItem\",\"position\":1,\"name\":\"Home\",\"item\":\"https:\/\/dev.eliassen.nl\/de\/\"},{\"@type\":\"ListItem\",\"position\":2,\"name\":\"Shop\",\"item\":\"https:\/\/dev.eliassen.nl\/nl\/winkel\/\"},{\"@type\":\"ListItem\",\"position\":3,\"name\":\"Wanddekoration\",\"item\":\"https:\/\/dev.eliassen.nl\/de\/wanddekoration\/\"},{\"@type\":\"ListItem\",\"position\":4,\"name\":\"Industriespiegel\",\"item\":\"https:\/\/dev.eliassen.nl\/de\/wanddekoration\/industriespiegel\/\"},{\"@type\":\"ListItem\",\"position\":5,\"name\":\"Spiegel industrielles modernes Metall schwarzes Triptychon Tokio 70&#215;140\"}]},{\"@type\":\"WebSite\",\"@id\":\"https:\/\/dev.eliassen.nl\/de\/#website\",\"url\":\"https:\/\/dev.eliassen.nl\/de\/\",\"name\":\"Eliassen Home & Garden Pleasure\",\"description\":\"\",\"publisher\":{\"@id\":\"https:\/\/dev.eliassen.nl\/de\/#organization\"},\"alternateName\":\"Eliassen.nl\",\"potentialAction\":[{\"@type\":\"SearchAction\",\"target\":{\"@type\":\"EntryPoint\",\"urlTemplate\":\"https:\/\/dev.eliassen.nl\/de\/?s={search_term_string}\"},\"query-input\":{\"@type\":\"PropertyValueSpecification\",\"valueRequired\":true,\"valueName\":\"search_term_string\"}}],\"inLanguage\":\"de\"},{\"@type\":\"Organization\",\"@id\":\"https:\/\/dev.eliassen.nl\/de\/#organization\",\"name\":\"Eliassen Home & Garden Pleasure\",\"url\":\"https:\/\/dev.eliassen.nl\/de\/\",\"logo\":{\"@type\":\"ImageObject\",\"inLanguage\":\"de\",\"@id\":\"https:\/\/dev.eliassen.nl\/de\/#\/schema\/logo\/image\/\",\"url\":\"https:\/\/www.eliassen.nl\/wp-content\/uploads\/2024\/01\/logo_4nd.jpg\",\"contentUrl\":\"https:\/\/www.eliassen.nl\/wp-content\/uploads\/2024\/01\/logo_4nd.jpg\",\"width\":500,\"height\":500,\"caption\":\"Eliassen Home & Garden Pleasure\"},\"image\":{\"@id\":\"https:\/\/dev.eliassen.nl\/de\/#\/schema\/logo\/image\/\"},\"sameAs\":[\"https:\/\/www.facebook.com\/TuincentrumEliassenAmmerzoden\",\"https:\/\/www.instagram.com\/eliassenhomeandgarden\/\",\"https:\/\/nl.pinterest.com\/eliassenhomeandgarden\/\",\"https:\/\/www.youtube.com\/@eliassenhomegardenpleasure4558\"]}]}<\/script>\n<!-- \/ Yoast SEO plugin. -->","yoast_head_json":{"title":"Spiegel industrielles modernes Metall schwarzes Triptychon Tokio 70x140 Eliassen","description":"Dieser moderne Industriespiegel mit 3 Feldern ist wundersch\u00f6n zusammengesetzt und hat ein modernes Aussehen. Die Farbe ist mattschwarz aus Glas und Metall.","robots":{"index":"noindex","follow":"follow","max-snippet":"max-snippet:-1","max-image-preview":"max-image-preview:large","max-video-preview":"max-video-preview:-1"},"og_locale":"de_DE","og_type":"article","og_title":"Spiegel industrielles modernes Metall schwarzes Triptychon Tokio 70x140 Eliassen","og_description":"Dieser moderne Industriespiegel mit 3 Feldern ist wundersch\u00f6n zusammengesetzt und hat ein modernes Aussehen. Die Farbe ist mattschwarz aus Glas und Metall.","og_url":"https:\/\/dev.eliassen.nl\/de\/spiegel-industrielles-modernes-metall-schwarzes-triptychon-tokio-70x140\/","og_site_name":"Eliassen.nl","article_publisher":"https:\/\/www.facebook.com\/TuincentrumEliassenAmmerzoden","article_modified_time":"2024-12-05T15:43:45+00:00","og_image":[{"width":700,"height":700,"url":"https:\/\/dev.eliassen.nl\/wp-content\/uploads\/2024\/01\/spiegelmetaalzwart3luiktokyo70x140eliassenn.jpg","type":"image\/jpeg"}],"twitter_card":"summary_large_image","schema":{"@context":"https:\/\/schema.org","@graph":[{"@type":"WebPage","@id":"https:\/\/dev.eliassen.nl\/de\/spiegel-industrielles-modernes-metall-schwarzes-triptychon-tokio-70x140\/","url":"https:\/\/dev.eliassen.nl\/de\/spiegel-industrielles-modernes-metall-schwarzes-triptychon-tokio-70x140\/","name":"Spiegel industrielles modernes Metall schwarzes Triptychon Tokio 70x140 Eliassen","isPartOf":{"@id":"https:\/\/dev.eliassen.nl\/de\/#website"},"primaryImageOfPage":{"@id":"https:\/\/dev.eliassen.nl\/de\/spiegel-industrielles-modernes-metall-schwarzes-triptychon-tokio-70x140\/#primaryimage"},"image":{"@id":"https:\/\/dev.eliassen.nl\/de\/spiegel-industrielles-modernes-metall-schwarzes-triptychon-tokio-70x140\/#primaryimage"},"thumbnailUrl":"https:\/\/dev.eliassen.nl\/wp-content\/uploads\/2024\/01\/spiegelmetaalzwart3luiktokyo70x140eliassenn.jpg","datePublished":"2024-01-19T10:10:30+00:00","dateModified":"2024-12-05T15:43:45+00:00","description":"Dieser moderne Industriespiegel mit 3 Feldern ist wundersch\u00f6n zusammengesetzt und hat ein modernes Aussehen. Die Farbe ist mattschwarz aus Glas und Metall.","breadcrumb":{"@id":"https:\/\/dev.eliassen.nl\/de\/spiegel-industrielles-modernes-metall-schwarzes-triptychon-tokio-70x140\/#breadcrumb"},"inLanguage":"de","potentialAction":[{"@type":"ReadAction","target":["https:\/\/dev.eliassen.nl\/de\/spiegel-industrielles-modernes-metall-schwarzes-triptychon-tokio-70x140\/"]}]},{"@type":"ImageObject","inLanguage":"de","@id":"https:\/\/dev.eliassen.nl\/de\/spiegel-industrielles-modernes-metall-schwarzes-triptychon-tokio-70x140\/#primaryimage","url":"https:\/\/dev.eliassen.nl\/wp-content\/uploads\/2024\/01\/spiegelmetaalzwart3luiktokyo70x140eliassenn.jpg","contentUrl":"https:\/\/dev.eliassen.nl\/wp-content\/uploads\/2024\/01\/spiegelmetaalzwart3luiktokyo70x140eliassenn.jpg","width":700,"height":700,"caption":"Spiegel metaal zwart 3-luik Tokyo 70x140 eliassen.nl"},{"@type":"BreadcrumbList","@id":"https:\/\/dev.eliassen.nl\/de\/spiegel-industrielles-modernes-metall-schwarzes-triptychon-tokio-70x140\/#breadcrumb","itemListElement":[{"@type":"ListItem","position":1,"name":"Home","item":"https:\/\/dev.eliassen.nl\/de\/"},{"@type":"ListItem","position":2,"name":"Shop","item":"https:\/\/dev.eliassen.nl\/nl\/winkel\/"},{"@type":"ListItem","position":3,"name":"Wanddekoration","item":"https:\/\/dev.eliassen.nl\/de\/wanddekoration\/"},{"@type":"ListItem","position":4,"name":"Industriespiegel","item":"https:\/\/dev.eliassen.nl\/de\/wanddekoration\/industriespiegel\/"},{"@type":"ListItem","position":5,"name":"Spiegel industrielles modernes Metall schwarzes Triptychon Tokio 70&#215;140"}]},{"@type":"WebSite","@id":"https:\/\/dev.eliassen.nl\/de\/#website","url":"https:\/\/dev.eliassen.nl\/de\/","name":"Eliassen Home & Garden Pleasure","description":"","publisher":{"@id":"https:\/\/dev.eliassen.nl\/de\/#organization"},"alternateName":"Eliassen.nl","potentialAction":[{"@type":"SearchAction","target":{"@type":"EntryPoint","urlTemplate":"https:\/\/dev.eliassen.nl\/de\/?s={search_term_string}"},"query-input":{"@type":"PropertyValueSpecification","valueRequired":true,"valueName":"search_term_string"}}],"inLanguage":"de"},{"@type":"Organization","@id":"https:\/\/dev.eliassen.nl\/de\/#organization","name":"Eliassen Home & Garden Pleasure","url":"https:\/\/dev.eliassen.nl\/de\/","logo":{"@type":"ImageObject","inLanguage":"de","@id":"https:\/\/dev.eliassen.nl\/de\/#\/schema\/logo\/image\/","url":"https:\/\/www.eliassen.nl\/wp-content\/uploads\/2024\/01\/logo_4nd.jpg","contentUrl":"https:\/\/www.eliassen.nl\/wp-content\/uploads\/2024\/01\/logo_4nd.jpg","width":500,"height":500,"caption":"Eliassen Home & Garden Pleasure"},"image":{"@id":"https:\/\/dev.eliassen.nl\/de\/#\/schema\/logo\/image\/"},"sameAs":["https:\/\/www.facebook.com\/TuincentrumEliassenAmmerzoden","https:\/\/www.instagram.com\/eliassenhomeandgarden\/","https:\/\/nl.pinterest.com\/eliassenhomeandgarden\/","https:\/\/www.youtube.com\/@eliassenhomegardenpleasure4558"]}]}},"df_price":169,"df_sale_price":"","df_regular_price":169,"df_image_link":"https:\/\/dev.eliassen.nl\/wp-content\/uploads\/2024\/01\/spiegelmetaalzwart3luiktokyo70x140eliassenn.jpg","image":"https:\/\/dev.eliassen.nl\/wp-content\/uploads\/2024\/01\/spiegelmetaalzwart3luiktokyo70x140eliassenn.jpg","price_search":"<span class=\"woocommerce-Price-amount amount\"><bdi><span class=\"woocommerce-Price-currencySymbol\">&euro;<\/span>&nbsp;169,00<\/bdi><\/span>","category":"Industriespiegel","_links":{"self":[{"href":"https:\/\/dev.eliassen.nl\/de\/wp-json\/wp\/v2\/product\/99166","targetHints":{"allow":["GET"]}}],"collection":[{"href":"https:\/\/dev.eliassen.nl\/de\/wp-json\/wp\/v2\/product"}],"about":[{"href":"https:\/\/dev.eliassen.nl\/de\/wp-json\/wp\/v2\/types\/product"}],"wp:featuredmedia":[{"embeddable":true,"href":"https:\/\/dev.eliassen.nl\/de\/wp-json\/wp\/v2\/media\/99163"}],"wp:attachment":[{"href":"https:\/\/dev.eliassen.nl\/de\/wp-json\/wp\/v2\/media?parent=99166"}],"wp:term":[{"taxonomy":"product_brand","embeddable":true,"href":"https:\/\/dev.eliassen.nl\/de\/wp-json\/wp\/v2\/product_brand?post=99166"},{"taxonomy":"product_cat","embeddable":true,"href":"https:\/\/dev.eliassen.nl\/de\/wp-json\/wp\/v2\/product_cat?post=99166"},{"taxonomy":"product_tag","embeddable":true,"href":"https:\/\/dev.eliassen.nl\/de\/wp-json\/wp\/v2\/product_tag?post=99166"}],"curies":[{"name":"wp","href":"https:\/\/api.w.org\/{rel}","templated":true}]}}