{"id":170325,"date":"2025-01-17T11:46:46","date_gmt":"2025-01-17T10:46:46","guid":{"rendered":"https:\/\/www.eliassen.nl\/?post_type=product&#038;p=170325"},"modified":"2025-03-25T09:40:16","modified_gmt":"2025-03-25T08:40:16","slug":"bronzen-beeld-vechtende-zwijnen-160cm","status":"publish","type":"product","link":"https:\/\/dev.eliassen.nl\/nl\/bronzen-beeld-vechtende-zwijnen-160cm\/","title":{"rendered":"Bronzen beeld vechtende zwijnen 160cm"},"content":{"rendered":"<p><b>Waarom een bronzen beeld?<\/b><\/p>\n<p><i><span style=\"font-weight: 400;\">Duurzaam<\/span><\/i><span style=\"font-weight: 400;\">: Ze zijn enorm duurzaam en sterk. Brons is goed bestemd tegen corrosie en slijtage \u00e9n wordt nooit groen en gaan niet roesten.<\/span><span style=\"font-weight: 400;\"><br \/>\n<\/span> <i><span style=\"font-weight: 400;\">Kleur<\/span><\/i><span style=\"font-weight: 400;\">: Van nature heeft brons een hele unieke warme kleur met een goudachtige tint. Sommige beelden zijn met ander zuur behandeld wat een groene kleur oplevert. Dit biedt diversiteit zonder kwaliteitsverlies.<\/span><span style=\"font-weight: 400;\"><br \/>\n<\/span> <i><span style=\"font-weight: 400;\">Kunstig beeld<\/span><\/i><span style=\"font-weight: 400;\">: Bronzen beelden staan bekend om hoge kwaliteit standbeelden en andere hoogwaardige sierlijke objecten. Met een bronzen beeld brengt u dus niet alleen een decoratief beeld in uw tuin, maar ook een sfeer gepaard met kunst en cultuur \u00e9n een gespreksonderwerp.<\/span><\/p>\n<p><span style=\"font-weight: 400;\">Hiermee is een bronzen beeld de perfecte keuze als u opzoek bent naar een kunstzinnige \u00e9n unieke decoratieve toevoeging voor in uw tuin, interieur of bedrijfsruimte.<\/span><\/p>\n<p><b>Waarom kiest u voor vechtende zwijnen ?<\/b><\/p>\n<p><span style=\"font-weight: 400;\">Dit model bronzen beeld van twee vechtende zwijnen die elkaar aanvallen biedt een unieke uitstraling in uw grote tuin of bedrijfspand. De donkere antraciet-zwarte kleur toont een authentieke en hoogwaardige uitstraling en zorgt voor een natuurlijke uitstraling. Dit maakt dit beeld ideaal als toevoeging in uw interieur of als cadeau als u opzoek bent naar een realistisch maar sprekend beeld van natuur.<\/span><\/p>\n<ul>\n<li><span style=\"font-weight: 400;\"> \u00a0 \u00a0 \u00a0 \u00a0 <\/span><span style=\"font-weight: 400;\">Afmetingen: 160x80x105cm hoog<\/span><\/li>\n<li><span style=\"font-weight: 400;\"> \u00a0 \u00a0 \u00a0 \u00a0 <\/span><b>Direct live te bekijken \u00f3f na slechts \u00e9\u00e9n week op aanvraag!<\/b><\/li>\n<\/ul>\n<p><b>Waarom bronzen beeld bij Eliassen?<\/b><\/p>\n<p><span style=\"font-weight: 400;\">Bij Eliassen bieden we een breed assortiment aan beelden gevaardigd uit brons!<\/span><\/p>\n<ul>\n<li><span style=\"font-weight: 400;\"> \u00a0 \u00a0 \u00a0 \u00a0 <\/span><span style=\"font-weight: 400;\">Diverse kleuren en modellen beschikbaar. Van klein tot groot.<\/span><\/li>\n<li><span style=\"font-weight: 400;\"> \u00a0 \u00a0 \u00a0 \u00a0 <\/span><span style=\"font-weight: 400;\">Denk aan personen, dieren, abstracte figuren, moderne bronzen beelden, klassieke bronzen beelden etc.<\/span><\/li>\n<li><span style=\"font-weight: 400;\"> \u00a0 \u00a0 \u00a0 \u00a0 <\/span><span style=\"font-weight: 400;\">Minimale kopergehalte van 75 procent; zeer lange levensduur.<\/span><\/li>\n<li><span style=\"font-weight: 400;\"> \u00a0 \u00a0 \u00a0 \u00a0 <\/span><span style=\"font-weight: 400;\">Maar liefst 30 jaar garantie.<\/span><\/li>\n<li><span style=\"font-weight: 400;\"> \u00a0 \u00a0 \u00a0 \u00a0 <\/span><span style=\"font-weight: 400;\">De meeste beelden hebben schroefdraad M8 aan de onderzijde<\/span><\/li>\n<li><span style=\"font-weight: 400;\"> \u00a0 \u00a0 \u00a0 \u00a0 <\/span><b>Wordt geleverd met een certificaat.<\/b><\/li>\n<li><span style=\"font-weight: 400;\"> \u00a0 \u00a0 \u00a0 \u00a0 <\/span><b>Live showroom met +600 diverse modellen live te bekijken!<\/b><\/li>\n<\/ul>\n<p><span style=\"font-weight: 400;\">\u00b7<\/span><span style=\"font-weight: 400;\"> \u00a0 \u00a0 \u00a0 \u00a0 <\/span><b>Andere modellen op aanvraag binnen een week te bekijken!<\/b><\/p>\n","protected":false},"excerpt":{"rendered":"<p>\u2713 Handgemaakt \u2713 Van hoogwaardig brons \u2713 30 jaar garantie<\/p>\n","protected":false},"featured_media":170326,"template":"","meta":{"_acf_changed":false},"product_brand":[],"product_cat":[611,634],"product_tag":[],"class_list":{"0":"post-170325","1":"product","2":"type-product","3":"status-publish","4":"has-post-thumbnail","6":"product_cat-bronzen-beelden","7":"product_cat-bronzen-dierenbeelden","9":"first","10":"onbackorder","11":"taxable","12":"shipping-taxable","13":"purchasable","14":"product-type-simple"},"acf":[],"yoast_head":"<!-- This site is optimized with the Yoast SEO plugin v23.8 - https:\/\/yoast.com\/wordpress\/plugins\/seo\/ -->\n<title>Bronzen beeld vechtende zwijnen 160cm - Eliassen.nl<\/title>\n<meta name=\"description\" content=\"Bent u opzoek naar een sprekend beeld van hoogwaardige kwaliteit met dieren? Dit model is gemaakt in donkere kleur en spreekt.\" \/>\n<meta name=\"robots\" content=\"noindex, follow, max-snippet:-1, max-image-preview:large, max-video-preview:-1\" \/>\n<meta property=\"og:locale\" content=\"en_US\" \/>\n<meta property=\"og:type\" content=\"article\" \/>\n<meta property=\"og:title\" content=\"Bronzen beeld vechtende zwijnen 160cm - Eliassen.nl\" \/>\n<meta property=\"og:description\" content=\"Bent u opzoek naar een sprekend beeld van hoogwaardige kwaliteit met dieren? Dit model is gemaakt in donkere kleur en spreekt.\" \/>\n<meta property=\"og:url\" content=\"https:\/\/dev.eliassen.nl\/nl\/bronzen-beeld-vechtende-zwijnen-160cm\/\" \/>\n<meta property=\"og:site_name\" content=\"Eliassen.nl\" \/>\n<meta property=\"article:publisher\" content=\"https:\/\/www.facebook.com\/TuincentrumEliassenAmmerzoden\" \/>\n<meta property=\"article:modified_time\" content=\"2025-03-25T08:40:16+00:00\" \/>\n<meta property=\"og:image\" content=\"https:\/\/dev.eliassen.nl\/wp-content\/uploads\/2025\/01\/bronzen-vechtende-zwijnen-Eliassen.nl_.jpg\" \/>\n\t<meta property=\"og:image:width\" content=\"1200\" \/>\n\t<meta property=\"og:image:height\" content=\"900\" \/>\n\t<meta property=\"og:image:type\" content=\"image\/jpeg\" \/>\n<meta name=\"twitter:card\" content=\"summary_large_image\" \/>\n<script type=\"application\/ld+json\" class=\"yoast-schema-graph\">{\"@context\":\"https:\/\/schema.org\",\"@graph\":[{\"@type\":\"WebPage\",\"@id\":\"https:\/\/dev.eliassen.nl\/nl\/bronzen-beeld-vechtende-zwijnen-160cm\/\",\"url\":\"https:\/\/dev.eliassen.nl\/nl\/bronzen-beeld-vechtende-zwijnen-160cm\/\",\"name\":\"Bronzen beeld vechtende zwijnen 160cm - Eliassen.nl\",\"isPartOf\":{\"@id\":\"https:\/\/dev.eliassen.nl\/en\/#website\"},\"primaryImageOfPage\":{\"@id\":\"https:\/\/dev.eliassen.nl\/nl\/bronzen-beeld-vechtende-zwijnen-160cm\/#primaryimage\"},\"image\":{\"@id\":\"https:\/\/dev.eliassen.nl\/nl\/bronzen-beeld-vechtende-zwijnen-160cm\/#primaryimage\"},\"thumbnailUrl\":\"https:\/\/dev.eliassen.nl\/wp-content\/uploads\/2025\/01\/bronzen-vechtende-zwijnen-Eliassen.nl_.jpg\",\"datePublished\":\"2025-01-17T10:46:46+00:00\",\"dateModified\":\"2025-03-25T08:40:16+00:00\",\"description\":\"Bent u opzoek naar een sprekend beeld van hoogwaardige kwaliteit met dieren? Dit model is gemaakt in donkere kleur en spreekt.\",\"breadcrumb\":{\"@id\":\"https:\/\/dev.eliassen.nl\/nl\/bronzen-beeld-vechtende-zwijnen-160cm\/#breadcrumb\"},\"inLanguage\":\"en-EN\",\"potentialAction\":[{\"@type\":\"ReadAction\",\"target\":[\"https:\/\/dev.eliassen.nl\/nl\/bronzen-beeld-vechtende-zwijnen-160cm\/\"]}]},{\"@type\":\"ImageObject\",\"inLanguage\":\"en-EN\",\"@id\":\"https:\/\/dev.eliassen.nl\/nl\/bronzen-beeld-vechtende-zwijnen-160cm\/#primaryimage\",\"url\":\"https:\/\/dev.eliassen.nl\/wp-content\/uploads\/2025\/01\/bronzen-vechtende-zwijnen-Eliassen.nl_.jpg\",\"contentUrl\":\"https:\/\/dev.eliassen.nl\/wp-content\/uploads\/2025\/01\/bronzen-vechtende-zwijnen-Eliassen.nl_.jpg\",\"width\":1200,\"height\":900,\"caption\":\"OLYMPUS DIGITAL CAMERA\"},{\"@type\":\"BreadcrumbList\",\"@id\":\"https:\/\/dev.eliassen.nl\/nl\/bronzen-beeld-vechtende-zwijnen-160cm\/#breadcrumb\",\"itemListElement\":[{\"@type\":\"ListItem\",\"position\":1,\"name\":\"Home\",\"item\":\"https:\/\/dev.eliassen.nl\/en\/\"},{\"@type\":\"ListItem\",\"position\":2,\"name\":\"Store\",\"item\":\"https:\/\/dev.eliassen.nl\/nl\/winkel\/\"},{\"@type\":\"ListItem\",\"position\":3,\"name\":\"Bronze statues\",\"item\":\"https:\/\/dev.eliassen.nl\/en\/images\/bronze-statues\/\"},{\"@type\":\"ListItem\",\"position\":4,\"name\":\"Bronzen beeld vechtende zwijnen 160cm\"}]},{\"@type\":\"WebSite\",\"@id\":\"https:\/\/dev.eliassen.nl\/en\/#website\",\"url\":\"https:\/\/dev.eliassen.nl\/en\/\",\"name\":\"Eliassen Home & Garden Pleasure\",\"description\":\"\",\"publisher\":{\"@id\":\"https:\/\/dev.eliassen.nl\/en\/#organization\"},\"alternateName\":\"Eliassen.nl\",\"potentialAction\":[{\"@type\":\"SearchAction\",\"target\":{\"@type\":\"EntryPoint\",\"urlTemplate\":\"https:\/\/dev.eliassen.nl\/en\/?s={search_term_string}\"},\"query-input\":{\"@type\":\"PropertyValueSpecification\",\"valueRequired\":true,\"valueName\":\"search_term_string\"}}],\"inLanguage\":\"en-EN\"},{\"@type\":\"Organization\",\"@id\":\"https:\/\/dev.eliassen.nl\/en\/#organization\",\"name\":\"Eliassen Home & Garden Pleasure\",\"url\":\"https:\/\/dev.eliassen.nl\/en\/\",\"logo\":{\"@type\":\"ImageObject\",\"inLanguage\":\"en-EN\",\"@id\":\"https:\/\/dev.eliassen.nl\/en\/#\/schema\/logo\/image\/\",\"url\":\"https:\/\/www.eliassen.nl\/wp-content\/uploads\/2024\/01\/logo_4nd.jpg\",\"contentUrl\":\"https:\/\/www.eliassen.nl\/wp-content\/uploads\/2024\/01\/logo_4nd.jpg\",\"width\":500,\"height\":500,\"caption\":\"Eliassen Home & Garden Pleasure\"},\"image\":{\"@id\":\"https:\/\/dev.eliassen.nl\/en\/#\/schema\/logo\/image\/\"},\"sameAs\":[\"https:\/\/www.facebook.com\/TuincentrumEliassenAmmerzoden\",\"https:\/\/www.instagram.com\/eliassenhomeandgarden\/\",\"https:\/\/nl.pinterest.com\/eliassenhomeandgarden\/\",\"https:\/\/www.youtube.com\/@eliassenhomegardenpleasure4558\"]}]}<\/script>\n<!-- \/ Yoast SEO plugin. -->","yoast_head_json":{"title":"Bronzen beeld vechtende zwijnen 160cm - Eliassen.nl","description":"Bent u opzoek naar een sprekend beeld van hoogwaardige kwaliteit met dieren? Dit model is gemaakt in donkere kleur en spreekt.","robots":{"index":"noindex","follow":"follow","max-snippet":"max-snippet:-1","max-image-preview":"max-image-preview:large","max-video-preview":"max-video-preview:-1"},"og_locale":"en_US","og_type":"article","og_title":"Bronzen beeld vechtende zwijnen 160cm - Eliassen.nl","og_description":"Bent u opzoek naar een sprekend beeld van hoogwaardige kwaliteit met dieren? Dit model is gemaakt in donkere kleur en spreekt.","og_url":"https:\/\/dev.eliassen.nl\/nl\/bronzen-beeld-vechtende-zwijnen-160cm\/","og_site_name":"Eliassen.nl","article_publisher":"https:\/\/www.facebook.com\/TuincentrumEliassenAmmerzoden","article_modified_time":"2025-03-25T08:40:16+00:00","og_image":[{"width":1200,"height":900,"url":"https:\/\/dev.eliassen.nl\/wp-content\/uploads\/2025\/01\/bronzen-vechtende-zwijnen-Eliassen.nl_.jpg","type":"image\/jpeg"}],"twitter_card":"summary_large_image","schema":{"@context":"https:\/\/schema.org","@graph":[{"@type":"WebPage","@id":"https:\/\/dev.eliassen.nl\/nl\/bronzen-beeld-vechtende-zwijnen-160cm\/","url":"https:\/\/dev.eliassen.nl\/nl\/bronzen-beeld-vechtende-zwijnen-160cm\/","name":"Bronzen beeld vechtende zwijnen 160cm - Eliassen.nl","isPartOf":{"@id":"https:\/\/dev.eliassen.nl\/en\/#website"},"primaryImageOfPage":{"@id":"https:\/\/dev.eliassen.nl\/nl\/bronzen-beeld-vechtende-zwijnen-160cm\/#primaryimage"},"image":{"@id":"https:\/\/dev.eliassen.nl\/nl\/bronzen-beeld-vechtende-zwijnen-160cm\/#primaryimage"},"thumbnailUrl":"https:\/\/dev.eliassen.nl\/wp-content\/uploads\/2025\/01\/bronzen-vechtende-zwijnen-Eliassen.nl_.jpg","datePublished":"2025-01-17T10:46:46+00:00","dateModified":"2025-03-25T08:40:16+00:00","description":"Bent u opzoek naar een sprekend beeld van hoogwaardige kwaliteit met dieren? Dit model is gemaakt in donkere kleur en spreekt.","breadcrumb":{"@id":"https:\/\/dev.eliassen.nl\/nl\/bronzen-beeld-vechtende-zwijnen-160cm\/#breadcrumb"},"inLanguage":"en-EN","potentialAction":[{"@type":"ReadAction","target":["https:\/\/dev.eliassen.nl\/nl\/bronzen-beeld-vechtende-zwijnen-160cm\/"]}]},{"@type":"ImageObject","inLanguage":"en-EN","@id":"https:\/\/dev.eliassen.nl\/nl\/bronzen-beeld-vechtende-zwijnen-160cm\/#primaryimage","url":"https:\/\/dev.eliassen.nl\/wp-content\/uploads\/2025\/01\/bronzen-vechtende-zwijnen-Eliassen.nl_.jpg","contentUrl":"https:\/\/dev.eliassen.nl\/wp-content\/uploads\/2025\/01\/bronzen-vechtende-zwijnen-Eliassen.nl_.jpg","width":1200,"height":900,"caption":"OLYMPUS DIGITAL CAMERA"},{"@type":"BreadcrumbList","@id":"https:\/\/dev.eliassen.nl\/nl\/bronzen-beeld-vechtende-zwijnen-160cm\/#breadcrumb","itemListElement":[{"@type":"ListItem","position":1,"name":"Home","item":"https:\/\/dev.eliassen.nl\/en\/"},{"@type":"ListItem","position":2,"name":"Store","item":"https:\/\/dev.eliassen.nl\/nl\/winkel\/"},{"@type":"ListItem","position":3,"name":"Bronze statues","item":"https:\/\/dev.eliassen.nl\/en\/images\/bronze-statues\/"},{"@type":"ListItem","position":4,"name":"Bronzen beeld vechtende zwijnen 160cm"}]},{"@type":"WebSite","@id":"https:\/\/dev.eliassen.nl\/en\/#website","url":"https:\/\/dev.eliassen.nl\/en\/","name":"Eliassen Home & Garden Pleasure","description":"","publisher":{"@id":"https:\/\/dev.eliassen.nl\/en\/#organization"},"alternateName":"Eliassen.nl","potentialAction":[{"@type":"SearchAction","target":{"@type":"EntryPoint","urlTemplate":"https:\/\/dev.eliassen.nl\/en\/?s={search_term_string}"},"query-input":{"@type":"PropertyValueSpecification","valueRequired":true,"valueName":"search_term_string"}}],"inLanguage":"en-EN"},{"@type":"Organization","@id":"https:\/\/dev.eliassen.nl\/en\/#organization","name":"Eliassen Home & Garden Pleasure","url":"https:\/\/dev.eliassen.nl\/en\/","logo":{"@type":"ImageObject","inLanguage":"en-EN","@id":"https:\/\/dev.eliassen.nl\/en\/#\/schema\/logo\/image\/","url":"https:\/\/www.eliassen.nl\/wp-content\/uploads\/2024\/01\/logo_4nd.jpg","contentUrl":"https:\/\/www.eliassen.nl\/wp-content\/uploads\/2024\/01\/logo_4nd.jpg","width":500,"height":500,"caption":"Eliassen Home & Garden Pleasure"},"image":{"@id":"https:\/\/dev.eliassen.nl\/en\/#\/schema\/logo\/image\/"},"sameAs":["https:\/\/www.facebook.com\/TuincentrumEliassenAmmerzoden","https:\/\/www.instagram.com\/eliassenhomeandgarden\/","https:\/\/nl.pinterest.com\/eliassenhomeandgarden\/","https:\/\/www.youtube.com\/@eliassenhomegardenpleasure4558"]}]}},"df_price":7182,"df_sale_price":"","df_regular_price":7182,"df_image_link":"https:\/\/dev.eliassen.nl\/wp-content\/uploads\/2025\/01\/bronzen-vechtende-zwijnen-Eliassen.nl_-300x225.jpg","image":"https:\/\/dev.eliassen.nl\/wp-content\/uploads\/2025\/01\/bronzen-vechtende-zwijnen-Eliassen.nl_-150x150.jpg","price_search":"<span class=\"woocommerce-Price-amount amount\"><bdi><span class=\"woocommerce-Price-currencySymbol\">&euro;<\/span>&nbsp;7.182,00<\/bdi><\/span>","category":"Bronzen Beelden","_links":{"self":[{"href":"https:\/\/dev.eliassen.nl\/en\/wp-json\/wp\/v2\/product\/170325","targetHints":{"allow":["GET"]}}],"collection":[{"href":"https:\/\/dev.eliassen.nl\/en\/wp-json\/wp\/v2\/product"}],"about":[{"href":"https:\/\/dev.eliassen.nl\/en\/wp-json\/wp\/v2\/types\/product"}],"wp:featuredmedia":[{"embeddable":true,"href":"https:\/\/dev.eliassen.nl\/en\/wp-json\/wp\/v2\/media\/170326"}],"wp:attachment":[{"href":"https:\/\/dev.eliassen.nl\/en\/wp-json\/wp\/v2\/media?parent=170325"}],"wp:term":[{"taxonomy":"product_brand","embeddable":true,"href":"https:\/\/dev.eliassen.nl\/en\/wp-json\/wp\/v2\/product_brand?post=170325"},{"taxonomy":"product_cat","embeddable":true,"href":"https:\/\/dev.eliassen.nl\/en\/wp-json\/wp\/v2\/product_cat?post=170325"},{"taxonomy":"product_tag","embeddable":true,"href":"https:\/\/dev.eliassen.nl\/en\/wp-json\/wp\/v2\/product_tag?post=170325"}],"curies":[{"name":"wp","href":"https:\/\/api.w.org\/{rel}","templated":true}]}}