{"id":160450,"date":"2024-09-09T09:54:40","date_gmt":"2024-09-09T09:54:40","guid":{"rendered":"https:\/\/www.eliassen.nl\/?product=vaas-gekleurd-vrouw-citroen-30cm"},"modified":"2025-03-15T10:58:18","modified_gmt":"2025-03-15T09:58:18","slug":"vaas-gekleurd-vrouw-citroen-30cm","status":"publish","type":"product","link":"https:\/\/dev.eliassen.nl\/nl\/vaas-gekleurd-vrouw-citroen-30cm\/","title":{"rendered":"Vaas porselein Vrouwenhoofd met citroen 30cm"},"content":{"rendered":"<p>Bent u opzoek naar een unieke vaas van een \u00e9chte kunstenaar? Dan haalt u met dit model \u00e9cht iets leuks in huis. Deze vaas, gemaakt van porselein, is namelijk ge\u00efnspireerd door de beroemde vrouwelijke kunstenaar Frida Kahlo. Zij stond bekend om haar bloemen en felle kleuren in haar werk.<\/p>\n<p>Op de vaas is een kleurrijke jonge dame te zien met citroenen om haar haar.\u00a0 Met lichte make-up, fleurige haarband, vele sieraden en een Aziatisch uiterlijk. De pot bevat vele keuren als groen, zwart, geel en witte huidskleur. De vaas heeft een glanzende finish en is gemaakt van porselein.<\/p>\n<p>U kunt dit model vaas in uw woonhuis plaatsen op bijvoorbeeld een dressoir, bijzettafel of een andere tafel. Dit kunt u plaatsen m\u00e9t of z\u00f3nder bloemen, maar wel enkel binnenshuis.<\/p>\n<ul>\n<li>Alleen voor binnenshuis, niet voor buiten<\/li>\n<li>Keihard gebakken<\/li>\n<li>Maten: 21x18x30cm hoog<\/li>\n<li>Ge\u00efnspireerd op bekende kunstenaar Frida Kahlo<\/li>\n<li>Retro-look<\/li>\n<\/ul>\n","protected":false},"excerpt":{"rendered":"<p>\u2713 Van porselein \u2713 Ge\u00efnspireerd door Frida Kahlo<\/p>\n","protected":false},"featured_media":160453,"template":"","meta":{"_acf_changed":false},"product_brand":[6832],"product_cat":[721,7047],"product_tag":[],"class_list":{"0":"post-160450","1":"product","2":"type-product","3":"status-publish","4":"has-post-thumbnail","6":"product_brand-homebound","7":"product_cat-bloempotten-en-bloembakken","8":"product_cat-chinese-bloempotten","10":"first","11":"instock","12":"taxable","13":"shipping-taxable","14":"purchasable","15":"product-type-simple"},"acf":[],"yoast_head":"<!-- This site is optimized with the Yoast SEO plugin v23.8 - https:\/\/yoast.com\/wordpress\/plugins\/seo\/ -->\n<title>Vaas porselein Vrouwenhoofd met citroen 30cm - Eliassen.nl<\/title>\n<meta name=\"description\" content=\"Bent u opzoek naar een unieke en vrolijke vaas voor binnenshuis van porselein? Dit model vrouwenhoofd vaas is ge\u00efnspireerd door Frida Kahlo.\" \/>\n<meta name=\"robots\" content=\"noindex, follow, max-snippet:-1, max-image-preview:large, max-video-preview:-1\" \/>\n<meta property=\"og:locale\" content=\"nl_NL\" \/>\n<meta property=\"og:type\" content=\"article\" \/>\n<meta property=\"og:title\" content=\"Vaas porselein Vrouwenhoofd met citroen 30cm - Eliassen.nl\" \/>\n<meta property=\"og:description\" content=\"Bent u opzoek naar een unieke en vrolijke vaas voor binnenshuis van porselein? Dit model vrouwenhoofd vaas is ge\u00efnspireerd door Frida Kahlo.\" \/>\n<meta property=\"og:url\" content=\"https:\/\/dev.eliassen.nl\/nl\/vaas-gekleurd-vrouw-citroen-30cm\/\" \/>\n<meta property=\"og:site_name\" content=\"Eliassen.nl\" \/>\n<meta property=\"article:publisher\" content=\"https:\/\/www.facebook.com\/TuincentrumEliassenAmmerzoden\" \/>\n<meta property=\"article:modified_time\" content=\"2025-03-15T09:58:18+00:00\" \/>\n<meta property=\"og:image\" content=\"https:\/\/dev.eliassen.nl\/wp-content\/uploads\/2024\/10\/vaasgekleurdvrouwcitroeneliassennlas6911.jpg\" \/>\n\t<meta property=\"og:image:width\" content=\"1000\" \/>\n\t<meta property=\"og:image:height\" content=\"1000\" \/>\n\t<meta property=\"og:image:type\" content=\"image\/jpeg\" \/>\n<meta name=\"twitter:card\" content=\"summary_large_image\" \/>\n<script type=\"application\/ld+json\" class=\"yoast-schema-graph\">{\"@context\":\"https:\/\/schema.org\",\"@graph\":[{\"@type\":\"WebPage\",\"@id\":\"https:\/\/dev.eliassen.nl\/nl\/vaas-gekleurd-vrouw-citroen-30cm\/\",\"url\":\"https:\/\/dev.eliassen.nl\/nl\/vaas-gekleurd-vrouw-citroen-30cm\/\",\"name\":\"Vaas porselein Vrouwenhoofd met citroen 30cm - Eliassen.nl\",\"isPartOf\":{\"@id\":\"https:\/\/dev.eliassen.nl\/nl\/#website\"},\"primaryImageOfPage\":{\"@id\":\"https:\/\/dev.eliassen.nl\/nl\/vaas-gekleurd-vrouw-citroen-30cm\/#primaryimage\"},\"image\":{\"@id\":\"https:\/\/dev.eliassen.nl\/nl\/vaas-gekleurd-vrouw-citroen-30cm\/#primaryimage\"},\"thumbnailUrl\":\"https:\/\/dev.eliassen.nl\/wp-content\/uploads\/2024\/10\/vaasgekleurdvrouwcitroeneliassennlas6911.jpg\",\"datePublished\":\"2024-09-09T09:54:40+00:00\",\"dateModified\":\"2025-03-15T09:58:18+00:00\",\"description\":\"Bent u opzoek naar een unieke en vrolijke vaas voor binnenshuis van porselein? Dit model vrouwenhoofd vaas is ge\u00efnspireerd door Frida Kahlo.\",\"breadcrumb\":{\"@id\":\"https:\/\/dev.eliassen.nl\/nl\/vaas-gekleurd-vrouw-citroen-30cm\/#breadcrumb\"},\"inLanguage\":\"nl-NL\",\"potentialAction\":[{\"@type\":\"ReadAction\",\"target\":[\"https:\/\/dev.eliassen.nl\/nl\/vaas-gekleurd-vrouw-citroen-30cm\/\"]}]},{\"@type\":\"ImageObject\",\"inLanguage\":\"nl-NL\",\"@id\":\"https:\/\/dev.eliassen.nl\/nl\/vaas-gekleurd-vrouw-citroen-30cm\/#primaryimage\",\"url\":\"https:\/\/dev.eliassen.nl\/wp-content\/uploads\/2024\/10\/vaasgekleurdvrouwcitroeneliassennlas6911.jpg\",\"contentUrl\":\"https:\/\/dev.eliassen.nl\/wp-content\/uploads\/2024\/10\/vaasgekleurdvrouwcitroeneliassennlas6911.jpg\",\"width\":1000,\"height\":1000,\"caption\":\"Vaas gekleurd vrouw citroen Eliassen.nl as6911\"},{\"@type\":\"BreadcrumbList\",\"@id\":\"https:\/\/dev.eliassen.nl\/nl\/vaas-gekleurd-vrouw-citroen-30cm\/#breadcrumb\",\"itemListElement\":[{\"@type\":\"ListItem\",\"position\":1,\"name\":\"Home\",\"item\":\"https:\/\/dev.eliassen.nl\/nl\/\"},{\"@type\":\"ListItem\",\"position\":2,\"name\":\"Winkel\",\"item\":\"https:\/\/dev.eliassen.nl\/nl\/winkel\/\"},{\"@type\":\"ListItem\",\"position\":3,\"name\":\"Bloempotten en Bloembakken\",\"item\":\"https:\/\/dev.eliassen.nl\/nl\/bloempotten-en-bloembakken\/\"},{\"@type\":\"ListItem\",\"position\":4,\"name\":\"Chinese bloempotten\",\"item\":\"https:\/\/dev.eliassen.nl\/nl\/bloempotten-en-bloembakken\/chinese-bloempotten\/\"},{\"@type\":\"ListItem\",\"position\":5,\"name\":\"Vaas porselein Vrouwenhoofd met citroen 30cm\"}]},{\"@type\":\"WebSite\",\"@id\":\"https:\/\/dev.eliassen.nl\/nl\/#website\",\"url\":\"https:\/\/dev.eliassen.nl\/nl\/\",\"name\":\"Eliassen Home & Garden Pleasure\",\"description\":\"\",\"publisher\":{\"@id\":\"https:\/\/dev.eliassen.nl\/nl\/#organization\"},\"alternateName\":\"Eliassen.nl\",\"potentialAction\":[{\"@type\":\"SearchAction\",\"target\":{\"@type\":\"EntryPoint\",\"urlTemplate\":\"https:\/\/dev.eliassen.nl\/nl\/?s={search_term_string}\"},\"query-input\":{\"@type\":\"PropertyValueSpecification\",\"valueRequired\":true,\"valueName\":\"search_term_string\"}}],\"inLanguage\":\"nl-NL\"},{\"@type\":\"Organization\",\"@id\":\"https:\/\/dev.eliassen.nl\/nl\/#organization\",\"name\":\"Eliassen Home & Garden Pleasure\",\"url\":\"https:\/\/dev.eliassen.nl\/nl\/\",\"logo\":{\"@type\":\"ImageObject\",\"inLanguage\":\"nl-NL\",\"@id\":\"https:\/\/dev.eliassen.nl\/nl\/#\/schema\/logo\/image\/\",\"url\":\"https:\/\/www.eliassen.nl\/wp-content\/uploads\/2024\/01\/logo_4nd.jpg\",\"contentUrl\":\"https:\/\/www.eliassen.nl\/wp-content\/uploads\/2024\/01\/logo_4nd.jpg\",\"width\":500,\"height\":500,\"caption\":\"Eliassen Home & Garden Pleasure\"},\"image\":{\"@id\":\"https:\/\/dev.eliassen.nl\/nl\/#\/schema\/logo\/image\/\"},\"sameAs\":[\"https:\/\/www.facebook.com\/TuincentrumEliassenAmmerzoden\",\"https:\/\/www.instagram.com\/eliassenhomeandgarden\/\",\"https:\/\/nl.pinterest.com\/eliassenhomeandgarden\/\",\"https:\/\/www.youtube.com\/@eliassenhomegardenpleasure4558\"]}]}<\/script>\n<!-- \/ Yoast SEO plugin. -->","yoast_head_json":{"title":"Vaas porselein Vrouwenhoofd met citroen 30cm - Eliassen.nl","description":"Bent u opzoek naar een unieke en vrolijke vaas voor binnenshuis van porselein? Dit model vrouwenhoofd vaas is ge\u00efnspireerd door Frida Kahlo.","robots":{"index":"noindex","follow":"follow","max-snippet":"max-snippet:-1","max-image-preview":"max-image-preview:large","max-video-preview":"max-video-preview:-1"},"og_locale":"nl_NL","og_type":"article","og_title":"Vaas porselein Vrouwenhoofd met citroen 30cm - Eliassen.nl","og_description":"Bent u opzoek naar een unieke en vrolijke vaas voor binnenshuis van porselein? Dit model vrouwenhoofd vaas is ge\u00efnspireerd door Frida Kahlo.","og_url":"https:\/\/dev.eliassen.nl\/nl\/vaas-gekleurd-vrouw-citroen-30cm\/","og_site_name":"Eliassen.nl","article_publisher":"https:\/\/www.facebook.com\/TuincentrumEliassenAmmerzoden","article_modified_time":"2025-03-15T09:58:18+00:00","og_image":[{"width":1000,"height":1000,"url":"https:\/\/dev.eliassen.nl\/wp-content\/uploads\/2024\/10\/vaasgekleurdvrouwcitroeneliassennlas6911.jpg","type":"image\/jpeg"}],"twitter_card":"summary_large_image","schema":{"@context":"https:\/\/schema.org","@graph":[{"@type":"WebPage","@id":"https:\/\/dev.eliassen.nl\/nl\/vaas-gekleurd-vrouw-citroen-30cm\/","url":"https:\/\/dev.eliassen.nl\/nl\/vaas-gekleurd-vrouw-citroen-30cm\/","name":"Vaas porselein Vrouwenhoofd met citroen 30cm - Eliassen.nl","isPartOf":{"@id":"https:\/\/dev.eliassen.nl\/nl\/#website"},"primaryImageOfPage":{"@id":"https:\/\/dev.eliassen.nl\/nl\/vaas-gekleurd-vrouw-citroen-30cm\/#primaryimage"},"image":{"@id":"https:\/\/dev.eliassen.nl\/nl\/vaas-gekleurd-vrouw-citroen-30cm\/#primaryimage"},"thumbnailUrl":"https:\/\/dev.eliassen.nl\/wp-content\/uploads\/2024\/10\/vaasgekleurdvrouwcitroeneliassennlas6911.jpg","datePublished":"2024-09-09T09:54:40+00:00","dateModified":"2025-03-15T09:58:18+00:00","description":"Bent u opzoek naar een unieke en vrolijke vaas voor binnenshuis van porselein? Dit model vrouwenhoofd vaas is ge\u00efnspireerd door Frida Kahlo.","breadcrumb":{"@id":"https:\/\/dev.eliassen.nl\/nl\/vaas-gekleurd-vrouw-citroen-30cm\/#breadcrumb"},"inLanguage":"nl-NL","potentialAction":[{"@type":"ReadAction","target":["https:\/\/dev.eliassen.nl\/nl\/vaas-gekleurd-vrouw-citroen-30cm\/"]}]},{"@type":"ImageObject","inLanguage":"nl-NL","@id":"https:\/\/dev.eliassen.nl\/nl\/vaas-gekleurd-vrouw-citroen-30cm\/#primaryimage","url":"https:\/\/dev.eliassen.nl\/wp-content\/uploads\/2024\/10\/vaasgekleurdvrouwcitroeneliassennlas6911.jpg","contentUrl":"https:\/\/dev.eliassen.nl\/wp-content\/uploads\/2024\/10\/vaasgekleurdvrouwcitroeneliassennlas6911.jpg","width":1000,"height":1000,"caption":"Vaas gekleurd vrouw citroen Eliassen.nl as6911"},{"@type":"BreadcrumbList","@id":"https:\/\/dev.eliassen.nl\/nl\/vaas-gekleurd-vrouw-citroen-30cm\/#breadcrumb","itemListElement":[{"@type":"ListItem","position":1,"name":"Home","item":"https:\/\/dev.eliassen.nl\/nl\/"},{"@type":"ListItem","position":2,"name":"Winkel","item":"https:\/\/dev.eliassen.nl\/nl\/winkel\/"},{"@type":"ListItem","position":3,"name":"Bloempotten en Bloembakken","item":"https:\/\/dev.eliassen.nl\/nl\/bloempotten-en-bloembakken\/"},{"@type":"ListItem","position":4,"name":"Chinese bloempotten","item":"https:\/\/dev.eliassen.nl\/nl\/bloempotten-en-bloembakken\/chinese-bloempotten\/"},{"@type":"ListItem","position":5,"name":"Vaas porselein Vrouwenhoofd met citroen 30cm"}]},{"@type":"WebSite","@id":"https:\/\/dev.eliassen.nl\/nl\/#website","url":"https:\/\/dev.eliassen.nl\/nl\/","name":"Eliassen Home & Garden Pleasure","description":"","publisher":{"@id":"https:\/\/dev.eliassen.nl\/nl\/#organization"},"alternateName":"Eliassen.nl","potentialAction":[{"@type":"SearchAction","target":{"@type":"EntryPoint","urlTemplate":"https:\/\/dev.eliassen.nl\/nl\/?s={search_term_string}"},"query-input":{"@type":"PropertyValueSpecification","valueRequired":true,"valueName":"search_term_string"}}],"inLanguage":"nl-NL"},{"@type":"Organization","@id":"https:\/\/dev.eliassen.nl\/nl\/#organization","name":"Eliassen Home & Garden Pleasure","url":"https:\/\/dev.eliassen.nl\/nl\/","logo":{"@type":"ImageObject","inLanguage":"nl-NL","@id":"https:\/\/dev.eliassen.nl\/nl\/#\/schema\/logo\/image\/","url":"https:\/\/www.eliassen.nl\/wp-content\/uploads\/2024\/01\/logo_4nd.jpg","contentUrl":"https:\/\/www.eliassen.nl\/wp-content\/uploads\/2024\/01\/logo_4nd.jpg","width":500,"height":500,"caption":"Eliassen Home & Garden Pleasure"},"image":{"@id":"https:\/\/dev.eliassen.nl\/nl\/#\/schema\/logo\/image\/"},"sameAs":["https:\/\/www.facebook.com\/TuincentrumEliassenAmmerzoden","https:\/\/www.instagram.com\/eliassenhomeandgarden\/","https:\/\/nl.pinterest.com\/eliassenhomeandgarden\/","https:\/\/www.youtube.com\/@eliassenhomegardenpleasure4558"]}]}},"df_price":39.95,"df_sale_price":"","df_regular_price":39.95,"df_image_link":"https:\/\/dev.eliassen.nl\/wp-content\/uploads\/2024\/10\/vaasgekleurdvrouwcitroeneliassennlas6911.jpg","image":"https:\/\/dev.eliassen.nl\/wp-content\/uploads\/2024\/10\/vaasgekleurdvrouwcitroeneliassennlas6911.jpg","price_search":"<span class=\"woocommerce-Price-amount amount\"><bdi><span class=\"woocommerce-Price-currencySymbol\">&euro;<\/span>&nbsp;39,95<\/bdi><\/span>","category":"Bloempotten en Bloembakken","_links":{"self":[{"href":"https:\/\/dev.eliassen.nl\/nl\/wp-json\/wp\/v2\/product\/160450","targetHints":{"allow":["GET"]}}],"collection":[{"href":"https:\/\/dev.eliassen.nl\/nl\/wp-json\/wp\/v2\/product"}],"about":[{"href":"https:\/\/dev.eliassen.nl\/nl\/wp-json\/wp\/v2\/types\/product"}],"wp:featuredmedia":[{"embeddable":true,"href":"https:\/\/dev.eliassen.nl\/nl\/wp-json\/wp\/v2\/media\/160453"}],"wp:attachment":[{"href":"https:\/\/dev.eliassen.nl\/nl\/wp-json\/wp\/v2\/media?parent=160450"}],"wp:term":[{"taxonomy":"product_brand","embeddable":true,"href":"https:\/\/dev.eliassen.nl\/nl\/wp-json\/wp\/v2\/product_brand?post=160450"},{"taxonomy":"product_cat","embeddable":true,"href":"https:\/\/dev.eliassen.nl\/nl\/wp-json\/wp\/v2\/product_cat?post=160450"},{"taxonomy":"product_tag","embeddable":true,"href":"https:\/\/dev.eliassen.nl\/nl\/wp-json\/wp\/v2\/product_tag?post=160450"}],"curies":[{"name":"wp","href":"https:\/\/api.w.org\/{rel}","templated":true}]}}