{"id":170462,"date":"2024-04-27T12:10:25","date_gmt":"2024-04-27T10:10:25","guid":{"rendered":"https:\/\/www.eliassen.nl\/product\/spiegel-holz-bio-maputo-52cm\/"},"modified":"2025-02-24T15:50:47","modified_gmt":"2025-02-24T14:50:47","slug":"spiegel-holz-bio-maputo-52cm","status":"publish","type":"product","link":"https:\/\/dev.eliassen.nl\/nl\/spiegel-holz-bio-maputo-52cm\/","title":{"rendered":"Spiegel Holz Bio Maputo 52cm"},"content":{"rendered":"<p>Wundersch\u00f6ner, glatt geschliffener Holzspiegel in organischer Form. Dieser neue Trend bei Spiegeln wird wundersch\u00f6n in Ihrem Zimmer, Flur, Schlafzimmer oder Badezimmer h\u00e4ngen. Dieser Holzspiegel verf\u00fcgt \u00fcber bestes Spiegelglas f\u00fcr klare Sicht. Einfaches Aufh\u00e4ngen mit einer Schraube.<\/p>\n<ul>\n<li>Gr\u00f6\u00dfe: 48x52cm hoch<\/li>\n<li>Material: Holz\/Glas<\/li>\n<li>Farbe: Natur<\/li>\n<li>Kann im \u00fcberdachten Innen- und Au\u00dfenbereich verwendet werden.<\/li>\n<li>Dieses Produkt ist normalerweise auch in unserem Laden ausgestellt, kommen Sie gerne vorbei, der Kaffee ist fertig.<\/li>\n<\/ul>\n","protected":false},"excerpt":{"rendered":"<p>Wundersch\u00f6ner, glatter, organisch geformter Spiegel aus Massivholz<\/p>\n","protected":false},"featured_media":153583,"template":"","meta":{"_acf_changed":false},"product_brand":[6832],"product_cat":[1465,508,7044],"product_tag":[],"class_list":{"0":"post-170462","1":"product","2":"type-product","3":"status-publish","4":"has-post-thumbnail","6":"product_brand-homebound","7":"product_cat-houten-spiegels","8":"product_cat-wanddecoratie","9":"product_cat-spiegels","11":"first","12":"instock","13":"taxable","14":"shipping-taxable","15":"purchasable","16":"product-type-simple"},"acf":[],"yoast_head":"<!-- This site is optimized with the Yoast SEO plugin v23.8 - https:\/\/yoast.com\/wordpress\/plugins\/seo\/ -->\n<title>Spiegel hout organisch Maputo 52cm<\/title>\n<meta name=\"description\" content=\"Spiegels; bekijk ze allemaal in de webshop van Eliassen, of kom live kijken, de koffie staat klaar !!\" \/>\n<meta name=\"robots\" content=\"noindex, follow, max-snippet:-1, max-image-preview:large, max-video-preview:-1\" \/>\n<meta property=\"og:locale\" content=\"nl_NL\" \/>\n<meta property=\"og:type\" content=\"article\" \/>\n<meta property=\"og:title\" content=\"Spiegel hout organisch Maputo 52cm\" \/>\n<meta property=\"og:description\" content=\"Spiegels; bekijk ze allemaal in de webshop van Eliassen, of kom live kijken, de koffie staat klaar !!\" \/>\n<meta property=\"og:url\" content=\"https:\/\/dev.eliassen.nl\/nl\/spiegel-holz-bio-maputo-52cm\/\" \/>\n<meta property=\"og:site_name\" content=\"Eliassen.nl\" \/>\n<meta property=\"article:publisher\" content=\"https:\/\/www.facebook.com\/TuincentrumEliassenAmmerzoden\" \/>\n<meta property=\"article:modified_time\" content=\"2025-02-24T14:50:47+00:00\" \/>\n<meta property=\"og:image\" content=\"https:\/\/dev.eliassen.nl\/wp-content\/uploads\/2024\/10\/spiegelorganischhoutmaputoeliassennlhc2051.jpg\" \/>\n\t<meta property=\"og:image:width\" content=\"1000\" \/>\n\t<meta property=\"og:image:height\" content=\"1000\" \/>\n\t<meta property=\"og:image:type\" content=\"image\/jpeg\" \/>\n<meta name=\"twitter:card\" content=\"summary_large_image\" \/>\n<script type=\"application\/ld+json\" class=\"yoast-schema-graph\">{\"@context\":\"https:\/\/schema.org\",\"@graph\":[{\"@type\":\"WebPage\",\"@id\":\"https:\/\/dev.eliassen.nl\/nl\/spiegel-holz-bio-maputo-52cm\/\",\"url\":\"https:\/\/dev.eliassen.nl\/nl\/spiegel-holz-bio-maputo-52cm\/\",\"name\":\"Spiegel hout organisch Maputo 52cm\",\"isPartOf\":{\"@id\":\"https:\/\/dev.eliassen.nl\/nl\/#website\"},\"primaryImageOfPage\":{\"@id\":\"https:\/\/dev.eliassen.nl\/nl\/spiegel-holz-bio-maputo-52cm\/#primaryimage\"},\"image\":{\"@id\":\"https:\/\/dev.eliassen.nl\/nl\/spiegel-holz-bio-maputo-52cm\/#primaryimage\"},\"thumbnailUrl\":\"https:\/\/dev.eliassen.nl\/wp-content\/uploads\/2024\/10\/spiegelorganischhoutmaputoeliassennlhc2051.jpg\",\"datePublished\":\"2024-04-27T10:10:25+00:00\",\"dateModified\":\"2025-02-24T14:50:47+00:00\",\"description\":\"Spiegels; bekijk ze allemaal in de webshop van Eliassen, of kom live kijken, de koffie staat klaar !!\",\"breadcrumb\":{\"@id\":\"https:\/\/dev.eliassen.nl\/nl\/spiegel-holz-bio-maputo-52cm\/#breadcrumb\"},\"inLanguage\":\"nl-NL\",\"potentialAction\":[{\"@type\":\"ReadAction\",\"target\":[\"https:\/\/dev.eliassen.nl\/nl\/spiegel-holz-bio-maputo-52cm\/\"]}]},{\"@type\":\"ImageObject\",\"inLanguage\":\"nl-NL\",\"@id\":\"https:\/\/dev.eliassen.nl\/nl\/spiegel-holz-bio-maputo-52cm\/#primaryimage\",\"url\":\"https:\/\/dev.eliassen.nl\/wp-content\/uploads\/2024\/10\/spiegelorganischhoutmaputoeliassennlhc2051.jpg\",\"contentUrl\":\"https:\/\/dev.eliassen.nl\/wp-content\/uploads\/2024\/10\/spiegelorganischhoutmaputoeliassennlhc2051.jpg\",\"width\":1000,\"height\":1000,\"caption\":\"Spiegel organisch hout Maputo Eliassen.nl hc2051\"},{\"@type\":\"BreadcrumbList\",\"@id\":\"https:\/\/dev.eliassen.nl\/nl\/spiegel-holz-bio-maputo-52cm\/#breadcrumb\",\"itemListElement\":[{\"@type\":\"ListItem\",\"position\":1,\"name\":\"Home\",\"item\":\"https:\/\/dev.eliassen.nl\/nl\/\"},{\"@type\":\"ListItem\",\"position\":2,\"name\":\"Winkel\",\"item\":\"https:\/\/dev.eliassen.nl\/nl\/winkel\/\"},{\"@type\":\"ListItem\",\"position\":3,\"name\":\"Wanddecoratie\",\"item\":\"https:\/\/dev.eliassen.nl\/nl\/wanddecoratie\/\"},{\"@type\":\"ListItem\",\"position\":4,\"name\":\"Houten spiegels\",\"item\":\"https:\/\/dev.eliassen.nl\/nl\/wanddecoratie\/houten-spiegels\/\"},{\"@type\":\"ListItem\",\"position\":5,\"name\":\"Spiegel Holz Bio Maputo 52cm\"}]},{\"@type\":\"WebSite\",\"@id\":\"https:\/\/dev.eliassen.nl\/nl\/#website\",\"url\":\"https:\/\/dev.eliassen.nl\/nl\/\",\"name\":\"Eliassen Home & Garden Pleasure\",\"description\":\"\",\"publisher\":{\"@id\":\"https:\/\/dev.eliassen.nl\/nl\/#organization\"},\"alternateName\":\"Eliassen.nl\",\"potentialAction\":[{\"@type\":\"SearchAction\",\"target\":{\"@type\":\"EntryPoint\",\"urlTemplate\":\"https:\/\/dev.eliassen.nl\/nl\/?s={search_term_string}\"},\"query-input\":{\"@type\":\"PropertyValueSpecification\",\"valueRequired\":true,\"valueName\":\"search_term_string\"}}],\"inLanguage\":\"nl-NL\"},{\"@type\":\"Organization\",\"@id\":\"https:\/\/dev.eliassen.nl\/nl\/#organization\",\"name\":\"Eliassen Home & Garden Pleasure\",\"url\":\"https:\/\/dev.eliassen.nl\/nl\/\",\"logo\":{\"@type\":\"ImageObject\",\"inLanguage\":\"nl-NL\",\"@id\":\"https:\/\/dev.eliassen.nl\/nl\/#\/schema\/logo\/image\/\",\"url\":\"https:\/\/www.eliassen.nl\/wp-content\/uploads\/2024\/01\/logo_4nd.jpg\",\"contentUrl\":\"https:\/\/www.eliassen.nl\/wp-content\/uploads\/2024\/01\/logo_4nd.jpg\",\"width\":500,\"height\":500,\"caption\":\"Eliassen Home & Garden Pleasure\"},\"image\":{\"@id\":\"https:\/\/dev.eliassen.nl\/nl\/#\/schema\/logo\/image\/\"},\"sameAs\":[\"https:\/\/www.facebook.com\/TuincentrumEliassenAmmerzoden\",\"https:\/\/www.instagram.com\/eliassenhomeandgarden\/\",\"https:\/\/nl.pinterest.com\/eliassenhomeandgarden\/\",\"https:\/\/www.youtube.com\/@eliassenhomegardenpleasure4558\"]}]}<\/script>\n<!-- \/ Yoast SEO plugin. -->","yoast_head_json":{"title":"Spiegel hout organisch Maputo 52cm","description":"Spiegels; bekijk ze allemaal in de webshop van Eliassen, of kom live kijken, de koffie staat klaar !!","robots":{"index":"noindex","follow":"follow","max-snippet":"max-snippet:-1","max-image-preview":"max-image-preview:large","max-video-preview":"max-video-preview:-1"},"og_locale":"nl_NL","og_type":"article","og_title":"Spiegel hout organisch Maputo 52cm","og_description":"Spiegels; bekijk ze allemaal in de webshop van Eliassen, of kom live kijken, de koffie staat klaar !!","og_url":"https:\/\/dev.eliassen.nl\/nl\/spiegel-holz-bio-maputo-52cm\/","og_site_name":"Eliassen.nl","article_publisher":"https:\/\/www.facebook.com\/TuincentrumEliassenAmmerzoden","article_modified_time":"2025-02-24T14:50:47+00:00","og_image":[{"width":1000,"height":1000,"url":"https:\/\/dev.eliassen.nl\/wp-content\/uploads\/2024\/10\/spiegelorganischhoutmaputoeliassennlhc2051.jpg","type":"image\/jpeg"}],"twitter_card":"summary_large_image","schema":{"@context":"https:\/\/schema.org","@graph":[{"@type":"WebPage","@id":"https:\/\/dev.eliassen.nl\/nl\/spiegel-holz-bio-maputo-52cm\/","url":"https:\/\/dev.eliassen.nl\/nl\/spiegel-holz-bio-maputo-52cm\/","name":"Spiegel hout organisch Maputo 52cm","isPartOf":{"@id":"https:\/\/dev.eliassen.nl\/nl\/#website"},"primaryImageOfPage":{"@id":"https:\/\/dev.eliassen.nl\/nl\/spiegel-holz-bio-maputo-52cm\/#primaryimage"},"image":{"@id":"https:\/\/dev.eliassen.nl\/nl\/spiegel-holz-bio-maputo-52cm\/#primaryimage"},"thumbnailUrl":"https:\/\/dev.eliassen.nl\/wp-content\/uploads\/2024\/10\/spiegelorganischhoutmaputoeliassennlhc2051.jpg","datePublished":"2024-04-27T10:10:25+00:00","dateModified":"2025-02-24T14:50:47+00:00","description":"Spiegels; bekijk ze allemaal in de webshop van Eliassen, of kom live kijken, de koffie staat klaar !!","breadcrumb":{"@id":"https:\/\/dev.eliassen.nl\/nl\/spiegel-holz-bio-maputo-52cm\/#breadcrumb"},"inLanguage":"nl-NL","potentialAction":[{"@type":"ReadAction","target":["https:\/\/dev.eliassen.nl\/nl\/spiegel-holz-bio-maputo-52cm\/"]}]},{"@type":"ImageObject","inLanguage":"nl-NL","@id":"https:\/\/dev.eliassen.nl\/nl\/spiegel-holz-bio-maputo-52cm\/#primaryimage","url":"https:\/\/dev.eliassen.nl\/wp-content\/uploads\/2024\/10\/spiegelorganischhoutmaputoeliassennlhc2051.jpg","contentUrl":"https:\/\/dev.eliassen.nl\/wp-content\/uploads\/2024\/10\/spiegelorganischhoutmaputoeliassennlhc2051.jpg","width":1000,"height":1000,"caption":"Spiegel organisch hout Maputo Eliassen.nl hc2051"},{"@type":"BreadcrumbList","@id":"https:\/\/dev.eliassen.nl\/nl\/spiegel-holz-bio-maputo-52cm\/#breadcrumb","itemListElement":[{"@type":"ListItem","position":1,"name":"Home","item":"https:\/\/dev.eliassen.nl\/nl\/"},{"@type":"ListItem","position":2,"name":"Winkel","item":"https:\/\/dev.eliassen.nl\/nl\/winkel\/"},{"@type":"ListItem","position":3,"name":"Wanddecoratie","item":"https:\/\/dev.eliassen.nl\/nl\/wanddecoratie\/"},{"@type":"ListItem","position":4,"name":"Houten spiegels","item":"https:\/\/dev.eliassen.nl\/nl\/wanddecoratie\/houten-spiegels\/"},{"@type":"ListItem","position":5,"name":"Spiegel Holz Bio Maputo 52cm"}]},{"@type":"WebSite","@id":"https:\/\/dev.eliassen.nl\/nl\/#website","url":"https:\/\/dev.eliassen.nl\/nl\/","name":"Eliassen Home & Garden Pleasure","description":"","publisher":{"@id":"https:\/\/dev.eliassen.nl\/nl\/#organization"},"alternateName":"Eliassen.nl","potentialAction":[{"@type":"SearchAction","target":{"@type":"EntryPoint","urlTemplate":"https:\/\/dev.eliassen.nl\/nl\/?s={search_term_string}"},"query-input":{"@type":"PropertyValueSpecification","valueRequired":true,"valueName":"search_term_string"}}],"inLanguage":"nl-NL"},{"@type":"Organization","@id":"https:\/\/dev.eliassen.nl\/nl\/#organization","name":"Eliassen Home & Garden Pleasure","url":"https:\/\/dev.eliassen.nl\/nl\/","logo":{"@type":"ImageObject","inLanguage":"nl-NL","@id":"https:\/\/dev.eliassen.nl\/nl\/#\/schema\/logo\/image\/","url":"https:\/\/www.eliassen.nl\/wp-content\/uploads\/2024\/01\/logo_4nd.jpg","contentUrl":"https:\/\/www.eliassen.nl\/wp-content\/uploads\/2024\/01\/logo_4nd.jpg","width":500,"height":500,"caption":"Eliassen Home & Garden Pleasure"},"image":{"@id":"https:\/\/dev.eliassen.nl\/nl\/#\/schema\/logo\/image\/"},"sameAs":["https:\/\/www.facebook.com\/TuincentrumEliassenAmmerzoden","https:\/\/www.instagram.com\/eliassenhomeandgarden\/","https:\/\/nl.pinterest.com\/eliassenhomeandgarden\/","https:\/\/www.youtube.com\/@eliassenhomegardenpleasure4558"]}]}},"df_price":54.5,"df_sale_price":"","df_regular_price":54.5,"df_image_link":"https:\/\/dev.eliassen.nl\/wp-content\/uploads\/2024\/10\/spiegelorganischhoutmaputoeliassennlhc2051.jpg","image":"https:\/\/dev.eliassen.nl\/wp-content\/uploads\/2024\/10\/spiegelorganischhoutmaputoeliassennlhc2051.jpg","price_search":"<span class=\"woocommerce-Price-amount amount\"><bdi><span class=\"woocommerce-Price-currencySymbol\">&euro;<\/span>&nbsp;54,50<\/bdi><\/span>","category":"Houten spiegels","_links":{"self":[{"href":"https:\/\/dev.eliassen.nl\/nl\/wp-json\/wp\/v2\/product\/170462","targetHints":{"allow":["GET"]}}],"collection":[{"href":"https:\/\/dev.eliassen.nl\/nl\/wp-json\/wp\/v2\/product"}],"about":[{"href":"https:\/\/dev.eliassen.nl\/nl\/wp-json\/wp\/v2\/types\/product"}],"wp:featuredmedia":[{"embeddable":true,"href":"https:\/\/dev.eliassen.nl\/nl\/wp-json\/wp\/v2\/media\/153583"}],"wp:attachment":[{"href":"https:\/\/dev.eliassen.nl\/nl\/wp-json\/wp\/v2\/media?parent=170462"}],"wp:term":[{"taxonomy":"product_brand","embeddable":true,"href":"https:\/\/dev.eliassen.nl\/nl\/wp-json\/wp\/v2\/product_brand?post=170462"},{"taxonomy":"product_cat","embeddable":true,"href":"https:\/\/dev.eliassen.nl\/nl\/wp-json\/wp\/v2\/product_cat?post=170462"},{"taxonomy":"product_tag","embeddable":true,"href":"https:\/\/dev.eliassen.nl\/nl\/wp-json\/wp\/v2\/product_tag?post=170462"}],"curies":[{"name":"wp","href":"https:\/\/api.w.org\/{rel}","templated":true}]}}