{"id":94503,"date":"2023-09-08T13:52:24","date_gmt":"2023-09-08T13:52:24","guid":{"rendered":"https:\/\/www.eliassen.nl\/?product=tafellamp-glas-mozaiek-wit-bol-21x21x19cm"},"modified":"2025-01-31T13:27:11","modified_gmt":"2025-01-31T12:27:11","slug":"tafellamp-glas-mozaiek-wit-bol-21x21x19cm","status":"publish","type":"product","link":"https:\/\/dev.eliassen.nl\/nl\/tafellamp-glas-mozaiek-wit-bol-21x21x19cm\/","title":{"rendered":"Tafellamp glas moza\u00efek wit bol 21x21x19cm."},"content":{"rendered":"<p>Sfeerlamp van glas. Prachtig handgemaakte moza\u00efek lamp, in ronde bol vorm. Elk wit gekleurd glassteentje is handmatig op het onderliggende glas opgebracht. In het donker geeft deze tafellamp een prachtig lichteffect zodra het licht door het moza\u00efek schijnt. De ronde bol vorm zorgt ervoor dat deze lamp ook kan staan op smallere ondergronden zoals vensterbanken, planken ed.<\/p>\n<ul>\n<li>Maat: 21x21x19cm hoog<\/li>\n<li>Materiaal: Glas, bol<\/li>\n<li>Fitting: E14, maximaal 50 Watt<\/li>\n<li>Met schakelaar<\/li>\n<li>Gewicht: 1 kg<\/li>\n<li>Garantie: 1 jaar<\/li>\n<li>Wordt zonder lamp geleverd<\/li>\n<li>Ook in onze zaak te zien<\/li>\n<\/ul>\n","protected":false},"excerpt":{"rendered":"<p>Glaslamp met prachtig wit moza\u00efek.<\/p>\n","protected":false},"featured_media":94506,"template":"","meta":{"_acf_changed":false},"product_brand":[],"product_cat":[799,748,808,745],"product_tag":[],"class_list":{"0":"post-94503","1":"product","2":"type-product","3":"status-publish","4":"has-post-thumbnail","6":"product_cat-glaskunst","7":"product_cat-glazen-lampen","8":"product_cat-lampen-van-glas","9":"product_cat-sfeerverlichting","11":"first","12":"instock","13":"taxable","14":"shipping-taxable","15":"purchasable","16":"product-type-simple"},"acf":[],"yoast_head":"<!-- This site is optimized with the Yoast SEO plugin v23.8 - https:\/\/yoast.com\/wordpress\/plugins\/seo\/ -->\n<title>Tafellamp glas moza\u00efek wit bol 21x21x19cm. - Eliassen Home &amp; Garden<\/title>\n<meta name=\"description\" content=\"Op zoek naar een mooie sfeerlamp van moza\u00efek glas? Deze schitterende lamp in witte kleuren moza\u00efek zal u zeker waarderen. Een zeer mooie sfeer lamp. Leverbaar.\" \/>\n<meta name=\"robots\" content=\"noindex, follow, max-snippet:-1, max-image-preview:large, max-video-preview:-1\" \/>\n<meta property=\"og:locale\" content=\"nl_NL\" \/>\n<meta property=\"og:type\" content=\"article\" \/>\n<meta property=\"og:title\" content=\"Tafellamp glas moza\u00efek wit bol 21x21x19cm. - Eliassen Home &amp; Garden\" \/>\n<meta property=\"og:description\" content=\"Op zoek naar een mooie sfeerlamp van moza\u00efek glas? Deze schitterende lamp in witte kleuren moza\u00efek zal u zeker waarderen. Een zeer mooie sfeer lamp. Leverbaar.\" \/>\n<meta property=\"og:url\" content=\"https:\/\/dev.eliassen.nl\/nl\/tafellamp-glas-mozaiek-wit-bol-21x21x19cm\/\" \/>\n<meta property=\"og:site_name\" content=\"Eliassen.nl\" \/>\n<meta property=\"article:publisher\" content=\"https:\/\/www.facebook.com\/TuincentrumEliassenAmmerzoden\" \/>\n<meta property=\"article:modified_time\" content=\"2025-01-31T12:27:11+00:00\" \/>\n<meta property=\"og:image\" content=\"https:\/\/dev.eliassen.nl\/wp-content\/uploads\/2024\/01\/wittemozaieklampeliassennl.jpg\" \/>\n\t<meta property=\"og:image:width\" content=\"2048\" \/>\n\t<meta property=\"og:image:height\" content=\"2045\" \/>\n\t<meta property=\"og:image:type\" content=\"image\/jpeg\" \/>\n<meta name=\"twitter:card\" content=\"summary_large_image\" \/>\n<script type=\"application\/ld+json\" class=\"yoast-schema-graph\">{\"@context\":\"https:\/\/schema.org\",\"@graph\":[{\"@type\":\"WebPage\",\"@id\":\"https:\/\/dev.eliassen.nl\/nl\/tafellamp-glas-mozaiek-wit-bol-21x21x19cm\/\",\"url\":\"https:\/\/dev.eliassen.nl\/nl\/tafellamp-glas-mozaiek-wit-bol-21x21x19cm\/\",\"name\":\"Tafellamp glas moza\u00efek wit bol 21x21x19cm. - Eliassen Home & Garden\",\"isPartOf\":{\"@id\":\"https:\/\/dev.eliassen.nl\/nl\/#website\"},\"primaryImageOfPage\":{\"@id\":\"https:\/\/dev.eliassen.nl\/nl\/tafellamp-glas-mozaiek-wit-bol-21x21x19cm\/#primaryimage\"},\"image\":{\"@id\":\"https:\/\/dev.eliassen.nl\/nl\/tafellamp-glas-mozaiek-wit-bol-21x21x19cm\/#primaryimage\"},\"thumbnailUrl\":\"https:\/\/dev.eliassen.nl\/wp-content\/uploads\/2024\/01\/wittemozaieklampeliassennl.jpg\",\"datePublished\":\"2023-09-08T13:52:24+00:00\",\"dateModified\":\"2025-01-31T12:27:11+00:00\",\"description\":\"Op zoek naar een mooie sfeerlamp van moza\u00efek glas? Deze schitterende lamp in witte kleuren moza\u00efek zal u zeker waarderen. Een zeer mooie sfeer lamp. Leverbaar.\",\"breadcrumb\":{\"@id\":\"https:\/\/dev.eliassen.nl\/nl\/tafellamp-glas-mozaiek-wit-bol-21x21x19cm\/#breadcrumb\"},\"inLanguage\":\"nl-NL\",\"potentialAction\":[{\"@type\":\"ReadAction\",\"target\":[\"https:\/\/dev.eliassen.nl\/nl\/tafellamp-glas-mozaiek-wit-bol-21x21x19cm\/\"]}]},{\"@type\":\"ImageObject\",\"inLanguage\":\"nl-NL\",\"@id\":\"https:\/\/dev.eliassen.nl\/nl\/tafellamp-glas-mozaiek-wit-bol-21x21x19cm\/#primaryimage\",\"url\":\"https:\/\/dev.eliassen.nl\/wp-content\/uploads\/2024\/01\/wittemozaieklampeliassennl.jpg\",\"contentUrl\":\"https:\/\/dev.eliassen.nl\/wp-content\/uploads\/2024\/01\/wittemozaieklampeliassennl.jpg\",\"width\":2048,\"height\":2045,\"caption\":\"witte mozaieklamp - Eliassen.nl\"},{\"@type\":\"BreadcrumbList\",\"@id\":\"https:\/\/dev.eliassen.nl\/nl\/tafellamp-glas-mozaiek-wit-bol-21x21x19cm\/#breadcrumb\",\"itemListElement\":[{\"@type\":\"ListItem\",\"position\":1,\"name\":\"Home\",\"item\":\"https:\/\/dev.eliassen.nl\/nl\/\"},{\"@type\":\"ListItem\",\"position\":2,\"name\":\"Winkel\",\"item\":\"https:\/\/dev.eliassen.nl\/nl\/winkel\/\"},{\"@type\":\"ListItem\",\"position\":3,\"name\":\"Sfeerverlichting\",\"item\":\"https:\/\/dev.eliassen.nl\/nl\/sfeerverlichting\/\"},{\"@type\":\"ListItem\",\"position\":4,\"name\":\"Glazen lampen\",\"item\":\"https:\/\/dev.eliassen.nl\/nl\/sfeerverlichting\/glazen-lampen\/\"},{\"@type\":\"ListItem\",\"position\":5,\"name\":\"Tafellamp glas moza\u00efek wit bol 21x21x19cm.\"}]},{\"@type\":\"WebSite\",\"@id\":\"https:\/\/dev.eliassen.nl\/nl\/#website\",\"url\":\"https:\/\/dev.eliassen.nl\/nl\/\",\"name\":\"Eliassen Home & Garden Pleasure\",\"description\":\"\",\"publisher\":{\"@id\":\"https:\/\/dev.eliassen.nl\/nl\/#organization\"},\"alternateName\":\"Eliassen.nl\",\"potentialAction\":[{\"@type\":\"SearchAction\",\"target\":{\"@type\":\"EntryPoint\",\"urlTemplate\":\"https:\/\/dev.eliassen.nl\/nl\/?s={search_term_string}\"},\"query-input\":{\"@type\":\"PropertyValueSpecification\",\"valueRequired\":true,\"valueName\":\"search_term_string\"}}],\"inLanguage\":\"nl-NL\"},{\"@type\":\"Organization\",\"@id\":\"https:\/\/dev.eliassen.nl\/nl\/#organization\",\"name\":\"Eliassen Home & Garden Pleasure\",\"url\":\"https:\/\/dev.eliassen.nl\/nl\/\",\"logo\":{\"@type\":\"ImageObject\",\"inLanguage\":\"nl-NL\",\"@id\":\"https:\/\/dev.eliassen.nl\/nl\/#\/schema\/logo\/image\/\",\"url\":\"https:\/\/www.eliassen.nl\/wp-content\/uploads\/2024\/01\/logo_4nd.jpg\",\"contentUrl\":\"https:\/\/www.eliassen.nl\/wp-content\/uploads\/2024\/01\/logo_4nd.jpg\",\"width\":500,\"height\":500,\"caption\":\"Eliassen Home & Garden Pleasure\"},\"image\":{\"@id\":\"https:\/\/dev.eliassen.nl\/nl\/#\/schema\/logo\/image\/\"},\"sameAs\":[\"https:\/\/www.facebook.com\/TuincentrumEliassenAmmerzoden\",\"https:\/\/www.instagram.com\/eliassenhomeandgarden\/\",\"https:\/\/nl.pinterest.com\/eliassenhomeandgarden\/\",\"https:\/\/www.youtube.com\/@eliassenhomegardenpleasure4558\"]}]}<\/script>\n<!-- \/ Yoast SEO plugin. -->","yoast_head_json":{"title":"Tafellamp glas moza\u00efek wit bol 21x21x19cm. - Eliassen Home & Garden","description":"Op zoek naar een mooie sfeerlamp van moza\u00efek glas? Deze schitterende lamp in witte kleuren moza\u00efek zal u zeker waarderen. Een zeer mooie sfeer lamp. Leverbaar.","robots":{"index":"noindex","follow":"follow","max-snippet":"max-snippet:-1","max-image-preview":"max-image-preview:large","max-video-preview":"max-video-preview:-1"},"og_locale":"nl_NL","og_type":"article","og_title":"Tafellamp glas moza\u00efek wit bol 21x21x19cm. - Eliassen Home & Garden","og_description":"Op zoek naar een mooie sfeerlamp van moza\u00efek glas? Deze schitterende lamp in witte kleuren moza\u00efek zal u zeker waarderen. Een zeer mooie sfeer lamp. Leverbaar.","og_url":"https:\/\/dev.eliassen.nl\/nl\/tafellamp-glas-mozaiek-wit-bol-21x21x19cm\/","og_site_name":"Eliassen.nl","article_publisher":"https:\/\/www.facebook.com\/TuincentrumEliassenAmmerzoden","article_modified_time":"2025-01-31T12:27:11+00:00","og_image":[{"width":2048,"height":2045,"url":"https:\/\/dev.eliassen.nl\/wp-content\/uploads\/2024\/01\/wittemozaieklampeliassennl.jpg","type":"image\/jpeg"}],"twitter_card":"summary_large_image","schema":{"@context":"https:\/\/schema.org","@graph":[{"@type":"WebPage","@id":"https:\/\/dev.eliassen.nl\/nl\/tafellamp-glas-mozaiek-wit-bol-21x21x19cm\/","url":"https:\/\/dev.eliassen.nl\/nl\/tafellamp-glas-mozaiek-wit-bol-21x21x19cm\/","name":"Tafellamp glas moza\u00efek wit bol 21x21x19cm. - Eliassen Home & Garden","isPartOf":{"@id":"https:\/\/dev.eliassen.nl\/nl\/#website"},"primaryImageOfPage":{"@id":"https:\/\/dev.eliassen.nl\/nl\/tafellamp-glas-mozaiek-wit-bol-21x21x19cm\/#primaryimage"},"image":{"@id":"https:\/\/dev.eliassen.nl\/nl\/tafellamp-glas-mozaiek-wit-bol-21x21x19cm\/#primaryimage"},"thumbnailUrl":"https:\/\/dev.eliassen.nl\/wp-content\/uploads\/2024\/01\/wittemozaieklampeliassennl.jpg","datePublished":"2023-09-08T13:52:24+00:00","dateModified":"2025-01-31T12:27:11+00:00","description":"Op zoek naar een mooie sfeerlamp van moza\u00efek glas? Deze schitterende lamp in witte kleuren moza\u00efek zal u zeker waarderen. Een zeer mooie sfeer lamp. Leverbaar.","breadcrumb":{"@id":"https:\/\/dev.eliassen.nl\/nl\/tafellamp-glas-mozaiek-wit-bol-21x21x19cm\/#breadcrumb"},"inLanguage":"nl-NL","potentialAction":[{"@type":"ReadAction","target":["https:\/\/dev.eliassen.nl\/nl\/tafellamp-glas-mozaiek-wit-bol-21x21x19cm\/"]}]},{"@type":"ImageObject","inLanguage":"nl-NL","@id":"https:\/\/dev.eliassen.nl\/nl\/tafellamp-glas-mozaiek-wit-bol-21x21x19cm\/#primaryimage","url":"https:\/\/dev.eliassen.nl\/wp-content\/uploads\/2024\/01\/wittemozaieklampeliassennl.jpg","contentUrl":"https:\/\/dev.eliassen.nl\/wp-content\/uploads\/2024\/01\/wittemozaieklampeliassennl.jpg","width":2048,"height":2045,"caption":"witte mozaieklamp - Eliassen.nl"},{"@type":"BreadcrumbList","@id":"https:\/\/dev.eliassen.nl\/nl\/tafellamp-glas-mozaiek-wit-bol-21x21x19cm\/#breadcrumb","itemListElement":[{"@type":"ListItem","position":1,"name":"Home","item":"https:\/\/dev.eliassen.nl\/nl\/"},{"@type":"ListItem","position":2,"name":"Winkel","item":"https:\/\/dev.eliassen.nl\/nl\/winkel\/"},{"@type":"ListItem","position":3,"name":"Sfeerverlichting","item":"https:\/\/dev.eliassen.nl\/nl\/sfeerverlichting\/"},{"@type":"ListItem","position":4,"name":"Glazen lampen","item":"https:\/\/dev.eliassen.nl\/nl\/sfeerverlichting\/glazen-lampen\/"},{"@type":"ListItem","position":5,"name":"Tafellamp glas moza\u00efek wit bol 21x21x19cm."}]},{"@type":"WebSite","@id":"https:\/\/dev.eliassen.nl\/nl\/#website","url":"https:\/\/dev.eliassen.nl\/nl\/","name":"Eliassen Home & Garden Pleasure","description":"","publisher":{"@id":"https:\/\/dev.eliassen.nl\/nl\/#organization"},"alternateName":"Eliassen.nl","potentialAction":[{"@type":"SearchAction","target":{"@type":"EntryPoint","urlTemplate":"https:\/\/dev.eliassen.nl\/nl\/?s={search_term_string}"},"query-input":{"@type":"PropertyValueSpecification","valueRequired":true,"valueName":"search_term_string"}}],"inLanguage":"nl-NL"},{"@type":"Organization","@id":"https:\/\/dev.eliassen.nl\/nl\/#organization","name":"Eliassen Home & Garden Pleasure","url":"https:\/\/dev.eliassen.nl\/nl\/","logo":{"@type":"ImageObject","inLanguage":"nl-NL","@id":"https:\/\/dev.eliassen.nl\/nl\/#\/schema\/logo\/image\/","url":"https:\/\/www.eliassen.nl\/wp-content\/uploads\/2024\/01\/logo_4nd.jpg","contentUrl":"https:\/\/www.eliassen.nl\/wp-content\/uploads\/2024\/01\/logo_4nd.jpg","width":500,"height":500,"caption":"Eliassen Home & Garden Pleasure"},"image":{"@id":"https:\/\/dev.eliassen.nl\/nl\/#\/schema\/logo\/image\/"},"sameAs":["https:\/\/www.facebook.com\/TuincentrumEliassenAmmerzoden","https:\/\/www.instagram.com\/eliassenhomeandgarden\/","https:\/\/nl.pinterest.com\/eliassenhomeandgarden\/","https:\/\/www.youtube.com\/@eliassenhomegardenpleasure4558"]}]}},"df_price":52.5,"df_sale_price":"","df_regular_price":52.5,"df_image_link":"https:\/\/dev.eliassen.nl\/wp-content\/uploads\/2024\/01\/wittemozaieklampeliassennl.jpg","image":"https:\/\/dev.eliassen.nl\/wp-content\/uploads\/2024\/01\/wittemozaieklampeliassennl.jpg","price_search":"<span class=\"woocommerce-Price-amount amount\"><bdi><span class=\"woocommerce-Price-currencySymbol\">&euro;<\/span>&nbsp;52,50<\/bdi><\/span>","category":"Glaskunst","_links":{"self":[{"href":"https:\/\/dev.eliassen.nl\/nl\/wp-json\/wp\/v2\/product\/94503","targetHints":{"allow":["GET"]}}],"collection":[{"href":"https:\/\/dev.eliassen.nl\/nl\/wp-json\/wp\/v2\/product"}],"about":[{"href":"https:\/\/dev.eliassen.nl\/nl\/wp-json\/wp\/v2\/types\/product"}],"wp:featuredmedia":[{"embeddable":true,"href":"https:\/\/dev.eliassen.nl\/nl\/wp-json\/wp\/v2\/media\/94506"}],"wp:attachment":[{"href":"https:\/\/dev.eliassen.nl\/nl\/wp-json\/wp\/v2\/media?parent=94503"}],"wp:term":[{"taxonomy":"product_brand","embeddable":true,"href":"https:\/\/dev.eliassen.nl\/nl\/wp-json\/wp\/v2\/product_brand?post=94503"},{"taxonomy":"product_cat","embeddable":true,"href":"https:\/\/dev.eliassen.nl\/nl\/wp-json\/wp\/v2\/product_cat?post=94503"},{"taxonomy":"product_tag","embeddable":true,"href":"https:\/\/dev.eliassen.nl\/nl\/wp-json\/wp\/v2\/product_tag?post=94503"}],"curies":[{"name":"wp","href":"https:\/\/api.w.org\/{rel}","templated":true}]}}